{"id":4428,"date":"2026-03-01T08:29:36","date_gmt":"2026-03-01T08:29:36","guid":{"rendered":"https:\/\/by-aigul.de\/?page_id=4428"},"modified":"2026-03-05T18:52:46","modified_gmt":"2026-03-05T18:52:46","slug":"barrierefreiheitserklaerung","status":"publish","type":"page","link":"https:\/\/by-aigul.de\/en\/barrierefreiheitserklaerung\/","title":{"rendered":"BARRIEREFREIHEITSERKL\u00c4RUNG"},"content":{"rendered":"<div data-elementor-type=\"wp-page\" data-elementor-id=\"4428\" class=\"elementor elementor-4428\" data-elementor-post-type=\"page\">\n\t\t\t\t<div data-particle_enable=\"false\" data-particle-mobile-disabled=\"false\" class=\"elementor-element elementor-element-2041478a e-flex e-con-boxed elementor-invisible e-con e-parent\" data-id=\"2041478a\" data-element_type=\"container\" data-e-type=\"container\" data-settings=\"{&quot;animation&quot;:&quot;fadeIn&quot;}\">\n\t\t\t\t\t<div class=\"e-con-inner\">\n\t\t\t\t<div class=\"elementor-element elementor-element-4210f68f elementor-widget__width-inherit breadds-cums elementor-widget elementor-widget-woocommerce-breadcrumb\" data-id=\"4210f68f\" data-element_type=\"widget\" data-e-type=\"widget\" data-widget_type=\"woocommerce-breadcrumb.default\">\n\t\t\t\t<div class=\"elementor-widget-container\">\n\t\t\t\t\t<nav class=\"woocommerce-breadcrumb\" aria-label=\"Breadcrumb\" data-no-translation=\"\" data-trp-gettext=\"\">\u041e\u0431\u0437\u043e\u0440<\/nav>\t\t\t\t<\/div>\n\t\t\t\t<\/div>\n\t\t<div data-particle_enable=\"false\" data-particle-mobile-disabled=\"false\" class=\"elementor-element elementor-element-23675dd3 e-con-full e-flex e-con e-child\" data-id=\"23675dd3\" data-element_type=\"container\" data-e-type=\"container\">\n\t\t\t\t<div class=\"elementor-element elementor-element-555588f1 elementor-widget elementor-widget-heading\" data-id=\"555588f1\" data-element_type=\"widget\" data-e-type=\"widget\" data-widget_type=\"heading.default\">\n\t\t\t\t<div class=\"elementor-widget-container\">\n\t\t\t\t\t<h1 class=\"elementor-heading-title elementor-size-default\">BARRIEREFREIHEITSERKL\u00c4RUNG<\/h1>\t\t\t\t<\/div>\n\t\t\t\t<\/div>\n\t\t\t\t<div class=\"elementor-element elementor-element-5970fcc1 elementor-widget__width-inherit elementor-widget-tablet__width-inherit text-pole elementor-widget elementor-widget-text-editor\" data-id=\"5970fcc1\" data-element_type=\"widget\" data-e-type=\"widget\" data-widget_type=\"text-editor.default\">\n\t\t\t\t<div class=\"elementor-widget-container\">\n\t\t\t\t\t\t\t\t\t<p>Erkl\u00e4rung zur Barrierefreiheit<\/p><p>Stand: March 2026<\/p><p>Aihul Eshmatova (ByAigul) ist bem\u00fcht, die Internetpr\u00e4senz<br \/>https:\/\/by-aigul.de im Einklang mit dem Barrierefreiheitsst\u00e4rkungsgesetz (BFSG)<br \/>und der darauf basierenden Verordnung barrierefrei zug\u00e4nglich zu machen.<\/p><p><br \/>1. Stand der Vereinbarkeit mit den Anforderungen<\/p><p>Diese Website wurde unter Ber\u00fccksichtigung der gesetzlichen Anforderungen an<br \/>die Barrierefreiheit erstellt. Folgende Ma\u00dfnahmen wurden umgesetzt:<\/p><p>\u2013 Tastaturbedienbarkeit der wesentlichen Funktionen<br \/>\u2013 Ausreichende Kontrastverh\u00e4ltnisse bei Text und Hintergrund<br \/>\u2013 Alternativtexte (Alt-Texte) f\u00fcr Bilder<br \/>\u2013 Screenreader-Kompatibilit\u00e4t<br \/>\u2013 Skalierbare Schriftgr\u00f6\u00dfen<br \/>\u2013 Logische \u00dcberschriftenstruktur<\/p><p><br \/>2. Nicht barrierefreie Inhalte<\/p><p>Trotz unserer Bem\u00fchungen k\u00f6nnen einzelne Inhalte noch nicht vollst\u00e4ndig<br \/>barrierefrei sein, insbesondere:<br \/>\u2013 Einzelne \u00e4ltere PDF-Documente<br \/>\u2013 Eingebettete Inhalte von Drittanbietern (z. B. Social-Media-Widgets)<\/p><p>Wir arbeiten daran, diese Einschr\u00e4nkungen schrittweise zu beheben.<\/p><p><br \/>3. Feedback and Contact<\/p><p>Wenn Sie M\u00e4ngel in Bezug auf die barrierefreie Gestaltung unserer Website<br \/>feststellen, k\u00f6nnen Sie sich gerne an uns wenden:<\/p><p>Aihul Eshmatova \u2013 ByAigul<br \/>Catenhorner Stra\u00dfe 25<br \/>48431 Rheine<br \/>E-mail: info@by-aigul.de<br \/>Phone: +49 162 235 9703<\/p><p><br \/>4. Durchsetzungsverfahren<\/p><p>Sollten Sie nach Ihrer Kontaktaufnahme keine zufriedenstellende L\u00f6sung erhalten,<br \/>k\u00f6nnen Sie sich an die zust\u00e4ndige Markt\u00fcberwachungsbeh\u00f6rde wenden:<\/p><p>Markt\u00fcberwachungsstelle der L\u00e4nder f\u00fcr die Barrierefreiheit von Produkten und<br \/>Dienstleistungen (MLBF)<br \/>c\/o Ministerium f\u00fcr Arbeit, Soziales, Gesundheit und Gleichstellung<br \/>Saxony-Anhalt<br \/>Postfach 39 11 55<br \/>39135 Magdeburg<br \/>E-Mail: MLBF@ms.sachsen-anhalt.de<\/p><p><br \/>Diese Erkl\u00e4rung wurde am 01.03.2026 erstellt.<\/p>\t\t\t\t\t\t\t\t<\/div>\n\t\t\t\t<\/div>\n\t\t\t\t<\/div>\n\t\t<div data-particle_enable=\"false\" data-particle-mobile-disabled=\"false\" class=\"elementor-element elementor-element-41e91a36 e-con-full elementor-hidden-mobile e-flex e-con e-child\" data-id=\"41e91a36\" data-element_type=\"container\" data-e-type=\"container\">\n\t\t\t\t<\/div>\n\t\t\t\t\t<\/div>\n\t\t\t\t<\/div>\n\t\t\t\t<\/div>","protected":false},"excerpt":{"rendered":"<p>BARRIEREFREIHEITSERKL\u00c4RUNG Erkl\u00e4rung zur Barrierefreiheit Stand: M\u00e4rz 2026 Aihul Eshmatova (ByAigul) ist bem\u00fcht, die Internetpr\u00e4senzhttps:\/\/by-aigul.de im Einklang mit dem Barrierefreiheitsst\u00e4rkungsgesetz (BFSG)und [&hellip;]<\/p>","protected":false},"author":2,"featured_media":0,"parent":0,"menu_order":0,"comment_status":"closed","ping_status":"closed","template":"elementor_header_footer","meta":{"site-sidebar-layout":"default","site-content-layout":"","ast-site-content-layout":"default","site-content-style":"default","site-sidebar-style":"default","ast-global-header-display":"","ast-banner-title-visibility":"","ast-main-header-display":"","ast-hfb-above-header-display":"","ast-hfb-below-header-display":"","ast-hfb-mobile-header-display":"","site-post-title":"","ast-breadcrumbs-content":"","ast-featured-img":"","footer-sml-layout":"","ast-disable-related-posts":"","theme-transparent-header-meta":"","adv-header-id-meta":"","stick-header-meta":"","header-above-stick-meta":"","header-main-stick-meta":"","header-below-stick-meta":"","astra-migrate-meta-layouts":"default","ast-page-background-enabled":"default","ast-page-background-meta":{"desktop":{"background-color":"var(--ast-global-color-4)","background-image":"","background-repeat":"repeat","background-position":"center center","background-size":"auto","background-attachment":"scroll","background-type":"","background-media":"","overlay-type":"","overlay-color":"","overlay-opacity":"","overlay-gradient":""},"tablet":{"background-color":"","background-image":"","background-repeat":"repeat","background-position":"center center","background-size":"auto","background-attachment":"scroll","background-type":"","background-media":"","overlay-type":"","overlay-color":"","overlay-opacity":"","overlay-gradient":""},"mobile":{"background-color":"","background-image":"","background-repeat":"repeat","background-position":"center center","background-size":"auto","background-attachment":"scroll","background-type":"","background-media":"","overlay-type":"","overlay-color":"","overlay-opacity":"","overlay-gradient":""}},"ast-content-background-meta":{"desktop":{"background-color":"var(--ast-global-color-5)","background-image":"","background-repeat":"repeat","background-position":"center center","background-size":"auto","background-attachment":"scroll","background-type":"","background-media":"","overlay-type":"","overlay-color":"","overlay-opacity":"","overlay-gradient":""},"tablet":{"background-color":"var(--ast-global-color-5)","background-image":"","background-repeat":"repeat","background-position":"center center","background-size":"auto","background-attachment":"scroll","background-type":"","background-media":"","overlay-type":"","overlay-color":"","overlay-opacity":"","overlay-gradient":""},"mobile":{"background-color":"var(--ast-global-color-5)","background-image":"","background-repeat":"repeat","background-position":"center center","background-size":"auto","background-attachment":"scroll","background-type":"","background-media":"","overlay-type":"","overlay-color":"","overlay-opacity":"","overlay-gradient":""}},"footnotes":""},"class_list":["post-4428","page","type-page","status-publish","hentry"],"_links":{"self":[{"href":"https:\/\/by-aigul.de\/en\/wp-json\/wp\/v2\/pages\/4428","targetHints":{"allow":["GET"]}}],"collection":[{"href":"https:\/\/by-aigul.de\/en\/wp-json\/wp\/v2\/pages"}],"about":[{"href":"https:\/\/by-aigul.de\/en\/wp-json\/wp\/v2\/types\/page"}],"author":[{"embeddable":true,"href":"https:\/\/by-aigul.de\/en\/wp-json\/wp\/v2\/users\/2"}],"replies":[{"embeddable":true,"href":"https:\/\/by-aigul.de\/en\/wp-json\/wp\/v2\/comments?post=4428"}],"version-history":[{"count":4,"href":"https:\/\/by-aigul.de\/en\/wp-json\/wp\/v2\/pages\/4428\/revisions"}],"predecessor-version":[{"id":4435,"href":"https:\/\/by-aigul.de\/en\/wp-json\/wp\/v2\/pages\/4428\/revisions\/4435"}],"wp:attachment":[{"href":"https:\/\/by-aigul.de\/en\/wp-json\/wp\/v2\/media?parent=4428"}],"curies":[{"name":"wp","href":"https:\/\/api.w.org\/{rel}","templated":true}]}}