{"id":3897,"date":"2026-02-08T08:18:14","date_gmt":"2026-02-08T08:18:14","guid":{"rendered":"https:\/\/by-aigul.de\/?page_id=3897"},"modified":"2026-03-05T18:53:28","modified_gmt":"2026-03-05T18:53:28","slug":"widerrufsbelehrung","status":"publish","type":"page","link":"https:\/\/by-aigul.de\/en\/widerrufsbelehrung\/","title":{"rendered":"Widerrufsbelehrung"},"content":{"rendered":"<div data-elementor-type=\"wp-page\" data-elementor-id=\"3897\" class=\"elementor elementor-3897\" data-elementor-post-type=\"page\">\n\t\t\t\t<div data-particle_enable=\"false\" data-particle-mobile-disabled=\"false\" class=\"elementor-element elementor-element-2041478a e-flex e-con-boxed elementor-invisible e-con e-parent\" data-id=\"2041478a\" data-element_type=\"container\" data-e-type=\"container\" data-settings=\"{&quot;animation&quot;:&quot;fadeIn&quot;}\">\n\t\t\t\t\t<div class=\"e-con-inner\">\n\t\t\t\t<div class=\"elementor-element elementor-element-4210f68f elementor-widget__width-inherit breadds-cums elementor-widget elementor-widget-woocommerce-breadcrumb\" data-id=\"4210f68f\" data-element_type=\"widget\" data-e-type=\"widget\" data-widget_type=\"woocommerce-breadcrumb.default\">\n\t\t\t\t<div class=\"elementor-widget-container\">\n\t\t\t\t\t<nav class=\"woocommerce-breadcrumb\" aria-label=\"Breadcrumb\" data-no-translation=\"\" data-trp-gettext=\"\">\u041e\u0431\u0437\u043e\u0440<\/nav>\t\t\t\t<\/div>\n\t\t\t\t<\/div>\n\t\t<div data-particle_enable=\"false\" data-particle-mobile-disabled=\"false\" class=\"elementor-element elementor-element-23675dd3 e-con-full e-flex e-con e-child\" data-id=\"23675dd3\" data-element_type=\"container\" data-e-type=\"container\">\n\t\t\t\t<div class=\"elementor-element elementor-element-555588f1 elementor-widget elementor-widget-heading\" data-id=\"555588f1\" data-element_type=\"widget\" data-e-type=\"widget\" data-widget_type=\"heading.default\">\n\t\t\t\t<div class=\"elementor-widget-container\">\n\t\t\t\t\t<h1 class=\"elementor-heading-title elementor-size-default\">Widerrufsbelehrung<\/h1>\t\t\t\t<\/div>\n\t\t\t\t<\/div>\n\t\t\t\t<div class=\"elementor-element elementor-element-2ed553c elementor-widget__width-inherit elementor-widget-tablet__width-inherit text-pole elementor-widget elementor-widget-text-editor\" data-id=\"2ed553c\" data-element_type=\"widget\" data-e-type=\"widget\" data-widget_type=\"text-editor.default\">\n\t\t\t\t<div class=\"elementor-widget-container\">\n\t\t\t\t\t\t\t\t\t<p>Widerrufsbelehrung<\/p><p>Widerrufsrecht<\/p><p>Sie haben das Recht, binnen vierzehn Tagen ohne Angabe von Gr\u00fcnden diesen<br \/>Vertrag zu widerrufen.<\/p><p>Die Widerrufsfrist betr\u00e4gt vierzehn Tage ab dem Tag, an dem Sie oder ein von<br \/>Ihnen benannter Dritter, der nicht der Bef\u00f6rderer ist,<br \/>\u2013 bei einer einheitlichen Lieferung: die Ware in Besitz genommen haben bzw. hat<br \/>\u2013 bei einer Teillieferung: die letzte Ware in Besitz genommen haben bzw. hat.<\/p><p>Um Ihr Widerrufsrecht auszu\u00fcben, m\u00fcssen Sie uns<\/p><p>Aihul Eshmatova \u2013 ByAigul<br \/>Catenhorner Stra\u00dfe 25<br \/>48431 Rheine<br \/>Germany<br \/>E-mail: info@by-aigul.de<br \/>Phone: +49 162 235 9703<\/p><p>mittels einer eindeutigen Erkl\u00e4rung (z. B. ein mit der Post versandter Brief oder<br \/>eine E-Mail) \u00fcber Ihren Entschluss, diesen Vertrag zu widerrufen, informieren.<br \/>Sie k\u00f6nnen daf\u00fcr das beigef\u00fcgte Muster-Widerrufsformular verwenden, das jedoch<br \/>nicht vorgeschrieben ist.<\/p><p>Zur Wahrung der Widerrufsfrist reicht es aus, dass Sie die Mitteilung \u00fcber die<br \/>Aus\u00fcbung des Widerrufsrechts vor Ablauf der Widerrufsfrist absenden.<\/p><p><br \/>Folgen des Widerrufs<\/p><p>Wenn Sie diesen Vertrag widerrufen, haben wir Ihnen alle Zahlungen, die wir von<br \/>Ihnen erhalten haben, einschlie\u00dflich der Lieferkosten (mit Ausnahme der<br \/>zus\u00e4tzlichen Kosten, die sich daraus ergeben, dass Sie eine andere Art der<br \/>Lieferung als die von uns angebotene, g\u00fcnstigste Standardlieferung gew\u00e4hlt<br \/>haben), unverz\u00fcglich und sp\u00e4testens binnen vierzehn Tagen ab dem Tag<br \/>zur\u00fcckzuzahlen, an dem die Mitteilung \u00fcber Ihren Widerruf dieses Vertrags bei<br \/>uns eingegangen ist.<\/p><p>F\u00fcr diese R\u00fcckzahlung verwenden wir dasselbe Zahlungsmittel, das Sie bei der<br \/>urspr\u00fcnglichen Transaktion eingesetzt haben, es sei denn, mit Ihnen wurde<br \/>ausdr\u00fccklich etwas anderes vereinbart; in keinem Fall werden Ihnen wegen dieser<br \/>R\u00fcckzahlung Entgelte berechnet.<\/p><p>Wir k\u00f6nnen die R\u00fcckzahlung verweigern, bis wir die Ware wieder zur\u00fcckerhalten<br \/>haben oder bis Sie den Nachweis erbracht haben, dass Sie die Ware zur\u00fcckgesandt<br \/>haben, je nachdem, welches der fr\u00fchere Zeitpunkt ist.<\/p><p>Sie haben die Ware unverz\u00fcglich und in jedem Fall sp\u00e4testens binnen vierzehn<br \/>Tagen ab dem Tag, an dem Sie uns \u00fcber den Widerruf dieses Vertrags unterrichten,<br \/>an uns zur\u00fcckzusenden oder zu \u00fcbergeben. Die Frist ist gewahrt, wenn Sie die<br \/>Ware vor Ablauf der Frist von vierzehn Tagen absenden.<\/p><p>Sie tragen die unmittelbaren Kosten der R\u00fccksendung der Ware.<\/p><p>Sie m\u00fcssen f\u00fcr einen etwaigen Wertverlust der Ware nur aufkommen, wenn dieser<br \/>Wertverlust auf einen zur Pr\u00fcfung der Beschaffenheit, Eigenschaften und<br \/>Funktionsweise der Ware nicht notwendigen Umgang mit ihr zur\u00fcckzuf\u00fchren ist.<\/p><p><br \/>Ausschluss des Widerrufsrechts<\/p><p>Das Widerrufsrecht besteht nicht bei Vertr\u00e4gen<br \/>\u2013 zur Lieferung von Waren, die schnell verderben k\u00f6nnen oder deren<br \/>Verfallsdatum schnell \u00fcberschritten w\u00fcrde (z. B. Schnittblumen),<br \/>\u2013 zur Lieferung von Waren, die nach Kundenspezifikation angefertigt werden<br \/>oder eindeutig auf die pers\u00f6nlichen Bed\u00fcrfnisse zugeschnitten sind,<br \/>\u2013 zur Lieferung versiegelter Waren, die aus Gr\u00fcnden des Gesundheitsschutzes<br \/>oder der Hygiene nicht zur R\u00fcckgabe geeignet sind, wenn ihre Versiegelung<br \/>nach der Lieferung entfernt wurde.<\/p><p>(\u00a7 312g Abs. 2 BGB)<\/p><p><br \/>\u2013 \u2013 \u2013 \u2013 \u2013 \u2013 \u2013 \u2013 \u2013 \u2013 \u2013 \u2013 \u2013 \u2013 \u2013 \u2013 \u2013 \u2013 \u2013 \u2013 \u2013 \u2013 \u2013 \u2013<\/p><p><br \/>Muster-Widerrufsformular<\/p><p>(Wenn Sie den Vertrag widerrufen wollen, dann f\u00fcllen Sie bitte dieses Formular<br \/>aus und senden Sie es zur\u00fcck.)<\/p><p>An:<br \/>Aihul Eshmatova \u2013 ByAigul<br \/>Catenhorner Stra\u00dfe 25<br \/>48431 Rheine<br \/>Germany<br \/>E-mail: info@by-aigul.de<\/p><p>Hiermit widerrufe(n) ich\/wir (*) den von mir\/uns (*) abgeschlossenen Vertrag<br \/>\u00fcber den Kauf der folgenden Waren (*) \/ die Erbringung der folgenden<br \/>Dienstleistung (*):<\/p><p>Bestellt am (*) \/ erhalten am (*): ____________________<br \/>Name des\/der Verbraucher(s): ____________________<br \/>Anschrift des\/der Verbraucher(s): ____________________<\/p><p>Date: ____________________<br \/>Unterschrift des\/der Verbraucher(s) (nur bei Mitteilung auf Papier):<br \/>____________________<\/p><p>(*) Unzutreffendes streichen.<\/p>\t\t\t\t\t\t\t\t<\/div>\n\t\t\t\t<\/div>\n\t\t\t\t<\/div>\n\t\t<div data-particle_enable=\"false\" data-particle-mobile-disabled=\"false\" class=\"elementor-element elementor-element-41e91a36 e-con-full elementor-hidden-mobile e-flex e-con e-child\" data-id=\"41e91a36\" data-element_type=\"container\" data-e-type=\"container\">\n\t\t\t\t<\/div>\n\t\t\t\t\t<\/div>\n\t\t\t\t<\/div>\n\t\t\t\t<\/div>","protected":false},"excerpt":{"rendered":"<p>Widerrufsbelehrung Widerrufsbelehrung Widerrufsrecht Sie haben das Recht, binnen vierzehn Tagen ohne Angabe von Gr\u00fcnden diesenVertrag zu widerrufen. Die Widerrufsfrist betr\u00e4gt [&hellip;]<\/p>","protected":false},"author":2,"featured_media":0,"parent":0,"menu_order":0,"comment_status":"closed","ping_status":"closed","template":"elementor_header_footer","meta":{"site-sidebar-layout":"default","site-content-layout":"","ast-site-content-layout":"default","site-content-style":"default","site-sidebar-style":"default","ast-global-header-display":"","ast-banner-title-visibility":"","ast-main-header-display":"","ast-hfb-above-header-display":"","ast-hfb-below-header-display":"","ast-hfb-mobile-header-display":"","site-post-title":"","ast-breadcrumbs-content":"","ast-featured-img":"","footer-sml-layout":"","ast-disable-related-posts":"","theme-transparent-header-meta":"","adv-header-id-meta":"","stick-header-meta":"","header-above-stick-meta":"","header-main-stick-meta":"","header-below-stick-meta":"","astra-migrate-meta-layouts":"default","ast-page-background-enabled":"default","ast-page-background-meta":{"desktop":{"background-color":"var(--ast-global-color-4)","background-image":"","background-repeat":"repeat","background-position":"center center","background-size":"auto","background-attachment":"scroll","background-type":"","background-media":"","overlay-type":"","overlay-color":"","overlay-opacity":"","overlay-gradient":""},"tablet":{"background-color":"","background-image":"","background-repeat":"repeat","background-position":"center center","background-size":"auto","background-attachment":"scroll","background-type":"","background-media":"","overlay-type":"","overlay-color":"","overlay-opacity":"","overlay-gradient":""},"mobile":{"background-color":"","background-image":"","background-repeat":"repeat","background-position":"center center","background-size":"auto","background-attachment":"scroll","background-type":"","background-media":"","overlay-type":"","overlay-color":"","overlay-opacity":"","overlay-gradient":""}},"ast-content-background-meta":{"desktop":{"background-color":"var(--ast-global-color-5)","background-image":"","background-repeat":"repeat","background-position":"center center","background-size":"auto","background-attachment":"scroll","background-type":"","background-media":"","overlay-type":"","overlay-color":"","overlay-opacity":"","overlay-gradient":""},"tablet":{"background-color":"var(--ast-global-color-5)","background-image":"","background-repeat":"repeat","background-position":"center center","background-size":"auto","background-attachment":"scroll","background-type":"","background-media":"","overlay-type":"","overlay-color":"","overlay-opacity":"","overlay-gradient":""},"mobile":{"background-color":"var(--ast-global-color-5)","background-image":"","background-repeat":"repeat","background-position":"center center","background-size":"auto","background-attachment":"scroll","background-type":"","background-media":"","overlay-type":"","overlay-color":"","overlay-opacity":"","overlay-gradient":""}},"footnotes":""},"class_list":["post-3897","page","type-page","status-publish","hentry"],"_links":{"self":[{"href":"https:\/\/by-aigul.de\/en\/wp-json\/wp\/v2\/pages\/3897","targetHints":{"allow":["GET"]}}],"collection":[{"href":"https:\/\/by-aigul.de\/en\/wp-json\/wp\/v2\/pages"}],"about":[{"href":"https:\/\/by-aigul.de\/en\/wp-json\/wp\/v2\/types\/page"}],"author":[{"embeddable":true,"href":"https:\/\/by-aigul.de\/en\/wp-json\/wp\/v2\/users\/2"}],"replies":[{"embeddable":true,"href":"https:\/\/by-aigul.de\/en\/wp-json\/wp\/v2\/comments?post=3897"}],"version-history":[{"count":14,"href":"https:\/\/by-aigul.de\/en\/wp-json\/wp\/v2\/pages\/3897\/revisions"}],"predecessor-version":[{"id":4420,"href":"https:\/\/by-aigul.de\/en\/wp-json\/wp\/v2\/pages\/3897\/revisions\/4420"}],"wp:attachment":[{"href":"https:\/\/by-aigul.de\/en\/wp-json\/wp\/v2\/media?parent=3897"}],"curies":[{"name":"wp","href":"https:\/\/api.w.org\/{rel}","templated":true}]}}