{"id":3875,"date":"2026-02-01T15:49:56","date_gmt":"2026-02-01T15:49:56","guid":{"rendered":"https:\/\/by-aigul.de\/disclaimer\/"},"modified":"2026-03-05T18:53:04","modified_gmt":"2026-03-05T18:53:04","slug":"disclaimer","status":"publish","type":"page","link":"https:\/\/by-aigul.de\/en\/disclaimer\/","title":{"rendered":"Disclaimer"},"content":{"rendered":"<div data-elementor-type=\"wp-page\" data-elementor-id=\"3875\" class=\"elementor elementor-3875\" data-elementor-post-type=\"page\">\n\t\t\t\t<div data-particle_enable=\"false\" data-particle-mobile-disabled=\"false\" class=\"elementor-element elementor-element-a3d657c e-flex e-con-boxed elementor-invisible e-con e-parent\" data-id=\"a3d657c\" data-element_type=\"container\" data-e-type=\"container\" data-settings=\"{&quot;animation&quot;:&quot;fadeIn&quot;}\">\n\t\t\t\t\t<div class=\"e-con-inner\">\n\t\t\t\t<div class=\"elementor-element elementor-element-bff8988 elementor-widget__width-inherit breadds-cums elementor-widget elementor-widget-woocommerce-breadcrumb\" data-id=\"bff8988\" data-element_type=\"widget\" data-e-type=\"widget\" data-widget_type=\"woocommerce-breadcrumb.default\">\n\t\t\t\t<div class=\"elementor-widget-container\">\n\t\t\t\t\t<nav class=\"woocommerce-breadcrumb\" aria-label=\"Breadcrumb\" data-no-translation=\"\" data-trp-gettext=\"\">\u041e\u0431\u0437\u043e\u0440<\/nav>\t\t\t\t<\/div>\n\t\t\t\t<\/div>\n\t\t<div data-particle_enable=\"false\" data-particle-mobile-disabled=\"false\" class=\"elementor-element elementor-element-4ff47aa e-con-full e-flex e-con e-child\" data-id=\"4ff47aa\" data-element_type=\"container\" data-e-type=\"container\">\n\t\t\t\t<div class=\"elementor-element elementor-element-7d3ba31 elementor-widget elementor-widget-heading\" data-id=\"7d3ba31\" data-element_type=\"widget\" data-e-type=\"widget\" data-widget_type=\"heading.default\">\n\t\t\t\t<div class=\"elementor-widget-container\">\n\t\t\t\t\t<h1 class=\"elementor-heading-title elementor-size-default\">Disclaimer<\/h1>\t\t\t\t<\/div>\n\t\t\t\t<\/div>\n\t\t\t\t<div class=\"elementor-element elementor-element-b099870 elementor-widget__width-inherit elementor-widget-tablet__width-inherit text-pole elementor-widget elementor-widget-text-editor\" data-id=\"b099870\" data-element_type=\"widget\" data-e-type=\"widget\" data-widget_type=\"text-editor.default\">\n\t\t\t\t<div class=\"elementor-widget-container\">\n\t\t\t\t\t\t\t\t\t<p>Haftungsausschluss (Disclaimer)<\/p><p>Haftung f\u00fcr Inhalte<\/p><p>Die Inhalte unserer Seiten wurden mit gr\u00f6\u00dfter Sorgfalt erstellt. Fur die<br \/>Richtigkeit, Vollst\u00e4ndigkeit und Aktualit\u00e4t der Inhalte k\u00f6nnen wir jedoch keine<br \/>Gew\u00e4hr \u00fcbernehmen. Als Diensteanbieter sind wir gem\u00e4\u00df \u00a7 7 Abs. 1 DDG f\u00fcr<br \/>eigene Inhalte auf diesen Seiten nach den allgemeinen Gesetzen verantwortlich.<br \/>Nach \u00a7\u00a7 8 bis 10 DDG sind wir als Diensteanbieter jedoch nicht verpflichtet,<br \/>\u00fcbermittelte oder gespeicherte fremde Informationen zu \u00fcberwachen oder nach<br \/>Umst\u00e4nden zu forschen, die auf eine rechtswidrige T\u00e4tigkeit hinweisen.<\/p><p>Verpflichtungen zur Entfernung oder Sperrung der Nutzung von Informationen nach<br \/>den allgemeinen Gesetzen bleiben hiervon unber\u00fchrt. Eine diesbez\u00fcgliche Haftung<br \/>ist jedoch erst ab dem Zeitpunkt der Kenntnis einer konkreten Rechtsverletzung<br \/>m\u00f6glich. Bei Bekanntwerden von entsprechenden Rechtsverletzungen werden wir<br \/>diese Inhalte umgehend entfernen.<\/p><p><br \/>Haftung f\u00fcr Links<\/p><p>Unser Angebot enth\u00e4lt Links zu externen Webseiten Dritter, auf deren Inhalte<br \/>wir keinen Einfluss haben. Deshalb k\u00f6nnen wir f\u00fcr diese fremden Inhalte auch<br \/>keine Gew\u00e4hr \u00fcbernehmen. F\u00fcr die Inhalte der verlinkten Seiten ist stats der<br \/>jeweilige Anbieter oder Betreiber der Seiten verantwortlich. Die verlinken<br \/>Seiten wurden zum Zeitpunkt der Verlinkung auf m\u00f6gliche Rechtsverst\u00f6\u00dfe<br \/>\u00fcberpr\u00fcft. Rechtswidrige Inhalte waren zum Zeitpunkt der Verlinkung nicht<br \/>erkennbar. Bei Bekanntwerden von Rechtsverletzungen werden wir derartige Links<br \/>umgehend entfernen.<\/p><p><br \/>Urheberrecht<\/p><p>Die durch die Seitenbetreiber erstellten Inhalte und Werke auf diesen Seiten<br \/>unterliegen dem deutschen Urheberrecht. Die Vervielf\u00e4ltigung, Bearbeitung,<br \/>Verbreitung und jede Art der Verwertung au\u00dferhalb der Grenzen des<br \/>Urheberrechtes bed\u00fcrfen der schriftlichen Zustimmung von Aihul Eshmatova<br \/>(ByAigul). Soweit die Inhalte auf dieser Seite nicht vom Betreiber erstellt<br \/>wurden, werden die Urheberrechte Dritter beachtet.<\/p><p>Sollten Sie trotzdem auf eine Urheberrechtsverletzung aufmerksam werden, bitten<br \/>wir um einen entsprechenden Hinweis. Bei Bekanntwerden von Rechtsverletzungen<br \/>werden wir derartige Inhalte umgehend entfernen.<\/p><p><br \/>Contact<\/p><p>Aihul Eshmatova \u2013 ByAigul<br \/>E-mail: info@by-aigul.de<\/p>\t\t\t\t\t\t\t\t<\/div>\n\t\t\t\t<\/div>\n\t\t\t\t<\/div>\n\t\t<div data-particle_enable=\"false\" data-particle-mobile-disabled=\"false\" class=\"elementor-element elementor-element-c113b41 e-con-full elementor-hidden-mobile e-flex e-con e-child\" data-id=\"c113b41\" data-element_type=\"container\" data-e-type=\"container\">\n\t\t\t\t<\/div>\n\t\t\t\t\t<\/div>\n\t\t\t\t<\/div>\n\t\t\t\t<\/div>","protected":false},"excerpt":{"rendered":"<p>Disclaimer Haftungsausschluss (Disclaimer) Haftung f\u00fcr Inhalte Die Inhalte unserer Seiten wurden mit gr\u00f6\u00dfter Sorgfalt erstellt. F\u00fcr dieRichtigkeit, Vollst\u00e4ndigkeit und Aktualit\u00e4t [&hellip;]<\/p>","protected":false},"author":5,"featured_media":0,"parent":0,"menu_order":0,"comment_status":"closed","ping_status":"closed","template":"","meta":{"site-sidebar-layout":"default","site-content-layout":"","ast-site-content-layout":"default","site-content-style":"default","site-sidebar-style":"default","ast-global-header-display":"","ast-banner-title-visibility":"","ast-main-header-display":"","ast-hfb-above-header-display":"","ast-hfb-below-header-display":"","ast-hfb-mobile-header-display":"","site-post-title":"","ast-breadcrumbs-content":"","ast-featured-img":"","footer-sml-layout":"","ast-disable-related-posts":"","theme-transparent-header-meta":"","adv-header-id-meta":"","stick-header-meta":"","header-above-stick-meta":"","header-main-stick-meta":"","header-below-stick-meta":"","astra-migrate-meta-layouts":"default","ast-page-background-enabled":"default","ast-page-background-meta":{"desktop":{"background-color":"var(--ast-global-color-4)","background-image":"","background-repeat":"repeat","background-position":"center center","background-size":"auto","background-attachment":"scroll","background-type":"","background-media":"","overlay-type":"","overlay-color":"","overlay-opacity":"","overlay-gradient":""},"tablet":{"background-color":"","background-image":"","background-repeat":"repeat","background-position":"center center","background-size":"auto","background-attachment":"scroll","background-type":"","background-media":"","overlay-type":"","overlay-color":"","overlay-opacity":"","overlay-gradient":""},"mobile":{"background-color":"","background-image":"","background-repeat":"repeat","background-position":"center center","background-size":"auto","background-attachment":"scroll","background-type":"","background-media":"","overlay-type":"","overlay-color":"","overlay-opacity":"","overlay-gradient":""}},"ast-content-background-meta":{"desktop":{"background-color":"var(--ast-global-color-5)","background-image":"","background-repeat":"repeat","background-position":"center center","background-size":"auto","background-attachment":"scroll","background-type":"","background-media":"","overlay-type":"","overlay-color":"","overlay-opacity":"","overlay-gradient":""},"tablet":{"background-color":"var(--ast-global-color-5)","background-image":"","background-repeat":"repeat","background-position":"center center","background-size":"auto","background-attachment":"scroll","background-type":"","background-media":"","overlay-type":"","overlay-color":"","overlay-opacity":"","overlay-gradient":""},"mobile":{"background-color":"var(--ast-global-color-5)","background-image":"","background-repeat":"repeat","background-position":"center center","background-size":"auto","background-attachment":"scroll","background-type":"","background-media":"","overlay-type":"","overlay-color":"","overlay-opacity":"","overlay-gradient":""}},"footnotes":""},"class_list":["post-3875","page","type-page","status-publish","hentry"],"_links":{"self":[{"href":"https:\/\/by-aigul.de\/en\/wp-json\/wp\/v2\/pages\/3875","targetHints":{"allow":["GET"]}}],"collection":[{"href":"https:\/\/by-aigul.de\/en\/wp-json\/wp\/v2\/pages"}],"about":[{"href":"https:\/\/by-aigul.de\/en\/wp-json\/wp\/v2\/types\/page"}],"author":[{"embeddable":true,"href":"https:\/\/by-aigul.de\/en\/wp-json\/wp\/v2\/users\/5"}],"replies":[{"embeddable":true,"href":"https:\/\/by-aigul.de\/en\/wp-json\/wp\/v2\/comments?post=3875"}],"version-history":[{"count":8,"href":"https:\/\/by-aigul.de\/en\/wp-json\/wp\/v2\/pages\/3875\/revisions"}],"predecessor-version":[{"id":4433,"href":"https:\/\/by-aigul.de\/en\/wp-json\/wp\/v2\/pages\/3875\/revisions\/4433"}],"wp:attachment":[{"href":"https:\/\/by-aigul.de\/en\/wp-json\/wp\/v2\/media?parent=3875"}],"curies":[{"name":"wp","href":"https:\/\/api.w.org\/{rel}","templated":true}]}}