{"id":3872,"date":"2026-02-01T15:49:56","date_gmt":"2026-02-01T15:49:56","guid":{"rendered":"https:\/\/by-aigul.de\/cookie-policy-eu\/"},"modified":"2026-03-05T18:56:16","modified_gmt":"2026-03-05T18:56:16","slug":"cookie-richtlinie","status":"publish","type":"page","link":"https:\/\/by-aigul.de\/en\/cookie-richtlinie\/","title":{"rendered":"Cookie Policy (EU)"},"content":{"rendered":"<div data-elementor-type=\"wp-page\" data-elementor-id=\"3872\" class=\"elementor elementor-3872\" data-elementor-post-type=\"page\">\n\t\t\t\t<div data-particle_enable=\"false\" data-particle-mobile-disabled=\"false\" class=\"elementor-element elementor-element-99d0c15 e-flex e-con-boxed elementor-invisible e-con e-parent\" data-id=\"99d0c15\" data-element_type=\"container\" data-e-type=\"container\" data-settings=\"{&quot;animation&quot;:&quot;fadeIn&quot;}\">\n\t\t\t\t\t<div class=\"e-con-inner\">\n\t\t\t\t<div class=\"elementor-element elementor-element-7151026 elementor-widget__width-inherit breadds-cums elementor-widget elementor-widget-woocommerce-breadcrumb\" data-id=\"7151026\" data-element_type=\"widget\" data-e-type=\"widget\" data-widget_type=\"woocommerce-breadcrumb.default\">\n\t\t\t\t<div class=\"elementor-widget-container\">\n\t\t\t\t\t<nav class=\"woocommerce-breadcrumb\" aria-label=\"Breadcrumb\" data-no-translation=\"\" data-trp-gettext=\"\">Home<\/nav>\t\t\t\t<\/div>\n\t\t\t\t<\/div>\n\t\t<div data-particle_enable=\"false\" data-particle-mobile-disabled=\"false\" class=\"elementor-element elementor-element-9fd2ace e-con-full e-flex e-con e-child\" data-id=\"9fd2ace\" data-element_type=\"container\" data-e-type=\"container\">\n\t\t\t\t<div class=\"elementor-element elementor-element-f103323 elementor-widget elementor-widget-heading\" data-id=\"f103323\" data-element_type=\"widget\" data-e-type=\"widget\" data-widget_type=\"heading.default\">\n\t\t\t\t<div class=\"elementor-widget-container\">\n\t\t\t\t\t<h1 class=\"elementor-heading-title elementor-size-default\">Cookie Policy (EU)\n<\/h1>\t\t\t\t<\/div>\n\t\t\t\t<\/div>\n\t\t\t\t<div class=\"elementor-element elementor-element-07205ed elementor-widget__width-inherit elementor-widget-tablet__width-inherit text-pole elementor-widget elementor-widget-text-editor\" data-id=\"07205ed\" data-element_type=\"widget\" data-e-type=\"widget\" data-widget_type=\"text-editor.default\">\n\t\t\t\t<div class=\"elementor-widget-container\">\n\t\t\t\t\t\t\t\t\t<p>Stand: March 2026<br \/>Diese Cookie-Richtlinie gilt f\u00fcr B\u00fcrger und rechtm\u00e4\u00dfige st\u00e4ndige Einwohner<br \/>des Europ\u00e4ischen Wirtschaftsraums und der Schweiz.<\/p><p>1. Einleitung<br \/>Unsere Website https:\/\/by-aigul.de (nachfolgend: \u201eWebsite\u201d) verwendet Cookies<br \/>und \u00e4hnliche Technologien (der Einfachheit halber werden alle diese<br \/>Technologien als &quot;Cookies&quot; bezeichnet). Cookies werden auch von eingebundenen<br \/>Drittanbietern platziert. Im folgenden Document informieren wir Sie \u00fcber die<br \/>Verwendung von Cookies auf unserer Website.<\/p><p>2. Was there a cookie?<br \/>Ein Cookie ist eine kleine Textdatei, die zusammen mit den Seiten dieser<br \/>Website gesendet und von Ihrem Browser auf der Festplatte Ihres Computers<br \/>oder eines anderen Ger\u00e4ts gespeichert wird. Die darin gespeicherten<br \/>Informationen k\u00f6nnen bei einem sp\u00e4teren Be such an unsere Server oder an die<br \/>Server der betreffenden Drittanbieter zur\u00fcckgesendet werden.<\/p><p>3. Was sind Skripte?<br \/>Ein Skript ist ein Programmcode, der verwendet wird, um die korrekte und<br \/>interaktive Funktion unserer Website sicherzustellen. Dieser Code wird auf<br \/>unserem Server oder auf Ihrem Ger\u00e4t ausgef\u00fchrt.<\/p><p>4. Was ist ein Web Beacon?<br \/>Ein Web-Beacon (oder Z\u00e4hlpixel) ist ein kleines, unsichtbares Text- oder<br \/>Bildelement auf einer Website, das zur \u00dcberwachung des Website-Traffics<br \/>verwendet wird. Dazu werden verschiedene Daten \u00fcber Sie mittels Web-Beacons<br \/>gespeichert.<\/p><p>5. Cookies<\/p><p>5.1 Technische oder funktionale Cookies<br \/>Einige Cookies stellen sicher, dass bestimmte Teile der Website ordnungsgem\u00e4\u00df<br \/>funktionieren und Ihre Benutzereinstellungen bekannt bleiben. Durch die<br \/>Platzierung funktionaler Cookies erleichtern wir Ihnen den Besuch unserer<br \/>Website. So m\u00fcssen Sie bei einem Be such unserer Website nicht wiederholt<br \/>dieselben Informationen eingeben, und Artikel bleiben beispielsweise in Ihrem<br \/>Warenkorb, bis Sie bezahlen. Wir d\u00fcrfen diese Cookies ohne Ihre Einwilligung<br \/>platzieren.<\/p><p>5.2 Statistical Cookies<br \/>Wir verwenden statistische Cookies, um die Nutzung unserer Website f\u00fcr unsere<br \/>Benutzer zu optimieren. Mit diesen statistischen Cookies erhalten wir<br \/>Einblicke in die Nutzung unserer Website. F\u00fcr die Platzierung statistischer<br \/>Cookies bitten wir um Ihre Einwilligung.<\/p><p>5.3 Marketing\/Tracking Cookies<br \/>Marketing-\/Tracking-Cookies sind Cookies oder andere Formen der lokalen<br \/>Speicherung, die zur Erstellung von Benutzerprofilen verwendet werden, um<br \/>Werbung anzuzeigen oder den Benutzer auf dieser Website oder \u00fcber mehrere<br \/>Websites hinweg f\u00fcr \u00e4hnliche Marketingzwecke zu verfolgen.<\/p><p>5.4 Soziale Medien<br \/>Auf unserer Website haben wir Inhalte von WhatsApp, Instagram, TikTok und<br \/>Facebook eingebunden, um Webseiten zu bewerben (z. B. \u201eGef\u00e4llt mir\u201d, \u201ePinnen\u201d)<br \/>oder zu teilen (z. B. \u201eTwittern\u201d) in socialen Netzwerken wie WhatsApp,<br \/>Instagram, TikTok and Facebook. In diesen Inhalten ist Code eingebettet, der<br \/>Cookies platziert. Diese Inhalte k\u00f6nnen bestimmte Informationen speichern und<br \/>verarbeiten, um personalisierte Werbung zu schalten.<\/p><p>Bitte lesen Sie die Datenschutzerkl\u00e4rungen dieser sozialen Netzwerke (die sich<br \/>regelm\u00e4\u00dfig \u00e4ndern k\u00f6nnen), um zu erfahren, was sie mit Ihren (personenbezogenen)<br \/>Daten tun, die sie mithilfe dieser Cookies verarbeiten. Die erfassten Daten<br \/>werden so weit wie m\u00f6glich anonymisiert. WhatsApp, Instagram, TikTok and<br \/>Facebook haben ihren Sitz in den Vereinigten Staaten.<\/p><p>6. Platzierte Cookies<\/p><p>WooCommerce \u2013 Functional<br \/>Wir verwenden WooCommerce f\u00fcr die Webshop-Verwaltung.<br \/>Diese Daten werden nicht an Dritte weitergegeben.<br \/>\u2013 wc_cart_hash_* (Session) \u2013 Warenkorb speichern<br \/>\u2013 woocommerce_items_in_cart (Session) \u2013 Warenkorb speichern<br \/>\u2013 woocommerce_cart_hash (1 Tag) \u2013 Warenkorb speichern<br \/>\u2013 wp_woocommerce_session_* (Session) \u2013 Aktionen speichern<\/p><p>Elementor \u2013 Statistik (anonym)<br \/>Wir verwenden Elementor f\u00fcr die Inhaltserstellung.<br \/>\u2013 elementor (persistent) \u2013 Aktionen auf der Website speichern<\/p><p>WordPress \u2013 Functional<br \/>Wir verwenden WordPress f\u00fcr die Website-Entwicklung.<br \/>\u2013 wpEmojiSettingsSupports (Session) \u2013 Browser-Details speichern<br \/>\u2013 wordpress_test_cookie (Session) \u2013 Cookie-Platzierung pr\u00fcfen<br \/>\u2013 wordpress_logged_in_* (persistent) \u2013 Angemeldete Benutzer speichern<br \/>\u2013 wp_lang (Session) \u2013 Spracheinstellungen speichern<\/p><p>Sourcebuster JS \u2013 Statistik<br \/>Wir verwenden Sourcebuster JS f\u00fcr die Besucherverfolgung.<br \/>\u2013 sbjs_migrations (6 Monate) \u2013 Nutzungsverlauf speichern<br \/>\u2013 sbjs_current_add (6 Monate) \u2013 Seitenaufrufe z\u00e4hlen<br \/>\u2013 sbjs_first_add (6 Monate) \u2013 Seitenaufrufe z\u00e4hlen<br \/>\u2013 sbjs_current (6 Monate) \u2013 Browser-Details speichern<br \/>\u2013 sbjs_first (Session) \u2013 Interaction verfolgen<br \/>\u2013 sbjs_udata (6 Monate) \u2013 Sitzungs-ID speichern<br \/>\u2013 sbjs_session (30 Minuten) \u2013 Seitenaufrufe z\u00e4hlen<\/p><p>Stripe \u2013 Functional<br \/>Wir verwenden Stripe f\u00fcr die Zahlungsabwicklung.<br \/>Weitere Informationen: https:\/\/stripe.com\/privacy\/<br \/>\u2013 __stripe_mid (1 Jahr) \u2013 Betrugspr\u00e4vention<br \/>\u2013 __stripe_sid (30 Minuten) \u2013 Betrugspr\u00e4vention<\/p><p>Google Fonts<br \/>Wir verwenden Google Fonts f\u00fcr die Darstellung von Webschriften.<br \/>Weitere Informationen: https:\/\/policies.google.com\/privacy<\/p><p>Google Maps<br \/>Wir verwenden Google Maps f\u00fcr die Kartenanzeige.<br \/>Weitere Informationen: https:\/\/business.safety.google\/privacy\/<\/p><p>YouTube<br \/>Wir verwenden YouTube f\u00fcr die Videodarstellung.<br \/>Weitere Informationen: https:\/\/policies.google.com\/privacy<\/p><p>Facebook<br \/>Wir verwenden Facebook f\u00fcr die Anzeige sozialer Beitr\u00e4ge\/Teilen-Schaltfl\u00e4chen.<br \/>Weitere Informationen: https:\/\/www.facebook.com\/policy\/cookies<\/p><p>WhatsApp<br \/>Wir verwenden WhatsApp f\u00fcr den Chat-Support.<br \/>Weitere Informationen: https:\/\/www.whatsapp.com\/legal\/<\/p><p>TikTok<br \/>Wir verwenden TikTok f\u00fcr die Videodarstellung.<br \/>Weitere Informationen: https:\/\/www.tiktok.com\/legal\/privacy-policy<\/p><p>Complianz (Cookie-Consent)<br \/>\u2013 cmplz_functional (365 Tage) \u2013 Cookie-Einwilligung speichern<br \/>\u2013 cmplz_statistics (365 Tage) \u2013 Cookie-Einwilligung speichern<br \/>\u2013 cmplz_preferences (365 Tage) \u2013 Cookie-Einwilligung speichern<br \/>\u2013 cmplz_marketing (365 Tage) \u2013 Cookie-Einwilligung speichern<br \/>\u2013 cmplz_banner-status (365 Tage) \u2013 Banner-Status speichern<br \/>\u2013 cmplz_user_data (365 Tage) \u2013 Benutzerdaten speichern<\/p><p>7. Einwilligung<br \/>Wenn Sie unsere Website zum ersten Mal besuchen, zeigen wir Ihnen ein<br \/>Pop-up-Fenster mit einer Erl\u00e4uterung zu Cookies. Sobald Sie auf<br \/>\u201eEinstellungen speichern\u201d klicken, stimmen Sie der Verwendung der von Ihnen<br \/>im Pop-up ausgew\u00e4hlten Cookie-Kategorien und Plugins zu, wie in dieser<br \/>Cookie-Richtlinie beschrieben. Sie k\u00f6nnen die Verwendung von Cookies \u00fcber<br \/>Ihren Browser deaktivieren, beachten Sie jedoch, dass unsere Website dann<br \/>m\u00f6glicherweise nicht mehr ordnungsgem\u00e4\u00df funktioniert.<\/p><p>8. Cookies aktivieren\/deaktivieren und l\u00f6schen<br \/>Sie k\u00f6nnen Ihren Internetbrowser verwenden, um Cookies automatisch oder<br \/>manuell zu l\u00f6schen. Sie k\u00f6nnen auch festlegen, dass bestimmte Cookies nicht<br \/>platziert werden d\u00fcrfen. Eine weitere M\u00f6glichkeit besteht darin, die<br \/>Einstellungen Ihres Internetbrowsers so zu \u00e4ndern, dass Sie jedes Mal eine<br \/>Nachricht erhalten, wenn ein Cookie platziert wird.<\/p><p>Bitte beachten Sie, dass unsere Website m\u00f6glicherweise nicht ordnungsgem\u00e4\u00df<br \/>funktioniert, wenn alle Cookies deaktiviert sind. Wenn Sie die Cookies in<br \/>Ihrem Browser l\u00f6schen, werden sie nach Ihrer Einwilligung beim erneuten<br \/>Be such unserer Website erneut platziert.<\/p><p>9. Ihre Rechte bez\u00fcglich personenbezogener Daten<br \/>Sie haben folgende Rechte bez\u00fcglich Ihrer personenbezogenen Daten:<br \/>\u2013 Recht auf Auskunft<br \/>\u2013 Recht auf Berichtigung<br \/>\u2013 Recht auf L\u00f6schung<br \/>\u2013 Recht auf Widerruf der Einwilligung<br \/>\u2013 Recht auf Daten\u00fcbertragbarkeit<br \/>\u2013 Widerspruchsrecht<\/p><p>Um diese Rechte auszu\u00fcben, kontaktieren Sie uns bitte \u00fcber die unten<br \/>angegebenen Kontaktdaten. Bei Beschwerden \u00fcber die Verarbeitung Ihrer Daten<br \/>haben Sie das Recht, sich bei der zust\u00e4ndigen Aufsichtsbeh\u00f6rde zu beschweren:<br \/>Landesbeauftragte f\u00fcr Datenschutz und Informationsfreiheit<br \/>Nordrhein-Westfalen, Postfach 20 04 44, 40102 D\u00fcsseldorf.<\/p><p>10. Contact<br \/>Aihul Eshmatova \u2013 ByAigul<br \/>Catenhorner Stra\u00dfe 25<br \/>48431 Rheine<br \/>Germany<br \/>Website: https:\/\/by-aigul.de<br \/>E-mail: info@by-aigul.de<br \/>Phone: +49 162 235 9703<\/p><p>Diese Cookie-Richtlinie wurde zuletzt synchronisiert mit cookiedatabase.org<br \/>am 27 February 2026.<\/p>\t\t\t\t\t\t\t\t<\/div>\n\t\t\t\t<\/div>\n\t\t\t\t<\/div>\n\t\t<div data-particle_enable=\"false\" data-particle-mobile-disabled=\"false\" class=\"elementor-element elementor-element-37adff8 e-con-full elementor-hidden-mobile e-flex e-con e-child\" data-id=\"37adff8\" data-element_type=\"container\" data-e-type=\"container\">\n\t\t\t\t<\/div>\n\t\t\t\t\t<\/div>\n\t\t\t\t<\/div>\n\t\t\t\t<\/div>","protected":false},"excerpt":{"rendered":"<p>Cookie Policy (EU) Stand: M\u00e4rz 2026Diese Cookie-Richtlinie gilt f\u00fcr B\u00fcrger und rechtm\u00e4\u00dfige st\u00e4ndige Einwohnerdes Europ\u00e4ischen Wirtschaftsraums und der Schweiz. 1. [&hellip;]<\/p>","protected":false},"author":5,"featured_media":0,"parent":0,"menu_order":0,"comment_status":"closed","ping_status":"closed","template":"","meta":{"site-sidebar-layout":"default","site-content-layout":"","ast-site-content-layout":"default","site-content-style":"default","site-sidebar-style":"default","ast-global-header-display":"","ast-banner-title-visibility":"","ast-main-header-display":"","ast-hfb-above-header-display":"","ast-hfb-below-header-display":"","ast-hfb-mobile-header-display":"","site-post-title":"","ast-breadcrumbs-content":"","ast-featured-img":"","footer-sml-layout":"","theme-transparent-header-meta":"","adv-header-id-meta":"","stick-header-meta":"","header-above-stick-meta":"","header-main-stick-meta":"","header-below-stick-meta":"","astra-migrate-meta-layouts":"default","ast-page-background-enabled":"default","ast-page-background-meta":{"desktop":{"background-color":"var(--ast-global-color-4)","background-image":"","background-repeat":"repeat","background-position":"center center","background-size":"auto","background-attachment":"scroll","background-type":"","background-media":"","overlay-type":"","overlay-color":"","overlay-opacity":"","overlay-gradient":""},"tablet":{"background-color":"","background-image":"","background-repeat":"repeat","background-position":"center center","background-size":"auto","background-attachment":"scroll","background-type":"","background-media":"","overlay-type":"","overlay-color":"","overlay-opacity":"","overlay-gradient":""},"mobile":{"background-color":"","background-image":"","background-repeat":"repeat","background-position":"center center","background-size":"auto","background-attachment":"scroll","background-type":"","background-media":"","overlay-type":"","overlay-color":"","overlay-opacity":"","overlay-gradient":""}},"ast-content-background-meta":{"desktop":{"background-color":"var(--ast-global-color-5)","background-image":"","background-repeat":"repeat","background-position":"center center","background-size":"auto","background-attachment":"scroll","background-type":"","background-media":"","overlay-type":"","overlay-color":"","overlay-opacity":"","overlay-gradient":""},"tablet":{"background-color":"var(--ast-global-color-5)","background-image":"","background-repeat":"repeat","background-position":"center center","background-size":"auto","background-attachment":"scroll","background-type":"","background-media":"","overlay-type":"","overlay-color":"","overlay-opacity":"","overlay-gradient":""},"mobile":{"background-color":"var(--ast-global-color-5)","background-image":"","background-repeat":"repeat","background-position":"center center","background-size":"auto","background-attachment":"scroll","background-type":"","background-media":"","overlay-type":"","overlay-color":"","overlay-opacity":"","overlay-gradient":""}},"footnotes":""},"class_list":["post-3872","page","type-page","status-publish","hentry"],"_links":{"self":[{"href":"https:\/\/by-aigul.de\/en\/wp-json\/wp\/v2\/pages\/3872","targetHints":{"allow":["GET"]}}],"collection":[{"href":"https:\/\/by-aigul.de\/en\/wp-json\/wp\/v2\/pages"}],"about":[{"href":"https:\/\/by-aigul.de\/en\/wp-json\/wp\/v2\/types\/page"}],"author":[{"embeddable":true,"href":"https:\/\/by-aigul.de\/en\/wp-json\/wp\/v2\/users\/5"}],"replies":[{"embeddable":true,"href":"https:\/\/by-aigul.de\/en\/wp-json\/wp\/v2\/comments?post=3872"}],"version-history":[{"count":9,"href":"https:\/\/by-aigul.de\/en\/wp-json\/wp\/v2\/pages\/3872\/revisions"}],"predecessor-version":[{"id":4444,"href":"https:\/\/by-aigul.de\/en\/wp-json\/wp\/v2\/pages\/3872\/revisions\/4444"}],"wp:attachment":[{"href":"https:\/\/by-aigul.de\/en\/wp-json\/wp\/v2\/media?parent=3872"}],"curies":[{"name":"wp","href":"https:\/\/api.w.org\/{rel}","templated":true}]}}