{"id":2075,"date":"2026-01-05T06:53:40","date_gmt":"2026-01-05T06:53:40","guid":{"rendered":"https:\/\/by-aigul.de\/?page_id=2075"},"modified":"2026-03-05T18:52:40","modified_gmt":"2026-03-05T18:52:40","slug":"agb","status":"publish","type":"page","link":"https:\/\/by-aigul.de\/en\/agb\/","title":{"rendered":"AGB"},"content":{"rendered":"<div data-elementor-type=\"wp-page\" data-elementor-id=\"2075\" class=\"elementor elementor-2075\" data-elementor-post-type=\"page\">\n\t\t\t\t<div data-particle_enable=\"false\" data-particle-mobile-disabled=\"false\" class=\"elementor-element elementor-element-2041478a e-flex e-con-boxed elementor-invisible e-con e-parent\" data-id=\"2041478a\" data-element_type=\"container\" data-e-type=\"container\" data-settings=\"{&quot;animation&quot;:&quot;fadeIn&quot;}\">\n\t\t\t\t\t<div class=\"e-con-inner\">\n\t\t\t\t<div class=\"elementor-element elementor-element-4210f68f elementor-widget__width-inherit breadds-cums elementor-widget elementor-widget-woocommerce-breadcrumb\" data-id=\"4210f68f\" data-element_type=\"widget\" data-e-type=\"widget\" data-widget_type=\"woocommerce-breadcrumb.default\">\n\t\t\t\t<div class=\"elementor-widget-container\">\n\t\t\t\t\t<nav class=\"woocommerce-breadcrumb\" aria-label=\"Breadcrumb\" data-no-translation=\"\" data-trp-gettext=\"\">\u041e\u0431\u0437\u043e\u0440<\/nav>\t\t\t\t<\/div>\n\t\t\t\t<\/div>\n\t\t<div data-particle_enable=\"false\" data-particle-mobile-disabled=\"false\" class=\"elementor-element elementor-element-23675dd3 e-con-full e-flex e-con e-child\" data-id=\"23675dd3\" data-element_type=\"container\" data-e-type=\"container\">\n\t\t\t\t<div class=\"elementor-element elementor-element-555588f1 elementor-widget elementor-widget-heading\" data-id=\"555588f1\" data-element_type=\"widget\" data-e-type=\"widget\" data-widget_type=\"heading.default\">\n\t\t\t\t<div class=\"elementor-widget-container\">\n\t\t\t\t\t<h1 class=\"elementor-heading-title elementor-size-default\">AGB<\/h1>\t\t\t\t<\/div>\n\t\t\t\t<\/div>\n\t\t\t\t<div class=\"elementor-element elementor-element-5970fcc1 elementor-widget__width-inherit elementor-widget-tablet__width-inherit text-pole elementor-widget elementor-widget-text-editor\" data-id=\"5970fcc1\" data-element_type=\"widget\" data-e-type=\"widget\" data-widget_type=\"text-editor.default\">\n\t\t\t\t<div class=\"elementor-widget-container\">\n\t\t\t\t\t\t\t\t\t<p class=\"p1\">Allgemeine Gesch\u00e4ftsbedingungen und Kundeninformationen<\/p><p class=\"p1\">ByAigul<\/p><p class=\"p2\"><b>I. Allgemeine Gesch\u00e4ftsbedingungen<\/b><\/p><p class=\"p3\"><b>\u00a71 Grundlegende Bestimmungen<\/b><\/p><p class=\"p1\">(1) Die nachstehenden Gesch\u00e4ftsbedingungen gelten f\u00fcr Vertr\u00e4ge, die Sie mit uns als<\/p><p class=\"p1\">Anbieter<\/p><p class=\"p1\">Aihul Eshmatova<\/p><p class=\"p1\">handelnd unter \u201eByAigul\u201c<\/p><p class=\"p1\">Catenhorner Stra\u00dfe 25<\/p><p class=\"p1\">48431 Rheine<\/p><p class=\"p1\">Germany<\/p><p class=\"p1\">\u00fcber unsere Internetseite schlie\u00dfen. Soweit nicht anders vereinbart, wird der Einbeziehung<\/p><p class=\"p1\">gegebenenfalls von Ihnen verwendeter eigener Bedingungen widersprochen.<\/p><p class=\"p1\">(2) Verbraucher im Sinne der nachstehenden Regelungen ist jede nat\u00fcrliche Person, die ein<\/p><p class=\"p1\">Rechtsgesch\u00e4ft zu Zwecken abschlie\u00dft, die \u00fcberwiegend weder ihrer gewerblichen noch<\/p><p class=\"p1\">ihrer selbst\u00e4ndigen beruflichen T\u00e4tigkeit zugerechnet werden kann. Unternehmer ist jede<\/p><p class=\"p1\">nat\u00fcrliche oder juristische Person oder eine rechtsf\u00e4hige Personengesellschaft, die bei<\/p><p class=\"p1\">Abschluss eines Rechtsgesch\u00e4fts in Aus\u00fcbung ihrer selbst\u00e4ndigen beruflichen oder<\/p><p class=\"p1\">gewerblichen T\u00e4tigkeit handelt.<\/p><p class=\"p3\"><b>\u00a72 Barrierefreiheit<\/b><\/p><p class=\"p1\">(1) Gem\u00e4\u00df \u00a7 14 Abs. 1 Nr. 2 iVm Anlage 3 Nr. 1 BFSG informieren wir dar\u00fcber, wie unsere<\/p><p class=\"p1\">Internetpr\u00e4senz die Barrierefreiheitsanforderungen erf\u00fcllt.<\/p><p class=\"p1\">Diese Informationen sind \u00fcber eine separate Schaltfl\u00e4che \u201eBarrierefreiheitserkl\u00e4rung\u201c<\/p><p class=\"p1\">aufrufbar und umfassen insbesondere:<\/p><p class=\"p1\">\u2013 Beschreibung der geltenden Anforderungen<\/p><p class=\"p1\">\u2013 Allgemeine Beschreibung der Dienstleistung<\/p><p class=\"p1\">\u2013 Erl\u00e4uterungen zur Durchf\u00fchrung<\/p><p class=\"p1\">\u2013 Beschreibung der Umsetzung der Anforderungen<\/p><p class=\"p1\">(2) Zust\u00e4ndige Markt\u00fcberwachungsbeh\u00f6rde:Markt\u00fcberwachungsstelle der L\u00e4nder f\u00fcr die Barrierefreiheit von Produkten und<\/p><p class=\"p1\">Dienstleistungen (MLBF)<\/p><p class=\"p1\">c\/o Ministerium f\u00fcr Arbeit, Soziales, Gesundheit und Gleichstellung Sachsen-Anhalt<\/p><p class=\"p1\">Postfach 39 11 55<\/p><p class=\"p1\">39135 Magdeburg<\/p><p class=\"p1\">E-Mail: MLBF@ms.sachsen-anhalt.de<\/p><p class=\"p1\">(3) Unsere Internetpr\u00e4senz ist barrierefrei zug\u00e4nglich gem\u00e4\u00df den gesetzlichen<\/p><p class=\"p1\">Anforderungen.<\/p><p class=\"p3\"><b>\u00a73 Zustandekommen des Vertrages<\/b><\/p><p class=\"p1\">(1) Gegenstand des Vertrages ist der Verkauf von Waren.<\/p><p class=\"p1\">(2) Bereits mit dem Einstellen des jeweiligen Produkts unterbreiten wir Ihnen ein<\/p><p class=\"p1\">verbindliches Angebot zum Abschluss eines Vertrages \u00fcber das Online-Warenkorbsystem.<\/p><p class=\"p1\">(3) Der Vertrag kommt wie folgt zustande:<\/p><p class=\"p1\">Die zum Kauf beabsichtigten Waren werden im \u201eWarenkorb\u201c abgelegt.<\/p><p class=\"p1\">\u00dcber \u201eKasse\u201c gelangen Sie zur Bestell\u00fcbersicht.<\/p><p class=\"p1\">Vor Absenden der Bestellung k\u00f6nnen Sie:<\/p><p class=\"p1\">\u2013 Angaben \u00fcberpr\u00fcfen<\/p><p class=\"p1\">\u2013 \u00e4ndern<\/p><p class=\"p1\">\u2013 Bestellung abbrechen<\/p><p class=\"p1\">Mit Anklicken von \u201ezahlungspflichtig bestellen\u201c erkl\u00e4ren Sie rechtsverbindlich die Annahme<\/p><p class=\"p1\">des Angebotes.<\/p><p class=\"p1\">(4) Die Abwicklung erfolgt per E-Mail. Sie haben sicherzustellen, dass Ihre E-Mail-Adresse<\/p><p class=\"p1\">korrekt ist.<\/p><p class=\"p3\"><b>\u00a74 Besondere Vereinbarungen zu Zahlungsarten<\/b><\/p><p class=\"p1\">(1) Bonit\u00e4tspr\u00fcfung<\/p><p class=\"p1\">Sofern wir in Vorleistung treten, behalten wir uns eine Bonit\u00e4tspr\u00fcfung vor.<\/p><p class=\"p1\">(2) Zahlung \u00fcber PayPal<\/p><p class=\"p1\">Die Zahlungsabwicklung erfolgt \u00fcber:<\/p><p class=\"p1\">PayPal (Europe) S.\u00e0.rl et Cie, SCA<\/p><p class=\"p1\">22-24 Boulevard Royal<\/p><p class=\"p1\">L-2449 Luxembourg<\/p><p class=\"p3\"><span class=\"s2\">Es gelten die PayPal-Nutzungsbedingungen.<\/span><\/p><p class=\"p3\"><b>\u00a75 Zur\u00fcckbehaltungsrecht, Eigentumsvorbehalt<\/b><\/p><p class=\"p1\">(1) Ein Zur\u00fcckbehaltungsrecht k\u00f6nnen Sie nur aus demselben Vertragsverh\u00e4ltnis aus\u00fcben.<\/p><p class=\"p1\">(2) Die Ware bleibt bis zur vollst\u00e4ndigen Zahlung unser Eigentum.<\/p><p class=\"p3\"><b>\u00a76 Gew\u00e4hrleistung<\/b><\/p><p class=\"p1\">(1) Es bestehen die gesetzlichen M\u00e4ngelhaftungsrechte.<\/p><p class=\"p1\">(2) Als Verbraucher werden Sie gebeten, die Ware bei Lieferung auf Vollst\u00e4ndigkeit und<\/p><p class=\"p1\">M\u00e4ngel zu \u00fcberpr\u00fcfen.<\/p><p class=\"p1\">(3) F\u00fcr Unternehmer betr\u00e4gt die Gew\u00e4hrleistungsfrist 12 Monate.<\/p><p class=\"p3\"><b>\u00a77 Rechtswahl, Erf\u00fcllungsort, Gerichtsstand<\/b><\/p><p class=\"p1\">(1) Es gilt deutsches Recht unter Ausschluss des UN-Kaufrechts.<\/p><p class=\"p1\">(2) Erf\u00fcllungsort und Gerichtsstand ist Rheine, soweit Sie Unternehmer sind.<\/p><p class=\"p4\"><b>II. Kundeninformationen<\/b><\/p><p class=\"p2\"><b>1. Identit\u00e4t des Verk\u00e4ufers<\/b><\/p><p class=\"p1\">Aihul Eshmatova \u2013 ByAigul<\/p><p class=\"p1\">Catenhorner Stra\u00dfe 25<\/p><p class=\"p1\">48431 Rheine<\/p><p class=\"p1\">Germany<\/p><p class=\"p1\">Phone: +49 162 235 9703<\/p><p class=\"p1\">E-mail: info@by-aigul.de<\/p><p class=\"p1\">Wir sind nicht verpflichtet, an Streitbeilegungsverfahren vor Verbraucherschlichtungsstellen<\/p><p class=\"p1\">teilzunehmen.<\/p><p class=\"p1\"><span class=\"s3\"><b>2. Vertragssprache<\/b><\/span>Vertragssprache ist Deutsch.<\/p><p class=\"p2\"><b>3. Vertragstextspeicherung<\/b><\/p><p class=\"p1\">Der vollst\u00e4ndige Vertragstext wird nicht gespeichert.<\/p><p class=\"p1\">Sie erhalten alle Bestelldaten per E-Mail.<\/p><p class=\"p2\"><b>4. Wesentliche Merkmale der Ware<\/b><\/p><p class=\"p1\">Die wesentlichen Merkmale der Ware finden sich im jeweiligen Angebot.<\/p><p class=\"p2\"><b>5. Preise und Zahlungsmodalit\u00e4ten<\/b><\/p><p class=\"p1\">Alle Preise sind Gesamtpreise inklusive gesetzlicher Umsatzsteuer<\/p><p class=\"p1\">(7% Blumen, 19% \u00fcbrige Waren).<\/p><p class=\"p1\">Versandkosten werden gesondert ausgewiesen.<\/p><p class=\"p2\"><b>6. Lieferbedingungen<\/b><\/p><p class=\"p1\">Lieferbedingungen und Lieferfristen sind im jeweiligen Angebot angegeben.<\/p><p class=\"p2\"><b>7. Gesetzliches M\u00e4ngelhaftungsrecht<\/b><\/p><p class=\"p1\">Die M\u00e4ngelhaftung richtet sich nach \u00a76 dieser AGB.<\/p>\t\t\t\t\t\t\t\t<\/div>\n\t\t\t\t<\/div>\n\t\t\t\t<\/div>\n\t\t<div data-particle_enable=\"false\" data-particle-mobile-disabled=\"false\" class=\"elementor-element elementor-element-41e91a36 e-con-full elementor-hidden-mobile e-flex e-con e-child\" data-id=\"41e91a36\" data-element_type=\"container\" data-e-type=\"container\">\n\t\t\t\t<\/div>\n\t\t\t\t\t<\/div>\n\t\t\t\t<\/div>\n\t\t\t\t<\/div>","protected":false},"excerpt":{"rendered":"<p>AGB Allgemeine Gesch\u00e4ftsbedingungen und Kundeninformationen ByAigul I. Allgemeine Gesch\u00e4ftsbedingungen \u00a71 Grundlegende Bestimmungen (1) Die nachstehenden Gesch\u00e4ftsbedingungen gelten f\u00fcr Vertr\u00e4ge, die [&hellip;]<\/p>","protected":false},"author":2,"featured_media":0,"parent":0,"menu_order":0,"comment_status":"closed","ping_status":"closed","template":"elementor_header_footer","meta":{"site-sidebar-layout":"default","site-content-layout":"","ast-site-content-layout":"default","site-content-style":"default","site-sidebar-style":"default","ast-global-header-display":"","ast-banner-title-visibility":"","ast-main-header-display":"","ast-hfb-above-header-display":"","ast-hfb-below-header-display":"","ast-hfb-mobile-header-display":"","site-post-title":"","ast-breadcrumbs-content":"","ast-featured-img":"","footer-sml-layout":"","ast-disable-related-posts":"","theme-transparent-header-meta":"","adv-header-id-meta":"","stick-header-meta":"","header-above-stick-meta":"","header-main-stick-meta":"","header-below-stick-meta":"","astra-migrate-meta-layouts":"default","ast-page-background-enabled":"default","ast-page-background-meta":{"desktop":{"background-color":"var(--ast-global-color-4)","background-image":"","background-repeat":"repeat","background-position":"center center","background-size":"auto","background-attachment":"scroll","background-type":"","background-media":"","overlay-type":"","overlay-color":"","overlay-opacity":"","overlay-gradient":""},"tablet":{"background-color":"","background-image":"","background-repeat":"repeat","background-position":"center center","background-size":"auto","background-attachment":"scroll","background-type":"","background-media":"","overlay-type":"","overlay-color":"","overlay-opacity":"","overlay-gradient":""},"mobile":{"background-color":"","background-image":"","background-repeat":"repeat","background-position":"center center","background-size":"auto","background-attachment":"scroll","background-type":"","background-media":"","overlay-type":"","overlay-color":"","overlay-opacity":"","overlay-gradient":""}},"ast-content-background-meta":{"desktop":{"background-color":"var(--ast-global-color-5)","background-image":"","background-repeat":"repeat","background-position":"center center","background-size":"auto","background-attachment":"scroll","background-type":"","background-media":"","overlay-type":"","overlay-color":"","overlay-opacity":"","overlay-gradient":""},"tablet":{"background-color":"var(--ast-global-color-5)","background-image":"","background-repeat":"repeat","background-position":"center center","background-size":"auto","background-attachment":"scroll","background-type":"","background-media":"","overlay-type":"","overlay-color":"","overlay-opacity":"","overlay-gradient":""},"mobile":{"background-color":"var(--ast-global-color-5)","background-image":"","background-repeat":"repeat","background-position":"center center","background-size":"auto","background-attachment":"scroll","background-type":"","background-media":"","overlay-type":"","overlay-color":"","overlay-opacity":"","overlay-gradient":""}},"footnotes":""},"class_list":["post-2075","page","type-page","status-publish","hentry"],"_links":{"self":[{"href":"https:\/\/by-aigul.de\/en\/wp-json\/wp\/v2\/pages\/2075","targetHints":{"allow":["GET"]}}],"collection":[{"href":"https:\/\/by-aigul.de\/en\/wp-json\/wp\/v2\/pages"}],"about":[{"href":"https:\/\/by-aigul.de\/en\/wp-json\/wp\/v2\/types\/page"}],"author":[{"embeddable":true,"href":"https:\/\/by-aigul.de\/en\/wp-json\/wp\/v2\/users\/2"}],"replies":[{"embeddable":true,"href":"https:\/\/by-aigul.de\/en\/wp-json\/wp\/v2\/comments?post=2075"}],"version-history":[{"count":14,"href":"https:\/\/by-aigul.de\/en\/wp-json\/wp\/v2\/pages\/2075\/revisions"}],"predecessor-version":[{"id":4396,"href":"https:\/\/by-aigul.de\/en\/wp-json\/wp\/v2\/pages\/2075\/revisions\/4396"}],"wp:attachment":[{"href":"https:\/\/by-aigul.de\/en\/wp-json\/wp\/v2\/media?parent=2075"}],"curies":[{"name":"wp","href":"https:\/\/api.w.org\/{rel}","templated":true}]}}