{"id":6550,"date":"2026-05-14T14:39:21","date_gmt":"2026-05-14T14:39:21","guid":{"rendered":"https:\/\/by-aigul.de\/?post_type=product&#038;p=6550"},"modified":"2026-05-14T14:56:36","modified_gmt":"2026-05-14T14:56:36","slug":"krieg-und-frieden-eau-de-parfum","status":"publish","type":"product","link":"https:\/\/by-aigul.de\/de\/produkt\/krieg-und-frieden-eau-de-parfum\/","title":{"rendered":"Duftbibliothek War and Peace Eau de Parfum"},"content":{"rendered":"<p>Ein sehr tiefgr\u00fcndiger, kostbarer und prestigetr\u00e4chtiger Duft mit einem luxuri\u00f6sen Nischencharakter.<br \/>\nWar and Peace ist inspiriert von Frederic Malles legend\u00e4rem Portrait of a Lady, einem der bekanntesten und schmeichelhaftesten D\u00fcfte in der Welt der Nischenparf\u00fcmerie.<\/p>\n<p>Es handelt sich um einen reichhaltigen, warmen und unglaublich lang anhaltenden Duft mit dichter Rose, rauchigem Patschuli und einer warmen, amber-holzigen Basis.<br \/>\nEs klingt teuer, elegant und sehr selbstbewusst.<\/p>\n<p>Dies ist ein Duft f\u00fcr all jene, die tiefgr\u00fcndige, reichhaltige und unverwechselbare Kompositionen im Stil von Frederic Malle, Initio und Maison Francis Kurkdjian lieben.<\/p>","protected":false},"excerpt":{"rendered":"<p><strong data-start=\"271\" data-end=\"288\">Produkttyp:<\/strong> Unisex-Duft<br data-start=\"303\" data-end=\"306\" \/><strong data-start=\"306\" data-end=\"320\">Familie:<\/strong> Holzig-w\u00fcrzig \/ orientalisch<br data-start=\"348\" data-end=\"351\" \/><strong data-start=\"351\" data-end=\"362\">Oberfl\u00e4chen:<\/strong> Tiefgr\u00fcndig, warm, atmosph\u00e4risch<br data-start=\"392\" data-end=\"395\" \/><strong data-start=\"395\" data-end=\"414\">Farbspektrum:<\/strong> Dunkelbernsteinfarben, edel<br data-start=\"442\" data-end=\"445\" \/><strong data-start=\"445\" data-end=\"458\">Charakter:<\/strong> Stark, intelligent, elegant, dramatisch<br data-start=\"509\" data-end=\"512\" \/><strong data-start=\"512\" data-end=\"526\">Haltbarkeit:<\/strong> Hoch (7\u201310 Stunden)<br data-start=\"547\" data-end=\"550\" data-is-only-node=\"\" \/><strong data-start=\"550\" data-end=\"560\">Zug:<\/strong> Ausdrucksstark, reichhaltig<br data-start=\"586\" data-end=\"589\" \/><strong data-start=\"589\" data-end=\"604\">Zweck:<\/strong> Abendduft und besondere Anl\u00e4sse<br data-start=\"636\" data-end=\"639\" \/><strong data-start=\"639\" data-end=\"654\">Jahreszeit:<\/strong> Herbst \/ Winter<br data-start=\"667\" data-end=\"670\" \/><strong data-start=\"670\" data-end=\"686\">Tageszeiten:<\/strong> Abend \/ Nacht<br data-start=\"699\" data-end=\"702\" \/><strong data-start=\"702\" data-end=\"713\">Format:<\/strong> Spr\u00fchflasche<br data-start=\"730\" data-end=\"733\" \/><strong data-start=\"733\" data-end=\"744\">Status:<\/strong> K\u00fcnstlerischer \/ Nischenduft<\/p>","protected":false},"featured_media":6552,"comment_status":"open","ping_status":"closed","template":"","meta":{"site-sidebar-layout":"default","site-content-layout":"","ast-site-content-layout":"default","site-content-style":"default","site-sidebar-style":"default","ast-global-header-display":"","ast-banner-title-visibility":"","ast-main-header-display":"","ast-hfb-above-header-display":"","ast-hfb-below-header-display":"","ast-hfb-mobile-header-display":"","site-post-title":"","ast-breadcrumbs-content":"","ast-featured-img":"","footer-sml-layout":"","ast-disable-related-posts":"","theme-transparent-header-meta":"default","adv-header-id-meta":"","stick-header-meta":"","header-above-stick-meta":"","header-main-stick-meta":"","header-below-stick-meta":"","astra-migrate-meta-layouts":"set","ast-page-background-enabled":"default","ast-page-background-meta":{"desktop":{"background-color":"var(--ast-global-color-4)","background-image":"","background-repeat":"repeat","background-position":"center center","background-size":"auto","background-attachment":"scroll","background-type":"","background-media":"","overlay-type":"","overlay-color":"","overlay-opacity":"","overlay-gradient":""},"tablet":{"background-color":"","background-image":"","background-repeat":"repeat","background-position":"center center","background-size":"auto","background-attachment":"scroll","background-type":"","background-media":"","overlay-type":"","overlay-color":"","overlay-opacity":"","overlay-gradient":""},"mobile":{"background-color":"","background-image":"","background-repeat":"repeat","background-position":"center center","background-size":"auto","background-attachment":"scroll","background-type":"","background-media":"","overlay-type":"","overlay-color":"","overlay-opacity":"","overlay-gradient":""}},"ast-content-background-meta":{"desktop":{"background-color":"var(--ast-global-color-5)","background-image":"","background-repeat":"repeat","background-position":"center center","background-size":"auto","background-attachment":"scroll","background-type":"","background-media":"","overlay-type":"","overlay-color":"","overlay-opacity":"","overlay-gradient":""},"tablet":{"background-color":"var(--ast-global-color-5)","background-image":"","background-repeat":"repeat","background-position":"center center","background-size":"auto","background-attachment":"scroll","background-type":"","background-media":"","overlay-type":"","overlay-color":"","overlay-opacity":"","overlay-gradient":""},"mobile":{"background-color":"var(--ast-global-color-5)","background-image":"","background-repeat":"repeat","background-position":"center center","background-size":"auto","background-attachment":"scroll","background-type":"","background-media":"","overlay-type":"","overlay-color":"","overlay-opacity":"","overlay-gradient":""}}},"product_brand":[],"product_cat":[162],"product_tag":[],"class_list":{"0":"post-6550","1":"product","2":"type-product","3":"status-publish","4":"has-post-thumbnail","6":"product_cat-aromaty-duhi","7":"desktop-align-left","8":"tablet-align-left","9":"mobile-align-left","11":"first","12":"instock","13":"taxable","14":"shipping-taxable","15":"purchasable","16":"product-type-variable"},"_links":{"self":[{"href":"https:\/\/by-aigul.de\/de\/wp-json\/wp\/v2\/product\/6550","targetHints":{"allow":["GET"]}}],"collection":[{"href":"https:\/\/by-aigul.de\/de\/wp-json\/wp\/v2\/product"}],"about":[{"href":"https:\/\/by-aigul.de\/de\/wp-json\/wp\/v2\/types\/product"}],"replies":[{"embeddable":true,"href":"https:\/\/by-aigul.de\/de\/wp-json\/wp\/v2\/comments?post=6550"}],"wp:featuredmedia":[{"embeddable":true,"href":"https:\/\/by-aigul.de\/de\/wp-json\/wp\/v2\/media\/6552"}],"wp:attachment":[{"href":"https:\/\/by-aigul.de\/de\/wp-json\/wp\/v2\/media?parent=6550"}],"wp:term":[{"taxonomy":"product_brand","embeddable":true,"href":"https:\/\/by-aigul.de\/de\/wp-json\/wp\/v2\/product_brand?post=6550"},{"taxonomy":"product_cat","embeddable":true,"href":"https:\/\/by-aigul.de\/de\/wp-json\/wp\/v2\/product_cat?post=6550"},{"taxonomy":"product_tag","embeddable":true,"href":"https:\/\/by-aigul.de\/de\/wp-json\/wp\/v2\/product_tag?post=6550"}],"curies":[{"name":"wp","href":"https:\/\/api.w.org\/{rel}","templated":true}]}}