{"id":6541,"date":"2026-05-14T13:07:08","date_gmt":"2026-05-14T13:07:08","guid":{"rendered":"https:\/\/by-aigul.de\/?post_type=product&#038;p=6541"},"modified":"2026-05-15T07:33:20","modified_gmt":"2026-05-15T07:33:20","slug":"anna-karenina-extrait-de-parfum","status":"publish","type":"product","link":"https:\/\/by-aigul.de\/de\/produkt\/anna-karenina-extrait-de-parfum\/","title":{"rendered":"Anna Karenina Extrait de Parfum"},"content":{"rendered":"<p>Ein sehr luxuri\u00f6ser, verf\u00fchrerischer und teuer klingender Duft, der auf der legend\u00e4ren Duftkomposition Good Girl Gone Bad von Kilian basiert.<\/p>\n<p>Anna Karenina handelt von Weiblichkeit, Sexualit\u00e4t und jener kostbaren Blumenspur, die man unm\u00f6glich vergessen kann.<br \/>\nDer Duft er\u00f6ffnet mit zarten wei\u00dfen Bl\u00fcten, geht in eine cremige, warme Basis \u00fcber und verweilt lange auf der Haut, wobei er sich unglaublich sch\u00f6n und edel anf\u00fchlt.<\/p>\n<p>Der Duft ist ideal f\u00fcr alle, die teure, feminine und luxuri\u00f6s klingende Parfums im Stil von Kilian lieben.<br \/>\nEs entfaltet sich sowohl bei k\u00fchlem Wetter als auch am Abend sehr sch\u00f6n.<\/p>","protected":false},"excerpt":{"rendered":"<p><strong data-start=\"273\" data-end=\"290\">Produkttyp:<\/strong> Nischenduft \/ Extrait de Parfum<br data-start=\"325\" data-end=\"328\" \/><strong data-start=\"328\" data-end=\"342\">Familie:<\/strong> Orientalisch holzig \/ blumig<br data-start=\"373\" data-end=\"376\" \/><strong data-start=\"376\" data-end=\"387\">Oberfl\u00e4chen:<\/strong> Tiefgr\u00fcndig, samtig, reichhaltig<br data-start=\"419\" data-end=\"422\" \/><strong data-start=\"422\" data-end=\"441\">Farbspektrum:<\/strong> Dunkelbernsteinfarbene, Vintage-\u00c4sthetik<br data-start=\"476\" data-end=\"479\" \/><strong data-start=\"479\" data-end=\"492\">Charakter:<\/strong> Intensiv, sinnlich, literarisch, geheimnisvoll<br data-start=\"543\" data-end=\"546\" \/><strong data-start=\"546\" data-end=\"560\">Haltbarkeit:<\/strong> Sehr hoch (10\u201314+ Stunden)<br data-start=\"589\" data-end=\"592\" data-is-only-node=\"\" \/><strong data-start=\"592\" data-end=\"602\">Zug:<\/strong> Reichhaltig, elegant<br data-start=\"625\" data-end=\"628\" \/><strong data-start=\"628\" data-end=\"643\">Zweck:<\/strong> Abendduft und besondere Anl\u00e4sse<br data-start=\"675\" data-end=\"678\" \/><strong data-start=\"678\" data-end=\"693\">Jahreszeit:<\/strong> Herbst \/ Winter<br data-start=\"706\" data-end=\"709\" \/><strong data-start=\"709\" data-end=\"725\">Tageszeiten:<\/strong> Abend \/ Nacht<br data-start=\"738\" data-end=\"741\" \/><strong data-start=\"741\" data-end=\"752\">Format:<\/strong> Spr\u00fchflasche \/ Extrakt<br data-start=\"779\" data-end=\"782\" \/><strong data-start=\"782\" data-end=\"793\">Status:<\/strong> K\u00fcnstlerischer Nischenduft<\/p>","protected":false},"featured_media":6546,"comment_status":"open","ping_status":"closed","template":"","meta":{"site-sidebar-layout":"default","site-content-layout":"","ast-site-content-layout":"default","site-content-style":"default","site-sidebar-style":"default","ast-global-header-display":"","ast-banner-title-visibility":"","ast-main-header-display":"","ast-hfb-above-header-display":"","ast-hfb-below-header-display":"","ast-hfb-mobile-header-display":"","site-post-title":"","ast-breadcrumbs-content":"","ast-featured-img":"","footer-sml-layout":"","ast-disable-related-posts":"","theme-transparent-header-meta":"default","adv-header-id-meta":"","stick-header-meta":"","header-above-stick-meta":"","header-main-stick-meta":"","header-below-stick-meta":"","astra-migrate-meta-layouts":"set","ast-page-background-enabled":"default","ast-page-background-meta":{"desktop":{"background-color":"var(--ast-global-color-4)","background-image":"","background-repeat":"repeat","background-position":"center center","background-size":"auto","background-attachment":"scroll","background-type":"","background-media":"","overlay-type":"","overlay-color":"","overlay-opacity":"","overlay-gradient":""},"tablet":{"background-color":"","background-image":"","background-repeat":"repeat","background-position":"center center","background-size":"auto","background-attachment":"scroll","background-type":"","background-media":"","overlay-type":"","overlay-color":"","overlay-opacity":"","overlay-gradient":""},"mobile":{"background-color":"","background-image":"","background-repeat":"repeat","background-position":"center center","background-size":"auto","background-attachment":"scroll","background-type":"","background-media":"","overlay-type":"","overlay-color":"","overlay-opacity":"","overlay-gradient":""}},"ast-content-background-meta":{"desktop":{"background-color":"var(--ast-global-color-5)","background-image":"","background-repeat":"repeat","background-position":"center center","background-size":"auto","background-attachment":"scroll","background-type":"","background-media":"","overlay-type":"","overlay-color":"","overlay-opacity":"","overlay-gradient":""},"tablet":{"background-color":"var(--ast-global-color-5)","background-image":"","background-repeat":"repeat","background-position":"center center","background-size":"auto","background-attachment":"scroll","background-type":"","background-media":"","overlay-type":"","overlay-color":"","overlay-opacity":"","overlay-gradient":""},"mobile":{"background-color":"var(--ast-global-color-5)","background-image":"","background-repeat":"repeat","background-position":"center center","background-size":"auto","background-attachment":"scroll","background-type":"","background-media":"","overlay-type":"","overlay-color":"","overlay-opacity":"","overlay-gradient":""}}},"product_brand":[],"product_cat":[162],"product_tag":[],"class_list":{"0":"post-6541","1":"product","2":"type-product","3":"status-publish","4":"has-post-thumbnail","6":"product_cat-aromaty-duhi","7":"desktop-align-left","8":"tablet-align-left","9":"mobile-align-left","11":"first","12":"instock","13":"taxable","14":"shipping-taxable","15":"purchasable","16":"product-type-variable"},"_links":{"self":[{"href":"https:\/\/by-aigul.de\/de\/wp-json\/wp\/v2\/product\/6541","targetHints":{"allow":["GET"]}}],"collection":[{"href":"https:\/\/by-aigul.de\/de\/wp-json\/wp\/v2\/product"}],"about":[{"href":"https:\/\/by-aigul.de\/de\/wp-json\/wp\/v2\/types\/product"}],"replies":[{"embeddable":true,"href":"https:\/\/by-aigul.de\/de\/wp-json\/wp\/v2\/comments?post=6541"}],"wp:featuredmedia":[{"embeddable":true,"href":"https:\/\/by-aigul.de\/de\/wp-json\/wp\/v2\/media\/6546"}],"wp:attachment":[{"href":"https:\/\/by-aigul.de\/de\/wp-json\/wp\/v2\/media?parent=6541"}],"wp:term":[{"taxonomy":"product_brand","embeddable":true,"href":"https:\/\/by-aigul.de\/de\/wp-json\/wp\/v2\/product_brand?post=6541"},{"taxonomy":"product_cat","embeddable":true,"href":"https:\/\/by-aigul.de\/de\/wp-json\/wp\/v2\/product_cat?post=6541"},{"taxonomy":"product_tag","embeddable":true,"href":"https:\/\/by-aigul.de\/de\/wp-json\/wp\/v2\/product_tag?post=6541"}],"curies":[{"name":"wp","href":"https:\/\/api.w.org\/{rel}","templated":true}]}}