{"id":6536,"date":"2026-05-14T12:46:21","date_gmt":"2026-05-14T12:46:21","guid":{"rendered":"https:\/\/by-aigul.de\/?post_type=product&#038;p=6536"},"modified":"2026-05-14T12:46:21","modified_gmt":"2026-05-14T12:46:21","slug":"chanel-paris-biarritz-eau-de-toilette","status":"publish","type":"product","link":"https:\/\/by-aigul.de\/de\/produkt\/chanel-paris-biarritz-eau-de-toilette\/","title":{"rendered":"Chanel Paris \u2013 Biarritz Eau de Toilette"},"content":{"rendered":"<p>Paris\u2013Biarritz ist einer der frischesten und elegantesten D\u00fcfte aus der Kollektion Les Eaux de Chanel.<\/p>\n<p>Ein leichter, frischer und sehr edel klingender Duft, inspiriert von der franz\u00f6sischen K\u00fcste bei Biarritz und der Atmosph\u00e4re eines Strandurlaubs. Zitrusfr\u00fcchte, sizilianische Mandarine, Grapefruit, Maigl\u00f6ckchen, wei\u00dfer Moschus und leichte Meeresnoten.<\/p>\n<p>Ein sehr frischer, luftiger und edler Duft f\u00fcr jeden Tag. Ein wundersch\u00f6ner Duft im Stil von \u201ekostbarer Reinheit\u201c und m\u00fchelosem Luxus.<\/p>","protected":false},"excerpt":{"rendered":"<p><strong data-start=\"289\" data-end=\"306\">Produkttyp:<\/strong> Unisex-Duft<br data-start=\"321\" data-end=\"324\" \/><strong data-start=\"324\" data-end=\"338\">Familie:<\/strong> Zitrusartig aromatisch<br data-start=\"362\" data-end=\"365\" \/><strong data-start=\"365\" data-end=\"376\">Oberfl\u00e4chen:<\/strong> Frisch, sauber, Meer<br data-start=\"400\" data-end=\"403\" \/><strong data-start=\"403\" data-end=\"422\">Farbspektrum:<\/strong> Hellblau, ozeanisch<br data-start=\"451\" data-end=\"454\" \/><strong data-start=\"454\" data-end=\"467\">Charakter:<\/strong> Leicht, elegant, entspannt, wie in einem Ferienresort<br data-start=\"512\" data-end=\"515\" \/><strong data-start=\"515\" data-end=\"529\">Haltbarkeit:<\/strong> Leicht\/Mittel (4-6 Stunden)<br data-start=\"558\" data-end=\"561\" data-is-only-node=\"\" \/><strong data-start=\"561\" data-end=\"571\">Zug:<\/strong> Sanft, erfrischend<br data-start=\"590\" data-end=\"593\" \/><strong data-start=\"593\" data-end=\"608\">Zweck:<\/strong> Alltagsduft und warmes Wetter<br data-start=\"644\" data-end=\"647\" \/><strong data-start=\"647\" data-end=\"662\">Jahreszeit:<\/strong> Fr\u00fchling \/ Sommer<br data-start=\"675\" data-end=\"678\" \/><strong data-start=\"678\" data-end=\"694\">Tageszeiten:<\/strong> Tag<br data-start=\"699\" data-end=\"702\" \/><strong data-start=\"702\" data-end=\"713\">Format:<\/strong> Spr\u00fchflasche<br data-start=\"730\" data-end=\"733\" \/><strong data-start=\"733\" data-end=\"744\">Status:<\/strong> Lux \/ Les Eaux de Chanel<\/p>","protected":false},"featured_media":6539,"comment_status":"open","ping_status":"closed","template":"","meta":{"site-sidebar-layout":"default","site-content-layout":"","ast-site-content-layout":"default","site-content-style":"default","site-sidebar-style":"default","ast-global-header-display":"","ast-banner-title-visibility":"","ast-main-header-display":"","ast-hfb-above-header-display":"","ast-hfb-below-header-display":"","ast-hfb-mobile-header-display":"","site-post-title":"","ast-breadcrumbs-content":"","ast-featured-img":"","footer-sml-layout":"","ast-disable-related-posts":"","theme-transparent-header-meta":"default","adv-header-id-meta":"","stick-header-meta":"","header-above-stick-meta":"","header-main-stick-meta":"","header-below-stick-meta":"","astra-migrate-meta-layouts":"set","ast-page-background-enabled":"default","ast-page-background-meta":{"desktop":{"background-color":"var(--ast-global-color-4)","background-image":"","background-repeat":"repeat","background-position":"center center","background-size":"auto","background-attachment":"scroll","background-type":"","background-media":"","overlay-type":"","overlay-color":"","overlay-opacity":"","overlay-gradient":""},"tablet":{"background-color":"","background-image":"","background-repeat":"repeat","background-position":"center center","background-size":"auto","background-attachment":"scroll","background-type":"","background-media":"","overlay-type":"","overlay-color":"","overlay-opacity":"","overlay-gradient":""},"mobile":{"background-color":"","background-image":"","background-repeat":"repeat","background-position":"center center","background-size":"auto","background-attachment":"scroll","background-type":"","background-media":"","overlay-type":"","overlay-color":"","overlay-opacity":"","overlay-gradient":""}},"ast-content-background-meta":{"desktop":{"background-color":"var(--ast-global-color-5)","background-image":"","background-repeat":"repeat","background-position":"center center","background-size":"auto","background-attachment":"scroll","background-type":"","background-media":"","overlay-type":"","overlay-color":"","overlay-opacity":"","overlay-gradient":""},"tablet":{"background-color":"var(--ast-global-color-5)","background-image":"","background-repeat":"repeat","background-position":"center center","background-size":"auto","background-attachment":"scroll","background-type":"","background-media":"","overlay-type":"","overlay-color":"","overlay-opacity":"","overlay-gradient":""},"mobile":{"background-color":"var(--ast-global-color-5)","background-image":"","background-repeat":"repeat","background-position":"center center","background-size":"auto","background-attachment":"scroll","background-type":"","background-media":"","overlay-type":"","overlay-color":"","overlay-opacity":"","overlay-gradient":""}}},"product_brand":[],"product_cat":[162],"product_tag":[],"class_list":{"0":"post-6536","1":"product","2":"type-product","3":"status-publish","4":"has-post-thumbnail","6":"product_cat-aromaty-duhi","7":"desktop-align-left","8":"tablet-align-left","9":"mobile-align-left","11":"first","12":"instock","13":"sale","14":"taxable","15":"shipping-taxable","16":"purchasable","17":"product-type-variable"},"_links":{"self":[{"href":"https:\/\/by-aigul.de\/de\/wp-json\/wp\/v2\/product\/6536","targetHints":{"allow":["GET"]}}],"collection":[{"href":"https:\/\/by-aigul.de\/de\/wp-json\/wp\/v2\/product"}],"about":[{"href":"https:\/\/by-aigul.de\/de\/wp-json\/wp\/v2\/types\/product"}],"replies":[{"embeddable":true,"href":"https:\/\/by-aigul.de\/de\/wp-json\/wp\/v2\/comments?post=6536"}],"wp:featuredmedia":[{"embeddable":true,"href":"https:\/\/by-aigul.de\/de\/wp-json\/wp\/v2\/media\/6539"}],"wp:attachment":[{"href":"https:\/\/by-aigul.de\/de\/wp-json\/wp\/v2\/media?parent=6536"}],"wp:term":[{"taxonomy":"product_brand","embeddable":true,"href":"https:\/\/by-aigul.de\/de\/wp-json\/wp\/v2\/product_brand?post=6536"},{"taxonomy":"product_cat","embeddable":true,"href":"https:\/\/by-aigul.de\/de\/wp-json\/wp\/v2\/product_cat?post=6536"},{"taxonomy":"product_tag","embeddable":true,"href":"https:\/\/by-aigul.de\/de\/wp-json\/wp\/v2\/product_tag?post=6536"}],"curies":[{"name":"wp","href":"https:\/\/api.w.org\/{rel}","templated":true}]}}