{"id":6519,"date":"2026-05-10T17:15:31","date_gmt":"2026-05-10T17:15:31","guid":{"rendered":"https:\/\/by-aigul.de\/?post_type=product&#038;p=6519"},"modified":"2026-05-10T17:15:31","modified_gmt":"2026-05-10T17:15:31","slug":"hannah-reinigungsol-125-ml","status":"publish","type":"product","link":"https:\/\/by-aigul.de\/de\/produkt\/hannah-reinigungsol-125-ml\/","title":{"rendered":"Hannah Reinigungs\u00f6l (125 ml)"},"content":{"rendered":"<p>Dies ist ein hydrophiles Gesichtsreinigungs\u00f6l. Es vermischt sich mit Wasser zu einer leichten Emulsion, die sich aufl\u00f6st:<br \/>\nbilden;<br \/>\nLichtschutzfaktor;<br \/>\nTalg;<br \/>\nVerschmutzung und Staub.<br \/>\n<b>Was bewirkt es?<\/b><br \/>\nReinigt die Poren gr\u00fcndlich;<br \/>\nerh\u00e4lt den nat\u00fcrlichen pH-Wert der Haut aufrecht.<br \/>\nAuch f\u00fcr empfindliche Haut geeignet;<br \/>\nKann zum Entfernen von Augen-Make-up verwendet werden; geeignet f\u00fcr trockene und fettige Haut.<br \/>\n<b>Anleitung zur Verwendung<\/b><br \/>\nEine kleine Menge auf das trockene Gesicht auftragen.<br \/>\n20\u201330 Sekunden lang massieren.<br \/>\nBefeuchten Sie Ihre H\u00e4nde mit Wasser \u2013 die Butter wird dadurch milchig.<br \/>\nMit warmem Wasser absp\u00fclen oder mit einem feuchten Tuch entfernen.<br \/>\nBei Bedarf kann die zweite Reinigungsstufe angewendet werden.<\/p>","protected":false},"excerpt":{"rendered":"<p><strong data-start=\"276\" data-end=\"293\">Produkttyp:<\/strong> Hautreinigungs\u00f6l<br data-start=\"317\" data-end=\"320\" \/><strong data-start=\"320\" data-end=\"334\">Familie:<\/strong> Professionelle Hautpflege<br data-start=\"365\" data-end=\"368\" \/><strong data-start=\"368\" data-end=\"379\">Oberfl\u00e4chen:<\/strong> Reinigend, pflegend, n\u00e4hrend<br data-start=\"438\" data-end=\"441\" \/><strong data-start=\"441\" data-end=\"454\">Charakter:<\/strong> Weich, bequem, zart<br data-start=\"485\" data-end=\"488\" \/><strong data-start=\"488\" data-end=\"502\">Haltbarkeit:<\/strong> Hinterl\u00e4sst ein langanhaltendes Gef\u00fchl von Weichheit und Sauberkeit.<br data-start=\"551\" data-end=\"554\" data-is-only-node=\"\" \/><strong data-start=\"554\" data-end=\"564\">Zug:<\/strong> Leichter Kosmetikduft<br data-start=\"592\" data-end=\"595\" \/><strong data-start=\"595\" data-end=\"610\">Zweck:<\/strong> Entfernt Make-up, Sonnenschutzmittel und Unreinheiten, ohne die Haut auszutrocknen.<br data-start=\"669\" data-end=\"672\" \/><strong data-start=\"672\" data-end=\"687\">Jahreszeit:<\/strong> Das ganze Jahr \u00fcber<br data-start=\"699\" data-end=\"702\" \/><strong data-start=\"702\" data-end=\"718\">Tageszeiten:<\/strong> Abend \/ Morgen<br data-start=\"731\" data-end=\"734\" \/><strong data-start=\"734\" data-end=\"745\">Format:<\/strong> \u00d6l (125 ml)<br data-start=\"760\" data-end=\"763\" \/><strong data-start=\"763\" data-end=\"774\">Status:<\/strong> Professionelle Hautpflege<\/p>","protected":false},"featured_media":6521,"comment_status":"open","ping_status":"closed","template":"","meta":{"site-sidebar-layout":"default","site-content-layout":"","ast-site-content-layout":"default","site-content-style":"default","site-sidebar-style":"default","ast-global-header-display":"","ast-banner-title-visibility":"","ast-main-header-display":"","ast-hfb-above-header-display":"","ast-hfb-below-header-display":"","ast-hfb-mobile-header-display":"","site-post-title":"","ast-breadcrumbs-content":"","ast-featured-img":"","footer-sml-layout":"","ast-disable-related-posts":"","theme-transparent-header-meta":"default","adv-header-id-meta":"","stick-header-meta":"","header-above-stick-meta":"","header-main-stick-meta":"","header-below-stick-meta":"","astra-migrate-meta-layouts":"set","ast-page-background-enabled":"default","ast-page-background-meta":{"desktop":{"background-color":"var(--ast-global-color-4)","background-image":"","background-repeat":"repeat","background-position":"center center","background-size":"auto","background-attachment":"scroll","background-type":"","background-media":"","overlay-type":"","overlay-color":"","overlay-opacity":"","overlay-gradient":""},"tablet":{"background-color":"","background-image":"","background-repeat":"repeat","background-position":"center center","background-size":"auto","background-attachment":"scroll","background-type":"","background-media":"","overlay-type":"","overlay-color":"","overlay-opacity":"","overlay-gradient":""},"mobile":{"background-color":"","background-image":"","background-repeat":"repeat","background-position":"center center","background-size":"auto","background-attachment":"scroll","background-type":"","background-media":"","overlay-type":"","overlay-color":"","overlay-opacity":"","overlay-gradient":""}},"ast-content-background-meta":{"desktop":{"background-color":"var(--ast-global-color-5)","background-image":"","background-repeat":"repeat","background-position":"center center","background-size":"auto","background-attachment":"scroll","background-type":"","background-media":"","overlay-type":"","overlay-color":"","overlay-opacity":"","overlay-gradient":""},"tablet":{"background-color":"var(--ast-global-color-5)","background-image":"","background-repeat":"repeat","background-position":"center center","background-size":"auto","background-attachment":"scroll","background-type":"","background-media":"","overlay-type":"","overlay-color":"","overlay-opacity":"","overlay-gradient":""},"mobile":{"background-color":"var(--ast-global-color-5)","background-image":"","background-repeat":"repeat","background-position":"center center","background-size":"auto","background-attachment":"scroll","background-type":"","background-media":"","overlay-type":"","overlay-color":"","overlay-opacity":"","overlay-gradient":""}}},"product_brand":[],"product_cat":[163],"product_tag":[],"class_list":{"0":"post-6519","1":"product","2":"type-product","3":"status-publish","4":"has-post-thumbnail","6":"product_cat-uhodovaya-kosmetika","7":"desktop-align-left","8":"tablet-align-left","9":"mobile-align-left","11":"first","12":"outofstock","13":"sale","14":"taxable","15":"shipping-taxable","16":"purchasable","17":"product-type-simple"},"_links":{"self":[{"href":"https:\/\/by-aigul.de\/de\/wp-json\/wp\/v2\/product\/6519","targetHints":{"allow":["GET"]}}],"collection":[{"href":"https:\/\/by-aigul.de\/de\/wp-json\/wp\/v2\/product"}],"about":[{"href":"https:\/\/by-aigul.de\/de\/wp-json\/wp\/v2\/types\/product"}],"replies":[{"embeddable":true,"href":"https:\/\/by-aigul.de\/de\/wp-json\/wp\/v2\/comments?post=6519"}],"wp:featuredmedia":[{"embeddable":true,"href":"https:\/\/by-aigul.de\/de\/wp-json\/wp\/v2\/media\/6521"}],"wp:attachment":[{"href":"https:\/\/by-aigul.de\/de\/wp-json\/wp\/v2\/media?parent=6519"}],"wp:term":[{"taxonomy":"product_brand","embeddable":true,"href":"https:\/\/by-aigul.de\/de\/wp-json\/wp\/v2\/product_brand?post=6519"},{"taxonomy":"product_cat","embeddable":true,"href":"https:\/\/by-aigul.de\/de\/wp-json\/wp\/v2\/product_cat?post=6519"},{"taxonomy":"product_tag","embeddable":true,"href":"https:\/\/by-aigul.de\/de\/wp-json\/wp\/v2\/product_tag?post=6519"}],"curies":[{"name":"wp","href":"https:\/\/api.w.org\/{rel}","templated":true}]}}