{"id":6517,"date":"2026-05-10T19:12:28","date_gmt":"2026-05-10T19:12:28","guid":{"rendered":"https:\/\/by-aigul.de\/?post_type=product&#038;p=6517"},"modified":"2026-05-11T08:48:46","modified_gmt":"2026-05-11T08:48:46","slug":"felice-hautpflege-aufhellungspads-50-stuck","status":"publish","type":"product","link":"https:\/\/by-aigul.de\/de\/produkt\/felice-hautpflege-aufhellungspads-50-stuck\/","title":{"rendered":"Felice Hautpflege Kl\u00e4rende Pads, 50 St\u00fcck"},"content":{"rendered":"<p><u>Felice Hautpflege<\/u> <b>Kl\u00e4rende Pads<\/b> (50 Pads) - S\u00e4urereinigende\/peelende Pads f\u00fcr problematische und fettige Haut.<br \/>\nWas das Produkt leistet:<br \/>\nReinigt die Poren und reduziert Fettigkeit;<br \/>\nHilft gegen Hautausschl\u00e4ge und Mitesser;<br \/>\npeelt die Haut sanft;<br \/>\nGleicht Hautstruktur und Hautton aus.<br \/>\nEnth\u00e4lt:<br \/>\n<b>Salicyls\u00e4ure (2%)<\/b> - wirkt bei Poren und Entz\u00fcndungen;<br \/>\n<b>Mandels\u00e4ure (1%)<\/b> - sanfteres AHA-Peeling;<br \/>\n<b>Glykols\u00e4ure (1%)<\/b> - Hauterneuerung;<br \/>\n<b>Harnstoff (1%)<\/b> - hilft, die Feuchtigkeit zu speichern.<br \/>\nVorrangig geeignet f\u00fcr:<br \/>\nf\u00fcr fettige und Mischhaut;<br \/>\ngegen Akne und verstopfte Poren;<br \/>\nf\u00fcr Haut mit ungleichm\u00e4\u00dfiger Textur<\/p>","protected":false},"excerpt":{"rendered":"<p><strong data-start=\"314\" data-end=\"331\">Produkttyp:<\/strong> Reinigungs- und Peelingpads<br data-start=\"363\" data-end=\"366\" \/><strong data-start=\"366\" data-end=\"380\">Familie:<\/strong> Moderne Hautpflege<br data-start=\"406\" data-end=\"409\" \/><strong data-start=\"409\" data-end=\"420\">Oberfl\u00e4chen:<\/strong> Reinigend, erfrischend, gl\u00e4ttend<br data-start=\"457\" data-end=\"460\" \/><strong data-start=\"460\" data-end=\"479\">Farbspektrum:<\/strong> \u2014<br data-start=\"481\" data-end=\"484\" \/><strong data-start=\"484\" data-end=\"497\">Charakter:<\/strong> Ausgleichend, reinigend, erneuernd<br data-start=\"535\" data-end=\"538\" \/><strong data-start=\"538\" data-end=\"552\">Haltbarkeit:<\/strong> Kumulativer Effekt bei regelm\u00e4\u00dfiger Anwendung<br data-start=\"602\" data-end=\"605\" data-is-only-node=\"\" \/><strong data-start=\"605\" data-end=\"615\">Zug:<\/strong> Leichtes, frisches Aroma<br data-start=\"636\" data-end=\"639\" \/><strong data-start=\"639\" data-end=\"654\">Zweck:<\/strong> Reinigt die Poren, gleicht das Hautbild aus und reguliert die Talgproduktion.<br data-start=\"713\" data-end=\"716\" \/><strong data-start=\"716\" data-end=\"731\">Jahreszeit:<\/strong> Das ganze Jahr \u00fcber<br data-start=\"743\" data-end=\"746\" \/><strong data-start=\"746\" data-end=\"762\">Tageszeiten:<\/strong> Abend \/ Morgen<br data-start=\"775\" data-end=\"778\" \/><strong data-start=\"778\" data-end=\"789\">Format:<\/strong> Dose mit Binden (50 St\u00fcck)<br data-start=\"815\" data-end=\"818\" \/><strong data-start=\"818\" data-end=\"829\">Status:<\/strong> Moderne Hautpflege \/ t\u00e4gliche Pflege<\/p>","protected":false},"featured_media":6522,"comment_status":"open","ping_status":"closed","template":"","meta":{"site-sidebar-layout":"default","site-content-layout":"","ast-site-content-layout":"default","site-content-style":"default","site-sidebar-style":"default","ast-global-header-display":"","ast-banner-title-visibility":"","ast-main-header-display":"","ast-hfb-above-header-display":"","ast-hfb-below-header-display":"","ast-hfb-mobile-header-display":"","site-post-title":"","ast-breadcrumbs-content":"","ast-featured-img":"","footer-sml-layout":"","ast-disable-related-posts":"","theme-transparent-header-meta":"default","adv-header-id-meta":"","stick-header-meta":"","header-above-stick-meta":"","header-main-stick-meta":"","header-below-stick-meta":"","astra-migrate-meta-layouts":"set","ast-page-background-enabled":"default","ast-page-background-meta":{"desktop":{"background-color":"var(--ast-global-color-4)","background-image":"","background-repeat":"repeat","background-position":"center center","background-size":"auto","background-attachment":"scroll","background-type":"","background-media":"","overlay-type":"","overlay-color":"","overlay-opacity":"","overlay-gradient":""},"tablet":{"background-color":"","background-image":"","background-repeat":"repeat","background-position":"center center","background-size":"auto","background-attachment":"scroll","background-type":"","background-media":"","overlay-type":"","overlay-color":"","overlay-opacity":"","overlay-gradient":""},"mobile":{"background-color":"","background-image":"","background-repeat":"repeat","background-position":"center center","background-size":"auto","background-attachment":"scroll","background-type":"","background-media":"","overlay-type":"","overlay-color":"","overlay-opacity":"","overlay-gradient":""}},"ast-content-background-meta":{"desktop":{"background-color":"var(--ast-global-color-5)","background-image":"","background-repeat":"repeat","background-position":"center center","background-size":"auto","background-attachment":"scroll","background-type":"","background-media":"","overlay-type":"","overlay-color":"","overlay-opacity":"","overlay-gradient":""},"tablet":{"background-color":"var(--ast-global-color-5)","background-image":"","background-repeat":"repeat","background-position":"center center","background-size":"auto","background-attachment":"scroll","background-type":"","background-media":"","overlay-type":"","overlay-color":"","overlay-opacity":"","overlay-gradient":""},"mobile":{"background-color":"var(--ast-global-color-5)","background-image":"","background-repeat":"repeat","background-position":"center center","background-size":"auto","background-attachment":"scroll","background-type":"","background-media":"","overlay-type":"","overlay-color":"","overlay-opacity":"","overlay-gradient":""}}},"product_brand":[],"product_cat":[163],"product_tag":[],"class_list":{"0":"post-6517","1":"product","2":"type-product","3":"status-publish","4":"has-post-thumbnail","6":"product_cat-uhodovaya-kosmetika","7":"desktop-align-left","8":"tablet-align-left","9":"mobile-align-left","11":"first","12":"instock","13":"sale","14":"taxable","15":"shipping-taxable","16":"purchasable","17":"product-type-simple"},"_links":{"self":[{"href":"https:\/\/by-aigul.de\/de\/wp-json\/wp\/v2\/product\/6517","targetHints":{"allow":["GET"]}}],"collection":[{"href":"https:\/\/by-aigul.de\/de\/wp-json\/wp\/v2\/product"}],"about":[{"href":"https:\/\/by-aigul.de\/de\/wp-json\/wp\/v2\/types\/product"}],"replies":[{"embeddable":true,"href":"https:\/\/by-aigul.de\/de\/wp-json\/wp\/v2\/comments?post=6517"}],"wp:featuredmedia":[{"embeddable":true,"href":"https:\/\/by-aigul.de\/de\/wp-json\/wp\/v2\/media\/6522"}],"wp:attachment":[{"href":"https:\/\/by-aigul.de\/de\/wp-json\/wp\/v2\/media?parent=6517"}],"wp:term":[{"taxonomy":"product_brand","embeddable":true,"href":"https:\/\/by-aigul.de\/de\/wp-json\/wp\/v2\/product_brand?post=6517"},{"taxonomy":"product_cat","embeddable":true,"href":"https:\/\/by-aigul.de\/de\/wp-json\/wp\/v2\/product_cat?post=6517"},{"taxonomy":"product_tag","embeddable":true,"href":"https:\/\/by-aigul.de\/de\/wp-json\/wp\/v2\/product_tag?post=6517"}],"curies":[{"name":"wp","href":"https:\/\/api.w.org\/{rel}","templated":true}]}}