{"id":6359,"date":"2026-05-03T16:02:17","date_gmt":"2026-05-03T16:02:17","guid":{"rendered":"https:\/\/by-aigul.de\/?post_type=product&#038;p=6359"},"modified":"2026-05-03T16:02:18","modified_gmt":"2026-05-03T16:02:18","slug":"sisley-phyto-teint-ultra-eclat-30-ml","status":"publish","type":"product","link":"https:\/\/by-aigul.de\/de\/produkt\/sisley-phyto-teint-ultra-eclat-30-ml\/","title":{"rendered":"Sisley Phyto-Teint Ultra \u00c9clat 30 ml"},"content":{"rendered":"<p>Ein Ton, der den Eindruck von \u201eteurem Leder\u201c vermittelt, ohne dabei zu \u00fcberladen zu wirken<\/p>\n<p>Leichte, schwerelose Textur \u2013 Sie werden sie nicht auf Ihrem Gesicht sp\u00fcren.<br \/>\nGleicht den Hautton aus, kaschiert Poren und kleinere Unreinheiten.<br \/>\nVerleiht der Haut einen gesunden Glanz, genau wie nach einer Behandlung.<\/p>\n<p>Geeignet f\u00fcr:<br \/>\n- normale Haut<br \/>\n- Mischhaut<br \/>\n\u2014 f\u00fcr fettige Haut (\u00f6lfreie Formel \u2014 beschwert nicht und verstopft die Poren nicht)<\/p>\n<p>F\u00fcr trockene Haut \u2013 ideal mit guter Feuchtigkeitspflege unter dem Make-up<\/p>\n<p>Finish: nat\u00fcrlich, strahlend, \u201elebendige Haut\u201c<br \/>\n(kein \u00f6liger Glanz oder Maskeneffekt)<\/p>\n<p>Deckkraft: leicht bis mittel (l\u00e4sst sich leicht aufbauen)<\/p>\n<p>Eine ideale Option f\u00fcr jeden Tag, wenn Sie frisch, gepflegt und elegant aussehen m\u00f6chten, aber ohne starkes Make-up.<\/p>","protected":false},"excerpt":{"rendered":"<p><strong data-start=\"282\" data-end=\"299\">Produkttyp:<\/strong> Stiftung<br data-start=\"318\" data-end=\"321\" \/><strong data-start=\"321\" data-end=\"335\">Familie:<\/strong> Luxus-Dekorationspflege<br data-start=\"362\" data-end=\"365\" \/><strong data-start=\"365\" data-end=\"376\">Oberfl\u00e4chen:<\/strong> Strahlend, nat\u00fcrlich, gleichm\u00e4\u00dfig<br data-start=\"413\" data-end=\"416\" \/><strong data-start=\"416\" data-end=\"435\">Farbspektrum:<\/strong> Nat\u00fcrliche Farbt\u00f6ne<br data-start=\"455\" data-end=\"458\" \/><strong data-start=\"458\" data-end=\"471\">Charakter:<\/strong> Leicht, f\u00fcrsorglich, strahlend, frisch<br data-start=\"508\" data-end=\"511\" \/><strong data-start=\"511\" data-end=\"525\">Haltbarkeit:<\/strong> Langfristig (tags\u00fcber)<br data-start=\"556\" data-end=\"559\" data-is-only-node=\"\" \/><strong data-start=\"559\" data-end=\"569\">Zug:<\/strong> Leichter Kosmetikduft<br data-start=\"597\" data-end=\"600\" \/><strong data-start=\"600\" data-end=\"615\">Zweck:<\/strong> Gleicht den Hautton aus und verleiht einen nat\u00fcrlichen Glanz<br data-start=\"668\" data-end=\"671\" \/><strong data-start=\"671\" data-end=\"686\">Jahreszeit:<\/strong> Das ganze Jahr \u00fcber<br data-start=\"698\" data-end=\"701\" \/><strong data-start=\"701\" data-end=\"717\">Tageszeiten:<\/strong> Tag<br data-start=\"722\" data-end=\"725\" \/><strong data-start=\"725\" data-end=\"736\">Format:<\/strong> Flasche mit Dosierer (30 ml)<br data-start=\"763\" data-end=\"766\" \/><strong data-start=\"766\" data-end=\"777\">Status:<\/strong> Luxus-\/Profi-Make-up<\/p>","protected":false},"featured_media":6369,"comment_status":"open","ping_status":"closed","template":"","meta":{"site-sidebar-layout":"default","site-content-layout":"","ast-site-content-layout":"default","site-content-style":"default","site-sidebar-style":"default","ast-global-header-display":"","ast-banner-title-visibility":"","ast-main-header-display":"","ast-hfb-above-header-display":"","ast-hfb-below-header-display":"","ast-hfb-mobile-header-display":"","site-post-title":"","ast-breadcrumbs-content":"","ast-featured-img":"","footer-sml-layout":"","ast-disable-related-posts":"","theme-transparent-header-meta":"default","adv-header-id-meta":"","stick-header-meta":"","header-above-stick-meta":"","header-main-stick-meta":"","header-below-stick-meta":"","astra-migrate-meta-layouts":"set","ast-page-background-enabled":"default","ast-page-background-meta":{"desktop":{"background-color":"var(--ast-global-color-4)","background-image":"","background-repeat":"repeat","background-position":"center center","background-size":"auto","background-attachment":"scroll","background-type":"","background-media":"","overlay-type":"","overlay-color":"","overlay-opacity":"","overlay-gradient":""},"tablet":{"background-color":"","background-image":"","background-repeat":"repeat","background-position":"center center","background-size":"auto","background-attachment":"scroll","background-type":"","background-media":"","overlay-type":"","overlay-color":"","overlay-opacity":"","overlay-gradient":""},"mobile":{"background-color":"","background-image":"","background-repeat":"repeat","background-position":"center center","background-size":"auto","background-attachment":"scroll","background-type":"","background-media":"","overlay-type":"","overlay-color":"","overlay-opacity":"","overlay-gradient":""}},"ast-content-background-meta":{"desktop":{"background-color":"var(--ast-global-color-5)","background-image":"","background-repeat":"repeat","background-position":"center center","background-size":"auto","background-attachment":"scroll","background-type":"","background-media":"","overlay-type":"","overlay-color":"","overlay-opacity":"","overlay-gradient":""},"tablet":{"background-color":"var(--ast-global-color-5)","background-image":"","background-repeat":"repeat","background-position":"center center","background-size":"auto","background-attachment":"scroll","background-type":"","background-media":"","overlay-type":"","overlay-color":"","overlay-opacity":"","overlay-gradient":""},"mobile":{"background-color":"var(--ast-global-color-5)","background-image":"","background-repeat":"repeat","background-position":"center center","background-size":"auto","background-attachment":"scroll","background-type":"","background-media":"","overlay-type":"","overlay-color":"","overlay-opacity":"","overlay-gradient":""}}},"product_brand":[],"product_cat":[145],"product_tag":[],"class_list":{"0":"post-6359","1":"product","2":"type-product","3":"status-publish","4":"has-post-thumbnail","6":"product_cat-kosmetyka","7":"desktop-align-left","8":"tablet-align-left","9":"mobile-align-left","11":"first","12":"instock","13":"sale","14":"taxable","15":"shipping-taxable","16":"purchasable","17":"product-type-variable"},"_links":{"self":[{"href":"https:\/\/by-aigul.de\/de\/wp-json\/wp\/v2\/product\/6359","targetHints":{"allow":["GET"]}}],"collection":[{"href":"https:\/\/by-aigul.de\/de\/wp-json\/wp\/v2\/product"}],"about":[{"href":"https:\/\/by-aigul.de\/de\/wp-json\/wp\/v2\/types\/product"}],"replies":[{"embeddable":true,"href":"https:\/\/by-aigul.de\/de\/wp-json\/wp\/v2\/comments?post=6359"}],"wp:featuredmedia":[{"embeddable":true,"href":"https:\/\/by-aigul.de\/de\/wp-json\/wp\/v2\/media\/6369"}],"wp:attachment":[{"href":"https:\/\/by-aigul.de\/de\/wp-json\/wp\/v2\/media?parent=6359"}],"wp:term":[{"taxonomy":"product_brand","embeddable":true,"href":"https:\/\/by-aigul.de\/de\/wp-json\/wp\/v2\/product_brand?post=6359"},{"taxonomy":"product_cat","embeddable":true,"href":"https:\/\/by-aigul.de\/de\/wp-json\/wp\/v2\/product_cat?post=6359"},{"taxonomy":"product_tag","embeddable":true,"href":"https:\/\/by-aigul.de\/de\/wp-json\/wp\/v2\/product_tag?post=6359"}],"curies":[{"name":"wp","href":"https:\/\/api.w.org\/{rel}","templated":true}]}}