{"id":6339,"date":"2026-05-03T15:21:58","date_gmt":"2026-05-03T15:21:58","guid":{"rendered":"https:\/\/by-aigul.de\/?post_type=product&#038;p=6339"},"modified":"2026-05-03T15:23:40","modified_gmt":"2026-05-03T15:23:40","slug":"sisley-phyto-poudre-compacte","status":"publish","type":"product","link":"https:\/\/by-aigul.de\/de\/produkt\/sisley-phyto-poudre-compacte\/","title":{"rendered":"Sisley Phyto-Poudre Compacte"},"content":{"rendered":"<p>Das gleiche Puder, das Ihre Haut \u201eteuer\u201c aussehen l\u00e4sst und nicht trocken.<\/p>\n<p>Entfernt sofort \u00f6ligen Glanz<br \/>\nVerfeinert optisch die Poren<br \/>\nGleicht den Hautton aus, ohne zu beschweren oder einen Maskeneffekt zu erzeugen.<\/p>\n<p>Die in der Zusammensetzung enthaltenen Pflegestoffe (Kakao, Mango, Cupua\u00e7u) trocknen die Haut nicht aus, sondern machen sie im Gegenteil weich und gepflegt.<\/p>\n<p>Finish: samtig, geschmeidig, wie nach einem Filter<\/p>\n<p>Perfekt f\u00fcr die Handtasche \u2013 um Ihr Gesicht schnell aufzufrischen und auszusehen, als w\u00e4ren Sie gerade erst geschminkt worden.<\/p>","protected":false},"excerpt":{"rendered":"<p><strong data-start=\"278\" data-end=\"295\">Produkttyp:<\/strong> Puder-\/Gesichts-Make-up<br data-start=\"315\" data-end=\"318\" \/><strong data-start=\"318\" data-end=\"332\">Familie:<\/strong> Luxus-Dekorationspflege<br data-start=\"359\" data-end=\"362\" \/><strong data-start=\"362\" data-end=\"373\">Oberfl\u00e4chen:<\/strong> Mattierend, gl\u00e4ttend, nat\u00fcrlich<br data-start=\"413\" data-end=\"416\" \/><strong data-start=\"416\" data-end=\"435\">Farbspektrum:<\/strong> Nat\u00fcrliche Farbt\u00f6ne (verschiedene Hautt\u00f6ne)<br data-start=\"478\" data-end=\"481\" \/><strong data-start=\"481\" data-end=\"494\">Charakter:<\/strong> Leicht, schwerelos, f\u00fcrsorglich<br data-start=\"525\" data-end=\"528\" \/><strong data-start=\"528\" data-end=\"542\">Haltbarkeit:<\/strong> Langanhaltender, matter Effekt den ganzen Tag lang<br data-start=\"586\" data-end=\"589\" data-is-only-node=\"\" \/><strong data-start=\"589\" data-end=\"599\">Zug:<\/strong> Leichter Kosmetikduft<br data-start=\"627\" data-end=\"630\" \/><strong data-start=\"630\" data-end=\"645\">Zweck:<\/strong> Fixiert das Make-up, gleicht den Hautton aus und mattiert den Teint.<br data-start=\"706\" data-end=\"709\" \/><strong data-start=\"709\" data-end=\"724\">Jahreszeit:<\/strong> Das ganze Jahr \u00fcber<br data-start=\"736\" data-end=\"739\" \/><strong data-start=\"739\" data-end=\"755\">Tageszeiten:<\/strong> Tag<br data-start=\"760\" data-end=\"763\" \/><strong data-start=\"763\" data-end=\"774\">Format:<\/strong> Kompaktpuder mit Spiegel<br data-start=\"802\" data-end=\"805\" \/><strong data-start=\"805\" data-end=\"816\">Status:<\/strong> Luxus-\/Profi-Make-up<\/p>","protected":false},"featured_media":6345,"comment_status":"open","ping_status":"closed","template":"","meta":{"site-sidebar-layout":"default","site-content-layout":"","ast-site-content-layout":"default","site-content-style":"default","site-sidebar-style":"default","ast-global-header-display":"","ast-banner-title-visibility":"","ast-main-header-display":"","ast-hfb-above-header-display":"","ast-hfb-below-header-display":"","ast-hfb-mobile-header-display":"","site-post-title":"","ast-breadcrumbs-content":"","ast-featured-img":"","footer-sml-layout":"","ast-disable-related-posts":"","theme-transparent-header-meta":"default","adv-header-id-meta":"","stick-header-meta":"","header-above-stick-meta":"","header-main-stick-meta":"","header-below-stick-meta":"","astra-migrate-meta-layouts":"set","ast-page-background-enabled":"default","ast-page-background-meta":{"desktop":{"background-color":"var(--ast-global-color-4)","background-image":"","background-repeat":"repeat","background-position":"center center","background-size":"auto","background-attachment":"scroll","background-type":"","background-media":"","overlay-type":"","overlay-color":"","overlay-opacity":"","overlay-gradient":""},"tablet":{"background-color":"","background-image":"","background-repeat":"repeat","background-position":"center center","background-size":"auto","background-attachment":"scroll","background-type":"","background-media":"","overlay-type":"","overlay-color":"","overlay-opacity":"","overlay-gradient":""},"mobile":{"background-color":"","background-image":"","background-repeat":"repeat","background-position":"center center","background-size":"auto","background-attachment":"scroll","background-type":"","background-media":"","overlay-type":"","overlay-color":"","overlay-opacity":"","overlay-gradient":""}},"ast-content-background-meta":{"desktop":{"background-color":"var(--ast-global-color-5)","background-image":"","background-repeat":"repeat","background-position":"center center","background-size":"auto","background-attachment":"scroll","background-type":"","background-media":"","overlay-type":"","overlay-color":"","overlay-opacity":"","overlay-gradient":""},"tablet":{"background-color":"var(--ast-global-color-5)","background-image":"","background-repeat":"repeat","background-position":"center center","background-size":"auto","background-attachment":"scroll","background-type":"","background-media":"","overlay-type":"","overlay-color":"","overlay-opacity":"","overlay-gradient":""},"mobile":{"background-color":"var(--ast-global-color-5)","background-image":"","background-repeat":"repeat","background-position":"center center","background-size":"auto","background-attachment":"scroll","background-type":"","background-media":"","overlay-type":"","overlay-color":"","overlay-opacity":"","overlay-gradient":""}}},"product_brand":[],"product_cat":[145],"product_tag":[],"class_list":{"0":"post-6339","1":"product","2":"type-product","3":"status-publish","4":"has-post-thumbnail","6":"product_cat-kosmetyka","7":"desktop-align-left","8":"tablet-align-left","9":"mobile-align-left","11":"first","12":"instock","13":"sale","14":"taxable","15":"shipping-taxable","16":"purchasable","17":"product-type-variable"},"_links":{"self":[{"href":"https:\/\/by-aigul.de\/de\/wp-json\/wp\/v2\/product\/6339","targetHints":{"allow":["GET"]}}],"collection":[{"href":"https:\/\/by-aigul.de\/de\/wp-json\/wp\/v2\/product"}],"about":[{"href":"https:\/\/by-aigul.de\/de\/wp-json\/wp\/v2\/types\/product"}],"replies":[{"embeddable":true,"href":"https:\/\/by-aigul.de\/de\/wp-json\/wp\/v2\/comments?post=6339"}],"wp:featuredmedia":[{"embeddable":true,"href":"https:\/\/by-aigul.de\/de\/wp-json\/wp\/v2\/media\/6345"}],"wp:attachment":[{"href":"https:\/\/by-aigul.de\/de\/wp-json\/wp\/v2\/media?parent=6339"}],"wp:term":[{"taxonomy":"product_brand","embeddable":true,"href":"https:\/\/by-aigul.de\/de\/wp-json\/wp\/v2\/product_brand?post=6339"},{"taxonomy":"product_cat","embeddable":true,"href":"https:\/\/by-aigul.de\/de\/wp-json\/wp\/v2\/product_cat?post=6339"},{"taxonomy":"product_tag","embeddable":true,"href":"https:\/\/by-aigul.de\/de\/wp-json\/wp\/v2\/product_tag?post=6339"}],"curies":[{"name":"wp","href":"https:\/\/api.w.org\/{rel}","templated":true}]}}