{"id":6141,"date":"2026-05-01T17:00:16","date_gmt":"2026-05-01T17:00:16","guid":{"rendered":"https:\/\/by-aigul.de\/?post_type=product&#038;p=6141"},"modified":"2026-05-11T13:43:20","modified_gmt":"2026-05-11T13:43:20","slug":"chance-eau-splendide-hand","status":"publish","type":"product","link":"https:\/\/by-aigul.de\/de\/produkt\/chance-eau-splendide-hand\/","title":{"rendered":"Chance Eau Splendide Hand"},"content":{"rendered":"<p>CHANEL CHANCE \u2013 Fl\u00fcssigseife f\u00fcr H\u00e4nde und K\u00f6rper, 400 ml<\/p>\n<p>Chanels luxuri\u00f6se Fl\u00fcssigseifenbehandlung ist mehr als nur Reinigung, sie ist ein komplettes, duftendes Ritual.<\/p>\n<p>Die Formel reinigt die Haut sanft und verwandelt sich in einen leichten Schaum, der eine zarte Spur des charakteristischen CHANCE-Duftes auf dem K\u00f6rper hinterl\u00e4sst.<br \/>\nNach der Anwendung die Haut:<br \/>\n- sauber, weich<br \/>\n- mit Feuchtigkeit versorgt<br \/>\n- mit einem leichten, edlen Aroma<br \/>\nheller, fruchtig-blumig, modern<br \/>\nsaftig, schmackhaft, auff\u00e4lliges Aroma<\/p>","protected":false},"excerpt":{"rendered":"<p><strong data-start=\"325\" data-end=\"342\">Produkttyp:<\/strong> Hand- und K\u00f6rperseife<br data-start=\"362\" data-end=\"365\" \/><strong data-start=\"365\" data-end=\"379\">Familie:<\/strong> K\u00f6rperpflege<br data-start=\"393\" data-end=\"396\" \/><strong data-start=\"396\" data-end=\"407\">Oberfl\u00e4chen:<\/strong> Reinigend, sanft, feuchtigkeitsspendend<br data-start=\"462\" data-end=\"465\" \/><strong data-start=\"465\" data-end=\"478\">Charakter:<\/strong> Frisch, strahlend, elegant, feminin<br data-start=\"517\" data-end=\"520\" \/><strong data-start=\"520\" data-end=\"534\">Haltbarkeit:<\/strong> Leichter Duft auf der Haut<br data-start=\"556\" data-end=\"559\" data-is-only-node=\"\" \/><strong data-start=\"559\" data-end=\"569\">Zug:<\/strong> Einfach<br data-start=\"576\" data-end=\"579\" \/><strong data-start=\"579\" data-end=\"594\">Zweck:<\/strong> Hautreinigung + leichter Duft<br data-start=\"632\" data-end=\"635\" \/><strong data-start=\"635\" data-end=\"650\">Jahreszeit:<\/strong> Das ganze Jahr \u00fcber<br data-start=\"662\" data-end=\"665\" \/><strong data-start=\"665\" data-end=\"681\">Tageszeiten:<\/strong> Tag \/ Nacht<br data-start=\"693\" data-end=\"696\" \/><strong data-start=\"696\" data-end=\"707\">Format:<\/strong> Flasche mit Spender<br data-start=\"726\" data-end=\"729\" \/><strong data-start=\"729\" data-end=\"740\">Status:<\/strong> Lux<\/p>","protected":false},"featured_media":6140,"comment_status":"open","ping_status":"closed","template":"","meta":{"site-sidebar-layout":"default","site-content-layout":"","ast-site-content-layout":"default","site-content-style":"default","site-sidebar-style":"default","ast-global-header-display":"","ast-banner-title-visibility":"","ast-main-header-display":"","ast-hfb-above-header-display":"","ast-hfb-below-header-display":"","ast-hfb-mobile-header-display":"","site-post-title":"","ast-breadcrumbs-content":"","ast-featured-img":"","footer-sml-layout":"","ast-disable-related-posts":"","theme-transparent-header-meta":"default","adv-header-id-meta":"","stick-header-meta":"","header-above-stick-meta":"","header-main-stick-meta":"","header-below-stick-meta":"","astra-migrate-meta-layouts":"set","ast-page-background-enabled":"default","ast-page-background-meta":{"desktop":{"background-color":"var(--ast-global-color-4)","background-image":"","background-repeat":"repeat","background-position":"center center","background-size":"auto","background-attachment":"scroll","background-type":"","background-media":"","overlay-type":"","overlay-color":"","overlay-opacity":"","overlay-gradient":""},"tablet":{"background-color":"","background-image":"","background-repeat":"repeat","background-position":"center center","background-size":"auto","background-attachment":"scroll","background-type":"","background-media":"","overlay-type":"","overlay-color":"","overlay-opacity":"","overlay-gradient":""},"mobile":{"background-color":"","background-image":"","background-repeat":"repeat","background-position":"center center","background-size":"auto","background-attachment":"scroll","background-type":"","background-media":"","overlay-type":"","overlay-color":"","overlay-opacity":"","overlay-gradient":""}},"ast-content-background-meta":{"desktop":{"background-color":"var(--ast-global-color-5)","background-image":"","background-repeat":"repeat","background-position":"center center","background-size":"auto","background-attachment":"scroll","background-type":"","background-media":"","overlay-type":"","overlay-color":"","overlay-opacity":"","overlay-gradient":""},"tablet":{"background-color":"var(--ast-global-color-5)","background-image":"","background-repeat":"repeat","background-position":"center center","background-size":"auto","background-attachment":"scroll","background-type":"","background-media":"","overlay-type":"","overlay-color":"","overlay-opacity":"","overlay-gradient":""},"mobile":{"background-color":"var(--ast-global-color-5)","background-image":"","background-repeat":"repeat","background-position":"center center","background-size":"auto","background-attachment":"scroll","background-type":"","background-media":"","overlay-type":"","overlay-color":"","overlay-opacity":"","overlay-gradient":""}}},"product_brand":[174],"product_cat":[163],"product_tag":[],"class_list":{"0":"post-6141","1":"product","2":"type-product","3":"status-publish","4":"has-post-thumbnail","6":"product_brand-chanel","7":"product_cat-uhodovaya-kosmetika","8":"desktop-align-left","9":"tablet-align-left","10":"mobile-align-left","12":"first","13":"instock","14":"sale","15":"taxable","16":"shipping-taxable","17":"purchasable","18":"product-type-variable"},"_links":{"self":[{"href":"https:\/\/by-aigul.de\/de\/wp-json\/wp\/v2\/product\/6141","targetHints":{"allow":["GET"]}}],"collection":[{"href":"https:\/\/by-aigul.de\/de\/wp-json\/wp\/v2\/product"}],"about":[{"href":"https:\/\/by-aigul.de\/de\/wp-json\/wp\/v2\/types\/product"}],"replies":[{"embeddable":true,"href":"https:\/\/by-aigul.de\/de\/wp-json\/wp\/v2\/comments?post=6141"}],"wp:featuredmedia":[{"embeddable":true,"href":"https:\/\/by-aigul.de\/de\/wp-json\/wp\/v2\/media\/6140"}],"wp:attachment":[{"href":"https:\/\/by-aigul.de\/de\/wp-json\/wp\/v2\/media?parent=6141"}],"wp:term":[{"taxonomy":"product_brand","embeddable":true,"href":"https:\/\/by-aigul.de\/de\/wp-json\/wp\/v2\/product_brand?post=6141"},{"taxonomy":"product_cat","embeddable":true,"href":"https:\/\/by-aigul.de\/de\/wp-json\/wp\/v2\/product_cat?post=6141"},{"taxonomy":"product_tag","embeddable":true,"href":"https:\/\/by-aigul.de\/de\/wp-json\/wp\/v2\/product_tag?post=6141"}],"curies":[{"name":"wp","href":"https:\/\/api.w.org\/{rel}","templated":true}]}}