{"id":6136,"date":"2026-05-01T16:52:29","date_gmt":"2026-05-01T16:52:29","guid":{"rendered":"https:\/\/by-aigul.de\/?post_type=product&#038;p=6136"},"modified":"2026-05-01T16:52:29","modified_gmt":"2026-05-01T16:52:29","slug":"chance-eau-tender-hand","status":"publish","type":"product","link":"https:\/\/by-aigul.de\/de\/produkt\/chance-eau-tender-hand\/","title":{"rendered":"Chance Eau Tendre Hand"},"content":{"rendered":"<p>CHANEL CHANCE \u2013 Fl\u00fcssigseife f\u00fcr H\u00e4nde und K\u00f6rper, 400 ml<\/p>\n<p>Chanels luxuri\u00f6se Fl\u00fcssigseifenbehandlung ist mehr als nur Reinigung, sie ist ein komplettes, duftendes Ritual.<\/p>\n<p>Die Formel reinigt die Haut sanft und verwandelt sich in einen leichten Schaum, der eine zarte Spur des charakteristischen CHANCE-Duftes auf dem K\u00f6rper hinterl\u00e4sst.<br \/>\nNach der Anwendung die Haut:<br \/>\n- sauber, weich<br \/>\n- mit Feuchtigkeit versorgt<br \/>\n- mit einem leichten, edlen Aroma<br \/>\nEin zarter, femininer, blumig-fruchtiger Duft<br \/>\nGrapefruit, Quitte, Jasmin, wei\u00dfer Moschus<br \/>\nsehr \u201esauber\u201c, sanft, schmeichelhaft<\/p>","protected":false},"excerpt":{"rendered":"<p><strong data-start=\"319\" data-end=\"336\">Produkttyp:<\/strong> Hand- und K\u00f6rperseife<br data-start=\"356\" data-end=\"359\" \/><strong data-start=\"359\" data-end=\"373\">Familie:<\/strong> K\u00f6rperpflege<br data-start=\"387\" data-end=\"390\" \/><strong data-start=\"390\" data-end=\"401\">Oberfl\u00e4chen:<\/strong> Reinigend, sanft, feuchtigkeitsspendend<br data-start=\"456\" data-end=\"459\" \/><strong data-start=\"459\" data-end=\"472\">Charakter:<\/strong> Zart, frisch, raffiniert, feminin<br data-start=\"512\" data-end=\"515\" \/><strong data-start=\"515\" data-end=\"529\">Haltbarkeit:<\/strong> Leichter Duft auf der Haut<br data-start=\"551\" data-end=\"554\" data-is-only-node=\"\" \/><strong data-start=\"554\" data-end=\"564\">Zug:<\/strong> Einfach<br data-start=\"571\" data-end=\"574\" \/><strong data-start=\"574\" data-end=\"589\">Zweck:<\/strong> Hautreinigung + leichter Duft<br data-start=\"627\" data-end=\"630\" \/><strong data-start=\"630\" data-end=\"645\">Jahreszeit:<\/strong> Das ganze Jahr \u00fcber<br data-start=\"657\" data-end=\"660\" \/><strong data-start=\"660\" data-end=\"676\">Tageszeiten:<\/strong> Tag \/ Nacht<br data-start=\"688\" data-end=\"691\" \/><strong data-start=\"691\" data-end=\"702\">Format:<\/strong> Flasche mit Spender<br data-start=\"721\" data-end=\"724\" \/><strong data-start=\"724\" data-end=\"735\">Status:<\/strong> Lux<\/p>","protected":false},"featured_media":6138,"comment_status":"open","ping_status":"closed","template":"","meta":{"site-sidebar-layout":"default","site-content-layout":"","ast-site-content-layout":"default","site-content-style":"default","site-sidebar-style":"default","ast-global-header-display":"","ast-banner-title-visibility":"","ast-main-header-display":"","ast-hfb-above-header-display":"","ast-hfb-below-header-display":"","ast-hfb-mobile-header-display":"","site-post-title":"","ast-breadcrumbs-content":"","ast-featured-img":"","footer-sml-layout":"","ast-disable-related-posts":"","theme-transparent-header-meta":"default","adv-header-id-meta":"","stick-header-meta":"","header-above-stick-meta":"","header-main-stick-meta":"","header-below-stick-meta":"","astra-migrate-meta-layouts":"set","ast-page-background-enabled":"default","ast-page-background-meta":{"desktop":{"background-color":"var(--ast-global-color-4)","background-image":"","background-repeat":"repeat","background-position":"center center","background-size":"auto","background-attachment":"scroll","background-type":"","background-media":"","overlay-type":"","overlay-color":"","overlay-opacity":"","overlay-gradient":""},"tablet":{"background-color":"","background-image":"","background-repeat":"repeat","background-position":"center center","background-size":"auto","background-attachment":"scroll","background-type":"","background-media":"","overlay-type":"","overlay-color":"","overlay-opacity":"","overlay-gradient":""},"mobile":{"background-color":"","background-image":"","background-repeat":"repeat","background-position":"center center","background-size":"auto","background-attachment":"scroll","background-type":"","background-media":"","overlay-type":"","overlay-color":"","overlay-opacity":"","overlay-gradient":""}},"ast-content-background-meta":{"desktop":{"background-color":"var(--ast-global-color-5)","background-image":"","background-repeat":"repeat","background-position":"center center","background-size":"auto","background-attachment":"scroll","background-type":"","background-media":"","overlay-type":"","overlay-color":"","overlay-opacity":"","overlay-gradient":""},"tablet":{"background-color":"var(--ast-global-color-5)","background-image":"","background-repeat":"repeat","background-position":"center center","background-size":"auto","background-attachment":"scroll","background-type":"","background-media":"","overlay-type":"","overlay-color":"","overlay-opacity":"","overlay-gradient":""},"mobile":{"background-color":"var(--ast-global-color-5)","background-image":"","background-repeat":"repeat","background-position":"center center","background-size":"auto","background-attachment":"scroll","background-type":"","background-media":"","overlay-type":"","overlay-color":"","overlay-opacity":"","overlay-gradient":""}}},"product_brand":[174],"product_cat":[163],"product_tag":[],"class_list":{"0":"post-6136","1":"product","2":"type-product","3":"status-publish","4":"has-post-thumbnail","6":"product_brand-chanel","7":"product_cat-uhodovaya-kosmetika","8":"desktop-align-left","9":"tablet-align-left","10":"mobile-align-left","12":"first","13":"instock","14":"sale","15":"taxable","16":"shipping-taxable","17":"purchasable","18":"product-type-variable"},"_links":{"self":[{"href":"https:\/\/by-aigul.de\/de\/wp-json\/wp\/v2\/product\/6136","targetHints":{"allow":["GET"]}}],"collection":[{"href":"https:\/\/by-aigul.de\/de\/wp-json\/wp\/v2\/product"}],"about":[{"href":"https:\/\/by-aigul.de\/de\/wp-json\/wp\/v2\/types\/product"}],"replies":[{"embeddable":true,"href":"https:\/\/by-aigul.de\/de\/wp-json\/wp\/v2\/comments?post=6136"}],"wp:featuredmedia":[{"embeddable":true,"href":"https:\/\/by-aigul.de\/de\/wp-json\/wp\/v2\/media\/6138"}],"wp:attachment":[{"href":"https:\/\/by-aigul.de\/de\/wp-json\/wp\/v2\/media?parent=6136"}],"wp:term":[{"taxonomy":"product_brand","embeddable":true,"href":"https:\/\/by-aigul.de\/de\/wp-json\/wp\/v2\/product_brand?post=6136"},{"taxonomy":"product_cat","embeddable":true,"href":"https:\/\/by-aigul.de\/de\/wp-json\/wp\/v2\/product_cat?post=6136"},{"taxonomy":"product_tag","embeddable":true,"href":"https:\/\/by-aigul.de\/de\/wp-json\/wp\/v2\/product_tag?post=6136"}],"curies":[{"name":"wp","href":"https:\/\/api.w.org\/{rel}","templated":true}]}}