{"id":6054,"date":"2026-04-14T18:10:09","date_gmt":"2026-04-14T18:10:09","guid":{"rendered":"https:\/\/by-aigul.de\/?post_type=product&#038;p=6054"},"modified":"2026-04-14T18:10:09","modified_gmt":"2026-04-14T18:10:09","slug":"dolce-gabbana-secret-shield-protective-smoothing-primer-lsf-50-pa","status":"publish","type":"product","link":"https:\/\/by-aigul.de\/de\/produkt\/dolce-gabbana-secret-shield-protective-smoothing-primer-lsf-50-pa\/","title":{"rendered":"Dolce &amp; Gabbana Secret Shield Protective Smoothing Primer SPF 50 PA++++"},"content":{"rendered":"<p>Diese vielseitige Grundierung ist jetzt wieder erh\u00e4ltlich, bietet Lichtschutzfaktor 50, dient gleichzeitig als Make-up-Basis und bietet umfassenden Schutz vor Sonnensch\u00e4den und lichtbedingter Hautalterung.<\/p>\n<p>Die leichte Serumtextur sorgt sofort f\u00fcr einen ebenm\u00e4\u00dfigen Teint, verfeinert die Poren und bildet die perfekte Grundlage. Das Make-up l\u00e4sst sich leichter auftragen, h\u00e4lt l\u00e4nger und sieht den ganzen Tag \u00fcber gepflegter und makelloser aus.<\/p>\n<p>Die hochwirksame Formel (SPF 50 PA++++) sch\u00fctzt die Haut zuverl\u00e4ssig vor UVA- und UVB-Strahlen und beugt vorzeitiger Hautalterung, Pigmentflecken und Elastizit\u00e4tsverlust vor. Gleichzeitig beschwert das Produkt die Haut nicht, verursacht keine Aufhellung und f\u00fchlt sich auch bei t\u00e4glicher Anwendung angenehm an.<\/p>\n<p>Verleiht der Haut einen nat\u00fcrlichen, sanften Glow und macht sie sichtbar glatter und gepflegter, ohne zu gl\u00e4nzen. Perfekt f\u00fcr das t\u00e4gliche Make-up und einen minimalistischen \u201eNo-Make-up\u201c-Look.<\/p>\n<p>Empfohlen f\u00fcr alle Hauttypen, insbesondere wenn Sie Pflege, Schutz und eine sch\u00f6ne Make-up-Grundlage in einem Produkt vereinen m\u00f6chten.<\/p>","protected":false},"excerpt":{"rendered":"<p><strong data-start=\"352\" data-end=\"369\">Produkttyp:<\/strong> Gesichtsprimer\/Sonnenschutzbasis<br data-start=\"408\" data-end=\"411\" \/><strong data-start=\"411\" data-end=\"425\">Familie:<\/strong> Hautpflegekosmetik<br data-start=\"444\" data-end=\"447\" \/><strong data-start=\"447\" data-end=\"458\">Oberfl\u00e4chen:<\/strong> Gl\u00e4ttend, matt-glatt, sch\u00fctzend<br data-start=\"497\" data-end=\"500\" \/><strong data-start=\"500\" data-end=\"519\">Farbspektrum:<\/strong> Transparent \/ Universell<br data-start=\"546\" data-end=\"549\" data-is-only-node=\"\" \/><strong data-start=\"549\" data-end=\"562\">Charakter:<\/strong> Leicht, sch\u00fctzend, nivellierend<br data-start=\"594\" data-end=\"597\" \/><strong data-start=\"597\" data-end=\"611\">Haltbarkeit:<\/strong> Lang anhaltender Schutz und Fixierung des Make-ups<br data-start=\"652\" data-end=\"655\" \/><strong data-start=\"655\" data-end=\"665\">Zug:<\/strong> Leichter Kosmetikduft<br data-start=\"693\" data-end=\"696\" \/><strong data-start=\"696\" data-end=\"711\">Zweck:<\/strong> Sonnenschutz + Hautvorbereitung f\u00fcr Make-up<br data-start=\"757\" data-end=\"760\" \/><strong data-start=\"760\" data-end=\"775\">Jahreszeit:<\/strong> Ganzj\u00e4hrig (insbesondere Fr\u00fchling\/Sommer)<br data-start=\"809\" data-end=\"812\" \/><strong data-start=\"812\" data-end=\"828\">Tageszeiten:<\/strong> Tag<br data-start=\"833\" data-end=\"836\" \/><strong data-start=\"836\" data-end=\"847\">Format:<\/strong> Tube\/Flasche mit Spender<br data-start=\"874\" data-end=\"877\" \/><strong data-start=\"877\" data-end=\"888\">Status:<\/strong> Lux<\/p>","protected":false},"featured_media":6056,"comment_status":"open","ping_status":"closed","template":"","meta":{"site-sidebar-layout":"default","site-content-layout":"","ast-site-content-layout":"default","site-content-style":"default","site-sidebar-style":"default","ast-global-header-display":"","ast-banner-title-visibility":"","ast-main-header-display":"","ast-hfb-above-header-display":"","ast-hfb-below-header-display":"","ast-hfb-mobile-header-display":"","site-post-title":"","ast-breadcrumbs-content":"","ast-featured-img":"","footer-sml-layout":"","theme-transparent-header-meta":"default","adv-header-id-meta":"","stick-header-meta":"","header-above-stick-meta":"","header-main-stick-meta":"","header-below-stick-meta":"","astra-migrate-meta-layouts":"set","ast-page-background-enabled":"default","ast-page-background-meta":{"desktop":{"background-color":"var(--ast-global-color-4)","background-image":"","background-repeat":"repeat","background-position":"center center","background-size":"auto","background-attachment":"scroll","background-type":"","background-media":"","overlay-type":"","overlay-color":"","overlay-opacity":"","overlay-gradient":""},"tablet":{"background-color":"","background-image":"","background-repeat":"repeat","background-position":"center center","background-size":"auto","background-attachment":"scroll","background-type":"","background-media":"","overlay-type":"","overlay-color":"","overlay-opacity":"","overlay-gradient":""},"mobile":{"background-color":"","background-image":"","background-repeat":"repeat","background-position":"center center","background-size":"auto","background-attachment":"scroll","background-type":"","background-media":"","overlay-type":"","overlay-color":"","overlay-opacity":"","overlay-gradient":""}},"ast-content-background-meta":{"desktop":{"background-color":"var(--ast-global-color-5)","background-image":"","background-repeat":"repeat","background-position":"center center","background-size":"auto","background-attachment":"scroll","background-type":"","background-media":"","overlay-type":"","overlay-color":"","overlay-opacity":"","overlay-gradient":""},"tablet":{"background-color":"var(--ast-global-color-5)","background-image":"","background-repeat":"repeat","background-position":"center center","background-size":"auto","background-attachment":"scroll","background-type":"","background-media":"","overlay-type":"","overlay-color":"","overlay-opacity":"","overlay-gradient":""},"mobile":{"background-color":"var(--ast-global-color-5)","background-image":"","background-repeat":"repeat","background-position":"center center","background-size":"auto","background-attachment":"scroll","background-type":"","background-media":"","overlay-type":"","overlay-color":"","overlay-opacity":"","overlay-gradient":""}}},"product_brand":[],"product_cat":[145],"product_tag":[],"class_list":{"0":"post-6054","1":"product","2":"type-product","3":"status-publish","4":"has-post-thumbnail","6":"product_cat-kosmetyka","7":"desktop-align-left","8":"tablet-align-left","9":"mobile-align-left","11":"first","12":"instock","13":"sale","14":"taxable","15":"shipping-taxable","16":"purchasable","17":"product-type-variable"},"_links":{"self":[{"href":"https:\/\/by-aigul.de\/de\/wp-json\/wp\/v2\/product\/6054","targetHints":{"allow":["GET"]}}],"collection":[{"href":"https:\/\/by-aigul.de\/de\/wp-json\/wp\/v2\/product"}],"about":[{"href":"https:\/\/by-aigul.de\/de\/wp-json\/wp\/v2\/types\/product"}],"replies":[{"embeddable":true,"href":"https:\/\/by-aigul.de\/de\/wp-json\/wp\/v2\/comments?post=6054"}],"wp:featuredmedia":[{"embeddable":true,"href":"https:\/\/by-aigul.de\/de\/wp-json\/wp\/v2\/media\/6056"}],"wp:attachment":[{"href":"https:\/\/by-aigul.de\/de\/wp-json\/wp\/v2\/media?parent=6054"}],"wp:term":[{"taxonomy":"product_brand","embeddable":true,"href":"https:\/\/by-aigul.de\/de\/wp-json\/wp\/v2\/product_brand?post=6054"},{"taxonomy":"product_cat","embeddable":true,"href":"https:\/\/by-aigul.de\/de\/wp-json\/wp\/v2\/product_cat?post=6054"},{"taxonomy":"product_tag","embeddable":true,"href":"https:\/\/by-aigul.de\/de\/wp-json\/wp\/v2\/product_tag?post=6054"}],"curies":[{"name":"wp","href":"https:\/\/api.w.org\/{rel}","templated":true}]}}