{"id":6012,"date":"2026-04-14T16:08:34","date_gmt":"2026-04-14T16:08:34","guid":{"rendered":"https:\/\/by-aigul.de\/?post_type=product&#038;p=6012"},"modified":"2026-04-14T16:08:34","modified_gmt":"2026-04-14T16:08:34","slug":"dior-addicted-rosy-glow-eau-de-parfum","status":"publish","type":"product","link":"https:\/\/by-aigul.de\/de\/produkt\/dior-addicted-rosy-glow-eau-de-parfum\/","title":{"rendered":"DIOR Addict Rosy Glow Eau de Parfum"},"content":{"rendered":"<p><strong>Lagerware, ohne Verpackung T<\/strong><br \/>\nEin eleganter, rosenfruchtiger Duft mit zarter Karamells\u00fc\u00dfe und sanften floralen Akzenten.<br \/>\nDie Komposition entfaltet sich subtil und harmonisch und hinterl\u00e4sst eine leichte, raffinierte Duftspur. Eine ideale Wahl f\u00fcr feminine Alltagsmomente und einen dezenten, luxuri\u00f6sen Duft.<\/p>\n<p data-start=\"765\" data-end=\"818\"><strong data-start=\"768\" data-end=\"784\">Duftnoten<\/strong><br data-start=\"784\" data-end=\"787\" \/>Rose \u00b7 Rote Beeren \u00b7 Moschus<\/p>\n<p data-start=\"820\" data-end=\"976\">Der Duft er\u00f6ffnet mit frischen Beerennoten, geht in ein zartes Rosenherz \u00fcber und endet mit einer sanften Moschusnote, wodurch ein Gef\u00fchl von Reinheit und Leichtigkeit entsteht.<\/p>","protected":false},"excerpt":{"rendered":"<p><strong data-start=\"308\" data-end=\"325\">Produkttyp:<\/strong> Damenparf\u00fcmwasser<br data-start=\"354\" data-end=\"357\" \/><strong data-start=\"357\" data-end=\"380\">Duftfamilie:<\/strong> Blumig-fruchtig<br data-start=\"399\" data-end=\"402\" \/><strong data-start=\"402\" data-end=\"413\">Oberfl\u00e4chen:<\/strong> Frisch, zart, strahlend<br data-start=\"437\" data-end=\"440\" \/><strong data-start=\"440\" data-end=\"459\">Farbspektrum:<\/strong> Zartrosa, blumig, sanft<br data-start=\"484\" data-end=\"487\" \/><strong data-start=\"487\" data-end=\"500\">Charakter:<\/strong> Leicht, romantisch, frisch, feminin<br data-start=\"541\" data-end=\"544\" \/><strong data-start=\"544\" data-end=\"558\">Haltbarkeit:<\/strong> Mittel (4\u20136 Stunden)<br data-start=\"578\" data-end=\"581\" data-is-only-node=\"\" \/><strong data-start=\"581\" data-end=\"591\">Zug:<\/strong> Leicht \/ Mittel<br data-start=\"608\" data-end=\"611\" \/><strong data-start=\"611\" data-end=\"626\">Zweck:<\/strong> Alltagsduft<br data-start=\"646\" data-end=\"649\" \/><strong data-start=\"649\" data-end=\"664\">Jahreszeit:<\/strong> Fr\u00fchling \/ Sommer<br data-start=\"677\" data-end=\"680\" \/><strong data-start=\"680\" data-end=\"696\">Tageszeiten:<\/strong> Tag<br data-start=\"701\" data-end=\"704\" \/><strong data-start=\"704\" data-end=\"715\">Format:<\/strong> Spr\u00fchflasche<br data-start=\"737\" data-end=\"740\" \/><strong data-start=\"740\" data-end=\"751\">Status:<\/strong> Lux<\/p>","protected":false},"featured_media":6022,"comment_status":"open","ping_status":"closed","template":"","meta":{"site-sidebar-layout":"default","site-content-layout":"","ast-site-content-layout":"default","site-content-style":"default","site-sidebar-style":"default","ast-global-header-display":"","ast-banner-title-visibility":"","ast-main-header-display":"","ast-hfb-above-header-display":"","ast-hfb-below-header-display":"","ast-hfb-mobile-header-display":"","site-post-title":"","ast-breadcrumbs-content":"","ast-featured-img":"","footer-sml-layout":"","ast-disable-related-posts":"","theme-transparent-header-meta":"default","adv-header-id-meta":"","stick-header-meta":"","header-above-stick-meta":"","header-main-stick-meta":"","header-below-stick-meta":"","astra-migrate-meta-layouts":"set","ast-page-background-enabled":"default","ast-page-background-meta":{"desktop":{"background-color":"var(--ast-global-color-4)","background-image":"","background-repeat":"repeat","background-position":"center center","background-size":"auto","background-attachment":"scroll","background-type":"","background-media":"","overlay-type":"","overlay-color":"","overlay-opacity":"","overlay-gradient":""},"tablet":{"background-color":"","background-image":"","background-repeat":"repeat","background-position":"center center","background-size":"auto","background-attachment":"scroll","background-type":"","background-media":"","overlay-type":"","overlay-color":"","overlay-opacity":"","overlay-gradient":""},"mobile":{"background-color":"","background-image":"","background-repeat":"repeat","background-position":"center center","background-size":"auto","background-attachment":"scroll","background-type":"","background-media":"","overlay-type":"","overlay-color":"","overlay-opacity":"","overlay-gradient":""}},"ast-content-background-meta":{"desktop":{"background-color":"var(--ast-global-color-5)","background-image":"","background-repeat":"repeat","background-position":"center center","background-size":"auto","background-attachment":"scroll","background-type":"","background-media":"","overlay-type":"","overlay-color":"","overlay-opacity":"","overlay-gradient":""},"tablet":{"background-color":"var(--ast-global-color-5)","background-image":"","background-repeat":"repeat","background-position":"center center","background-size":"auto","background-attachment":"scroll","background-type":"","background-media":"","overlay-type":"","overlay-color":"","overlay-opacity":"","overlay-gradient":""},"mobile":{"background-color":"var(--ast-global-color-5)","background-image":"","background-repeat":"repeat","background-position":"center center","background-size":"auto","background-attachment":"scroll","background-type":"","background-media":"","overlay-type":"","overlay-color":"","overlay-opacity":"","overlay-gradient":""}}},"product_brand":[],"product_cat":[162],"product_tag":[],"class_list":{"0":"post-6012","1":"product","2":"type-product","3":"status-publish","4":"has-post-thumbnail","6":"product_cat-aromaty-duhi","7":"desktop-align-left","8":"tablet-align-left","9":"mobile-align-left","11":"first","12":"instock","13":"sale","14":"taxable","15":"shipping-taxable","16":"purchasable","17":"product-type-variable"},"_links":{"self":[{"href":"https:\/\/by-aigul.de\/de\/wp-json\/wp\/v2\/product\/6012","targetHints":{"allow":["GET"]}}],"collection":[{"href":"https:\/\/by-aigul.de\/de\/wp-json\/wp\/v2\/product"}],"about":[{"href":"https:\/\/by-aigul.de\/de\/wp-json\/wp\/v2\/types\/product"}],"replies":[{"embeddable":true,"href":"https:\/\/by-aigul.de\/de\/wp-json\/wp\/v2\/comments?post=6012"}],"wp:featuredmedia":[{"embeddable":true,"href":"https:\/\/by-aigul.de\/de\/wp-json\/wp\/v2\/media\/6022"}],"wp:attachment":[{"href":"https:\/\/by-aigul.de\/de\/wp-json\/wp\/v2\/media?parent=6012"}],"wp:term":[{"taxonomy":"product_brand","embeddable":true,"href":"https:\/\/by-aigul.de\/de\/wp-json\/wp\/v2\/product_brand?post=6012"},{"taxonomy":"product_cat","embeddable":true,"href":"https:\/\/by-aigul.de\/de\/wp-json\/wp\/v2\/product_cat?post=6012"},{"taxonomy":"product_tag","embeddable":true,"href":"https:\/\/by-aigul.de\/de\/wp-json\/wp\/v2\/product_tag?post=6012"}],"curies":[{"name":"wp","href":"https:\/\/api.w.org\/{rel}","templated":true}]}}