{"id":5983,"date":"2026-04-13T19:36:06","date_gmt":"2026-04-13T19:36:06","guid":{"rendered":"https:\/\/by-aigul.de\/?post_type=product&#038;p=5983"},"modified":"2026-04-13T19:36:06","modified_gmt":"2026-04-13T19:36:06","slug":"byredo-peyote-gedicht-duftkerze","status":"publish","type":"product","link":"https:\/\/by-aigul.de\/de\/produkt\/byredo-peyote-gedicht-duftkerze\/","title":{"rendered":"BYREDO Peyote Poem Duftkerze"},"content":{"rendered":"<p><strong>Original \u2022 in vollst\u00e4ndiger Verpackung<\/strong><\/p>\n<p>Eine Duftkerze mit einem sehr stimmungsvollen, warmen und leicht mystischen Klang.<\/p>\n<p>Peyote Poem handelt von Abendstimmung, warmer Luft und getrockneten Kr\u00e4utern im Sonnenuntergang. Der Duft vereint w\u00fcrzige, kr\u00e4uterartige und leicht rauchige Noten und erzeugt ein Gef\u00fchl von Geborgenheit, Tiefe und Ruhe.<\/p>\n<p>Diese Kerze duftet nicht s\u00fc\u00df \u2013 sie ist stilvoll, edel und vermittelt ein Gef\u00fchl von Luxus mit einer leicht trockenen, meditativen Note. Perfekt f\u00fcr Zuhause, gem\u00fctliche Abende zum Entspannen oder als wundersch\u00f6nes Geschenk.<\/p>\n<p>Der Duft erf\u00fcllt den Raum sanft, aber selbstbewusst und schafft genau die Atmosph\u00e4re, f\u00fcr die Byredo so geliebt wird.<\/p>","protected":false},"excerpt":{"rendered":"<p><strong data-start=\"282\" data-end=\"299\">Produkttyp:<\/strong> Duftkerze f\u00fcr den Innenbereich<br data-start=\"331\" data-end=\"334\" \/><strong data-start=\"334\" data-end=\"357\">Duftfamilie:<\/strong> Holzig-blumig \/ w\u00fcrzig<br data-start=\"385\" data-end=\"388\" \/><strong data-start=\"388\" data-end=\"399\">Oberfl\u00e4chen:<\/strong> Warm, harzig, weich<br data-start=\"425\" data-end=\"428\" \/><strong data-start=\"428\" data-end=\"447\">Farbspektrum:<\/strong> Warmer Bernstein, holzig<br data-start=\"474\" data-end=\"477\" \/><strong data-start=\"477\" data-end=\"490\">Charakter:<\/strong> Atmosph\u00e4risch, tiefgr\u00fcndig, meditativ, Nischencharakter<br data-start=\"556\" data-end=\"559\" data-is-only-node=\"\" \/><strong data-start=\"559\" data-end=\"581\">Duftbest\u00e4ndigkeit:<\/strong> Hoch (lange \u00d6ffnungszeit im Innenbereich)<br data-start=\"620\" data-end=\"623\" \/><strong data-start=\"623\" data-end=\"633\">Zug:<\/strong> Mittel\/reichlich (je nach Raum)<br data-start=\"683\" data-end=\"686\" \/><strong data-start=\"686\" data-end=\"701\">Zweck:<\/strong> Aromatisierung von R\u00e4umen\/Innenr\u00e4umen<br data-start=\"738\" data-end=\"741\" \/><strong data-start=\"741\" data-end=\"756\">Jahreszeit:<\/strong> Herbst-\/Winter-\/Abendkomfort<br data-start=\"784\" data-end=\"787\" \/><strong data-start=\"787\" data-end=\"803\">Tageszeiten:<\/strong> Abend \/ Nacht<br data-start=\"816\" data-end=\"819\" \/><strong data-start=\"819\" data-end=\"830\">Format:<\/strong> Kerze in einem Glas<br data-start=\"857\" data-end=\"860\" \/><strong data-start=\"860\" data-end=\"871\">Status:<\/strong> Nischenluxus<\/p>","protected":false},"featured_media":5987,"comment_status":"open","ping_status":"closed","template":"","meta":{"site-sidebar-layout":"default","site-content-layout":"","ast-site-content-layout":"default","site-content-style":"default","site-sidebar-style":"default","ast-global-header-display":"","ast-banner-title-visibility":"","ast-main-header-display":"","ast-hfb-above-header-display":"","ast-hfb-below-header-display":"","ast-hfb-mobile-header-display":"","site-post-title":"","ast-breadcrumbs-content":"","ast-featured-img":"","footer-sml-layout":"","ast-disable-related-posts":"","theme-transparent-header-meta":"default","adv-header-id-meta":"","stick-header-meta":"","header-above-stick-meta":"","header-main-stick-meta":"","header-below-stick-meta":"","astra-migrate-meta-layouts":"set","ast-page-background-enabled":"default","ast-page-background-meta":{"desktop":{"background-color":"var(--ast-global-color-4)","background-image":"","background-repeat":"repeat","background-position":"center center","background-size":"auto","background-attachment":"scroll","background-type":"","background-media":"","overlay-type":"","overlay-color":"","overlay-opacity":"","overlay-gradient":""},"tablet":{"background-color":"","background-image":"","background-repeat":"repeat","background-position":"center center","background-size":"auto","background-attachment":"scroll","background-type":"","background-media":"","overlay-type":"","overlay-color":"","overlay-opacity":"","overlay-gradient":""},"mobile":{"background-color":"","background-image":"","background-repeat":"repeat","background-position":"center center","background-size":"auto","background-attachment":"scroll","background-type":"","background-media":"","overlay-type":"","overlay-color":"","overlay-opacity":"","overlay-gradient":""}},"ast-content-background-meta":{"desktop":{"background-color":"var(--ast-global-color-5)","background-image":"","background-repeat":"repeat","background-position":"center center","background-size":"auto","background-attachment":"scroll","background-type":"","background-media":"","overlay-type":"","overlay-color":"","overlay-opacity":"","overlay-gradient":""},"tablet":{"background-color":"var(--ast-global-color-5)","background-image":"","background-repeat":"repeat","background-position":"center center","background-size":"auto","background-attachment":"scroll","background-type":"","background-media":"","overlay-type":"","overlay-color":"","overlay-opacity":"","overlay-gradient":""},"mobile":{"background-color":"var(--ast-global-color-5)","background-image":"","background-repeat":"repeat","background-position":"center center","background-size":"auto","background-attachment":"scroll","background-type":"","background-media":"","overlay-type":"","overlay-color":"","overlay-opacity":"","overlay-gradient":""}}},"product_brand":[],"product_cat":[145,163],"product_tag":[],"class_list":{"0":"post-5983","1":"product","2":"type-product","3":"status-publish","4":"has-post-thumbnail","6":"product_cat-kosmetyka","7":"product_cat-uhodovaya-kosmetika","8":"desktop-align-left","9":"tablet-align-left","10":"mobile-align-left","12":"first","13":"instock","14":"sale","15":"taxable","16":"shipping-taxable","17":"purchasable","18":"product-type-simple"},"_links":{"self":[{"href":"https:\/\/by-aigul.de\/de\/wp-json\/wp\/v2\/product\/5983","targetHints":{"allow":["GET"]}}],"collection":[{"href":"https:\/\/by-aigul.de\/de\/wp-json\/wp\/v2\/product"}],"about":[{"href":"https:\/\/by-aigul.de\/de\/wp-json\/wp\/v2\/types\/product"}],"replies":[{"embeddable":true,"href":"https:\/\/by-aigul.de\/de\/wp-json\/wp\/v2\/comments?post=5983"}],"wp:featuredmedia":[{"embeddable":true,"href":"https:\/\/by-aigul.de\/de\/wp-json\/wp\/v2\/media\/5987"}],"wp:attachment":[{"href":"https:\/\/by-aigul.de\/de\/wp-json\/wp\/v2\/media?parent=5983"}],"wp:term":[{"taxonomy":"product_brand","embeddable":true,"href":"https:\/\/by-aigul.de\/de\/wp-json\/wp\/v2\/product_brand?post=5983"},{"taxonomy":"product_cat","embeddable":true,"href":"https:\/\/by-aigul.de\/de\/wp-json\/wp\/v2\/product_cat?post=5983"},{"taxonomy":"product_tag","embeddable":true,"href":"https:\/\/by-aigul.de\/de\/wp-json\/wp\/v2\/product_tag?post=5983"}],"curies":[{"name":"wp","href":"https:\/\/api.w.org\/{rel}","templated":true}]}}