{"id":5916,"date":"2026-04-13T19:27:31","date_gmt":"2026-04-13T19:27:31","guid":{"rendered":"https:\/\/by-aigul.de\/?post_type=product&#038;p=5916"},"modified":"2026-04-13T19:27:32","modified_gmt":"2026-04-13T19:27:32","slug":"chloe-eau-de-parfum-nachfullpackung","status":"publish","type":"product","link":"https:\/\/by-aigul.de\/de\/produkt\/chloe-eau-de-parfum-nachfullpackung\/","title":{"rendered":"Chlo\u00e9 Eau de Parfum (Nachf\u00fcllpackung)"},"content":{"rendered":"<p><strong>Vollst\u00e4ndige Verpackung<\/strong><\/p>\n<p>Ein klassischer Damenduft mit zarter Rose, leichter, fruchtiger Frische und einer sanften, moschusartig-holzigen Basisnote. Elegant, rein und perfekt gepflegt \u2013 ideal f\u00fcr jeden Tag und zeitlos.<\/p>","protected":false},"excerpt":{"rendered":"<p><strong data-start=\"311\" data-end=\"328\">Produkttyp:<\/strong> Damen Eau de Parfum (Nachf\u00fcller)<br data-start=\"366\" data-end=\"369\" \/><strong data-start=\"369\" data-end=\"392\">Duftfamilie:<\/strong> Blumen<br data-start=\"402\" data-end=\"405\" \/><strong data-start=\"405\" data-end=\"416\">Oberfl\u00e4chen:<\/strong> Frisch, pudrig<br data-start=\"433\" data-end=\"436\" \/><strong data-start=\"436\" data-end=\"455\">Farbspektrum:<\/strong> Zartrosa, blumig, sanft<br data-start=\"480\" data-end=\"483\" \/><strong data-start=\"483\" data-end=\"496\">Charakter:<\/strong> Elegant, zart, raffiniert, feminin<br data-start=\"540\" data-end=\"543\" \/><strong data-start=\"543\" data-end=\"559\">Pigmentierung:<\/strong> \u2014<br data-start=\"561\" data-end=\"564\" data-is-only-node=\"\" \/><strong data-start=\"564\" data-end=\"578\">Haltbarkeit:<\/strong> Mittel\/Hoch (5\u20138 Stunden)<br data-start=\"608\" data-end=\"611\" \/><strong data-start=\"611\" data-end=\"621\">Zug:<\/strong> Durchschnitt<br data-start=\"629\" data-end=\"632\" \/><strong data-start=\"632\" data-end=\"647\">Zweck:<\/strong> Duft f\u00fcr jeden Tag\/Abend<br data-start=\"678\" data-end=\"681\" \/><strong data-start=\"681\" data-end=\"696\">Jahreszeit:<\/strong> Fr\u00fchling \/ Herbst<br data-start=\"710\" data-end=\"713\" \/><strong data-start=\"713\" data-end=\"729\">Tageszeiten:<\/strong> Tag \/ Abend<br data-start=\"742\" data-end=\"745\" \/><strong data-start=\"745\" data-end=\"756\">Format:<\/strong> Nachf\u00fcllen (um die Flasche wieder aufzuf\u00fcllen)<br data-start=\"788\" data-end=\"791\" \/><strong data-start=\"791\" data-end=\"802\">Status:<\/strong> Luxus \/ Markenikone<\/p>","protected":false},"featured_media":5920,"comment_status":"open","ping_status":"closed","template":"","meta":{"site-sidebar-layout":"default","site-content-layout":"","ast-site-content-layout":"default","site-content-style":"default","site-sidebar-style":"default","ast-global-header-display":"","ast-banner-title-visibility":"","ast-main-header-display":"","ast-hfb-above-header-display":"","ast-hfb-below-header-display":"","ast-hfb-mobile-header-display":"","site-post-title":"","ast-breadcrumbs-content":"","ast-featured-img":"","footer-sml-layout":"","ast-disable-related-posts":"","theme-transparent-header-meta":"default","adv-header-id-meta":"","stick-header-meta":"","header-above-stick-meta":"","header-main-stick-meta":"","header-below-stick-meta":"","astra-migrate-meta-layouts":"set","ast-page-background-enabled":"default","ast-page-background-meta":{"desktop":{"background-color":"var(--ast-global-color-4)","background-image":"","background-repeat":"repeat","background-position":"center center","background-size":"auto","background-attachment":"scroll","background-type":"","background-media":"","overlay-type":"","overlay-color":"","overlay-opacity":"","overlay-gradient":""},"tablet":{"background-color":"","background-image":"","background-repeat":"repeat","background-position":"center center","background-size":"auto","background-attachment":"scroll","background-type":"","background-media":"","overlay-type":"","overlay-color":"","overlay-opacity":"","overlay-gradient":""},"mobile":{"background-color":"","background-image":"","background-repeat":"repeat","background-position":"center center","background-size":"auto","background-attachment":"scroll","background-type":"","background-media":"","overlay-type":"","overlay-color":"","overlay-opacity":"","overlay-gradient":""}},"ast-content-background-meta":{"desktop":{"background-color":"var(--ast-global-color-5)","background-image":"","background-repeat":"repeat","background-position":"center center","background-size":"auto","background-attachment":"scroll","background-type":"","background-media":"","overlay-type":"","overlay-color":"","overlay-opacity":"","overlay-gradient":""},"tablet":{"background-color":"var(--ast-global-color-5)","background-image":"","background-repeat":"repeat","background-position":"center center","background-size":"auto","background-attachment":"scroll","background-type":"","background-media":"","overlay-type":"","overlay-color":"","overlay-opacity":"","overlay-gradient":""},"mobile":{"background-color":"var(--ast-global-color-5)","background-image":"","background-repeat":"repeat","background-position":"center center","background-size":"auto","background-attachment":"scroll","background-type":"","background-media":"","overlay-type":"","overlay-color":"","overlay-opacity":"","overlay-gradient":""}}},"product_brand":[],"product_cat":[162],"product_tag":[],"class_list":{"0":"post-5916","1":"product","2":"type-product","3":"status-publish","4":"has-post-thumbnail","6":"product_cat-aromaty-duhi","7":"desktop-align-left","8":"tablet-align-left","9":"mobile-align-left","11":"first","12":"instock","13":"sale","14":"taxable","15":"shipping-taxable","16":"purchasable","17":"product-type-variable"},"_links":{"self":[{"href":"https:\/\/by-aigul.de\/de\/wp-json\/wp\/v2\/product\/5916","targetHints":{"allow":["GET"]}}],"collection":[{"href":"https:\/\/by-aigul.de\/de\/wp-json\/wp\/v2\/product"}],"about":[{"href":"https:\/\/by-aigul.de\/de\/wp-json\/wp\/v2\/types\/product"}],"replies":[{"embeddable":true,"href":"https:\/\/by-aigul.de\/de\/wp-json\/wp\/v2\/comments?post=5916"}],"wp:featuredmedia":[{"embeddable":true,"href":"https:\/\/by-aigul.de\/de\/wp-json\/wp\/v2\/media\/5920"}],"wp:attachment":[{"href":"https:\/\/by-aigul.de\/de\/wp-json\/wp\/v2\/media?parent=5916"}],"wp:term":[{"taxonomy":"product_brand","embeddable":true,"href":"https:\/\/by-aigul.de\/de\/wp-json\/wp\/v2\/product_brand?post=5916"},{"taxonomy":"product_cat","embeddable":true,"href":"https:\/\/by-aigul.de\/de\/wp-json\/wp\/v2\/product_cat?post=5916"},{"taxonomy":"product_tag","embeddable":true,"href":"https:\/\/by-aigul.de\/de\/wp-json\/wp\/v2\/product_tag?post=5916"}],"curies":[{"name":"wp","href":"https:\/\/api.w.org\/{rel}","templated":true}]}}