{"id":5905,"date":"2026-04-13T15:10:04","date_gmt":"2026-04-13T15:10:04","guid":{"rendered":"https:\/\/by-aigul.de\/?post_type=product&#038;p=5905"},"modified":"2026-04-13T15:10:19","modified_gmt":"2026-04-13T15:10:19","slug":"chloe-love-story-eau-de-parfum-2","status":"publish","type":"product","link":"https:\/\/by-aigul.de\/de\/produkt\/chloe-love-story-eau-de-parfum-2\/","title":{"rendered":"Chlo\u00e9 Love Story Eau de Parfum"},"content":{"rendered":"<p><strong>Vollst\u00e4ndige Verpackung<\/strong><\/p>\n<p>Ein romantischer, leichter und sehr femininer Duft mit zarten wei\u00dfen Bl\u00fcten, spritziger Zitrusfrische und einer sanften Moschusnote. Er ist leicht, elegant und dezent \u2013 perfekt f\u00fcr jeden Tag, das B\u00fcro, Spazierg\u00e4nge und Verabredungen.<\/p>","protected":false},"excerpt":{"rendered":"<p><strong data-start=\"317\" data-end=\"334\">Produkttyp:<\/strong> Parf\u00fcmiertes Gel<br data-start=\"355\" data-end=\"358\" \/><strong data-start=\"358\" data-end=\"381\">Duftfamilie:<\/strong> Blumen-orientalisch<br data-start=\"400\" data-end=\"403\" \/><strong data-start=\"403\" data-end=\"414\">Oberfl\u00e4chen:<\/strong> Lichtglanz (Perlglanzeffekt)<br data-start=\"451\" data-end=\"454\" \/><strong data-start=\"454\" data-end=\"473\">Farbspektrum:<\/strong> Zitrusartig-blumig, warm<br data-start=\"501\" data-end=\"504\" \/><strong data-start=\"504\" data-end=\"517\">Charakter:<\/strong> Frisch, sinnlich, strahlend, feurig, feminin<br data-start=\"569\" data-end=\"572\" \/><strong data-start=\"572\" data-end=\"588\">Pigmentierung:<\/strong> Licht (schimmernder Effekt auf der Haut)<br data-start=\"622\" data-end=\"625\" \/><strong data-start=\"625\" data-end=\"639\" data-is-only-node=\"\">Haltbarkeit:<\/strong> Mittel (3-5 Stunden)<br data-start=\"659\" data-end=\"662\" \/><strong data-start=\"662\" data-end=\"672\">Zug:<\/strong> Einfach<br data-start=\"679\" data-end=\"682\" \/><strong data-start=\"682\" data-end=\"697\">Zweck:<\/strong> F\u00fcr den t\u00e4glichen\/abendlichen Gebrauch<br data-start=\"735\" data-end=\"738\" \/><strong data-start=\"738\" data-end=\"753\">Jahreszeit:<\/strong> Fr\u00fchling \/ Sommer<br data-start=\"766\" data-end=\"769\" \/><strong data-start=\"769\" data-end=\"785\">Tageszeiten:<\/strong> Tag \/ Abend<br data-start=\"798\" data-end=\"801\" \/><strong data-start=\"801\" data-end=\"812\">Format:<\/strong> Gel (ohne Spray)<br data-start=\"829\" data-end=\"832\" \/><strong data-start=\"832\" data-end=\"843\">Status:<\/strong> Luxus \/ Markenikone<\/p>","protected":false},"featured_media":5907,"comment_status":"open","ping_status":"closed","template":"","meta":{"site-sidebar-layout":"default","site-content-layout":"","ast-site-content-layout":"default","site-content-style":"default","site-sidebar-style":"default","ast-global-header-display":"","ast-banner-title-visibility":"","ast-main-header-display":"","ast-hfb-above-header-display":"","ast-hfb-below-header-display":"","ast-hfb-mobile-header-display":"","site-post-title":"","ast-breadcrumbs-content":"","ast-featured-img":"","footer-sml-layout":"","ast-disable-related-posts":"","theme-transparent-header-meta":"default","adv-header-id-meta":"","stick-header-meta":"","header-above-stick-meta":"","header-main-stick-meta":"","header-below-stick-meta":"","astra-migrate-meta-layouts":"set","ast-page-background-enabled":"default","ast-page-background-meta":{"desktop":{"background-color":"var(--ast-global-color-4)","background-image":"","background-repeat":"repeat","background-position":"center center","background-size":"auto","background-attachment":"scroll","background-type":"","background-media":"","overlay-type":"","overlay-color":"","overlay-opacity":"","overlay-gradient":""},"tablet":{"background-color":"","background-image":"","background-repeat":"repeat","background-position":"center center","background-size":"auto","background-attachment":"scroll","background-type":"","background-media":"","overlay-type":"","overlay-color":"","overlay-opacity":"","overlay-gradient":""},"mobile":{"background-color":"","background-image":"","background-repeat":"repeat","background-position":"center center","background-size":"auto","background-attachment":"scroll","background-type":"","background-media":"","overlay-type":"","overlay-color":"","overlay-opacity":"","overlay-gradient":""}},"ast-content-background-meta":{"desktop":{"background-color":"var(--ast-global-color-5)","background-image":"","background-repeat":"repeat","background-position":"center center","background-size":"auto","background-attachment":"scroll","background-type":"","background-media":"","overlay-type":"","overlay-color":"","overlay-opacity":"","overlay-gradient":""},"tablet":{"background-color":"var(--ast-global-color-5)","background-image":"","background-repeat":"repeat","background-position":"center center","background-size":"auto","background-attachment":"scroll","background-type":"","background-media":"","overlay-type":"","overlay-color":"","overlay-opacity":"","overlay-gradient":""},"mobile":{"background-color":"var(--ast-global-color-5)","background-image":"","background-repeat":"repeat","background-position":"center center","background-size":"auto","background-attachment":"scroll","background-type":"","background-media":"","overlay-type":"","overlay-color":"","overlay-opacity":"","overlay-gradient":""}}},"product_brand":[],"product_cat":[162],"product_tag":[],"class_list":{"0":"post-5905","1":"product","2":"type-product","3":"status-publish","4":"has-post-thumbnail","6":"product_cat-aromaty-duhi","7":"desktop-align-left","8":"tablet-align-left","9":"mobile-align-left","11":"first","12":"instock","13":"sale","14":"taxable","15":"shipping-taxable","16":"purchasable","17":"product-type-variable"},"_links":{"self":[{"href":"https:\/\/by-aigul.de\/de\/wp-json\/wp\/v2\/product\/5905","targetHints":{"allow":["GET"]}}],"collection":[{"href":"https:\/\/by-aigul.de\/de\/wp-json\/wp\/v2\/product"}],"about":[{"href":"https:\/\/by-aigul.de\/de\/wp-json\/wp\/v2\/types\/product"}],"replies":[{"embeddable":true,"href":"https:\/\/by-aigul.de\/de\/wp-json\/wp\/v2\/comments?post=5905"}],"wp:featuredmedia":[{"embeddable":true,"href":"https:\/\/by-aigul.de\/de\/wp-json\/wp\/v2\/media\/5907"}],"wp:attachment":[{"href":"https:\/\/by-aigul.de\/de\/wp-json\/wp\/v2\/media?parent=5905"}],"wp:term":[{"taxonomy":"product_brand","embeddable":true,"href":"https:\/\/by-aigul.de\/de\/wp-json\/wp\/v2\/product_brand?post=5905"},{"taxonomy":"product_cat","embeddable":true,"href":"https:\/\/by-aigul.de\/de\/wp-json\/wp\/v2\/product_cat?post=5905"},{"taxonomy":"product_tag","embeddable":true,"href":"https:\/\/by-aigul.de\/de\/wp-json\/wp\/v2\/product_tag?post=5905"}],"curies":[{"name":"wp","href":"https:\/\/api.w.org\/{rel}","templated":true}]}}