{"id":5857,"date":"2026-04-12T14:23:07","date_gmt":"2026-04-12T14:23:07","guid":{"rendered":"https:\/\/by-aigul.de\/?post_type=product&#038;p=5857"},"modified":"2026-04-12T17:01:20","modified_gmt":"2026-04-12T17:01:20","slug":"chanel-coco-mademoiselle-pearly-body-gel","status":"publish","type":"product","link":"https:\/\/by-aigul.de\/de\/produkt\/chanel-coco-mademoiselle-pearly-body-gel\/","title":{"rendered":"CHANEL Coco Mademoiselle Pearly Body Gel"},"content":{"rendered":"<p>Ein erfrischendes, schimmerndes K\u00f6rpergel mit dem ikonischen Duft von Coco Mademoiselle \u2013 eine leichte, strahlende und sehr feminine Pflege f\u00fcr jeden Tag.<\/p>\n<p>Die zarte Geltextur erfrischt sofort, zieht schnell ein und hinterl\u00e4sst kein klebriges Gef\u00fchl. Sie verleiht der Haut einen zarten Perlmuttglanz, l\u00e4sst den K\u00f6rper wundersch\u00f6n erstrahlen und sorgt f\u00fcr ein gepflegtes, luxuri\u00f6ses Hautbild.<\/p>\n<p>Der Duft er\u00f6ffnet mit frischen Zitrusnoten, die in ein elegantes florales Herz und eine sanfte, warme Basis \u00fcbergehen. Ein leichter Hauch verweilt wie ein dezenter Schleier auf der Haut und unterstreicht den Stil.<\/p>","protected":false},"excerpt":{"rendered":"<p><strong><span class=\"font-semibold\" data-streamdown=\"strong\"><span dir=\"auto\">Duftfamilie:<\/span><\/span><\/strong><span dir=\"auto\">\u00a0Blumen-orientalisch<br \/>\n<\/span><span class=\"font-semibold\" data-streamdown=\"strong\"><span dir=\"auto\"><strong>Charakter<\/strong>:<\/span><\/span><span dir=\"auto\">\u00a0Frisch, sinnlich, strahlend, feurig, feminin<br \/>\n<\/span><span class=\"font-semibold\" data-streamdown=\"strong\"><span dir=\"auto\"><strong>Haltbarkeit<\/strong>:<\/span><\/span><span dir=\"auto\"> Mittel (3-5 Stunden)<br \/>\n<\/span><span class=\"font-semibold\" style=\"font-size: 16px;\" data-streamdown=\"strong\"><span dir=\"auto\"><strong>Zug<\/strong>:<\/span><\/span><span dir=\"auto\" style=\"font-size: 16px;\">\u00a0Einfach<br \/>\n<\/span><strong><span class=\"font-semibold\" data-streamdown=\"strong\"><span dir=\"auto\">Jahreszeit:<\/span><\/span><\/strong><span dir=\"auto\">\u00a0Fr\u00fchling \/ Sommer<br \/>\n<\/span><strong><span class=\"font-semibold\" data-streamdown=\"strong\"><span dir=\"auto\">Tageszeiten:<\/span><\/span><\/strong><span dir=\"auto\">\u00a0Tag \/ Abend<br \/>\n<\/span><span class=\"font-semibold\" data-streamdown=\"strong\"><span dir=\"auto\"><strong>Format<\/strong>:<\/span><\/span><span dir=\"auto\">\u00a0Gel (ohne Spray)<br \/>\n<\/span><span class=\"font-semibold\" data-streamdown=\"strong\"><span dir=\"auto\"><strong>Status<\/strong>:<\/span><\/span><span dir=\"auto\">\u00a0Luxus \/ Markenikone<br \/>\n<\/span><span class=\"font-semibold\" data-streamdown=\"strong\"><span dir=\"auto\"><strong>Anmerkungen<\/strong>:<\/span><\/span><span dir=\"auto\">\u00a0Orange \u00b7 Bergamotte \u00b7 Jasmin \u00b7 Mairose \u00b7 Patschuli \u00b7 Vetiver \u00b7 Wei\u00dfer Moschus - er\u00f6ffnet mit spritziger Orange und Bergamotte, entfaltet sich mit einer leichten Herznote aus Jasmin und Mairose und klingt auf der Haut mit raffinierten Noten von Patschuli, Vetiver und wei\u00dfem Moschus aus.<br \/>\n<\/span><span class=\"font-semibold\" data-streamdown=\"strong\"><span dir=\"auto\"><strong>Boden<\/strong>:<\/span><\/span><span dir=\"auto\">\u00a0Weiblich<\/span><\/p>","protected":false},"featured_media":5859,"comment_status":"open","ping_status":"closed","template":"","meta":{"site-sidebar-layout":"default","site-content-layout":"","ast-site-content-layout":"default","site-content-style":"default","site-sidebar-style":"default","ast-global-header-display":"","ast-banner-title-visibility":"","ast-main-header-display":"","ast-hfb-above-header-display":"","ast-hfb-below-header-display":"","ast-hfb-mobile-header-display":"","site-post-title":"","ast-breadcrumbs-content":"","ast-featured-img":"","footer-sml-layout":"","ast-disable-related-posts":"","theme-transparent-header-meta":"default","adv-header-id-meta":"","stick-header-meta":"","header-above-stick-meta":"","header-main-stick-meta":"","header-below-stick-meta":"","astra-migrate-meta-layouts":"set","ast-page-background-enabled":"default","ast-page-background-meta":{"desktop":{"background-color":"var(--ast-global-color-4)","background-image":"","background-repeat":"repeat","background-position":"center center","background-size":"auto","background-attachment":"scroll","background-type":"","background-media":"","overlay-type":"","overlay-color":"","overlay-opacity":"","overlay-gradient":""},"tablet":{"background-color":"","background-image":"","background-repeat":"repeat","background-position":"center center","background-size":"auto","background-attachment":"scroll","background-type":"","background-media":"","overlay-type":"","overlay-color":"","overlay-opacity":"","overlay-gradient":""},"mobile":{"background-color":"","background-image":"","background-repeat":"repeat","background-position":"center center","background-size":"auto","background-attachment":"scroll","background-type":"","background-media":"","overlay-type":"","overlay-color":"","overlay-opacity":"","overlay-gradient":""}},"ast-content-background-meta":{"desktop":{"background-color":"var(--ast-global-color-5)","background-image":"","background-repeat":"repeat","background-position":"center center","background-size":"auto","background-attachment":"scroll","background-type":"","background-media":"","overlay-type":"","overlay-color":"","overlay-opacity":"","overlay-gradient":""},"tablet":{"background-color":"var(--ast-global-color-5)","background-image":"","background-repeat":"repeat","background-position":"center center","background-size":"auto","background-attachment":"scroll","background-type":"","background-media":"","overlay-type":"","overlay-color":"","overlay-opacity":"","overlay-gradient":""},"mobile":{"background-color":"var(--ast-global-color-5)","background-image":"","background-repeat":"repeat","background-position":"center center","background-size":"auto","background-attachment":"scroll","background-type":"","background-media":"","overlay-type":"","overlay-color":"","overlay-opacity":"","overlay-gradient":""}}},"product_brand":[174],"product_cat":[162],"product_tag":[],"class_list":{"0":"post-5857","1":"product","2":"type-product","3":"status-publish","4":"has-post-thumbnail","6":"product_brand-chanel","7":"product_cat-aromaty-duhi","8":"desktop-align-left","9":"tablet-align-left","10":"mobile-align-left","12":"first","13":"instock","14":"sale","15":"taxable","16":"shipping-taxable","17":"purchasable","18":"product-type-variable"},"_links":{"self":[{"href":"https:\/\/by-aigul.de\/de\/wp-json\/wp\/v2\/product\/5857","targetHints":{"allow":["GET"]}}],"collection":[{"href":"https:\/\/by-aigul.de\/de\/wp-json\/wp\/v2\/product"}],"about":[{"href":"https:\/\/by-aigul.de\/de\/wp-json\/wp\/v2\/types\/product"}],"replies":[{"embeddable":true,"href":"https:\/\/by-aigul.de\/de\/wp-json\/wp\/v2\/comments?post=5857"}],"wp:featuredmedia":[{"embeddable":true,"href":"https:\/\/by-aigul.de\/de\/wp-json\/wp\/v2\/media\/5859"}],"wp:attachment":[{"href":"https:\/\/by-aigul.de\/de\/wp-json\/wp\/v2\/media?parent=5857"}],"wp:term":[{"taxonomy":"product_brand","embeddable":true,"href":"https:\/\/by-aigul.de\/de\/wp-json\/wp\/v2\/product_brand?post=5857"},{"taxonomy":"product_cat","embeddable":true,"href":"https:\/\/by-aigul.de\/de\/wp-json\/wp\/v2\/product_cat?post=5857"},{"taxonomy":"product_tag","embeddable":true,"href":"https:\/\/by-aigul.de\/de\/wp-json\/wp\/v2\/product_tag?post=5857"}],"curies":[{"name":"wp","href":"https:\/\/api.w.org\/{rel}","templated":true}]}}