{"id":5839,"date":"2026-04-12T12:38:16","date_gmt":"2026-04-12T12:38:16","guid":{"rendered":"https:\/\/by-aigul.de\/?post_type=product&#038;p=5839"},"modified":"2026-04-12T20:01:42","modified_gmt":"2026-04-12T20:01:42","slug":"atlantide-tiziana-terenzi-parfum","status":"publish","type":"product","link":"https:\/\/by-aigul.de\/de\/produkt\/atlantide-tiziana-terenzi-parfum\/","title":{"rendered":"Atlantide Tiziana Terenzi - Parfum"},"content":{"rendered":"<p><strong>Der legend\u00e4rste Duft von Tiziana Terenzi<\/strong><br \/>\n<strong>Jetzt zum Sonderpreis erh\u00e4ltlich<\/p>\n<p><\/strong>Atlantide ist ein luxuri\u00f6ser, lebendiger und absolut femininer Duft, der sich wie ein wahres Kunstwerk anf\u00fchlt. Er vereint wei\u00dfe Bl\u00fcten, saftige Fr\u00fcchte und einen Hauch von Frische und kreiert so eine luxuri\u00f6se, strahlende Duftspur.<\/p>\n<p>Schon in den ersten Sekunden entfalten sich exotische Passionsfrucht und Bergamotte \u2013 frisch, saftig und bet\u00f6rend. Die Herznoten von Tuberose, Narzisse und Rose verleihen dem Duft eine reichhaltige, blumige und wahrhaft feminine Note.<\/p>\n<p>Dieser Duft vermittelt sofort ein luxuri\u00f6ses Gef\u00fchl: Er umh\u00fcllt, erntet Komplimente und bleibt in Erinnerung.<\/p>","protected":false},"excerpt":{"rendered":"<p><span class=\"font-semibold\" data-streamdown=\"strong\"><span dir=\"auto\">Duftfamilie:<\/span><\/span><span dir=\"auto\">\u00a0Blumig-fruchtig<br \/>\n<\/span><span class=\"font-semibold\" data-streamdown=\"strong\"><span dir=\"auto\">Charakter:<\/span><\/span><span dir=\"auto\">\u00a0Luxuri\u00f6s, sinnlich, unvergesslich, exotisch, berauschend, unisex<br \/>\n<\/span><span class=\"font-semibold\" data-streamdown=\"strong\"><span dir=\"auto\">Haltbarkeit:<\/span><\/span><span dir=\"auto\">\u00a0Hoch (10+ Stunden)<br \/>\n<\/span><span class=\"font-semibold\" data-streamdown=\"strong\"><span dir=\"auto\">Zug:<\/span><\/span><span dir=\"auto\">\u00a0Sehr ausgepr\u00e4gt (5-6 Stunden aktive Projektion)<br \/>\n<\/span><span class=\"font-semibold\" data-streamdown=\"strong\"><span dir=\"auto\">Jahreszeit:<\/span><\/span><span dir=\"auto\">\u00a0Fr\u00fchling \/ Sommer \/ Herbst<br \/>\n<\/span><span class=\"font-semibold\" data-streamdown=\"strong\"><span dir=\"auto\">Tageszeiten:<\/span><\/span><span dir=\"auto\"> Abend \/ Besonderer Anlass<br \/>\n<\/span><span class=\"font-semibold\" data-streamdown=\"strong\"><span dir=\"auto\">Status:<\/span><\/span><span dir=\"auto\">\u00a0Ultra-Luxus-\/Nischenparf\u00fcmerie<br \/>\n<\/span><span class=\"font-semibold\" data-streamdown=\"strong\"><span dir=\"auto\">Anmerkungen:<\/span><\/span><span dir=\"auto\">\u00a0Kalabrische Bergamotte \u00b7 Passionsfrucht \u00b7 Tuberose \u00b7 Jasmin \u00b7 Ylang-Ylang \u00b7 Sandelholz \u00b7 Moschus \u00b7 Amber - er\u00f6ffnet mit spritziger kalabrischer Bergamotte und saftiger Passionsfrucht, entfaltet sich mit \u00fcppiger Tuberose, Jasmin und Ylang-Ylang und legt sich auf der Haut mit warmem Sandelholz, Amber und einh\u00fcllendem Moschus ab.<br \/>\n<\/span><span class=\"font-semibold\" data-streamdown=\"strong\"><span dir=\"auto\">Boden:<\/span><\/span><span dir=\"auto\">\u00a0Unisex\u00a0<\/span><\/p>","protected":false},"featured_media":5843,"comment_status":"open","ping_status":"closed","template":"","meta":{"site-sidebar-layout":"default","site-content-layout":"","ast-site-content-layout":"default","site-content-style":"default","site-sidebar-style":"default","ast-global-header-display":"","ast-banner-title-visibility":"","ast-main-header-display":"","ast-hfb-above-header-display":"","ast-hfb-below-header-display":"","ast-hfb-mobile-header-display":"","site-post-title":"","ast-breadcrumbs-content":"","ast-featured-img":"","footer-sml-layout":"","ast-disable-related-posts":"","theme-transparent-header-meta":"default","adv-header-id-meta":"","stick-header-meta":"","header-above-stick-meta":"","header-main-stick-meta":"","header-below-stick-meta":"","astra-migrate-meta-layouts":"set","ast-page-background-enabled":"default","ast-page-background-meta":{"desktop":{"background-color":"var(--ast-global-color-4)","background-image":"","background-repeat":"repeat","background-position":"center center","background-size":"auto","background-attachment":"scroll","background-type":"","background-media":"","overlay-type":"","overlay-color":"","overlay-opacity":"","overlay-gradient":""},"tablet":{"background-color":"","background-image":"","background-repeat":"repeat","background-position":"center center","background-size":"auto","background-attachment":"scroll","background-type":"","background-media":"","overlay-type":"","overlay-color":"","overlay-opacity":"","overlay-gradient":""},"mobile":{"background-color":"","background-image":"","background-repeat":"repeat","background-position":"center center","background-size":"auto","background-attachment":"scroll","background-type":"","background-media":"","overlay-type":"","overlay-color":"","overlay-opacity":"","overlay-gradient":""}},"ast-content-background-meta":{"desktop":{"background-color":"var(--ast-global-color-5)","background-image":"","background-repeat":"repeat","background-position":"center center","background-size":"auto","background-attachment":"scroll","background-type":"","background-media":"","overlay-type":"","overlay-color":"","overlay-opacity":"","overlay-gradient":""},"tablet":{"background-color":"var(--ast-global-color-5)","background-image":"","background-repeat":"repeat","background-position":"center center","background-size":"auto","background-attachment":"scroll","background-type":"","background-media":"","overlay-type":"","overlay-color":"","overlay-opacity":"","overlay-gradient":""},"mobile":{"background-color":"var(--ast-global-color-5)","background-image":"","background-repeat":"repeat","background-position":"center center","background-size":"auto","background-attachment":"scroll","background-type":"","background-media":"","overlay-type":"","overlay-color":"","overlay-opacity":"","overlay-gradient":""}}},"product_brand":[170],"product_cat":[162],"product_tag":[],"class_list":{"0":"post-5839","1":"product","2":"type-product","3":"status-publish","4":"has-post-thumbnail","6":"product_brand-tiziana-terenzi","7":"product_cat-aromaty-duhi","8":"desktop-align-left","9":"tablet-align-left","10":"mobile-align-left","12":"first","13":"instock","14":"sale","15":"taxable","16":"shipping-taxable","17":"purchasable","18":"product-type-variable"},"_links":{"self":[{"href":"https:\/\/by-aigul.de\/de\/wp-json\/wp\/v2\/product\/5839","targetHints":{"allow":["GET"]}}],"collection":[{"href":"https:\/\/by-aigul.de\/de\/wp-json\/wp\/v2\/product"}],"about":[{"href":"https:\/\/by-aigul.de\/de\/wp-json\/wp\/v2\/types\/product"}],"replies":[{"embeddable":true,"href":"https:\/\/by-aigul.de\/de\/wp-json\/wp\/v2\/comments?post=5839"}],"wp:featuredmedia":[{"embeddable":true,"href":"https:\/\/by-aigul.de\/de\/wp-json\/wp\/v2\/media\/5843"}],"wp:attachment":[{"href":"https:\/\/by-aigul.de\/de\/wp-json\/wp\/v2\/media?parent=5839"}],"wp:term":[{"taxonomy":"product_brand","embeddable":true,"href":"https:\/\/by-aigul.de\/de\/wp-json\/wp\/v2\/product_brand?post=5839"},{"taxonomy":"product_cat","embeddable":true,"href":"https:\/\/by-aigul.de\/de\/wp-json\/wp\/v2\/product_cat?post=5839"},{"taxonomy":"product_tag","embeddable":true,"href":"https:\/\/by-aigul.de\/de\/wp-json\/wp\/v2\/product_tag?post=5839"}],"curies":[{"name":"wp","href":"https:\/\/api.w.org\/{rel}","templated":true}]}}