{"id":5821,"date":"2026-04-12T12:10:08","date_gmt":"2026-04-12T12:10:08","guid":{"rendered":"https:\/\/by-aigul.de\/?post_type=product&#038;p=5821"},"modified":"2026-04-12T12:10:32","modified_gmt":"2026-04-12T12:10:32","slug":"duftfamilie-leder-grun-charakter-kraftig-animalisch-geheimnisvoll-metallisch-provokativ-unisex-haltbarkeit-hoch-8-stunden-duftspur-ausgepragt-jahreszeit-herbst-winter","status":"publish","type":"product","link":"https:\/\/by-aigul.de\/de\/produkt\/duftfamilie-leder-grun-charakter-kraftig-animalisch-geheimnisvoll-metallisch-provokativ-unisex-haltbarkeit-hoch-8-stunden-duftspur-ausgepragt-jahreszeit-herbst-winter\/","title":{"rendered":"Filippo Sorcinelli But Not Today Extrait de Parfum"},"content":{"rendered":"<p><strong>LAGERWARE, OHNE VERPACKUNG UND OHNE DECKEL!<\/strong><\/p>\n<p><strong>Aber nicht heute<\/strong> Ein komplexer, tiefgr\u00fcndiger Foug\u00e8re-Amber-Duft mit krautigen, holzigen und moschusartigen Untert\u00f6nen, der eine atmosph\u00e4rische und einzigartige Duftnote kreiert. Die Kopfnote er\u00f6ffnet mit frischen Zitrusnoten von Zitrone und Bergamotte, erg\u00e4nzt durch Lavendel und Wermut, die einen gr\u00fcnen und leicht herben Auftakt bilden. Die Herznote besticht durch w\u00fcrzige und aromatische Akzente von Rosmarin, Kalmus und harzigen Noten, die der Komposition Tiefe und Charakter verleihen. Die Basisnote aus Moschus, Amber, Eichenmoos, Sandelholz und Harzen bildet eine dichte, warme und langanhaltende Duftspur.<\/p>\n<p>Dieser au\u00dfergew\u00f6hnliche, konzeptionelle Duft hat eine ganz eigene Pers\u00f6nlichkeit \u2013 er ist ungew\u00f6hnlich, leicht provokant und definitiv anders als alle anderen. Er ist perfekt f\u00fcr alle, die nach unkonventionellen Kompositionen mit Charakter und Tiefe suchen. Am besten entfaltet er sich bei k\u00fchlem Wetter und am Abend.<\/p>","protected":false},"excerpt":{"rendered":"<p><span class=\"font-semibold\" data-streamdown=\"strong\"><span dir=\"auto\">Duftfamilie:<\/span><\/span><span dir=\"auto\">\u00a0Ledergr\u00fcn<br \/>\n<\/span><span class=\"font-semibold\" data-streamdown=\"strong\"><span dir=\"auto\">Charakter:<\/span><\/span><span dir=\"auto\">\u00a0K\u00fchn, animalisch, geheimnisvoll, metallisch, provokant, unisex<br \/>\n<\/span><span class=\"font-semibold\" data-streamdown=\"strong\"><span dir=\"auto\">Haltbarkeit:<\/span><\/span><span dir=\"auto\">\u00a0Hoch (8+ Stunden)<br \/>\n<\/span><span class=\"font-semibold\" data-streamdown=\"strong\"><span dir=\"auto\">Zug:<\/span><\/span><span dir=\"auto\">\u00a0Ausgedr\u00fcckt<br \/>\n<\/span><span class=\"font-semibold\" data-streamdown=\"strong\"><span dir=\"auto\">Jahreszeit:<\/span><\/span><span dir=\"auto\">\u00a0Herbst \/ Winter<br \/>\n<\/span><span class=\"font-semibold\" data-streamdown=\"strong\"><span dir=\"auto\">Tageszeiten:<\/span><\/span><span dir=\"auto\"> Abend \/ Besonderer Anlass<\/span><span dir=\"auto\"><br \/>\n<\/span><span class=\"font-semibold\" data-streamdown=\"strong\"><span dir=\"auto\">Status:<\/span><\/span><span dir=\"auto\">\u00a0Avantgarde-Nischenparf\u00fcmerie<br \/>\n<\/span><span class=\"font-semibold\" data-streamdown=\"strong\"><span dir=\"auto\">Anmerkungen:<\/span><\/span><span dir=\"auto\">\u00a0Bergamotte \u00b7 Wermut \u00b7 Lavendel \u00b7 Zitrone \u00b7 Kalmus \u00b7 Styrax \u00b7 Rosmarin \u00b7 Cascarilla \u00b7 Engelwurz \u00b7 Eichenmoos \u00b7 Galbanum \u00b7 Sandelholz \u00b7 Moschus - Er\u00f6ffnet mit pl\u00f6tzlichem Wermut und Zitrusfr\u00fcchten mit rauchigem Styrax, entfaltet sich mit w\u00fcrzigem Rosmarin und bitterer Cascarilla, setzt sich auf der Haut mit moosiger Eiche, Galbanum und warmem Sandelholz ab.<br \/>\n<\/span><span class=\"font-semibold\" data-streamdown=\"strong\"><span dir=\"auto\">Boden:<\/span><\/span><span dir=\"auto\">\u00a0Unisex<\/span><\/p>","protected":false},"featured_media":5824,"comment_status":"open","ping_status":"closed","template":"","meta":{"site-sidebar-layout":"default","site-content-layout":"","ast-site-content-layout":"default","site-content-style":"default","site-sidebar-style":"default","ast-global-header-display":"","ast-banner-title-visibility":"","ast-main-header-display":"","ast-hfb-above-header-display":"","ast-hfb-below-header-display":"","ast-hfb-mobile-header-display":"","site-post-title":"","ast-breadcrumbs-content":"","ast-featured-img":"","footer-sml-layout":"","ast-disable-related-posts":"","theme-transparent-header-meta":"default","adv-header-id-meta":"","stick-header-meta":"","header-above-stick-meta":"","header-main-stick-meta":"","header-below-stick-meta":"","astra-migrate-meta-layouts":"set","ast-page-background-enabled":"default","ast-page-background-meta":{"desktop":{"background-color":"var(--ast-global-color-4)","background-image":"","background-repeat":"repeat","background-position":"center center","background-size":"auto","background-attachment":"scroll","background-type":"","background-media":"","overlay-type":"","overlay-color":"","overlay-opacity":"","overlay-gradient":""},"tablet":{"background-color":"","background-image":"","background-repeat":"repeat","background-position":"center center","background-size":"auto","background-attachment":"scroll","background-type":"","background-media":"","overlay-type":"","overlay-color":"","overlay-opacity":"","overlay-gradient":""},"mobile":{"background-color":"","background-image":"","background-repeat":"repeat","background-position":"center center","background-size":"auto","background-attachment":"scroll","background-type":"","background-media":"","overlay-type":"","overlay-color":"","overlay-opacity":"","overlay-gradient":""}},"ast-content-background-meta":{"desktop":{"background-color":"var(--ast-global-color-5)","background-image":"","background-repeat":"repeat","background-position":"center center","background-size":"auto","background-attachment":"scroll","background-type":"","background-media":"","overlay-type":"","overlay-color":"","overlay-opacity":"","overlay-gradient":""},"tablet":{"background-color":"var(--ast-global-color-5)","background-image":"","background-repeat":"repeat","background-position":"center center","background-size":"auto","background-attachment":"scroll","background-type":"","background-media":"","overlay-type":"","overlay-color":"","overlay-opacity":"","overlay-gradient":""},"mobile":{"background-color":"var(--ast-global-color-5)","background-image":"","background-repeat":"repeat","background-position":"center center","background-size":"auto","background-attachment":"scroll","background-type":"","background-media":"","overlay-type":"","overlay-color":"","overlay-opacity":"","overlay-gradient":""}}},"product_brand":[456],"product_cat":[162],"product_tag":[],"class_list":{"0":"post-5821","1":"product","2":"type-product","3":"status-publish","4":"has-post-thumbnail","6":"product_brand-filippo-sorcinelli","7":"product_cat-aromaty-duhi","8":"desktop-align-left","9":"tablet-align-left","10":"mobile-align-left","12":"first","13":"instock","14":"sale","15":"taxable","16":"shipping-taxable","17":"purchasable","18":"product-type-variable"},"_links":{"self":[{"href":"https:\/\/by-aigul.de\/de\/wp-json\/wp\/v2\/product\/5821","targetHints":{"allow":["GET"]}}],"collection":[{"href":"https:\/\/by-aigul.de\/de\/wp-json\/wp\/v2\/product"}],"about":[{"href":"https:\/\/by-aigul.de\/de\/wp-json\/wp\/v2\/types\/product"}],"replies":[{"embeddable":true,"href":"https:\/\/by-aigul.de\/de\/wp-json\/wp\/v2\/comments?post=5821"}],"wp:featuredmedia":[{"embeddable":true,"href":"https:\/\/by-aigul.de\/de\/wp-json\/wp\/v2\/media\/5824"}],"wp:attachment":[{"href":"https:\/\/by-aigul.de\/de\/wp-json\/wp\/v2\/media?parent=5821"}],"wp:term":[{"taxonomy":"product_brand","embeddable":true,"href":"https:\/\/by-aigul.de\/de\/wp-json\/wp\/v2\/product_brand?post=5821"},{"taxonomy":"product_cat","embeddable":true,"href":"https:\/\/by-aigul.de\/de\/wp-json\/wp\/v2\/product_cat?post=5821"},{"taxonomy":"product_tag","embeddable":true,"href":"https:\/\/by-aigul.de\/de\/wp-json\/wp\/v2\/product_tag?post=5821"}],"curies":[{"name":"wp","href":"https:\/\/api.w.org\/{rel}","templated":true}]}}