{"id":5795,"date":"2026-04-12T10:57:37","date_gmt":"2026-04-12T10:57:37","guid":{"rendered":"https:\/\/by-aigul.de\/?post_type=product&#038;p=5795"},"modified":"2026-04-12T10:57:38","modified_gmt":"2026-04-12T10:57:38","slug":"amouage-odyssey-search-eau-de-parfum","status":"publish","type":"product","link":"https:\/\/by-aigul.de\/de\/produkt\/amouage-odyssey-search-eau-de-parfum\/","title":{"rendered":"Amouage Odyssey Search Eau de Parfum"},"content":{"rendered":"<p><strong>Erh\u00e4ltlich in Originalverpackung.<\/strong><\/p>\n<p><strong>Amouage-Suche<\/strong> Ein lebendiger Zitrus-Foug\u00e8re-Duft mit w\u00fcrzigen und holzigen Nuancen, der Frische, Energie und Dynamik verstr\u00f6mt. Die Komposition er\u00f6ffnet mit saftigen Noten von Limette, Zitrone und Mandarine und sorgt f\u00fcr einen klaren, spritzigen Auftakt. Die Herznote entfaltet sich mit Weihrauch, Elemi und schwarzem Pfeffer und verleiht dem Duft w\u00fcrzige Tiefe und eine subtile, harzige W\u00e4rme. Die Basisnote aus Wacholder, Vetiver und holzigen Akkorden kreiert einen trockenen, edlen und langanhaltenden Duft.<\/p>\n<p>Dieser moderne, dynamische Duft besticht durch seinen Charakter \u2013 frisch, aber nicht banal, mit Tiefe und Struktur. Er ist perfekt f\u00fcr alle, die klare, belebende Kompositionen mit einem besonderen Charakter sch\u00e4tzen und durch Qualit\u00e4t statt durch Quantit\u00e4t \u00fcberzeugen m\u00f6chten. Ideal f\u00fcr den Alltag, das Business und einen aktiven Lebensstil.<\/p>","protected":false},"excerpt":{"rendered":"<p><span class=\"font-semibold\" data-streamdown=\"strong\"><span dir=\"auto\"><strong>Duftfamilie<\/strong>:<\/span><\/span><span dir=\"auto\">\u00a0Zitrusartig-holzig<br \/>\n<\/span><span class=\"font-semibold\" data-streamdown=\"strong\"><span dir=\"auto\"><strong>Charakter<\/strong>:<\/span><\/span><span dir=\"auto\">\u00a0Strahlend, harzig, rauchig, kr\u00e4ftig, intensiv, unisex<br \/>\n<\/span><span class=\"font-semibold\" data-streamdown=\"strong\"><span dir=\"auto\"><strong>Haltbarkeit<\/strong>:<\/span><\/span><span dir=\"auto\">\u00a0Hoch (8\u201312+ Stunden)<br \/>\n<\/span><span class=\"font-semibold\" data-streamdown=\"strong\"><span dir=\"auto\"><strong>Zug<\/strong>:<\/span><\/span><span dir=\"auto\">\u00a0Ausgedr\u00fcckt<br \/>\n<\/span><span class=\"font-semibold\" data-streamdown=\"strong\"><span dir=\"auto\"><strong>Jahreszeit<\/strong>:<\/span><\/span><span dir=\"auto\">\u00a0Herbst \/ Winter \/ Alle Jahreszeiten<br \/>\n<\/span><span class=\"font-semibold\" data-streamdown=\"strong\"><span dir=\"auto\"><strong>Tageszeiten<\/strong>:<\/span><\/span><span dir=\"auto\"> Tag \/ Abend<br \/>\n<\/span><span class=\"font-semibold\" data-streamdown=\"strong\"><span dir=\"auto\"><strong>Status<\/strong>:<\/span><\/span><span dir=\"auto\">\u00a0Nischen-Luxusparf\u00fcmerie<br \/>\n<\/span><span class=\"font-semibold\" data-streamdown=\"strong\"><span dir=\"auto\"><strong>Anmerkungen<\/strong>:<\/span><\/span><span dir=\"auto\">\u00a0Limette Zitrone Vetiver Guajakholz Cade\u00f6l Weihrauch Moschus - Er\u00f6ffnet mit einem Hauch von Limette und Zitrone, entfaltet sich mit harzigem Weihrauch und rauchigem Guajakholz und legt sich von innen auf die Haut mit Vetiver und warmem Cade\u00f6l.<br \/>\n<\/span><span class=\"font-semibold\" data-streamdown=\"strong\"><span dir=\"auto\"><strong>Boden<\/strong>:<\/span><\/span><span dir=\"auto\">\u00a0Unisex<\/span><\/p>","protected":false},"featured_media":5798,"comment_status":"open","ping_status":"closed","template":"","meta":{"site-sidebar-layout":"default","site-content-layout":"","ast-site-content-layout":"default","site-content-style":"default","site-sidebar-style":"default","ast-global-header-display":"","ast-banner-title-visibility":"","ast-main-header-display":"","ast-hfb-above-header-display":"","ast-hfb-below-header-display":"","ast-hfb-mobile-header-display":"","site-post-title":"","ast-breadcrumbs-content":"","ast-featured-img":"","footer-sml-layout":"","theme-transparent-header-meta":"default","adv-header-id-meta":"","stick-header-meta":"","header-above-stick-meta":"","header-main-stick-meta":"","header-below-stick-meta":"","astra-migrate-meta-layouts":"set","ast-page-background-enabled":"default","ast-page-background-meta":{"desktop":{"background-color":"var(--ast-global-color-4)","background-image":"","background-repeat":"repeat","background-position":"center center","background-size":"auto","background-attachment":"scroll","background-type":"","background-media":"","overlay-type":"","overlay-color":"","overlay-opacity":"","overlay-gradient":""},"tablet":{"background-color":"","background-image":"","background-repeat":"repeat","background-position":"center center","background-size":"auto","background-attachment":"scroll","background-type":"","background-media":"","overlay-type":"","overlay-color":"","overlay-opacity":"","overlay-gradient":""},"mobile":{"background-color":"","background-image":"","background-repeat":"repeat","background-position":"center center","background-size":"auto","background-attachment":"scroll","background-type":"","background-media":"","overlay-type":"","overlay-color":"","overlay-opacity":"","overlay-gradient":""}},"ast-content-background-meta":{"desktop":{"background-color":"var(--ast-global-color-5)","background-image":"","background-repeat":"repeat","background-position":"center center","background-size":"auto","background-attachment":"scroll","background-type":"","background-media":"","overlay-type":"","overlay-color":"","overlay-opacity":"","overlay-gradient":""},"tablet":{"background-color":"var(--ast-global-color-5)","background-image":"","background-repeat":"repeat","background-position":"center center","background-size":"auto","background-attachment":"scroll","background-type":"","background-media":"","overlay-type":"","overlay-color":"","overlay-opacity":"","overlay-gradient":""},"mobile":{"background-color":"var(--ast-global-color-5)","background-image":"","background-repeat":"repeat","background-position":"center center","background-size":"auto","background-attachment":"scroll","background-type":"","background-media":"","overlay-type":"","overlay-color":"","overlay-opacity":"","overlay-gradient":""}}},"product_brand":[455],"product_cat":[162],"product_tag":[],"class_list":{"0":"post-5795","1":"product","2":"type-product","3":"status-publish","4":"has-post-thumbnail","6":"product_brand-amouage","7":"product_cat-aromaty-duhi","8":"desktop-align-left","9":"tablet-align-left","10":"mobile-align-left","12":"first","13":"instock","14":"sale","15":"taxable","16":"shipping-taxable","17":"purchasable","18":"product-type-variable"},"_links":{"self":[{"href":"https:\/\/by-aigul.de\/de\/wp-json\/wp\/v2\/product\/5795","targetHints":{"allow":["GET"]}}],"collection":[{"href":"https:\/\/by-aigul.de\/de\/wp-json\/wp\/v2\/product"}],"about":[{"href":"https:\/\/by-aigul.de\/de\/wp-json\/wp\/v2\/types\/product"}],"replies":[{"embeddable":true,"href":"https:\/\/by-aigul.de\/de\/wp-json\/wp\/v2\/comments?post=5795"}],"wp:featuredmedia":[{"embeddable":true,"href":"https:\/\/by-aigul.de\/de\/wp-json\/wp\/v2\/media\/5798"}],"wp:attachment":[{"href":"https:\/\/by-aigul.de\/de\/wp-json\/wp\/v2\/media?parent=5795"}],"wp:term":[{"taxonomy":"product_brand","embeddable":true,"href":"https:\/\/by-aigul.de\/de\/wp-json\/wp\/v2\/product_brand?post=5795"},{"taxonomy":"product_cat","embeddable":true,"href":"https:\/\/by-aigul.de\/de\/wp-json\/wp\/v2\/product_cat?post=5795"},{"taxonomy":"product_tag","embeddable":true,"href":"https:\/\/by-aigul.de\/de\/wp-json\/wp\/v2\/product_tag?post=5795"}],"curies":[{"name":"wp","href":"https:\/\/api.w.org\/{rel}","templated":true}]}}