{"id":5780,"date":"2026-04-12T10:32:17","date_gmt":"2026-04-12T10:32:17","guid":{"rendered":"https:\/\/by-aigul.de\/?post_type=product&#038;p=5780"},"modified":"2026-04-12T10:32:17","modified_gmt":"2026-04-12T10:32:17","slug":"amouage-epische-frau","status":"publish","type":"product","link":"https:\/\/by-aigul.de\/de\/produkt\/amouage-epische-frau\/","title":{"rendered":"Amouage Epische Frau"},"content":{"rendered":"<p>Erh\u00e4ltlich in Originalverpackung.<\/p>\n<p><strong>Epische Frau<\/strong> Dies ist nicht einfach nur ein Duft; es ist eine Atmosph\u00e4re von Kraft, Tiefe und Geheimnis. Er entfaltet sich wie eine opulente orientalische Erz\u00e4hlung: zun\u00e4chst w\u00fcrzig und frisch, dann sanft in luxuri\u00f6se Rosen- und warme, holzig-oudartige Noten \u00fcbergehend.<\/p>\n<p>Der Duft ist opulent, opulent und sehr edel. Er ist nicht f\u00fcr jeden Tag geeignet \u2013 er ist f\u00fcr Momente, in denen man Eindruck machen, in Erinnerung bleiben und einen bleibenden Eindruck hinterlassen m\u00f6chte.<\/p>\n<p>Ideal f\u00fcr alle, die komplexe, tiefgr\u00fcndige und leicht dramatische Kompositionen mit Charakter lieben.<\/p>","protected":false},"excerpt":{"rendered":"<p><span class=\"font-semibold\" data-streamdown=\"strong\"><span dir=\"auto\"><strong>Duftfamilie<\/strong>:<\/span><\/span><span dir=\"auto\">\u00a0\u00f6stliche Gew\u00fcrze\u00a0<\/span><span class=\"font-semibold\" data-streamdown=\"strong\"><span dir=\"auto\">Charakter:<\/span><\/span><span dir=\"auto\">\u00a0Luxuri\u00f6s, sinnlich, w\u00fcrzig, tiefgr\u00fcndig, exotisch, feminin<br \/>\n<\/span><span class=\"font-semibold\" data-streamdown=\"strong\"><span dir=\"auto\"><strong>Haltbarkeit<\/strong>:<\/span><\/span><span dir=\"auto\">\u00a0Hoch (12\u201314+ Stunden)<br \/>\n<\/span><span class=\"font-semibold\" data-streamdown=\"strong\"><span dir=\"auto\"><strong>Zug<\/strong>:<\/span><\/span><span dir=\"auto\">\u00a0Ausgedr\u00fcckt<br \/>\n<\/span><strong><span class=\"font-semibold\" data-streamdown=\"strong\"><span dir=\"auto\">Jahreszeit:<\/span><\/span><\/strong><span dir=\"auto\"><strong>\u00a0<\/strong>Herbst \/ Winter<br \/>\n<\/span><strong><span class=\"font-semibold\" data-streamdown=\"strong\"><span dir=\"auto\">Zeit:<\/span><\/span><\/strong><span dir=\"auto\"><strong>\u00a0<\/strong>Abend \/ Besonderer Anlass<br \/>\n<\/span><strong><span class=\"font-semibold\" data-streamdown=\"strong\"><span dir=\"auto\">Format:<\/span><\/span><\/strong><span dir=\"auto\"><strong>\u00a0<\/strong>Spray<br \/>\n<\/span><strong><span class=\"font-semibold\" data-streamdown=\"strong\"><span dir=\"auto\">Status:<\/span><\/span><\/strong><span dir=\"auto\">\u00a0Nischen-Luxusparf\u00fcmerie<br \/>\n<\/span><strong><span class=\"font-semibold\" data-streamdown=\"strong\"><span dir=\"auto\">Anmerkungen:<\/span><\/span><\/strong><span dir=\"auto\">\u00a0Kreuzk\u00fcmmel \u00b7 Zimt \u00b7 Rosa Oleander \u00b7 Rose \u00b7 Jasmin \u00b7 Tee \u00b7 Oud \u00b7 Sandelholz \u00b7 Weihrauch \u00b7 Moschus \u00b7 Amber - er\u00f6ffnet mit warmem Kreuzk\u00fcmmel und warmem Zimt, er\u00f6ffnet mit einer Teebasis, er\u00f6ffnet mit Rose und Jasmin, m\u00fcndet in die Tiefen von Oud, Weihrauch und warmem Amber.<br \/>\n<\/span><strong><span class=\"font-semibold\" data-streamdown=\"strong\"><span dir=\"auto\">Boden:<\/span><\/span><\/strong><span dir=\"auto\"><strong>\u00a0<\/strong>Weiblich<\/span><\/p>","protected":false},"featured_media":5787,"comment_status":"open","ping_status":"closed","template":"","meta":{"site-sidebar-layout":"default","site-content-layout":"","ast-site-content-layout":"default","site-content-style":"default","site-sidebar-style":"default","ast-global-header-display":"","ast-banner-title-visibility":"","ast-main-header-display":"","ast-hfb-above-header-display":"","ast-hfb-below-header-display":"","ast-hfb-mobile-header-display":"","site-post-title":"","ast-breadcrumbs-content":"","ast-featured-img":"","footer-sml-layout":"","theme-transparent-header-meta":"default","adv-header-id-meta":"","stick-header-meta":"","header-above-stick-meta":"","header-main-stick-meta":"","header-below-stick-meta":"","astra-migrate-meta-layouts":"set","ast-page-background-enabled":"default","ast-page-background-meta":{"desktop":{"background-color":"var(--ast-global-color-4)","background-image":"","background-repeat":"repeat","background-position":"center center","background-size":"auto","background-attachment":"scroll","background-type":"","background-media":"","overlay-type":"","overlay-color":"","overlay-opacity":"","overlay-gradient":""},"tablet":{"background-color":"","background-image":"","background-repeat":"repeat","background-position":"center center","background-size":"auto","background-attachment":"scroll","background-type":"","background-media":"","overlay-type":"","overlay-color":"","overlay-opacity":"","overlay-gradient":""},"mobile":{"background-color":"","background-image":"","background-repeat":"repeat","background-position":"center center","background-size":"auto","background-attachment":"scroll","background-type":"","background-media":"","overlay-type":"","overlay-color":"","overlay-opacity":"","overlay-gradient":""}},"ast-content-background-meta":{"desktop":{"background-color":"var(--ast-global-color-5)","background-image":"","background-repeat":"repeat","background-position":"center center","background-size":"auto","background-attachment":"scroll","background-type":"","background-media":"","overlay-type":"","overlay-color":"","overlay-opacity":"","overlay-gradient":""},"tablet":{"background-color":"var(--ast-global-color-5)","background-image":"","background-repeat":"repeat","background-position":"center center","background-size":"auto","background-attachment":"scroll","background-type":"","background-media":"","overlay-type":"","overlay-color":"","overlay-opacity":"","overlay-gradient":""},"mobile":{"background-color":"var(--ast-global-color-5)","background-image":"","background-repeat":"repeat","background-position":"center center","background-size":"auto","background-attachment":"scroll","background-type":"","background-media":"","overlay-type":"","overlay-color":"","overlay-opacity":"","overlay-gradient":""}}},"product_brand":[455],"product_cat":[162],"product_tag":[],"class_list":{"0":"post-5780","1":"product","2":"type-product","3":"status-publish","4":"has-post-thumbnail","6":"product_brand-amouage","7":"product_cat-aromaty-duhi","8":"desktop-align-left","9":"tablet-align-left","10":"mobile-align-left","12":"first","13":"instock","14":"sale","15":"taxable","16":"shipping-taxable","17":"purchasable","18":"product-type-variable"},"_links":{"self":[{"href":"https:\/\/by-aigul.de\/de\/wp-json\/wp\/v2\/product\/5780","targetHints":{"allow":["GET"]}}],"collection":[{"href":"https:\/\/by-aigul.de\/de\/wp-json\/wp\/v2\/product"}],"about":[{"href":"https:\/\/by-aigul.de\/de\/wp-json\/wp\/v2\/types\/product"}],"replies":[{"embeddable":true,"href":"https:\/\/by-aigul.de\/de\/wp-json\/wp\/v2\/comments?post=5780"}],"wp:featuredmedia":[{"embeddable":true,"href":"https:\/\/by-aigul.de\/de\/wp-json\/wp\/v2\/media\/5787"}],"wp:attachment":[{"href":"https:\/\/by-aigul.de\/de\/wp-json\/wp\/v2\/media?parent=5780"}],"wp:term":[{"taxonomy":"product_brand","embeddable":true,"href":"https:\/\/by-aigul.de\/de\/wp-json\/wp\/v2\/product_brand?post=5780"},{"taxonomy":"product_cat","embeddable":true,"href":"https:\/\/by-aigul.de\/de\/wp-json\/wp\/v2\/product_cat?post=5780"},{"taxonomy":"product_tag","embeddable":true,"href":"https:\/\/by-aigul.de\/de\/wp-json\/wp\/v2\/product_tag?post=5780"}],"curies":[{"name":"wp","href":"https:\/\/api.w.org\/{rel}","templated":true}]}}