{"id":5726,"date":"2026-04-01T18:34:22","date_gmt":"2026-04-01T18:34:22","guid":{"rendered":"https:\/\/by-aigul.de\/?post_type=product&#038;p=5726"},"modified":"2026-04-01T18:34:23","modified_gmt":"2026-04-01T18:34:23","slug":"yves-saint-laurent-und-elixir","status":"publish","type":"product","link":"https:\/\/by-aigul.de\/de\/produkt\/yves-saint-laurent-und-elixir\/","title":{"rendered":"Yves Saint Laurent Y Elixir"},"content":{"rendered":"<section class=\"text-token-text-primary w-full focus:outline-none [--shadow-height:45px] has-data-writing-block:pointer-events-none has-data-writing-block:-mt-(--shadow-height) has-data-writing-block:pt-(--shadow-height) [&amp;:has([data-writing-block])&gt;*]:pointer-events-auto scroll-mt-(--header-height)\" dir=\"auto\" data-turn-id=\"86961030-5239-4760-8590-56dcf6afe5d3\" data-testid=\"conversation-turn-272\" data-scroll-anchor=\"false\" data-turn=\"user\"><\/section>\n<section class=\"text-token-text-primary w-full focus:outline-none [--shadow-height:45px] has-data-writing-block:pointer-events-none has-data-writing-block:-mt-(--shadow-height) has-data-writing-block:pt-(--shadow-height) [&amp;:has([data-writing-block])&gt;*]:pointer-events-auto scroll-mt-[calc(var(--header-height)+min(200px,max(70px,20svh)))]\" dir=\"auto\" data-turn-id=\"request-69c292c7-ea94-8395-8cd3-10f628564a2d-8\" data-testid=\"conversation-turn-273\" data-scroll-anchor=\"true\" data-turn=\"assistant\">\n<div class=\"text-base my-auto mx-auto pb-10 [--thread-content-margin:var(--thread-content-margin-xs,calc(var(--spacing)*4))] @w-sm\/main:[--thread-content-margin:var(--thread-content-margin-sm,calc(var(--spacing)*6))] @w-lg\/main:[--thread-content-margin:var(--thread-content-margin-lg,calc(var(--spacing)*16))] px-(--thread-content-margin)\">\n<div class=\"[--thread-content-max-width:40rem] @w-lg\/main:[--thread-content-max-width:48rem] mx-auto max-w-(--thread-content-max-width) flex-1 group\/turn-messages focus-visible:outline-hidden relative flex w-full min-w-0 flex-col agent-turn\">\n<div class=\"flex max-w-full flex-col gap-4 grow\">\n<div class=\"min-h-8 text-message relative flex w-full flex-col items-end gap-2 text-start break-words whitespace-normal outline-none keyboard-focused:focus-ring [.text-message+&amp;]:mt-1\" dir=\"auto\" tabindex=\"0\" data-message-author-role=\"assistant\" data-message-id=\"0080b33d-a0bc-4b67-9de2-0723841e0abe\" data-message-model-slug=\"gpt-5-4-thinking\" data-turn-start-message=\"true\">\n<div class=\"flex w-full flex-col gap-1 empty:hidden\">\n<div class=\"markdown prose dark:prose-invert w-full wrap-break-word light markdown-new-styling\">\n<p data-start=\"0\" data-end=\"287\"><strong data-start=\"0\" data-end=\"31\">Yves Saint Laurent Y Elixir<\/strong> Ein tiefgr\u00fcndiger, intensiver und charismatischer Herrenduft mit modernem, prestigetr\u00e4chtigem Charakter. Kraftvoll, elegant und wahrhaft fesselnd \u2013 er verk\u00f6rpert das Bild eines selbstbewussten Mannes, der seinen Wert kennt und keiner weiteren Best\u00e4tigung bedarf.<\/p>\n<p data-start=\"289\" data-end=\"658\">Dieser Duft verstr\u00f6mt eine tiefe, edle Frische und eine wundersch\u00f6ne, holzige Sinnlichkeit, die sich besonders auf der Haut entfaltet. Er hinterl\u00e4sst eine lang anhaltende, ausdrucksstarke Duftspur und verleiht dem Erscheinungsbild mehr Souver\u00e4nit\u00e4t, Luxus und Einpr\u00e4gsamkeit. Dieser Duft ist f\u00fcr alle, die einen modernen, maskulinen Duft sch\u00e4tzen, sich aber eine intensivere und luxuri\u00f6sere Interpretation w\u00fcnschen.<\/p>\n<p data-start=\"660\" data-end=\"911\"><strong data-start=\"660\" data-end=\"691\">Yves Saint Laurent Y Elixir<\/strong> Perfekt f\u00fcr Abende, besondere Anl\u00e4sse, die k\u00fchlere Jahreszeit und Momente, in denen Sie kraftvoll, elegant und stilvoll duften m\u00f6chten. Dieser Duft verstr\u00f6mt Selbstbewusstsein, Stil und maskuline Energie mit einem Hauch von Luxus.<\/p>\n<\/div>\n<\/div>\n<\/div>\n<\/div>\n<\/div>\n<\/div>\n<\/section>","protected":false},"excerpt":{"rendered":"<p><strong data-start=\"376\" data-end=\"393\">Produkttyp:<\/strong> Parf\u00fcm \/ Elixier<br data-start=\"409\" data-end=\"412\" \/><strong data-start=\"412\" data-end=\"423\">Oberfl\u00e4chen:<\/strong> holzig, aromatisch, reichhaltig<br data-start=\"460\" data-end=\"463\" \/><strong data-start=\"463\" data-end=\"482\">Farbspektrum:<\/strong> Lavendel, holzige Noten, Gew\u00fcrze<br data-start=\"514\" data-end=\"517\" \/><strong data-start=\"517\" data-end=\"530\">Charakter:<\/strong> tiefgr\u00fcndig, selbstsicher, intensiv<br data-start=\"563\" data-end=\"566\" \/><strong data-start=\"566\" data-end=\"582\">Pigmentierung:<\/strong> abwesend<br data-start=\"594\" data-end=\"597\" \/><strong data-start=\"597\" data-end=\"611\">Haltbarkeit:<\/strong> sehr hoch<br data-start=\"625\" data-end=\"628\" \/><strong data-start=\"628\" data-end=\"643\">Zweck:<\/strong> Abende, Besprechungen, besondere Anl\u00e4sse<br data-start=\"673\" data-end=\"676\" \/><strong data-start=\"676\" data-end=\"691\">Jahreszeit:<\/strong> Herbst \/ Winter<br data-start=\"704\" data-end=\"707\" \/><strong data-start=\"707\" data-end=\"718\">Format:<\/strong> Spray<br data-start=\"724\" data-end=\"727\" \/><strong data-start=\"727\" data-end=\"738\">Status:<\/strong> Luxus \/ Original<\/p>","protected":false},"featured_media":5729,"comment_status":"open","ping_status":"closed","template":"","meta":{"site-sidebar-layout":"default","site-content-layout":"","ast-site-content-layout":"default","site-content-style":"default","site-sidebar-style":"default","ast-global-header-display":"","ast-banner-title-visibility":"","ast-main-header-display":"","ast-hfb-above-header-display":"","ast-hfb-below-header-display":"","ast-hfb-mobile-header-display":"","site-post-title":"","ast-breadcrumbs-content":"","ast-featured-img":"","footer-sml-layout":"","theme-transparent-header-meta":"default","adv-header-id-meta":"","stick-header-meta":"","header-above-stick-meta":"","header-main-stick-meta":"","header-below-stick-meta":"","astra-migrate-meta-layouts":"set","ast-page-background-enabled":"default","ast-page-background-meta":{"desktop":{"background-color":"var(--ast-global-color-4)","background-image":"","background-repeat":"repeat","background-position":"center center","background-size":"auto","background-attachment":"scroll","background-type":"","background-media":"","overlay-type":"","overlay-color":"","overlay-opacity":"","overlay-gradient":""},"tablet":{"background-color":"","background-image":"","background-repeat":"repeat","background-position":"center center","background-size":"auto","background-attachment":"scroll","background-type":"","background-media":"","overlay-type":"","overlay-color":"","overlay-opacity":"","overlay-gradient":""},"mobile":{"background-color":"","background-image":"","background-repeat":"repeat","background-position":"center center","background-size":"auto","background-attachment":"scroll","background-type":"","background-media":"","overlay-type":"","overlay-color":"","overlay-opacity":"","overlay-gradient":""}},"ast-content-background-meta":{"desktop":{"background-color":"var(--ast-global-color-5)","background-image":"","background-repeat":"repeat","background-position":"center center","background-size":"auto","background-attachment":"scroll","background-type":"","background-media":"","overlay-type":"","overlay-color":"","overlay-opacity":"","overlay-gradient":""},"tablet":{"background-color":"var(--ast-global-color-5)","background-image":"","background-repeat":"repeat","background-position":"center center","background-size":"auto","background-attachment":"scroll","background-type":"","background-media":"","overlay-type":"","overlay-color":"","overlay-opacity":"","overlay-gradient":""},"mobile":{"background-color":"var(--ast-global-color-5)","background-image":"","background-repeat":"repeat","background-position":"center center","background-size":"auto","background-attachment":"scroll","background-type":"","background-media":"","overlay-type":"","overlay-color":"","overlay-opacity":"","overlay-gradient":""}}},"product_brand":[199],"product_cat":[162],"product_tag":[],"class_list":{"0":"post-5726","1":"product","2":"type-product","3":"status-publish","4":"has-post-thumbnail","6":"product_brand-yves-saint-laurent","7":"product_cat-aromaty-duhi","8":"desktop-align-left","9":"tablet-align-left","10":"mobile-align-left","12":"first","13":"instock","14":"sale","15":"taxable","16":"shipping-taxable","17":"purchasable","18":"product-type-variable"},"_links":{"self":[{"href":"https:\/\/by-aigul.de\/de\/wp-json\/wp\/v2\/product\/5726","targetHints":{"allow":["GET"]}}],"collection":[{"href":"https:\/\/by-aigul.de\/de\/wp-json\/wp\/v2\/product"}],"about":[{"href":"https:\/\/by-aigul.de\/de\/wp-json\/wp\/v2\/types\/product"}],"replies":[{"embeddable":true,"href":"https:\/\/by-aigul.de\/de\/wp-json\/wp\/v2\/comments?post=5726"}],"wp:featuredmedia":[{"embeddable":true,"href":"https:\/\/by-aigul.de\/de\/wp-json\/wp\/v2\/media\/5729"}],"wp:attachment":[{"href":"https:\/\/by-aigul.de\/de\/wp-json\/wp\/v2\/media?parent=5726"}],"wp:term":[{"taxonomy":"product_brand","embeddable":true,"href":"https:\/\/by-aigul.de\/de\/wp-json\/wp\/v2\/product_brand?post=5726"},{"taxonomy":"product_cat","embeddable":true,"href":"https:\/\/by-aigul.de\/de\/wp-json\/wp\/v2\/product_cat?post=5726"},{"taxonomy":"product_tag","embeddable":true,"href":"https:\/\/by-aigul.de\/de\/wp-json\/wp\/v2\/product_tag?post=5726"}],"curies":[{"name":"wp","href":"https:\/\/api.w.org\/{rel}","templated":true}]}}