{"id":5713,"date":"2026-04-01T17:48:39","date_gmt":"2026-04-01T17:48:39","guid":{"rendered":"https:\/\/by-aigul.de\/?post_type=product&#038;p=5713"},"modified":"2026-04-01T17:54:29","modified_gmt":"2026-04-01T17:54:29","slug":"montale-vanilla-ecstasy","status":"publish","type":"product","link":"https:\/\/by-aigul.de\/de\/produkt\/montale-vanilla-ecstasy\/","title":{"rendered":"Montale Vanilla Ecstasy"},"content":{"rendered":"<p data-start=\"0\" data-end=\"228\"><strong data-start=\"0\" data-end=\"26\">Montale Vanilla Ecstasy<\/strong> Ein warmer, sinnlicher und sehr femininer Duft mit sanfter Vanillenote. Er ist behaglich, wundersch\u00f6n und wahrhaft fesselnd und h\u00fcllt Sie in eine zarte, s\u00fc\u00dfe Wolke mit einer luxuri\u00f6sen, samtigen Spur.<\/p>\n<p data-start=\"230\" data-end=\"547\">Dieser Duft verstr\u00f6mt eine sanfte Vanilles\u00fc\u00dfe, cremige Tiefe und eine wundersch\u00f6ne Sinnlichkeit, die sich auf der Haut mit einem besonders warmen und eleganten Duft entfaltet. Er ist nicht nur s\u00fc\u00df \u2013 er ist behaglich, feminin und sehr stimmungsvoll. Ein Duft f\u00fcr alle, die zarte Gourmand-Kompositionen mit einem reichen und unvergesslichen Aroma sch\u00e4tzen.<\/p>\n<p data-start=\"549\" data-end=\"781\"><strong data-start=\"549\" data-end=\"575\">Montale Vanilla Ecstasy<\/strong> Perfekt f\u00fcr k\u00fchlere Tage, Abende, besondere Anl\u00e4sse und Momente, in denen Sie zart, sch\u00f6n und unwiderstehlich duften m\u00f6chten. Dieser Duft verstr\u00f6mt Geborgenheit, Z\u00e4rtlichkeit und den luxuri\u00f6sen Duft von Vanille.<\/p>","protected":false},"excerpt":{"rendered":"<p><strong data-start=\"395\" data-end=\"412\">Produkttyp:<\/strong> Parfum \/ Eau de Parfum<br data-start=\"435\" data-end=\"438\" \/><strong data-start=\"438\" data-end=\"449\">Oberfl\u00e4chen:<\/strong> s\u00fc\u00df, Vanille, Gourmet<br data-start=\"480\" data-end=\"483\" \/><strong data-start=\"483\" data-end=\"502\">Farbspektrum:<\/strong> Vanille, Blumen, warme Holznoten<br data-start=\"542\" data-end=\"545\" \/><strong data-start=\"545\" data-end=\"558\">Charakter:<\/strong> weich, gem\u00fctlich, feminin, einh\u00fcllend<br data-start=\"602\" data-end=\"605\" \/><strong data-start=\"605\" data-end=\"621\">Pigmentierung:<\/strong> abwesend<br data-start=\"633\" data-end=\"636\" \/><strong data-start=\"636\" data-end=\"650\">Haltbarkeit:<\/strong> hoch<br data-start=\"658\" data-end=\"661\" \/><strong data-start=\"661\" data-end=\"676\">Zweck:<\/strong> Duft f\u00fcr jeden Tag und Abend<br data-start=\"707\" data-end=\"710\" \/><strong data-start=\"710\" data-end=\"725\">Jahreszeit:<\/strong> Herbst \/ Winter \/ k\u00fchler Fr\u00fchling<br data-start=\"757\" data-end=\"760\" \/><strong data-start=\"760\" data-end=\"771\">Format:<\/strong> Spray<br data-start=\"777\" data-end=\"780\" \/><strong data-start=\"780\" data-end=\"791\">Status:<\/strong> Nischenparf\u00fcmerie \/ Original<\/p>","protected":false},"featured_media":5715,"comment_status":"open","ping_status":"closed","template":"","meta":{"site-sidebar-layout":"default","site-content-layout":"","ast-site-content-layout":"default","site-content-style":"default","site-sidebar-style":"default","ast-global-header-display":"","ast-banner-title-visibility":"","ast-main-header-display":"","ast-hfb-above-header-display":"","ast-hfb-below-header-display":"","ast-hfb-mobile-header-display":"","site-post-title":"","ast-breadcrumbs-content":"","ast-featured-img":"","footer-sml-layout":"","theme-transparent-header-meta":"default","adv-header-id-meta":"","stick-header-meta":"","header-above-stick-meta":"","header-main-stick-meta":"","header-below-stick-meta":"","astra-migrate-meta-layouts":"set","ast-page-background-enabled":"default","ast-page-background-meta":{"desktop":{"background-color":"var(--ast-global-color-4)","background-image":"","background-repeat":"repeat","background-position":"center center","background-size":"auto","background-attachment":"scroll","background-type":"","background-media":"","overlay-type":"","overlay-color":"","overlay-opacity":"","overlay-gradient":""},"tablet":{"background-color":"","background-image":"","background-repeat":"repeat","background-position":"center center","background-size":"auto","background-attachment":"scroll","background-type":"","background-media":"","overlay-type":"","overlay-color":"","overlay-opacity":"","overlay-gradient":""},"mobile":{"background-color":"","background-image":"","background-repeat":"repeat","background-position":"center center","background-size":"auto","background-attachment":"scroll","background-type":"","background-media":"","overlay-type":"","overlay-color":"","overlay-opacity":"","overlay-gradient":""}},"ast-content-background-meta":{"desktop":{"background-color":"var(--ast-global-color-5)","background-image":"","background-repeat":"repeat","background-position":"center center","background-size":"auto","background-attachment":"scroll","background-type":"","background-media":"","overlay-type":"","overlay-color":"","overlay-opacity":"","overlay-gradient":""},"tablet":{"background-color":"var(--ast-global-color-5)","background-image":"","background-repeat":"repeat","background-position":"center center","background-size":"auto","background-attachment":"scroll","background-type":"","background-media":"","overlay-type":"","overlay-color":"","overlay-opacity":"","overlay-gradient":""},"mobile":{"background-color":"var(--ast-global-color-5)","background-image":"","background-repeat":"repeat","background-position":"center center","background-size":"auto","background-attachment":"scroll","background-type":"","background-media":"","overlay-type":"","overlay-color":"","overlay-opacity":"","overlay-gradient":""}}},"product_brand":[181],"product_cat":[162],"product_tag":[],"class_list":{"0":"post-5713","1":"product","2":"type-product","3":"status-publish","4":"has-post-thumbnail","6":"product_brand-montale","7":"product_cat-aromaty-duhi","8":"desktop-align-left","9":"tablet-align-left","10":"mobile-align-left","12":"first","13":"instock","14":"sale","15":"taxable","16":"shipping-taxable","17":"purchasable","18":"product-type-variable"},"_links":{"self":[{"href":"https:\/\/by-aigul.de\/de\/wp-json\/wp\/v2\/product\/5713","targetHints":{"allow":["GET"]}}],"collection":[{"href":"https:\/\/by-aigul.de\/de\/wp-json\/wp\/v2\/product"}],"about":[{"href":"https:\/\/by-aigul.de\/de\/wp-json\/wp\/v2\/types\/product"}],"replies":[{"embeddable":true,"href":"https:\/\/by-aigul.de\/de\/wp-json\/wp\/v2\/comments?post=5713"}],"wp:featuredmedia":[{"embeddable":true,"href":"https:\/\/by-aigul.de\/de\/wp-json\/wp\/v2\/media\/5715"}],"wp:attachment":[{"href":"https:\/\/by-aigul.de\/de\/wp-json\/wp\/v2\/media?parent=5713"}],"wp:term":[{"taxonomy":"product_brand","embeddable":true,"href":"https:\/\/by-aigul.de\/de\/wp-json\/wp\/v2\/product_brand?post=5713"},{"taxonomy":"product_cat","embeddable":true,"href":"https:\/\/by-aigul.de\/de\/wp-json\/wp\/v2\/product_cat?post=5713"},{"taxonomy":"product_tag","embeddable":true,"href":"https:\/\/by-aigul.de\/de\/wp-json\/wp\/v2\/product_tag?post=5713"}],"curies":[{"name":"wp","href":"https:\/\/api.w.org\/{rel}","templated":true}]}}