{"id":5707,"date":"2026-04-01T17:20:39","date_gmt":"2026-04-01T17:20:39","guid":{"rendered":"https:\/\/by-aigul.de\/?post_type=product&#038;p=5707"},"modified":"2026-04-01T17:20:40","modified_gmt":"2026-04-01T17:20:40","slug":"montale-intensives-cafe-eau-de-parfum","status":"publish","type":"product","link":"https:\/\/by-aigul.de\/de\/produkt\/montale-intensives-cafe-eau-de-parfum\/","title":{"rendered":"Montale Intense Caf\u00e9 Eau de Parfum"},"content":{"rendered":"<p data-start=\"0\" data-end=\"256\"><strong data-start=\"0\" data-end=\"24\">Montale Intense Caf\u00e9<\/strong> Ein sinnlicher, warmer und fesselnder Duft mit luxuri\u00f6sem Gourmand-Charakter. Er ist reichhaltig, wundersch\u00f6n und wahrhaft atmosph\u00e4risch und vereint sanfte S\u00fc\u00dfe, die Tiefe von Kaffee und raffinierte orientalische Sinnlichkeit.<\/p>\n<p data-start=\"258\" data-end=\"552\">Dieser Duft verstr\u00f6mt Geborgenheit, samtige W\u00e4rme und ein wundersch\u00f6nes, k\u00f6stliches Aroma, das sofort ein Gef\u00fchl von Luxus und Komfort weckt. Er er\u00f6ffnet lebhaft und hinterl\u00e4sst eine lang anhaltende, unvergessliche Duftspur. Ein Duft f\u00fcr alle, die reichhaltige, s\u00fc\u00dfe und ausdrucksstarke Kompositionen mit Charakter sch\u00e4tzen.<\/p>\n<p data-start=\"554\" data-end=\"788\"><strong data-start=\"554\" data-end=\"578\">Montale Intense Caf\u00e9<\/strong> Perfekt f\u00fcr k\u00fchlere Tage, Abende, besondere Anl\u00e4sse und Momente, in denen Sie luxuri\u00f6s, warm und unwiderstehlich duften m\u00f6chten. Dieser Duft verstr\u00f6mt Geborgenheit, Tiefe und wundersch\u00f6ne, gourmandige Eleganz.<\/p>","protected":false},"excerpt":{"rendered":"<p data-start=\"380\" data-end=\"784\"><strong data-start=\"380\" data-end=\"397\">Produkttyp:<\/strong> Parfum \/ Eau de Parfum<br data-start=\"420\" data-end=\"423\" \/><strong data-start=\"423\" data-end=\"434\">Oberfl\u00e4chen:<\/strong> s\u00fc\u00df, Kaffee, Gourmet<br data-start=\"464\" data-end=\"467\" \/><strong data-start=\"467\" data-end=\"486\">Farbspektrum:<\/strong> Kaffee, Rose, Vanille<br data-start=\"505\" data-end=\"508\" \/><strong data-start=\"508\" data-end=\"521\">Charakter:<\/strong> reichhaltig, warm, schmeichelhaft<br data-start=\"557\" data-end=\"560\" \/><strong data-start=\"560\" data-end=\"576\">Pigmentierung:<\/strong> abwesend<br data-start=\"588\" data-end=\"591\" \/><strong data-start=\"591\" data-end=\"605\">Haltbarkeit:<\/strong> sehr hoch<br data-start=\"619\" data-end=\"622\" \/><strong data-start=\"622\" data-end=\"637\">Zweck:<\/strong> Duft f\u00fcr jeden Tag und Abend<br data-start=\"668\" data-end=\"671\" \/><strong data-start=\"671\" data-end=\"686\">Jahreszeit:<\/strong> Herbst \/ Winter \/ k\u00fchler Fr\u00fchling<br data-start=\"718\" data-end=\"721\" \/><strong data-start=\"721\" data-end=\"732\">Format:<\/strong> Spray<br data-start=\"738\" data-end=\"741\" \/><strong data-start=\"741\" data-end=\"752\">Status:<\/strong> Nischenparf\u00fcmerie \/ Original<\/p>","protected":false},"featured_media":5709,"comment_status":"open","ping_status":"closed","template":"","meta":{"site-sidebar-layout":"default","site-content-layout":"","ast-site-content-layout":"default","site-content-style":"default","site-sidebar-style":"default","ast-global-header-display":"","ast-banner-title-visibility":"","ast-main-header-display":"","ast-hfb-above-header-display":"","ast-hfb-below-header-display":"","ast-hfb-mobile-header-display":"","site-post-title":"","ast-breadcrumbs-content":"","ast-featured-img":"","footer-sml-layout":"","theme-transparent-header-meta":"default","adv-header-id-meta":"","stick-header-meta":"","header-above-stick-meta":"","header-main-stick-meta":"","header-below-stick-meta":"","astra-migrate-meta-layouts":"set","ast-page-background-enabled":"default","ast-page-background-meta":{"desktop":{"background-color":"var(--ast-global-color-4)","background-image":"","background-repeat":"repeat","background-position":"center center","background-size":"auto","background-attachment":"scroll","background-type":"","background-media":"","overlay-type":"","overlay-color":"","overlay-opacity":"","overlay-gradient":""},"tablet":{"background-color":"","background-image":"","background-repeat":"repeat","background-position":"center center","background-size":"auto","background-attachment":"scroll","background-type":"","background-media":"","overlay-type":"","overlay-color":"","overlay-opacity":"","overlay-gradient":""},"mobile":{"background-color":"","background-image":"","background-repeat":"repeat","background-position":"center center","background-size":"auto","background-attachment":"scroll","background-type":"","background-media":"","overlay-type":"","overlay-color":"","overlay-opacity":"","overlay-gradient":""}},"ast-content-background-meta":{"desktop":{"background-color":"var(--ast-global-color-5)","background-image":"","background-repeat":"repeat","background-position":"center center","background-size":"auto","background-attachment":"scroll","background-type":"","background-media":"","overlay-type":"","overlay-color":"","overlay-opacity":"","overlay-gradient":""},"tablet":{"background-color":"var(--ast-global-color-5)","background-image":"","background-repeat":"repeat","background-position":"center center","background-size":"auto","background-attachment":"scroll","background-type":"","background-media":"","overlay-type":"","overlay-color":"","overlay-opacity":"","overlay-gradient":""},"mobile":{"background-color":"var(--ast-global-color-5)","background-image":"","background-repeat":"repeat","background-position":"center center","background-size":"auto","background-attachment":"scroll","background-type":"","background-media":"","overlay-type":"","overlay-color":"","overlay-opacity":"","overlay-gradient":""}}},"product_brand":[181],"product_cat":[162],"product_tag":[],"class_list":{"0":"post-5707","1":"product","2":"type-product","3":"status-publish","4":"has-post-thumbnail","6":"product_brand-montale","7":"product_cat-aromaty-duhi","8":"desktop-align-left","9":"tablet-align-left","10":"mobile-align-left","12":"first","13":"instock","14":"taxable","15":"shipping-taxable","16":"purchasable","17":"product-type-variable"},"_links":{"self":[{"href":"https:\/\/by-aigul.de\/de\/wp-json\/wp\/v2\/product\/5707","targetHints":{"allow":["GET"]}}],"collection":[{"href":"https:\/\/by-aigul.de\/de\/wp-json\/wp\/v2\/product"}],"about":[{"href":"https:\/\/by-aigul.de\/de\/wp-json\/wp\/v2\/types\/product"}],"replies":[{"embeddable":true,"href":"https:\/\/by-aigul.de\/de\/wp-json\/wp\/v2\/comments?post=5707"}],"wp:featuredmedia":[{"embeddable":true,"href":"https:\/\/by-aigul.de\/de\/wp-json\/wp\/v2\/media\/5709"}],"wp:attachment":[{"href":"https:\/\/by-aigul.de\/de\/wp-json\/wp\/v2\/media?parent=5707"}],"wp:term":[{"taxonomy":"product_brand","embeddable":true,"href":"https:\/\/by-aigul.de\/de\/wp-json\/wp\/v2\/product_brand?post=5707"},{"taxonomy":"product_cat","embeddable":true,"href":"https:\/\/by-aigul.de\/de\/wp-json\/wp\/v2\/product_cat?post=5707"},{"taxonomy":"product_tag","embeddable":true,"href":"https:\/\/by-aigul.de\/de\/wp-json\/wp\/v2\/product_tag?post=5707"}],"curies":[{"name":"wp","href":"https:\/\/api.w.org\/{rel}","templated":true}]}}