{"id":5704,"date":"2026-04-01T17:14:25","date_gmt":"2026-04-01T17:14:25","guid":{"rendered":"https:\/\/by-aigul.de\/?post_type=product&#038;p=5704"},"modified":"2026-04-01T17:14:25","modified_gmt":"2026-04-01T17:14:25","slug":"montale-chocolate-greedy-eau-de-parfum","status":"publish","type":"product","link":"https:\/\/by-aigul.de\/de\/produkt\/montale-chocolate-greedy-eau-de-parfum\/","title":{"rendered":"Montale Chocolate Greedy Eau de Parfum"},"content":{"rendered":"<p data-start=\"0\" data-end=\"235\"><strong data-start=\"0\" data-end=\"28\">Montale Schokolade Greedy<\/strong> Ein warmer, k\u00f6stlicher und sehr behaglicher Duft mit einer lebendigen Gourmand-Note. Er ist reichhaltig, s\u00fc\u00df und unglaublich verf\u00fchrerisch und h\u00fcllt Sie in eine sanfte Wolke aus Schokoladendessert, Vanille und wohliger W\u00e4rme.<\/p>\n<p data-start=\"237\" data-end=\"587\">Dieser Duft verstr\u00f6mt eine verf\u00fchrerische S\u00fc\u00dfe, samtige Tiefe und jene charakteristische Gourmand-Note, die sofort ein Gef\u00fchl von Behaglichkeit, Genuss und Luxus weckt. Er er\u00f6ffnet strahlend und k\u00f6stlich und hinterl\u00e4sst eine unvergessliche, warme Duftspur. Dieser Duft ist f\u00fcr alle, die au\u00dfergew\u00f6hnliche, \u201ek\u00f6stliche\u201c Kompositionen lieben und markant, behaglich und einzigartig duften m\u00f6chten.<\/p>\n<p data-start=\"589\" data-end=\"818\"><strong data-start=\"589\" data-end=\"617\">Montale Schokolade Greedy<\/strong> Perfekt f\u00fcr k\u00fchlere Tage, Abende und Momente, in denen man sich nach etwas S\u00fc\u00dfem, Sch\u00f6nem und wirklich Atmosph\u00e4rischem sehnt. Dieser Duft steht f\u00fcr Genuss, W\u00e4rme und die Verlockung von Schokolade.<\/p>","protected":false},"excerpt":{"rendered":"<p><strong data-start=\"584\" data-end=\"601\">Produkttyp:<\/strong> Parfum \/ Eau de Parfum<br data-start=\"624\" data-end=\"627\" \/><strong data-start=\"627\" data-end=\"638\">Oberfl\u00e4chen:<\/strong> s\u00fc\u00df, Gourmet, warm<br data-start=\"666\" data-end=\"669\" \/><strong data-start=\"669\" data-end=\"688\">Farbspektrum:<\/strong> Schokolade-Vanille, Kaffee<br data-start=\"718\" data-end=\"721\" \/><strong data-start=\"721\" data-end=\"734\">Charakter:<\/strong> gem\u00fctlich, k\u00f6stlich, reichhaltig, kostenlos<br data-start=\"782\" data-end=\"785\" \/><strong data-start=\"785\" data-end=\"801\">Pigmentierung:<\/strong> abwesend<br data-start=\"813\" data-end=\"816\" \/><strong data-start=\"816\" data-end=\"830\">Haltbarkeit:<\/strong> hoch<br data-start=\"838\" data-end=\"841\" \/><strong data-start=\"841\" data-end=\"856\">Zweck:<\/strong> f\u00fcr den t\u00e4glichen Gebrauch, abends, kalte Jahreszeit<br data-start=\"920\" data-end=\"923\" \/><strong data-start=\"923\" data-end=\"938\">Jahreszeit:<\/strong> Herbst \/ Winter \/ k\u00fchler Fr\u00fchling<br data-start=\"970\" data-end=\"973\" \/><strong data-start=\"973\" data-end=\"984\" data-is-only-node=\"\">Format:<\/strong> Spray<br data-start=\"990\" data-end=\"993\" \/><strong data-start=\"993\" data-end=\"1004\">Status:<\/strong> Nischenparf\u00fcmerie \/ Original<\/p>","protected":false},"featured_media":5706,"comment_status":"open","ping_status":"closed","template":"","meta":{"site-sidebar-layout":"default","site-content-layout":"","ast-site-content-layout":"default","site-content-style":"default","site-sidebar-style":"default","ast-global-header-display":"","ast-banner-title-visibility":"","ast-main-header-display":"","ast-hfb-above-header-display":"","ast-hfb-below-header-display":"","ast-hfb-mobile-header-display":"","site-post-title":"","ast-breadcrumbs-content":"","ast-featured-img":"","footer-sml-layout":"","theme-transparent-header-meta":"default","adv-header-id-meta":"","stick-header-meta":"","header-above-stick-meta":"","header-main-stick-meta":"","header-below-stick-meta":"","astra-migrate-meta-layouts":"set","ast-page-background-enabled":"default","ast-page-background-meta":{"desktop":{"background-color":"var(--ast-global-color-4)","background-image":"","background-repeat":"repeat","background-position":"center center","background-size":"auto","background-attachment":"scroll","background-type":"","background-media":"","overlay-type":"","overlay-color":"","overlay-opacity":"","overlay-gradient":""},"tablet":{"background-color":"","background-image":"","background-repeat":"repeat","background-position":"center center","background-size":"auto","background-attachment":"scroll","background-type":"","background-media":"","overlay-type":"","overlay-color":"","overlay-opacity":"","overlay-gradient":""},"mobile":{"background-color":"","background-image":"","background-repeat":"repeat","background-position":"center center","background-size":"auto","background-attachment":"scroll","background-type":"","background-media":"","overlay-type":"","overlay-color":"","overlay-opacity":"","overlay-gradient":""}},"ast-content-background-meta":{"desktop":{"background-color":"var(--ast-global-color-5)","background-image":"","background-repeat":"repeat","background-position":"center center","background-size":"auto","background-attachment":"scroll","background-type":"","background-media":"","overlay-type":"","overlay-color":"","overlay-opacity":"","overlay-gradient":""},"tablet":{"background-color":"var(--ast-global-color-5)","background-image":"","background-repeat":"repeat","background-position":"center center","background-size":"auto","background-attachment":"scroll","background-type":"","background-media":"","overlay-type":"","overlay-color":"","overlay-opacity":"","overlay-gradient":""},"mobile":{"background-color":"var(--ast-global-color-5)","background-image":"","background-repeat":"repeat","background-position":"center center","background-size":"auto","background-attachment":"scroll","background-type":"","background-media":"","overlay-type":"","overlay-color":"","overlay-opacity":"","overlay-gradient":""}}},"product_brand":[181],"product_cat":[162],"product_tag":[],"class_list":{"0":"post-5704","1":"product","2":"type-product","3":"status-publish","4":"has-post-thumbnail","6":"product_brand-montale","7":"product_cat-aromaty-duhi","8":"desktop-align-left","9":"tablet-align-left","10":"mobile-align-left","12":"first","13":"outofstock","14":"taxable","15":"shipping-taxable","16":"product-type-variable"},"_links":{"self":[{"href":"https:\/\/by-aigul.de\/de\/wp-json\/wp\/v2\/product\/5704","targetHints":{"allow":["GET"]}}],"collection":[{"href":"https:\/\/by-aigul.de\/de\/wp-json\/wp\/v2\/product"}],"about":[{"href":"https:\/\/by-aigul.de\/de\/wp-json\/wp\/v2\/types\/product"}],"replies":[{"embeddable":true,"href":"https:\/\/by-aigul.de\/de\/wp-json\/wp\/v2\/comments?post=5704"}],"wp:featuredmedia":[{"embeddable":true,"href":"https:\/\/by-aigul.de\/de\/wp-json\/wp\/v2\/media\/5706"}],"wp:attachment":[{"href":"https:\/\/by-aigul.de\/de\/wp-json\/wp\/v2\/media?parent=5704"}],"wp:term":[{"taxonomy":"product_brand","embeddable":true,"href":"https:\/\/by-aigul.de\/de\/wp-json\/wp\/v2\/product_brand?post=5704"},{"taxonomy":"product_cat","embeddable":true,"href":"https:\/\/by-aigul.de\/de\/wp-json\/wp\/v2\/product_cat?post=5704"},{"taxonomy":"product_tag","embeddable":true,"href":"https:\/\/by-aigul.de\/de\/wp-json\/wp\/v2\/product_tag?post=5704"}],"curies":[{"name":"wp","href":"https:\/\/api.w.org\/{rel}","templated":true}]}}