{"id":5674,"date":"2026-04-01T16:59:19","date_gmt":"2026-04-01T16:59:19","guid":{"rendered":"https:\/\/by-aigul.de\/?post_type=product&#038;p=5674"},"modified":"2026-04-01T16:59:19","modified_gmt":"2026-04-01T16:59:19","slug":"instytutum-sunscription-dark-spot-defense-spf-50","status":"publish","type":"product","link":"https:\/\/by-aigul.de\/de\/produkt\/instytutum-sunscription-dark-spot-defense-spf-50\/","title":{"rendered":"Instytutum Sunscription Dark Spot Defense SPF 50"},"content":{"rendered":"<p data-start=\"0\" data-end=\"329\"><strong data-start=\"0\" data-end=\"52\">Instytutum Sunscription Dark Spot Defense SPF 50<\/strong> Diese moderne Sonnencreme sch\u00fctzt Ihre Haut nicht nur vor der Sonne, sondern sorgt auch f\u00fcr ein glatteres, gepflegteres und sch\u00f6neres Hautbild. Sie ist ideal f\u00fcr alle, die Wert auf Hautpflege legen und sich Frische, Geschmeidigkeit und einen ebenm\u00e4\u00dfigen Teint w\u00fcnschen.<\/p>\n<p data-start=\"331\" data-end=\"671\">Das Produkt f\u00fchlt sich angenehm auf der Haut an, ist f\u00fcr die t\u00e4gliche Anwendung geeignet und l\u00e4sst sich problemlos in die Hautpflege-Routine integrieren. Es ist besonders geeignet f\u00fcr alle, die Pigmentflecken und lichtbedingter Hautalterung vorbeugen und ein gepflegtes Aussehen bewahren m\u00f6chten. Dieses Produkt ist mehr als nur ein Sonnenschutzmittel; es ist ein unverzichtbarer Bestandteil einer optimalen Hautpflege-Routine.<\/p>\n<p data-start=\"673\" data-end=\"823\"><strong data-start=\"673\" data-end=\"725\">Instytutum Sunscription Dark Spot Defense SPF 50<\/strong> \u2014 Es geht um zuverl\u00e4ssigen Schutz, die Pflege eines ebenm\u00e4\u00dfigen Hauttons und eine sch\u00f6ne, kompromisslose t\u00e4gliche Pflege.<\/p>","protected":false},"excerpt":{"rendered":"<p><strong data-start=\"452\" data-end=\"469\">Produkttyp:<\/strong> Gesichtscreme mit Lichtschutzfaktor<br data-start=\"487\" data-end=\"490\" \/><strong data-start=\"490\" data-end=\"501\">Oberfl\u00e4chen:<\/strong> leicht, schwerelos, nat\u00fcrlich<br data-start=\"532\" data-end=\"535\" \/><strong data-start=\"535\" data-end=\"554\">Farbspektrum:<\/strong> transparent \/ universell<br data-start=\"581\" data-end=\"584\" \/><strong data-start=\"584\" data-end=\"597\">Charakter:<\/strong> sch\u00fctzend, aufhellend, gleicht den Hautton aus<br data-start=\"643\" data-end=\"646\" \/><strong data-start=\"646\" data-end=\"662\">Pigmentierung:<\/strong> abwesend<br data-start=\"674\" data-end=\"677\" \/><strong data-start=\"677\" data-end=\"691\">Haltbarkeit:<\/strong> hoher UV-Schutz<br data-start=\"712\" data-end=\"715\" \/><strong data-start=\"715\" data-end=\"730\">Zweck:<\/strong> Sonnenschutz + Pigmentierungsvorbeugung<br data-start=\"774\" data-end=\"777\" \/><strong data-start=\"777\" data-end=\"792\">Jahreszeit:<\/strong> definitiv das ganze Jahr \u00fcber (besonders im Fr\u00fchling\/Sommer).<br data-start=\"840\" data-end=\"843\" \/><strong data-start=\"843\" data-end=\"854\">Format:<\/strong> Creme<br data-start=\"859\" data-end=\"862\" \/><strong data-start=\"862\" data-end=\"873\">Status:<\/strong> Premium-Pflege \/ Original<\/p>","protected":false},"featured_media":5676,"comment_status":"open","ping_status":"closed","template":"","meta":{"site-sidebar-layout":"default","site-content-layout":"","ast-site-content-layout":"default","site-content-style":"default","site-sidebar-style":"default","ast-global-header-display":"","ast-banner-title-visibility":"","ast-main-header-display":"","ast-hfb-above-header-display":"","ast-hfb-below-header-display":"","ast-hfb-mobile-header-display":"","site-post-title":"","ast-breadcrumbs-content":"","ast-featured-img":"","footer-sml-layout":"","theme-transparent-header-meta":"default","adv-header-id-meta":"","stick-header-meta":"","header-above-stick-meta":"","header-main-stick-meta":"","header-below-stick-meta":"","astra-migrate-meta-layouts":"set","ast-page-background-enabled":"default","ast-page-background-meta":{"desktop":{"background-color":"var(--ast-global-color-4)","background-image":"","background-repeat":"repeat","background-position":"center center","background-size":"auto","background-attachment":"scroll","background-type":"","background-media":"","overlay-type":"","overlay-color":"","overlay-opacity":"","overlay-gradient":""},"tablet":{"background-color":"","background-image":"","background-repeat":"repeat","background-position":"center center","background-size":"auto","background-attachment":"scroll","background-type":"","background-media":"","overlay-type":"","overlay-color":"","overlay-opacity":"","overlay-gradient":""},"mobile":{"background-color":"","background-image":"","background-repeat":"repeat","background-position":"center center","background-size":"auto","background-attachment":"scroll","background-type":"","background-media":"","overlay-type":"","overlay-color":"","overlay-opacity":"","overlay-gradient":""}},"ast-content-background-meta":{"desktop":{"background-color":"var(--ast-global-color-5)","background-image":"","background-repeat":"repeat","background-position":"center center","background-size":"auto","background-attachment":"scroll","background-type":"","background-media":"","overlay-type":"","overlay-color":"","overlay-opacity":"","overlay-gradient":""},"tablet":{"background-color":"var(--ast-global-color-5)","background-image":"","background-repeat":"repeat","background-position":"center center","background-size":"auto","background-attachment":"scroll","background-type":"","background-media":"","overlay-type":"","overlay-color":"","overlay-opacity":"","overlay-gradient":""},"mobile":{"background-color":"var(--ast-global-color-5)","background-image":"","background-repeat":"repeat","background-position":"center center","background-size":"auto","background-attachment":"scroll","background-type":"","background-media":"","overlay-type":"","overlay-color":"","overlay-opacity":"","overlay-gradient":""}}},"product_brand":[451],"product_cat":[163],"product_tag":[],"class_list":{"0":"post-5674","1":"product","2":"type-product","3":"status-publish","4":"has-post-thumbnail","6":"product_brand-instytutum","7":"product_cat-uhodovaya-kosmetika","8":"desktop-align-left","9":"tablet-align-left","10":"mobile-align-left","12":"first","13":"instock","14":"taxable","15":"shipping-taxable","16":"purchasable","17":"product-type-variable"},"_links":{"self":[{"href":"https:\/\/by-aigul.de\/de\/wp-json\/wp\/v2\/product\/5674","targetHints":{"allow":["GET"]}}],"collection":[{"href":"https:\/\/by-aigul.de\/de\/wp-json\/wp\/v2\/product"}],"about":[{"href":"https:\/\/by-aigul.de\/de\/wp-json\/wp\/v2\/types\/product"}],"replies":[{"embeddable":true,"href":"https:\/\/by-aigul.de\/de\/wp-json\/wp\/v2\/comments?post=5674"}],"wp:featuredmedia":[{"embeddable":true,"href":"https:\/\/by-aigul.de\/de\/wp-json\/wp\/v2\/media\/5676"}],"wp:attachment":[{"href":"https:\/\/by-aigul.de\/de\/wp-json\/wp\/v2\/media?parent=5674"}],"wp:term":[{"taxonomy":"product_brand","embeddable":true,"href":"https:\/\/by-aigul.de\/de\/wp-json\/wp\/v2\/product_brand?post=5674"},{"taxonomy":"product_cat","embeddable":true,"href":"https:\/\/by-aigul.de\/de\/wp-json\/wp\/v2\/product_cat?post=5674"},{"taxonomy":"product_tag","embeddable":true,"href":"https:\/\/by-aigul.de\/de\/wp-json\/wp\/v2\/product_tag?post=5674"}],"curies":[{"name":"wp","href":"https:\/\/api.w.org\/{rel}","templated":true}]}}