{"id":5664,"date":"2026-03-31T23:15:18","date_gmt":"2026-03-31T23:15:18","guid":{"rendered":"https:\/\/by-aigul.de\/?post_type=product&#038;p=5664"},"modified":"2026-03-31T23:15:18","modified_gmt":"2026-03-31T23:15:18","slug":"bobbi-brown-vitamin-angereicherte-gesichtsbasis","status":"publish","type":"product","link":"https:\/\/by-aigul.de\/de\/produkt\/bobbi-brown-vitamin-angereicherte-gesichtsbasis\/","title":{"rendered":"Bobbi Brown Vitaminangereicherte Gesichtsbasis"},"content":{"rendered":"<p data-start=\"0\" data-end=\"235\"><strong data-start=\"0\" data-end=\"42\">Bobbi Brown Vitaminangereicherte Gesichtsbasis<\/strong> \u2014 Ein legend\u00e4rer Make-up-Primer, der Hautpflege mit perfekter Vorbereitung vereint. Er sorgt f\u00fcr einen glatteren, frischeren und gepflegteren Teint und ein sch\u00f6neres, ebenm\u00e4\u00dfigeres und l\u00e4nger haltendes Make-up.<\/p>\n<p data-start=\"237\" data-end=\"586\">Dieses Produkt spendet der Haut optimal Feuchtigkeit, schafft eine angenehme Grundlage f\u00fcr Make-up und sorgt f\u00fcr ein ebenm\u00e4\u00dfiges und perfektes Ergebnis. Deshalb ist es so beliebt bei Make-up-Artists und allen, die von Anfang an ein gepflegtes Aussehen w\u00fcnschen. Es ist die ideale Wahl f\u00fcr alle, die Hautpflege, Komfort und ein sch\u00f6nes Finish in einem einzigen Produkt vereinen m\u00f6chten.<\/p>\n<p data-start=\"588\" data-end=\"721\"><strong data-start=\"588\" data-end=\"630\">Bobbi Brown Vitaminangereicherte Gesichtsbasis<\/strong> \u2014 Es geht um glatte Haut, ein sch\u00f6nes Make-up und die richtige Basis, die wirklich funktioniert.<\/p>","protected":false},"excerpt":{"rendered":"<p><strong data-start=\"378\" data-end=\"395\">Produkttyp:<\/strong> Creme + Primer (2 in 1)<br data-start=\"418\" data-end=\"421\" \/><strong data-start=\"421\" data-end=\"432\">Oberfl\u00e4chen:<\/strong> nat\u00fcrlich, feuchtigkeitsspendend, leicht strahlend<br data-start=\"473\" data-end=\"476\" \/><strong data-start=\"476\" data-end=\"495\">Farbspektrum:<\/strong> abwesend<br data-start=\"507\" data-end=\"510\" \/><strong data-start=\"510\" data-end=\"523\">Charakter:<\/strong> Pflegt, gl\u00e4ttet und bereitet die Haut auf das Make-up vor<br data-start=\"575\" data-end=\"578\" \/><strong data-start=\"578\" data-end=\"594\">Pigmentierung:<\/strong> abwesend<br data-start=\"606\" data-end=\"609\" \/><strong data-start=\"609\" data-end=\"623\">Haltbarkeit:<\/strong> verl\u00e4ngert die Haltbarkeit des Make-ups<br data-start=\"652\" data-end=\"655\" \/><strong data-start=\"655\" data-end=\"670\">Zweck:<\/strong> Feuchtigkeitspflege + Make-up-Grundlage<br data-start=\"699\" data-end=\"702\" \/><strong data-start=\"702\" data-end=\"717\">Jahreszeit:<\/strong> universell (insbesondere Herbst\/Winter)<br data-start=\"754\" data-end=\"757\" \/><strong data-start=\"757\" data-end=\"768\">Format:<\/strong> Creme<br data-start=\"773\" data-end=\"776\" \/><strong data-start=\"776\" data-end=\"787\">Status:<\/strong> Luxus \/ Original<\/p>","protected":false},"featured_media":5665,"comment_status":"open","ping_status":"closed","template":"","meta":{"site-sidebar-layout":"default","site-content-layout":"","ast-site-content-layout":"default","site-content-style":"default","site-sidebar-style":"default","ast-global-header-display":"","ast-banner-title-visibility":"","ast-main-header-display":"","ast-hfb-above-header-display":"","ast-hfb-below-header-display":"","ast-hfb-mobile-header-display":"","site-post-title":"","ast-breadcrumbs-content":"","ast-featured-img":"","footer-sml-layout":"","theme-transparent-header-meta":"default","adv-header-id-meta":"","stick-header-meta":"","header-above-stick-meta":"","header-main-stick-meta":"","header-below-stick-meta":"","astra-migrate-meta-layouts":"set","ast-page-background-enabled":"default","ast-page-background-meta":{"desktop":{"background-color":"var(--ast-global-color-4)","background-image":"","background-repeat":"repeat","background-position":"center center","background-size":"auto","background-attachment":"scroll","background-type":"","background-media":"","overlay-type":"","overlay-color":"","overlay-opacity":"","overlay-gradient":""},"tablet":{"background-color":"","background-image":"","background-repeat":"repeat","background-position":"center center","background-size":"auto","background-attachment":"scroll","background-type":"","background-media":"","overlay-type":"","overlay-color":"","overlay-opacity":"","overlay-gradient":""},"mobile":{"background-color":"","background-image":"","background-repeat":"repeat","background-position":"center center","background-size":"auto","background-attachment":"scroll","background-type":"","background-media":"","overlay-type":"","overlay-color":"","overlay-opacity":"","overlay-gradient":""}},"ast-content-background-meta":{"desktop":{"background-color":"var(--ast-global-color-5)","background-image":"","background-repeat":"repeat","background-position":"center center","background-size":"auto","background-attachment":"scroll","background-type":"","background-media":"","overlay-type":"","overlay-color":"","overlay-opacity":"","overlay-gradient":""},"tablet":{"background-color":"var(--ast-global-color-5)","background-image":"","background-repeat":"repeat","background-position":"center center","background-size":"auto","background-attachment":"scroll","background-type":"","background-media":"","overlay-type":"","overlay-color":"","overlay-opacity":"","overlay-gradient":""},"mobile":{"background-color":"var(--ast-global-color-5)","background-image":"","background-repeat":"repeat","background-position":"center center","background-size":"auto","background-attachment":"scroll","background-type":"","background-media":"","overlay-type":"","overlay-color":"","overlay-opacity":"","overlay-gradient":""}}},"product_brand":[166],"product_cat":[145],"product_tag":[],"class_list":{"0":"post-5664","1":"product","2":"type-product","3":"status-publish","4":"has-post-thumbnail","6":"product_brand-bobbi-brown","7":"product_cat-kosmetyka","8":"desktop-align-left","9":"tablet-align-left","10":"mobile-align-left","12":"first","13":"outofstock","14":"sale","15":"taxable","16":"shipping-taxable","17":"purchasable","18":"product-type-variable"},"_links":{"self":[{"href":"https:\/\/by-aigul.de\/de\/wp-json\/wp\/v2\/product\/5664","targetHints":{"allow":["GET"]}}],"collection":[{"href":"https:\/\/by-aigul.de\/de\/wp-json\/wp\/v2\/product"}],"about":[{"href":"https:\/\/by-aigul.de\/de\/wp-json\/wp\/v2\/types\/product"}],"replies":[{"embeddable":true,"href":"https:\/\/by-aigul.de\/de\/wp-json\/wp\/v2\/comments?post=5664"}],"wp:featuredmedia":[{"embeddable":true,"href":"https:\/\/by-aigul.de\/de\/wp-json\/wp\/v2\/media\/5665"}],"wp:attachment":[{"href":"https:\/\/by-aigul.de\/de\/wp-json\/wp\/v2\/media?parent=5664"}],"wp:term":[{"taxonomy":"product_brand","embeddable":true,"href":"https:\/\/by-aigul.de\/de\/wp-json\/wp\/v2\/product_brand?post=5664"},{"taxonomy":"product_cat","embeddable":true,"href":"https:\/\/by-aigul.de\/de\/wp-json\/wp\/v2\/product_cat?post=5664"},{"taxonomy":"product_tag","embeddable":true,"href":"https:\/\/by-aigul.de\/de\/wp-json\/wp\/v2\/product_tag?post=5664"}],"curies":[{"name":"wp","href":"https:\/\/api.w.org\/{rel}","templated":true}]}}