{"id":5655,"date":"2026-03-31T23:11:14","date_gmt":"2026-03-31T23:11:14","guid":{"rendered":"https:\/\/by-aigul.de\/?post_type=product&#038;p=5655"},"modified":"2026-03-31T23:11:47","modified_gmt":"2026-03-31T23:11:47","slug":"dr-med-christine-schrammek-spezial-regulatorische-creme","status":"publish","type":"product","link":"https:\/\/by-aigul.de\/de\/produkt\/dr-med-christine-schrammek-spezial-regulatorische-creme\/","title":{"rendered":"Dr. med. Christine Schrammek Spezial-Regulierende Creme"},"content":{"rendered":"<p data-start=\"0\" data-end=\"306\"><strong data-start=\"0\" data-end=\"57\">Dr. med. Christine Schrammek Spezial-Regulierende Creme<\/strong> Eine regulierende Hautpflegecreme, die das Hautgleichgewicht bewahrt, ein Gef\u00fchl von Unreinheiten reduziert und f\u00fcr einen frischeren, beruhigteren und gepflegteren Teint sorgt. Sie eignet sich besonders f\u00fcr Haut, die sanfte und dennoch intensive Pflege ben\u00f6tigt.<\/p>\n<p data-start=\"308\" data-end=\"582\">Diese Creme sorgt f\u00fcr ein angenehmes Hautgef\u00fchl, ohne die Haut zu beschweren, und l\u00e4sst sich perfekt in Ihre t\u00e4gliche Pflegeroutine integrieren. Sie macht die Haut sichtbar glatter, gepflegter und verfeinert und ist somit ideal f\u00fcr alle, die mehr als nur Feuchtigkeitspflege suchen \u2013 eine wirklich ausgleichende Behandlung, die ein sauberes und angenehmes Hautgef\u00fchl hinterl\u00e4sst.<\/p>\n<p data-start=\"584\" data-end=\"686\"><strong data-start=\"584\" data-end=\"612\">Spezielle Regulierungscreme<\/strong> \u2014 Es geht um eine ruhigere, gepflegtere und ausgeglichenere Haut \u2013 jeden Tag.<\/p>","protected":false},"excerpt":{"rendered":"<p><strong data-start=\"420\" data-end=\"437\">Produkttyp:<\/strong> Dermatologische Gesichtscreme<br data-start=\"469\" data-end=\"472\" \/><strong data-start=\"472\" data-end=\"483\">Oberfl\u00e4chen:<\/strong> leicht, mattierend, nat\u00fcrlich<br data-start=\"515\" data-end=\"518\" \/><strong data-start=\"518\" data-end=\"537\">Farbspektrum:<\/strong> abwesend<br data-start=\"549\" data-end=\"552\" \/><strong data-start=\"552\" data-end=\"565\">Charakter:<\/strong> regulierend, entz\u00fcndungshemmend, ausgleichend<br data-start=\"616\" data-end=\"619\" \/><strong data-start=\"619\" data-end=\"635\">Pigmentierung:<\/strong> abwesend<br data-start=\"647\" data-end=\"650\" \/><strong data-start=\"650\" data-end=\"664\">Haltbarkeit:<\/strong> Langzeitpflegeeffekt<br data-start=\"691\" data-end=\"694\" \/><strong data-start=\"694\" data-end=\"709\">Zweck:<\/strong> Normalisierung der Talgdr\u00fcsenfunktion, Reduzierung der Entz\u00fcndung<br data-start=\"766\" data-end=\"769\" \/><strong data-start=\"769\" data-end=\"784\">Jahreszeit:<\/strong> Universal-<br data-start=\"797\" data-end=\"800\" \/><strong data-start=\"800\" data-end=\"811\">Format:<\/strong> Creme<br data-start=\"816\" data-end=\"819\" \/><strong data-start=\"819\" data-end=\"830\">Status:<\/strong> professionelle Kosmetik \/ Hautpflege<\/p>","protected":false},"featured_media":5657,"comment_status":"open","ping_status":"closed","template":"","meta":{"site-sidebar-layout":"default","site-content-layout":"","ast-site-content-layout":"default","site-content-style":"default","site-sidebar-style":"default","ast-global-header-display":"","ast-banner-title-visibility":"","ast-main-header-display":"","ast-hfb-above-header-display":"","ast-hfb-below-header-display":"","ast-hfb-mobile-header-display":"","site-post-title":"","ast-breadcrumbs-content":"","ast-featured-img":"","footer-sml-layout":"","theme-transparent-header-meta":"default","adv-header-id-meta":"","stick-header-meta":"","header-above-stick-meta":"","header-main-stick-meta":"","header-below-stick-meta":"","astra-migrate-meta-layouts":"set","ast-page-background-enabled":"default","ast-page-background-meta":{"desktop":{"background-color":"var(--ast-global-color-4)","background-image":"","background-repeat":"repeat","background-position":"center center","background-size":"auto","background-attachment":"scroll","background-type":"","background-media":"","overlay-type":"","overlay-color":"","overlay-opacity":"","overlay-gradient":""},"tablet":{"background-color":"","background-image":"","background-repeat":"repeat","background-position":"center center","background-size":"auto","background-attachment":"scroll","background-type":"","background-media":"","overlay-type":"","overlay-color":"","overlay-opacity":"","overlay-gradient":""},"mobile":{"background-color":"","background-image":"","background-repeat":"repeat","background-position":"center center","background-size":"auto","background-attachment":"scroll","background-type":"","background-media":"","overlay-type":"","overlay-color":"","overlay-opacity":"","overlay-gradient":""}},"ast-content-background-meta":{"desktop":{"background-color":"var(--ast-global-color-5)","background-image":"","background-repeat":"repeat","background-position":"center center","background-size":"auto","background-attachment":"scroll","background-type":"","background-media":"","overlay-type":"","overlay-color":"","overlay-opacity":"","overlay-gradient":""},"tablet":{"background-color":"var(--ast-global-color-5)","background-image":"","background-repeat":"repeat","background-position":"center center","background-size":"auto","background-attachment":"scroll","background-type":"","background-media":"","overlay-type":"","overlay-color":"","overlay-opacity":"","overlay-gradient":""},"mobile":{"background-color":"var(--ast-global-color-5)","background-image":"","background-repeat":"repeat","background-position":"center center","background-size":"auto","background-attachment":"scroll","background-type":"","background-media":"","overlay-type":"","overlay-color":"","overlay-opacity":"","overlay-gradient":""}}},"product_brand":[450],"product_cat":[163],"product_tag":[],"class_list":{"0":"post-5655","1":"product","2":"type-product","3":"status-publish","4":"has-post-thumbnail","6":"product_brand-dr-med-christine-schrammek","7":"product_cat-uhodovaya-kosmetika","8":"desktop-align-left","9":"tablet-align-left","10":"mobile-align-left","12":"first","13":"outofstock","14":"taxable","15":"shipping-taxable","16":"purchasable","17":"product-type-variable"},"_links":{"self":[{"href":"https:\/\/by-aigul.de\/de\/wp-json\/wp\/v2\/product\/5655","targetHints":{"allow":["GET"]}}],"collection":[{"href":"https:\/\/by-aigul.de\/de\/wp-json\/wp\/v2\/product"}],"about":[{"href":"https:\/\/by-aigul.de\/de\/wp-json\/wp\/v2\/types\/product"}],"replies":[{"embeddable":true,"href":"https:\/\/by-aigul.de\/de\/wp-json\/wp\/v2\/comments?post=5655"}],"wp:featuredmedia":[{"embeddable":true,"href":"https:\/\/by-aigul.de\/de\/wp-json\/wp\/v2\/media\/5657"}],"wp:attachment":[{"href":"https:\/\/by-aigul.de\/de\/wp-json\/wp\/v2\/media?parent=5655"}],"wp:term":[{"taxonomy":"product_brand","embeddable":true,"href":"https:\/\/by-aigul.de\/de\/wp-json\/wp\/v2\/product_brand?post=5655"},{"taxonomy":"product_cat","embeddable":true,"href":"https:\/\/by-aigul.de\/de\/wp-json\/wp\/v2\/product_cat?post=5655"},{"taxonomy":"product_tag","embeddable":true,"href":"https:\/\/by-aigul.de\/de\/wp-json\/wp\/v2\/product_tag?post=5655"}],"curies":[{"name":"wp","href":"https:\/\/api.w.org\/{rel}","templated":true}]}}