{"id":5652,"date":"2026-03-31T23:07:10","date_gmt":"2026-03-31T23:07:10","guid":{"rendered":"https:\/\/by-aigul.de\/?post_type=product&#038;p=5652"},"modified":"2026-03-31T23:07:10","modified_gmt":"2026-03-31T23:07:10","slug":"dr-med-christine-schrammek-reinigender-vitalbalsam-regulierend-2","status":"publish","type":"product","link":"https:\/\/by-aigul.de\/de\/produkt\/dr-med-christine-schrammek-reinigender-vitalbalsam-regulierend-2\/","title":{"rendered":"Dr. med. Christine Schrammek Reinigender Vitalbalsam Regulierend"},"content":{"rendered":"<p data-start=\"0\" data-end=\"305\"><strong data-start=\"0\" data-end=\"64\">Dr. med. Christine Schrammek Reinigender Vitalbalsam Regulierend<\/strong> Ein pflegender Hautbalsam, der das Gleichgewicht der Haut bewahrt, ein Spannungsgef\u00fchl reduziert und f\u00fcr ein beruhigtes, gen\u00e4hrtes und angenehmes Hautgef\u00fchl sorgt. Besonders geeignet f\u00fcr reife, zu Fettigkeit und Unreinheiten neigende Haut.<\/p>\n<p data-start=\"307\" data-end=\"620\">Dieser Balsam vereint Pflege, Wohlbefinden und eine regulierende Wirkung. Er spendet Feuchtigkeit, ohne die Haut zu beschweren, sorgt f\u00fcr einen frischeren, verfeinerten Teint und macht die Hautpflege sanfter und bewusster. Eine ausgezeichnete Wahl f\u00fcr alle, die mehr als nur eine Creme suchen \u2013 ein Produkt, das speziell f\u00fcr die Balance und das Wohlbefinden der Haut entwickelt wurde.<\/p>\n<p data-start=\"622\" data-end=\"739\"><strong data-start=\"622\" data-end=\"657\">Reinigender Vitalbalsam Regulierend<\/strong> \u2014 Hierbei geht es um eine gepflegte, ruhigere und optisch klarere Haut ohne \u00dcberbeanspruchung.<\/p>","protected":false},"excerpt":{"rendered":"<p><strong data-start=\"405\" data-end=\"422\">Produkttyp:<\/strong> Feuchtigkeitscreme \/ Hautpflege<br data-start=\"452\" data-end=\"455\" \/><strong data-start=\"455\" data-end=\"466\">Oberfl\u00e4chen:<\/strong> leicht, nat\u00fcrlich, nicht fettig<br data-start=\"497\" data-end=\"500\" \/><strong data-start=\"500\" data-end=\"519\">Farbspektrum:<\/strong> abwesend<br data-start=\"531\" data-end=\"534\" \/><strong data-start=\"534\" data-end=\"547\">Charakter:<\/strong> regulierend, beruhigend, ausgleichend<br data-start=\"590\" data-end=\"593\" \/><strong data-start=\"593\" data-end=\"609\">Pigmentierung:<\/strong> abwesend<br data-start=\"621\" data-end=\"624\" \/><strong data-start=\"624\" data-end=\"638\">Haltbarkeit:<\/strong> Langzeitpflegeeffekt<br data-start=\"665\" data-end=\"668\" \/><strong data-start=\"668\" data-end=\"683\">Zweck:<\/strong> Normalisierung des Hautbildes, Reduzierung von Entz\u00fcndungen und Fettigkeit<br data-start=\"735\" data-end=\"738\" \/><strong data-start=\"738\" data-end=\"753\">Jahreszeit:<\/strong> Universal-<br data-start=\"766\" data-end=\"769\" \/><strong data-start=\"769\" data-end=\"780\">Format:<\/strong> Creme \/ Balsam<br data-start=\"795\" data-end=\"798\" \/><strong data-start=\"798\" data-end=\"809\">Status:<\/strong> professionelle Kosmetik \/ dermatologische Pflege<\/p>","protected":false},"featured_media":5654,"comment_status":"open","ping_status":"closed","template":"","meta":{"site-sidebar-layout":"default","site-content-layout":"","ast-site-content-layout":"default","site-content-style":"default","site-sidebar-style":"default","ast-global-header-display":"","ast-banner-title-visibility":"","ast-main-header-display":"","ast-hfb-above-header-display":"","ast-hfb-below-header-display":"","ast-hfb-mobile-header-display":"","site-post-title":"","ast-breadcrumbs-content":"","ast-featured-img":"","footer-sml-layout":"","theme-transparent-header-meta":"default","adv-header-id-meta":"","stick-header-meta":"","header-above-stick-meta":"","header-main-stick-meta":"","header-below-stick-meta":"","astra-migrate-meta-layouts":"set","ast-page-background-enabled":"default","ast-page-background-meta":{"desktop":{"background-color":"var(--ast-global-color-4)","background-image":"","background-repeat":"repeat","background-position":"center center","background-size":"auto","background-attachment":"scroll","background-type":"","background-media":"","overlay-type":"","overlay-color":"","overlay-opacity":"","overlay-gradient":""},"tablet":{"background-color":"","background-image":"","background-repeat":"repeat","background-position":"center center","background-size":"auto","background-attachment":"scroll","background-type":"","background-media":"","overlay-type":"","overlay-color":"","overlay-opacity":"","overlay-gradient":""},"mobile":{"background-color":"","background-image":"","background-repeat":"repeat","background-position":"center center","background-size":"auto","background-attachment":"scroll","background-type":"","background-media":"","overlay-type":"","overlay-color":"","overlay-opacity":"","overlay-gradient":""}},"ast-content-background-meta":{"desktop":{"background-color":"var(--ast-global-color-5)","background-image":"","background-repeat":"repeat","background-position":"center center","background-size":"auto","background-attachment":"scroll","background-type":"","background-media":"","overlay-type":"","overlay-color":"","overlay-opacity":"","overlay-gradient":""},"tablet":{"background-color":"var(--ast-global-color-5)","background-image":"","background-repeat":"repeat","background-position":"center center","background-size":"auto","background-attachment":"scroll","background-type":"","background-media":"","overlay-type":"","overlay-color":"","overlay-opacity":"","overlay-gradient":""},"mobile":{"background-color":"var(--ast-global-color-5)","background-image":"","background-repeat":"repeat","background-position":"center center","background-size":"auto","background-attachment":"scroll","background-type":"","background-media":"","overlay-type":"","overlay-color":"","overlay-opacity":"","overlay-gradient":""}}},"product_brand":[450],"product_cat":[163],"product_tag":[],"class_list":{"0":"post-5652","1":"product","2":"type-product","3":"status-publish","4":"has-post-thumbnail","6":"product_brand-dr-med-christine-schrammek","7":"product_cat-uhodovaya-kosmetika","8":"desktop-align-left","9":"tablet-align-left","10":"mobile-align-left","12":"first","13":"instock","14":"sale","15":"taxable","16":"shipping-taxable","17":"purchasable","18":"product-type-variable"},"_links":{"self":[{"href":"https:\/\/by-aigul.de\/de\/wp-json\/wp\/v2\/product\/5652","targetHints":{"allow":["GET"]}}],"collection":[{"href":"https:\/\/by-aigul.de\/de\/wp-json\/wp\/v2\/product"}],"about":[{"href":"https:\/\/by-aigul.de\/de\/wp-json\/wp\/v2\/types\/product"}],"replies":[{"embeddable":true,"href":"https:\/\/by-aigul.de\/de\/wp-json\/wp\/v2\/comments?post=5652"}],"wp:featuredmedia":[{"embeddable":true,"href":"https:\/\/by-aigul.de\/de\/wp-json\/wp\/v2\/media\/5654"}],"wp:attachment":[{"href":"https:\/\/by-aigul.de\/de\/wp-json\/wp\/v2\/media?parent=5652"}],"wp:term":[{"taxonomy":"product_brand","embeddable":true,"href":"https:\/\/by-aigul.de\/de\/wp-json\/wp\/v2\/product_brand?post=5652"},{"taxonomy":"product_cat","embeddable":true,"href":"https:\/\/by-aigul.de\/de\/wp-json\/wp\/v2\/product_cat?post=5652"},{"taxonomy":"product_tag","embeddable":true,"href":"https:\/\/by-aigul.de\/de\/wp-json\/wp\/v2\/product_tag?post=5652"}],"curies":[{"name":"wp","href":"https:\/\/api.w.org\/{rel}","templated":true}]}}