{"id":5647,"date":"2026-03-31T23:22:15","date_gmt":"2026-03-31T23:22:15","guid":{"rendered":"https:\/\/by-aigul.de\/?post_type=product&#038;p=5647"},"modified":"2026-03-31T23:22:15","modified_gmt":"2026-03-31T23:22:15","slug":"dr-med-christine-schrammek-reinigender-vitalbalsam-regulierend","status":"publish","type":"product","link":"https:\/\/by-aigul.de\/de\/produkt\/dr-med-christine-schrammek-reinigender-vitalbalsam-regulierend\/","title":{"rendered":"Charlotte Tilbury Magic Body Cream"},"content":{"rendered":"<p data-start=\"0\" data-end=\"255\"><strong data-start=\"0\" data-end=\"38\">Charlotte Tilbury Magic Body Cream<\/strong> Eine luxuri\u00f6se K\u00f6rpercreme, die die Haut weicher, geschmeidiger und sichtbar gepflegter macht. Sie spendet Wohlbefinden, ein wunderbar hydratisiertes Hautgef\u00fchl und einen sofort sp\u00fcrbaren, luxuri\u00f6sen Effekt.<\/p>\n<p data-start=\"257\" data-end=\"527\">Die Textur l\u00e4sst sich angenehm auf der Haut verteilen, pflegt sie und sorgt den ganzen Tag f\u00fcr ein weiches und geschmeidiges Hautgef\u00fchl. Dieses Produkt ist ideal f\u00fcr alle, die nicht nur Wert auf grundlegende Hautpflege legen, sondern luxuri\u00f6se Produkte, die ihre t\u00e4gliche Pflegeroutine zu einem besonderen Genuss machen.<\/p>\n<p data-start=\"529\" data-end=\"657\"><strong data-start=\"529\" data-end=\"567\">Charlotte Tilbury Magic Body Cream<\/strong> \u2014 Hierbei geht es um gepflegte, weiche und sch\u00f6ne Haut am K\u00f6rper, die sich angenehm anf\u00fchlt und luxuri\u00f6s gepflegt wird.<\/p>","protected":false},"excerpt":{"rendered":"<p><strong data-start=\"392\" data-end=\"409\">Produkttyp:<\/strong> Feuchtigkeitsspendende K\u00f6rpercreme<br data-start=\"435\" data-end=\"438\" \/><strong data-start=\"438\" data-end=\"449\">Oberfl\u00e4chen:<\/strong> strahlend, glatt, seidig<br data-start=\"486\" data-end=\"489\" \/><strong data-start=\"489\" data-end=\"508\">Farbspektrum:<\/strong> universell (ohne T\u00f6nung, mit Leuchteffekt)<br data-start=\"553\" data-end=\"556\" \/><strong data-start=\"556\" data-end=\"569\">Charakter:<\/strong> gepflegte, glatte, optisch straffere Haut<br data-start=\"621\" data-end=\"624\" \/><strong data-start=\"624\" data-end=\"640\">Pigmentierung:<\/strong> abwesend<br data-start=\"652\" data-end=\"655\" \/><strong data-start=\"655\" data-end=\"669\">Haltbarkeit:<\/strong> Langanhaltende Feuchtigkeitspflege + visueller Effekt<br data-start=\"711\" data-end=\"714\" \/><strong data-start=\"714\" data-end=\"729\">Zweck:<\/strong> Ern\u00e4hrung, Fl\u00fcssigkeitszufuhr, Verbesserung des Hautbildes<br data-start=\"779\" data-end=\"782\" \/><strong data-start=\"782\" data-end=\"797\">Jahreszeit:<\/strong> universell (insbesondere Fr\u00fchling\/Sommer)<br data-start=\"834\" data-end=\"837\" \/><strong data-start=\"837\" data-end=\"848\">Format:<\/strong> Creme<br data-start=\"853\" data-end=\"856\" \/><strong data-start=\"856\" data-end=\"867\">Status:<\/strong> Luxus \/ Original<\/p>","protected":false},"featured_media":5651,"comment_status":"open","ping_status":"closed","template":"","meta":{"site-sidebar-layout":"default","site-content-layout":"","ast-site-content-layout":"default","site-content-style":"default","site-sidebar-style":"default","ast-global-header-display":"","ast-banner-title-visibility":"","ast-main-header-display":"","ast-hfb-above-header-display":"","ast-hfb-below-header-display":"","ast-hfb-mobile-header-display":"","site-post-title":"","ast-breadcrumbs-content":"","ast-featured-img":"","footer-sml-layout":"","theme-transparent-header-meta":"default","adv-header-id-meta":"","stick-header-meta":"","header-above-stick-meta":"","header-main-stick-meta":"","header-below-stick-meta":"","astra-migrate-meta-layouts":"set","ast-page-background-enabled":"default","ast-page-background-meta":{"desktop":{"background-color":"var(--ast-global-color-4)","background-image":"","background-repeat":"repeat","background-position":"center center","background-size":"auto","background-attachment":"scroll","background-type":"","background-media":"","overlay-type":"","overlay-color":"","overlay-opacity":"","overlay-gradient":""},"tablet":{"background-color":"","background-image":"","background-repeat":"repeat","background-position":"center center","background-size":"auto","background-attachment":"scroll","background-type":"","background-media":"","overlay-type":"","overlay-color":"","overlay-opacity":"","overlay-gradient":""},"mobile":{"background-color":"","background-image":"","background-repeat":"repeat","background-position":"center center","background-size":"auto","background-attachment":"scroll","background-type":"","background-media":"","overlay-type":"","overlay-color":"","overlay-opacity":"","overlay-gradient":""}},"ast-content-background-meta":{"desktop":{"background-color":"var(--ast-global-color-5)","background-image":"","background-repeat":"repeat","background-position":"center center","background-size":"auto","background-attachment":"scroll","background-type":"","background-media":"","overlay-type":"","overlay-color":"","overlay-opacity":"","overlay-gradient":""},"tablet":{"background-color":"var(--ast-global-color-5)","background-image":"","background-repeat":"repeat","background-position":"center center","background-size":"auto","background-attachment":"scroll","background-type":"","background-media":"","overlay-type":"","overlay-color":"","overlay-opacity":"","overlay-gradient":""},"mobile":{"background-color":"var(--ast-global-color-5)","background-image":"","background-repeat":"repeat","background-position":"center center","background-size":"auto","background-attachment":"scroll","background-type":"","background-media":"","overlay-type":"","overlay-color":"","overlay-opacity":"","overlay-gradient":""}}},"product_brand":[261],"product_cat":[163],"product_tag":[],"class_list":{"0":"post-5647","1":"product","2":"type-product","3":"status-publish","4":"has-post-thumbnail","6":"product_brand-charlotte-tilbury","7":"product_cat-uhodovaya-kosmetika","8":"desktop-align-left","9":"tablet-align-left","10":"mobile-align-left","12":"first","13":"instock","14":"sale","15":"taxable","16":"shipping-taxable","17":"purchasable","18":"product-type-simple"},"_links":{"self":[{"href":"https:\/\/by-aigul.de\/de\/wp-json\/wp\/v2\/product\/5647","targetHints":{"allow":["GET"]}}],"collection":[{"href":"https:\/\/by-aigul.de\/de\/wp-json\/wp\/v2\/product"}],"about":[{"href":"https:\/\/by-aigul.de\/de\/wp-json\/wp\/v2\/types\/product"}],"replies":[{"embeddable":true,"href":"https:\/\/by-aigul.de\/de\/wp-json\/wp\/v2\/comments?post=5647"}],"wp:featuredmedia":[{"embeddable":true,"href":"https:\/\/by-aigul.de\/de\/wp-json\/wp\/v2\/media\/5651"}],"wp:attachment":[{"href":"https:\/\/by-aigul.de\/de\/wp-json\/wp\/v2\/media?parent=5647"}],"wp:term":[{"taxonomy":"product_brand","embeddable":true,"href":"https:\/\/by-aigul.de\/de\/wp-json\/wp\/v2\/product_brand?post=5647"},{"taxonomy":"product_cat","embeddable":true,"href":"https:\/\/by-aigul.de\/de\/wp-json\/wp\/v2\/product_cat?post=5647"},{"taxonomy":"product_tag","embeddable":true,"href":"https:\/\/by-aigul.de\/de\/wp-json\/wp\/v2\/product_tag?post=5647"}],"curies":[{"name":"wp","href":"https:\/\/api.w.org\/{rel}","templated":true}]}}