{"id":5632,"date":"2026-03-31T20:05:16","date_gmt":"2026-03-31T20:05:16","guid":{"rendered":"https:\/\/by-aigul.de\/?post_type=product&#038;p=5632"},"modified":"2026-03-31T20:11:44","modified_gmt":"2026-03-31T20:11:44","slug":"dolce-gabbana-secret-shield-schutz-und-glattungs-primer-mit-lsf-50","status":"publish","type":"product","link":"https:\/\/by-aigul.de\/de\/produkt\/dolce-gabbana-secret-shield-schutz-und-glattungs-primer-mit-lsf-50\/","title":{"rendered":"Dolce &amp; Gabbana Secret Shield Protective Smoothing Primer SPF 50"},"content":{"rendered":"<p>Verwandeln Sie Ihren Teint mit der Secret Shield SPF 50 Foundation von Dolce &amp; Gabbana. Diese geschmeidige, cremige Foundation sorgt f\u00fcr einen nat\u00fcrlichen \u201eZweite-Haut\u201c-Effekt, ohne die Haut zu beschweren oder die Poren zu verstopfen. Ihre einzigartige Formel sch\u00fctzt das Make-up vor sch\u00e4dlichen Umwelteinfl\u00fcssen, w\u00e4hrend der hohe Lichtschutzfaktor 50 die Haut vor dem Austrocknen durch die Sonne bewahrt.<\/p>\n<p>Diese intensiv feuchtigkeitsspendende Grundierung schlie\u00dft die Feuchtigkeit ein und sorgt f\u00fcr langanhaltende Geschmeidigkeit sowie die perfekte Basis f\u00fcr Foundation und Concealer. Die langanhaltende Formel ist mit dem Mediterranean Glow Complex angereichert, einem wirkungsvollen Cocktail aus nat\u00fcrlichen Inhaltsstoffen, der einen frischen, strahlenden Teint zaubert.<\/p>\n<p>Die Grundierung befindet sich in einer luxuri\u00f6sen wei\u00dfen Flasche mit goldenem Verschluss, wodurch sie \u00fcberall, wo sie platziert wird, elegant aussieht.<\/p>","protected":false},"excerpt":{"rendered":"<p><strong data-start=\"425\" data-end=\"442\">Produkttyp:<\/strong> Primer\/Make-up-Basis mit Lichtschutzfaktor<br data-start=\"474\" data-end=\"477\" \/><strong data-start=\"477\" data-end=\"488\">Oberfl\u00e4chen:<\/strong> nat\u00fcrlich, glatt, leichter Satin<br data-start=\"532\" data-end=\"535\" \/><strong data-start=\"535\" data-end=\"554\">Farbspektrum:<\/strong> transparent \/ universell<br data-start=\"581\" data-end=\"584\" \/><strong data-start=\"584\" data-end=\"597\">Charakter:<\/strong> Gleicht den Teint aus, sch\u00fctzt und bereitet ihn auf das Make-up vor.<br data-start=\"651\" data-end=\"654\" \/><strong data-start=\"654\" data-end=\"670\">Pigmentierung:<\/strong> abwesend<br data-start=\"682\" data-end=\"685\" \/><strong data-start=\"685\" data-end=\"699\">Haltbarkeit:<\/strong> hoch (verl\u00e4ngert die Haltbarkeit des Make-ups)<br data-start=\"738\" data-end=\"741\" \/><strong data-start=\"741\" data-end=\"756\" data-is-only-node=\"\">Zweck:<\/strong> Sonnenschutz + Make-up-Grundlage<br data-start=\"791\" data-end=\"794\" \/><strong data-start=\"794\" data-end=\"809\">Jahreszeit:<\/strong> insbesondere Fr\u00fchling\/Sommer (aber das ganze Jahr \u00fcber relevant)<br data-start=\"858\" data-end=\"861\" \/><strong data-start=\"861\" data-end=\"872\">Format:<\/strong> Creme-Primer<br data-start=\"885\" data-end=\"888\" \/><strong data-start=\"888\" data-end=\"899\">Status:<\/strong> Luxus \/ Original<\/p>","protected":false},"featured_media":5633,"comment_status":"open","ping_status":"closed","template":"","meta":{"site-sidebar-layout":"default","site-content-layout":"","ast-site-content-layout":"default","site-content-style":"default","site-sidebar-style":"default","ast-global-header-display":"","ast-banner-title-visibility":"","ast-main-header-display":"","ast-hfb-above-header-display":"","ast-hfb-below-header-display":"","ast-hfb-mobile-header-display":"","site-post-title":"","ast-breadcrumbs-content":"","ast-featured-img":"","footer-sml-layout":"","theme-transparent-header-meta":"default","adv-header-id-meta":"","stick-header-meta":"","header-above-stick-meta":"","header-main-stick-meta":"","header-below-stick-meta":"","astra-migrate-meta-layouts":"set","ast-page-background-enabled":"default","ast-page-background-meta":{"desktop":{"background-color":"var(--ast-global-color-4)","background-image":"","background-repeat":"repeat","background-position":"center center","background-size":"auto","background-attachment":"scroll","background-type":"","background-media":"","overlay-type":"","overlay-color":"","overlay-opacity":"","overlay-gradient":""},"tablet":{"background-color":"","background-image":"","background-repeat":"repeat","background-position":"center center","background-size":"auto","background-attachment":"scroll","background-type":"","background-media":"","overlay-type":"","overlay-color":"","overlay-opacity":"","overlay-gradient":""},"mobile":{"background-color":"","background-image":"","background-repeat":"repeat","background-position":"center center","background-size":"auto","background-attachment":"scroll","background-type":"","background-media":"","overlay-type":"","overlay-color":"","overlay-opacity":"","overlay-gradient":""}},"ast-content-background-meta":{"desktop":{"background-color":"var(--ast-global-color-5)","background-image":"","background-repeat":"repeat","background-position":"center center","background-size":"auto","background-attachment":"scroll","background-type":"","background-media":"","overlay-type":"","overlay-color":"","overlay-opacity":"","overlay-gradient":""},"tablet":{"background-color":"var(--ast-global-color-5)","background-image":"","background-repeat":"repeat","background-position":"center center","background-size":"auto","background-attachment":"scroll","background-type":"","background-media":"","overlay-type":"","overlay-color":"","overlay-opacity":"","overlay-gradient":""},"mobile":{"background-color":"var(--ast-global-color-5)","background-image":"","background-repeat":"repeat","background-position":"center center","background-size":"auto","background-attachment":"scroll","background-type":"","background-media":"","overlay-type":"","overlay-color":"","overlay-opacity":"","overlay-gradient":""}}},"product_brand":[175],"product_cat":[163],"product_tag":[],"class_list":{"0":"post-5632","1":"product","2":"type-product","3":"status-publish","4":"has-post-thumbnail","6":"product_brand-dolce-gabbana","7":"product_cat-uhodovaya-kosmetika","8":"desktop-align-left","9":"tablet-align-left","10":"mobile-align-left","12":"first","13":"instock","14":"sale","15":"taxable","16":"shipping-taxable","17":"purchasable","18":"product-type-simple"},"_links":{"self":[{"href":"https:\/\/by-aigul.de\/de\/wp-json\/wp\/v2\/product\/5632","targetHints":{"allow":["GET"]}}],"collection":[{"href":"https:\/\/by-aigul.de\/de\/wp-json\/wp\/v2\/product"}],"about":[{"href":"https:\/\/by-aigul.de\/de\/wp-json\/wp\/v2\/types\/product"}],"replies":[{"embeddable":true,"href":"https:\/\/by-aigul.de\/de\/wp-json\/wp\/v2\/comments?post=5632"}],"wp:featuredmedia":[{"embeddable":true,"href":"https:\/\/by-aigul.de\/de\/wp-json\/wp\/v2\/media\/5633"}],"wp:attachment":[{"href":"https:\/\/by-aigul.de\/de\/wp-json\/wp\/v2\/media?parent=5632"}],"wp:term":[{"taxonomy":"product_brand","embeddable":true,"href":"https:\/\/by-aigul.de\/de\/wp-json\/wp\/v2\/product_brand?post=5632"},{"taxonomy":"product_cat","embeddable":true,"href":"https:\/\/by-aigul.de\/de\/wp-json\/wp\/v2\/product_cat?post=5632"},{"taxonomy":"product_tag","embeddable":true,"href":"https:\/\/by-aigul.de\/de\/wp-json\/wp\/v2\/product_tag?post=5632"}],"curies":[{"name":"wp","href":"https:\/\/api.w.org\/{rel}","templated":true}]}}