{"id":5615,"date":"2026-03-31T19:17:50","date_gmt":"2026-03-31T19:17:50","guid":{"rendered":"https:\/\/by-aigul.de\/?post_type=product&#038;p=5615"},"modified":"2026-03-31T19:40:33","modified_gmt":"2026-03-31T19:40:33","slug":"5615","status":"publish","type":"product","link":"https:\/\/by-aigul.de\/de\/produkt\/5615\/","title":{"rendered":"Dior Addict Lip Maximizer Serum"},"content":{"rendered":"<p data-start=\"0\" data-end=\"244\"><strong data-start=\"0\" data-end=\"35\">Dior Addict Lip Maximizer Serum<\/strong> Ein pflegendes Lippenserum, das die Lippen glatter, weicher und sichtbar gepflegter macht. Es l\u00e4sst sich wunderbar auftragen, spendet Komfort und sorgt f\u00fcr ein frisches, gepflegtes Gef\u00fchl auf den Lippen, ohne sich schwer anzuf\u00fchlen.<\/p>\n<p data-start=\"246\" data-end=\"535\">Dieses Produkt ist ideal f\u00fcr alle, die Pflege mit sch\u00f6nen Ergebnissen verbinden m\u00f6chten. Das Serum sorgt f\u00fcr hydratisierte, gepflegte und attraktive Lippen und eignet sich perfekt sowohl f\u00fcr die alleinige Anwendung als auch als Erg\u00e4nzung der t\u00e4glichen Pflegeroutine.<\/p>\n<p data-start=\"537\" data-end=\"641\"><strong data-start=\"537\" data-end=\"572\">Dior Addict Lip Maximizer Serum<\/strong> \u2014 Es geht um Komfort, Pflege und sch\u00f6ne Lippen mit einem gesunden Glanz.<\/p>","protected":false},"excerpt":{"rendered":"<p><strong data-start=\"320\" data-end=\"337\">Produkttyp:<\/strong> Lippenpflege + Volumenaufbau<br data-start=\"366\" data-end=\"369\" \/><strong data-start=\"369\" data-end=\"380\">Oberfl\u00e4chen:<\/strong> transparent, gl\u00e4nzend, f\u00fcrsorglich<br data-start=\"412\" data-end=\"415\" \/><strong data-start=\"415\" data-end=\"434\">Farbspektrum:<\/strong> Universal (ohne T\u00f6nung oder hellen Nude-Ton)<br data-start=\"477\" data-end=\"480\" \/><strong data-start=\"480\" data-end=\"493\">Charakter:<\/strong> gepflegte, mit Feuchtigkeit versorgte, optisch vollere Lippen<br data-start=\"547\" data-end=\"550\" \/><strong data-start=\"550\" data-end=\"566\">Pigmentierung:<\/strong> fehlend \/ leicht<br data-start=\"587\" data-end=\"590\" \/><strong data-start=\"590\" data-end=\"604\">Haltbarkeit:<\/strong> mittel (lang anhaltende Pflegewirkung)<br data-start=\"641\" data-end=\"644\" \/><strong data-start=\"644\" data-end=\"659\">Zweck:<\/strong> Feuchtigkeitsspendend, regenerierend und optisch vergr\u00f6\u00dfernd f\u00fcr die Lippen<br data-start=\"714\" data-end=\"717\" \/><strong data-start=\"717\" data-end=\"732\">Jahreszeit:<\/strong> universell (besonders relevant im Herbst\/Winter)<br data-start=\"777\" data-end=\"780\" \/><strong data-start=\"780\" data-end=\"791\">Format:<\/strong> Serum \/ Glanz<br data-start=\"809\" data-end=\"812\" \/><strong data-start=\"812\" data-end=\"823\">Status:<\/strong> Luxus \/ Original<\/p>","protected":false},"featured_media":5616,"comment_status":"open","ping_status":"closed","template":"","meta":{"site-sidebar-layout":"default","site-content-layout":"","ast-site-content-layout":"default","site-content-style":"default","site-sidebar-style":"default","ast-global-header-display":"","ast-banner-title-visibility":"","ast-main-header-display":"","ast-hfb-above-header-display":"","ast-hfb-below-header-display":"","ast-hfb-mobile-header-display":"","site-post-title":"","ast-breadcrumbs-content":"","ast-featured-img":"","footer-sml-layout":"","theme-transparent-header-meta":"default","adv-header-id-meta":"","stick-header-meta":"","header-above-stick-meta":"","header-main-stick-meta":"","header-below-stick-meta":"","astra-migrate-meta-layouts":"set","ast-page-background-enabled":"default","ast-page-background-meta":{"desktop":{"background-color":"var(--ast-global-color-4)","background-image":"","background-repeat":"repeat","background-position":"center center","background-size":"auto","background-attachment":"scroll","background-type":"","background-media":"","overlay-type":"","overlay-color":"","overlay-opacity":"","overlay-gradient":""},"tablet":{"background-color":"","background-image":"","background-repeat":"repeat","background-position":"center center","background-size":"auto","background-attachment":"scroll","background-type":"","background-media":"","overlay-type":"","overlay-color":"","overlay-opacity":"","overlay-gradient":""},"mobile":{"background-color":"","background-image":"","background-repeat":"repeat","background-position":"center center","background-size":"auto","background-attachment":"scroll","background-type":"","background-media":"","overlay-type":"","overlay-color":"","overlay-opacity":"","overlay-gradient":""}},"ast-content-background-meta":{"desktop":{"background-color":"var(--ast-global-color-5)","background-image":"","background-repeat":"repeat","background-position":"center center","background-size":"auto","background-attachment":"scroll","background-type":"","background-media":"","overlay-type":"","overlay-color":"","overlay-opacity":"","overlay-gradient":""},"tablet":{"background-color":"var(--ast-global-color-5)","background-image":"","background-repeat":"repeat","background-position":"center center","background-size":"auto","background-attachment":"scroll","background-type":"","background-media":"","overlay-type":"","overlay-color":"","overlay-opacity":"","overlay-gradient":""},"mobile":{"background-color":"var(--ast-global-color-5)","background-image":"","background-repeat":"repeat","background-position":"center center","background-size":"auto","background-attachment":"scroll","background-type":"","background-media":"","overlay-type":"","overlay-color":"","overlay-opacity":"","overlay-gradient":""}}},"product_brand":[],"product_cat":[163],"product_tag":[],"class_list":{"0":"post-5615","1":"product","2":"type-product","3":"status-publish","4":"has-post-thumbnail","6":"product_cat-uhodovaya-kosmetika","7":"desktop-align-left","8":"tablet-align-left","9":"mobile-align-left","11":"first","12":"instock","13":"sale","14":"taxable","15":"shipping-taxable","16":"purchasable","17":"product-type-simple"},"_links":{"self":[{"href":"https:\/\/by-aigul.de\/de\/wp-json\/wp\/v2\/product\/5615","targetHints":{"allow":["GET"]}}],"collection":[{"href":"https:\/\/by-aigul.de\/de\/wp-json\/wp\/v2\/product"}],"about":[{"href":"https:\/\/by-aigul.de\/de\/wp-json\/wp\/v2\/types\/product"}],"replies":[{"embeddable":true,"href":"https:\/\/by-aigul.de\/de\/wp-json\/wp\/v2\/comments?post=5615"}],"wp:featuredmedia":[{"embeddable":true,"href":"https:\/\/by-aigul.de\/de\/wp-json\/wp\/v2\/media\/5616"}],"wp:attachment":[{"href":"https:\/\/by-aigul.de\/de\/wp-json\/wp\/v2\/media?parent=5615"}],"wp:term":[{"taxonomy":"product_brand","embeddable":true,"href":"https:\/\/by-aigul.de\/de\/wp-json\/wp\/v2\/product_brand?post=5615"},{"taxonomy":"product_cat","embeddable":true,"href":"https:\/\/by-aigul.de\/de\/wp-json\/wp\/v2\/product_cat?post=5615"},{"taxonomy":"product_tag","embeddable":true,"href":"https:\/\/by-aigul.de\/de\/wp-json\/wp\/v2\/product_tag?post=5615"}],"curies":[{"name":"wp","href":"https:\/\/api.w.org\/{rel}","templated":true}]}}