{"id":5544,"date":"2026-03-30T16:57:49","date_gmt":"2026-03-30T16:57:49","guid":{"rendered":"https:\/\/by-aigul.de\/?post_type=product&#038;p=5544"},"modified":"2026-04-01T19:53:13","modified_gmt":"2026-04-01T19:53:13","slug":"luxuriose-uberraschungs-beauty-box","status":"publish","type":"product","link":"https:\/\/by-aigul.de\/de\/produkt\/luxuriose-uberraschungs-beauty-box\/","title":{"rendered":"Luxuri\u00f6se Beauty-\u00dcberraschungsbox"},"content":{"rendered":"<p style=\"text-align: left;\" data-start=\"133\" data-end=\"379\"><strong data-start=\"133\" data-end=\"162\">Luxuri\u00f6se Beauty-\u00dcberraschungsbox<\/strong> \u2014 ist ein luxuri\u00f6ses Beauty-Set mit einem angenehmen \u00dcberraschungseffekt.<br data-start=\"221\" data-end=\"224\" \/>Eine ideale Option f\u00fcr alle, die hochwertige Kosmetik, sch\u00f6ne Fundst\u00fccke und diesen besonderen Moment lieben, wenn man die Schachtel \u00f6ffnet und sofort alles untersuchen m\u00f6chte.<\/p>\n<p data-start=\"381\" data-end=\"551\">Im Inneren finden Sie eine schicke Kosmetiktasche und <strong data-start=\"419\" data-end=\"458\">7 Sch\u00f6nheitsprodukte von Luxusmarken<\/strong>.<br data-start=\"459\" data-end=\"462\" \/>Der Inhalt jeder Box wird zuf\u00e4llig ausgew\u00e4hlt, sodass jedes Set einzigartig ist.<\/p>\n<p data-start=\"553\" data-end=\"767\">Das Set kann Make-up- und Hautpflegeprodukte enthalten: Lidschatten oder Palette, Rouge, Highlighter, Mascara, Lippenstift, Lippen- oder Eyeliner sowie Hautpflegeprodukte wie Peelings, Glow-Produkte und andere Beauty-\u00dcberraschungen.<\/p>\n<p data-start=\"769\" data-end=\"950\"><strong data-start=\"769\" data-end=\"822\">Die tats\u00e4chlichen Kosten f\u00fcr die Bef\u00fcllung liegen zwischen 150 \u20ac und 250 \u20ac.<\/strong>, w\u00e4hrend der Preis der Box nur <strong data-start=\"852\" data-end=\"860\">99 \u20ac<\/strong>.<br data-start=\"861\" data-end=\"864\" \/>Dies ist eine gro\u00dfartige Gelegenheit, Luxusprodukte zu einem wirklich g\u00fcnstigen Preis auszuprobieren.<\/p>\n<p data-start=\"952\" data-end=\"1135\">Die Beauty-\u00dcberraschungsbox ist perfekt f\u00fcr dich selbst oder als Geschenk \u2013 wundersch\u00f6n, aufregend und einfach unwiderstehlich. Ganz einfach: F\u00fcr 99 \u20ac f\u00fchlst du dich wie im Beauty-Jackpot.<\/p>","protected":false},"excerpt":{"rendered":"<p data-start=\"1169\" data-end=\"1704\"><strong data-start=\"1169\" data-end=\"1182\">Name:<\/strong> Luxuri\u00f6se Beauty-\u00dcberraschungsbox<br data-start=\"1208\" data-end=\"1211\" \/><strong data-start=\"1211\" data-end=\"1226\">Produkttyp:<\/strong> Beauty-\u00dcberraschungsbox \/ Kosmetik-Geschenkset<br data-start=\"1291\" data-end=\"1294\" \/><strong data-start=\"1294\" data-end=\"1305\">Format:<\/strong> \u00dcberraschungsset<br data-start=\"1319\" data-end=\"1322\" \/><strong data-start=\"1322\" data-end=\"1337\">F\u00fcllung:<\/strong> 7 Beauty-Produkte + eine Kosmetiktasche<br data-start=\"1369\" data-end=\"1372\" \/><strong data-start=\"1372\" data-end=\"1386\">Kategorie:<\/strong> Luxuskosmetik und Pflege<br data-start=\"1412\" data-end=\"1415\" \/><strong data-start=\"1415\" data-end=\"1426\">Marken:<\/strong> Luxus-Sch\u00f6nheitsmarken<br data-start=\"1449\" data-end=\"1452\" \/><strong data-start=\"1452\" data-end=\"1463\" data-is-only-node=\"\">Verbindung:<\/strong> zuf\u00e4llig<br data-start=\"1473\" data-end=\"1476\" \/><strong data-start=\"1476\" data-end=\"1497\">Produktversionen:<\/strong> Versionen in Originalgr\u00f6\u00dfe und\/oder Reiseversionen<br data-start=\"1532\" data-end=\"1535\" \/><strong data-start=\"1535\" data-end=\"1576\">Gesch\u00e4tzte Kosten f\u00fcr die Bef\u00fcllung:<\/strong> von 150 \u20ac bis 250 \u20ac<br data-start=\"1594\" data-end=\"1597\" \/><strong data-start=\"1597\" data-end=\"1612\">Zweck:<\/strong> f\u00fcr sich selbst \/ als Geschenk<br data-start=\"1633\" data-end=\"1636\" \/><strong data-start=\"1636\" data-end=\"1652\">Besonderheit:<\/strong> Jede Box ist einzigartig, der Inhalt kann variieren.<\/p>\n<p data-start=\"1706\" data-end=\"1731\"><strong data-start=\"1706\" data-end=\"1731\">M\u00f6gliche Bef\u00fcllung:<\/strong><\/p>\n<ul data-start=\"1732\" data-end=\"1853\">\n<li data-section-id=\"1pe06a0\" data-start=\"1732\" data-end=\"1750\">Lidschatten oder Palette<\/li>\n<li data-section-id=\"1d61y9z\" data-start=\"1751\" data-end=\"1773\">Rouge oder Highlighter<\/li>\n<li data-section-id=\"1jpaxt9\" data-start=\"1774\" data-end=\"1780\">Wimperntusche<\/li>\n<li data-section-id=\"1jb1s8x\" data-start=\"1781\" data-end=\"1789\">Pomade<\/li>\n<li data-section-id=\"12jncnq\" data-start=\"1790\" data-end=\"1817\">Lippen- oder Augenstift<\/li>\n<li data-section-id=\"fbtg9j\" data-start=\"1818\" data-end=\"1837\">Pflegeprodukte<\/li>\n<li data-section-id=\"q7mgs3\" data-start=\"1838\" data-end=\"1853\">Glow-Produkte<\/li>\n<\/ul>\n<p data-start=\"1855\" data-end=\"1865\"><strong data-start=\"1855\" data-end=\"1865\">Wichtig:<\/strong><\/p>\n<ul data-start=\"1866\" data-end=\"2027\">\n<li data-section-id=\"9ph0x\" data-start=\"1866\" data-end=\"1898\">Die Zusammensetzung jeder Box ist zuf\u00e4llig.<\/li>\n<li data-section-id=\"dw47tc\" data-start=\"1899\" data-end=\"1936\">Die Produkte in den Sets k\u00f6nnen unterschiedlich sein<\/li>\n<li data-section-id=\"1tzx0ld\" data-start=\"1937\" data-end=\"1983\">Die Fotos auf der Website k\u00f6nnen ein Beispiel f\u00fcr den Inhalt sein.<\/li>\n<li data-section-id=\"qwn3k5\" data-start=\"1984\" data-end=\"2027\">Jede Box wird in einem \u00dcberraschungsformat zusammengestellt.<\/li>\n<\/ul>","protected":false},"featured_media":5550,"comment_status":"open","ping_status":"closed","template":"","meta":{"site-sidebar-layout":"default","site-content-layout":"","ast-site-content-layout":"default","site-content-style":"default","site-sidebar-style":"default","ast-global-header-display":"","ast-banner-title-visibility":"","ast-main-header-display":"","ast-hfb-above-header-display":"","ast-hfb-below-header-display":"","ast-hfb-mobile-header-display":"","site-post-title":"","ast-breadcrumbs-content":"","ast-featured-img":"","footer-sml-layout":"","theme-transparent-header-meta":"default","adv-header-id-meta":"","stick-header-meta":"","header-above-stick-meta":"","header-main-stick-meta":"","header-below-stick-meta":"","astra-migrate-meta-layouts":"set","ast-page-background-enabled":"default","ast-page-background-meta":{"desktop":{"background-color":"var(--ast-global-color-4)","background-image":"","background-repeat":"repeat","background-position":"center center","background-size":"auto","background-attachment":"scroll","background-type":"","background-media":"","overlay-type":"","overlay-color":"","overlay-opacity":"","overlay-gradient":""},"tablet":{"background-color":"","background-image":"","background-repeat":"repeat","background-position":"center center","background-size":"auto","background-attachment":"scroll","background-type":"","background-media":"","overlay-type":"","overlay-color":"","overlay-opacity":"","overlay-gradient":""},"mobile":{"background-color":"","background-image":"","background-repeat":"repeat","background-position":"center center","background-size":"auto","background-attachment":"scroll","background-type":"","background-media":"","overlay-type":"","overlay-color":"","overlay-opacity":"","overlay-gradient":""}},"ast-content-background-meta":{"desktop":{"background-color":"var(--ast-global-color-5)","background-image":"","background-repeat":"repeat","background-position":"center center","background-size":"auto","background-attachment":"scroll","background-type":"","background-media":"","overlay-type":"","overlay-color":"","overlay-opacity":"","overlay-gradient":""},"tablet":{"background-color":"var(--ast-global-color-5)","background-image":"","background-repeat":"repeat","background-position":"center center","background-size":"auto","background-attachment":"scroll","background-type":"","background-media":"","overlay-type":"","overlay-color":"","overlay-opacity":"","overlay-gradient":""},"mobile":{"background-color":"var(--ast-global-color-5)","background-image":"","background-repeat":"repeat","background-position":"center center","background-size":"auto","background-attachment":"scroll","background-type":"","background-media":"","overlay-type":"","overlay-color":"","overlay-opacity":"","overlay-gradient":""}}},"product_brand":[],"product_cat":[162,145,163],"product_tag":[],"class_list":{"0":"post-5544","1":"product","2":"type-product","3":"status-publish","4":"has-post-thumbnail","6":"product_cat-aromaty-duhi","7":"product_cat-kosmetyka","8":"product_cat-uhodovaya-kosmetika","9":"desktop-align-left","10":"tablet-align-left","11":"mobile-align-left","13":"first","14":"instock","15":"sale","16":"taxable","17":"shipping-taxable","18":"purchasable","19":"product-type-simple"},"_links":{"self":[{"href":"https:\/\/by-aigul.de\/de\/wp-json\/wp\/v2\/product\/5544","targetHints":{"allow":["GET"]}}],"collection":[{"href":"https:\/\/by-aigul.de\/de\/wp-json\/wp\/v2\/product"}],"about":[{"href":"https:\/\/by-aigul.de\/de\/wp-json\/wp\/v2\/types\/product"}],"replies":[{"embeddable":true,"href":"https:\/\/by-aigul.de\/de\/wp-json\/wp\/v2\/comments?post=5544"}],"wp:featuredmedia":[{"embeddable":true,"href":"https:\/\/by-aigul.de\/de\/wp-json\/wp\/v2\/media\/5550"}],"wp:attachment":[{"href":"https:\/\/by-aigul.de\/de\/wp-json\/wp\/v2\/media?parent=5544"}],"wp:term":[{"taxonomy":"product_brand","embeddable":true,"href":"https:\/\/by-aigul.de\/de\/wp-json\/wp\/v2\/product_brand?post=5544"},{"taxonomy":"product_cat","embeddable":true,"href":"https:\/\/by-aigul.de\/de\/wp-json\/wp\/v2\/product_cat?post=5544"},{"taxonomy":"product_tag","embeddable":true,"href":"https:\/\/by-aigul.de\/de\/wp-json\/wp\/v2\/product_tag?post=5544"}],"curies":[{"name":"wp","href":"https:\/\/api.w.org\/{rel}","templated":true}]}}