{"id":5533,"date":"2026-03-30T14:27:45","date_gmt":"2026-03-30T14:27:45","guid":{"rendered":"https:\/\/by-aigul.de\/?post_type=product&#038;p=5533"},"modified":"2026-03-30T14:32:51","modified_gmt":"2026-03-30T14:32:51","slug":"4711-echt-kolnisch-wasserspritzer","status":"publish","type":"product","link":"https:\/\/by-aigul.de\/de\/produkt\/4711-echt-kolnisch-wasserspritzer\/","title":{"rendered":"4711 Echt K\u00f6lnisch Wasser Splash"},"content":{"rendered":"<section class=\"text-token-text-primary w-full focus:outline-none [--shadow-height:45px] has-data-writing-block:pointer-events-none has-data-writing-block:-mt-(--shadow-height) has-data-writing-block:pt-(--shadow-height) [&amp;:has([data-writing-block])&gt;*]:pointer-events-auto scroll-mt-(--header-height)\" dir=\"auto\" data-turn-id=\"b87dd863-1451-48bf-8bed-e57f1aeef6c0\" data-testid=\"conversation-turn-232\" data-scroll-anchor=\"false\" data-turn=\"user\"><\/section>\n<section class=\"text-token-text-primary w-full focus:outline-none [--shadow-height:45px] has-data-writing-block:pointer-events-none has-data-writing-block:-mt-(--shadow-height) has-data-writing-block:pt-(--shadow-height) [&amp;:has([data-writing-block])&gt;*]:pointer-events-auto scroll-mt-[calc(var(--header-height)+min(200px,max(70px,20svh)))]\" dir=\"auto\" data-turn-id=\"request-69c292c7-ea94-8395-8cd3-10f628564a2d-5\" data-testid=\"conversation-turn-233\" data-scroll-anchor=\"true\" data-turn=\"assistant\">\n<div class=\"text-base my-auto mx-auto pb-10 [--thread-content-margin:var(--thread-content-margin-xs,calc(var(--spacing)*4))] @w-sm\/main:[--thread-content-margin:var(--thread-content-margin-sm,calc(var(--spacing)*6))] @w-lg\/main:[--thread-content-margin:var(--thread-content-margin-lg,calc(var(--spacing)*16))] px-(--thread-content-margin)\">\n<div class=\"[--thread-content-max-width:40rem] @w-lg\/main:[--thread-content-max-width:48rem] mx-auto max-w-(--thread-content-max-width) flex-1 group\/turn-messages focus-visible:outline-hidden relative flex w-full min-w-0 flex-col agent-turn\">\n<div class=\"flex max-w-full flex-col gap-4 grow\">\n<div class=\"min-h-8 text-message relative flex w-full flex-col items-end gap-2 text-start break-words whitespace-normal outline-none keyboard-focused:focus-ring [.text-message+&amp;]:mt-1\" dir=\"auto\" tabindex=\"0\" data-message-author-role=\"assistant\" data-message-id=\"01011923-b1ee-4bfd-9e45-92ca7f2d0f03\" data-message-model-slug=\"gpt-5-4-thinking\" data-turn-start-message=\"true\">\n<div class=\"flex w-full flex-col gap-1 empty:hidden\">\n<div class=\"markdown prose dark:prose-invert w-full wrap-break-word light markdown-new-styling\">\n<p data-start=\"0\" data-end=\"213\"><strong data-start=\"0\" data-end=\"36\">4711 Echt K\u00f6lnisch Wasser Splash<\/strong> Ein legend\u00e4rer, erfrischender Duft mit einem klaren, leichten und belebenden Aroma. Ein wahrer Klassiker, der vom ersten Moment an ein Gef\u00fchl von Frische, Gepflegtheit und angenehmer Leichtigkeit vermittelt.<\/p>\n<p data-start=\"215\" data-end=\"504\">Dieser Duft verstr\u00f6mt strahlende Zitrusfrische, Reinheit und jene unverkennbare, klassische Eleganz, die zeitlos bleibt. Er ist perfekt f\u00fcr Momente, in denen Sie sich eine schnelle Erfrischung, einen Hauch von Wohlbefinden und eine angenehme K\u00fchle auf der Haut w\u00fcnschen.<\/p>\n<p data-start=\"506\" data-end=\"676\"><strong data-start=\"506\" data-end=\"542\">4711 Echt K\u00f6lnisch Wasser Splash<\/strong> \u2014 Eine wunderbare Wahl f\u00fcr jeden Tag, besonders in den w\u00e4rmeren Monaten. Dieser Duft verstr\u00f6mt Frische, Leichtigkeit und ein klassisches Gef\u00fchl von Reinheit.<\/p>\n<\/div>\n<\/div>\n<\/div>\n<\/div>\n<\/div>\n<\/div>\n<\/section>","protected":false},"excerpt":{"rendered":"<p><strong data-start=\"371\" data-end=\"388\">Produkttyp:<\/strong> Parf\u00fcmerie<br data-start=\"399\" data-end=\"402\" \/><strong data-start=\"402\" data-end=\"419\">Konzentration:<\/strong> Eau de Cologne (light)<br data-start=\"443\" data-end=\"446\" \/><strong data-start=\"446\" data-end=\"460\">Familie:<\/strong> Zitrusaromatisch<br data-start=\"484\" data-end=\"487\" \/><strong data-start=\"487\" data-end=\"500\">Charakter:<\/strong> frisch, sauber, belebend<br data-start=\"525\" data-end=\"528\" \/><strong data-start=\"528\" data-end=\"542\">Haltbarkeit:<\/strong> einfach<br data-start=\"549\" data-end=\"552\" \/><strong data-start=\"552\" data-end=\"562\">Zug:<\/strong> minimalistisch, sehr zart<br data-start=\"592\" data-end=\"595\" \/><strong data-start=\"595\" data-end=\"605\">Jahreszeit:<\/strong> Sommer \/ Hitze \/ nach dem Duschen<br data-start=\"630\" data-end=\"633\" \/><strong data-start=\"633\" data-end=\"648\">Zweck:<\/strong> Erfrischen Sie sich jeden Tag mit dem \u201esauberen Duft\u201c.<br data-start=\"689\" data-end=\"692\" \/><strong data-start=\"692\" data-end=\"703\">Format:<\/strong> Spritzer (von Hand aufgetragen)<\/p>","protected":false},"featured_media":5540,"comment_status":"open","ping_status":"closed","template":"","meta":{"site-sidebar-layout":"default","site-content-layout":"","ast-site-content-layout":"default","site-content-style":"default","site-sidebar-style":"default","ast-global-header-display":"","ast-banner-title-visibility":"","ast-main-header-display":"","ast-hfb-above-header-display":"","ast-hfb-below-header-display":"","ast-hfb-mobile-header-display":"","site-post-title":"","ast-breadcrumbs-content":"","ast-featured-img":"","footer-sml-layout":"","theme-transparent-header-meta":"default","adv-header-id-meta":"","stick-header-meta":"","header-above-stick-meta":"","header-main-stick-meta":"","header-below-stick-meta":"","astra-migrate-meta-layouts":"set","ast-page-background-enabled":"default","ast-page-background-meta":{"desktop":{"background-color":"var(--ast-global-color-4)","background-image":"","background-repeat":"repeat","background-position":"center center","background-size":"auto","background-attachment":"scroll","background-type":"","background-media":"","overlay-type":"","overlay-color":"","overlay-opacity":"","overlay-gradient":""},"tablet":{"background-color":"","background-image":"","background-repeat":"repeat","background-position":"center center","background-size":"auto","background-attachment":"scroll","background-type":"","background-media":"","overlay-type":"","overlay-color":"","overlay-opacity":"","overlay-gradient":""},"mobile":{"background-color":"","background-image":"","background-repeat":"repeat","background-position":"center center","background-size":"auto","background-attachment":"scroll","background-type":"","background-media":"","overlay-type":"","overlay-color":"","overlay-opacity":"","overlay-gradient":""}},"ast-content-background-meta":{"desktop":{"background-color":"var(--ast-global-color-5)","background-image":"","background-repeat":"repeat","background-position":"center center","background-size":"auto","background-attachment":"scroll","background-type":"","background-media":"","overlay-type":"","overlay-color":"","overlay-opacity":"","overlay-gradient":""},"tablet":{"background-color":"var(--ast-global-color-5)","background-image":"","background-repeat":"repeat","background-position":"center center","background-size":"auto","background-attachment":"scroll","background-type":"","background-media":"","overlay-type":"","overlay-color":"","overlay-opacity":"","overlay-gradient":""},"mobile":{"background-color":"var(--ast-global-color-5)","background-image":"","background-repeat":"repeat","background-position":"center center","background-size":"auto","background-attachment":"scroll","background-type":"","background-media":"","overlay-type":"","overlay-color":"","overlay-opacity":"","overlay-gradient":""}}},"product_brand":[446],"product_cat":[163],"product_tag":[],"class_list":{"0":"post-5533","1":"product","2":"type-product","3":"status-publish","4":"has-post-thumbnail","6":"product_brand-446","7":"product_cat-uhodovaya-kosmetika","8":"desktop-align-left","9":"tablet-align-left","10":"mobile-align-left","12":"first","13":"instock","14":"sale","15":"taxable","16":"shipping-taxable","17":"purchasable","18":"product-type-variable"},"_links":{"self":[{"href":"https:\/\/by-aigul.de\/de\/wp-json\/wp\/v2\/product\/5533","targetHints":{"allow":["GET"]}}],"collection":[{"href":"https:\/\/by-aigul.de\/de\/wp-json\/wp\/v2\/product"}],"about":[{"href":"https:\/\/by-aigul.de\/de\/wp-json\/wp\/v2\/types\/product"}],"replies":[{"embeddable":true,"href":"https:\/\/by-aigul.de\/de\/wp-json\/wp\/v2\/comments?post=5533"}],"wp:featuredmedia":[{"embeddable":true,"href":"https:\/\/by-aigul.de\/de\/wp-json\/wp\/v2\/media\/5540"}],"wp:attachment":[{"href":"https:\/\/by-aigul.de\/de\/wp-json\/wp\/v2\/media?parent=5533"}],"wp:term":[{"taxonomy":"product_brand","embeddable":true,"href":"https:\/\/by-aigul.de\/de\/wp-json\/wp\/v2\/product_brand?post=5533"},{"taxonomy":"product_cat","embeddable":true,"href":"https:\/\/by-aigul.de\/de\/wp-json\/wp\/v2\/product_cat?post=5533"},{"taxonomy":"product_tag","embeddable":true,"href":"https:\/\/by-aigul.de\/de\/wp-json\/wp\/v2\/product_tag?post=5533"}],"curies":[{"name":"wp","href":"https:\/\/api.w.org\/{rel}","templated":true}]}}