{"id":5527,"date":"2026-03-30T10:40:58","date_gmt":"2026-03-30T10:40:58","guid":{"rendered":"https:\/\/by-aigul.de\/?post_type=product&#038;p=5527"},"modified":"2026-04-01T16:45:56","modified_gmt":"2026-04-01T16:45:56","slug":"le-beau-le-parfum-intense","status":"publish","type":"product","link":"https:\/\/by-aigul.de\/de\/produkt\/le-beau-le-parfum-intense\/","title":{"rendered":"Le Beau Le Parfum Intense"},"content":{"rendered":"<p data-start=\"0\" data-end=\"289\"><strong data-start=\"0\" data-end=\"43\">Le Beau Le Parfum Intensives Eau de Parfum<\/strong> Ein lebendiger, verf\u00fchrerischer und charismatischer Herrenduft mit einer warmen, vollen Note. Er ist markant, selbstbewusst und fesselnd und verk\u00f6rpert das Bild eines Mannes, der Aufmerksamkeit, Stil und einen sch\u00f6nen, unvergesslichen Duft zu sch\u00e4tzen wei\u00df.<\/p>\n<p data-start=\"291\" data-end=\"610\">Dieser Duft verstr\u00f6mt sinnliche Tiefe, eine sanfte S\u00fc\u00dfe und eine edle F\u00fclle, die sich auf der Haut besonders sch\u00f6n entfaltet. Er hinterl\u00e4sst eine unverwechselbare, anhaltende Duftspur und unterstreicht eine maskuline, selbstbewusste und markante Ausstrahlung. Dies ist kein Duft f\u00fcr jeden Tag \u2013 er ist ein Statement.<\/p>\n<p data-start=\"612\" data-end=\"839\"><strong data-start=\"612\" data-end=\"641\">Le Beau Le Parfum Intense<\/strong> Perfekt f\u00fcr Abende, besondere Anl\u00e4sse, die k\u00fchlere Jahreszeit und Momente, in denen Sie luxuri\u00f6s, lebendig und unwiderstehlich wirken m\u00f6chten. Dieser Duft verk\u00f6rpert Charisma, Verf\u00fchrung und moderne, maskuline St\u00e4rke.<\/p>","protected":false},"excerpt":{"rendered":"<p><strong data-start=\"349\" data-end=\"366\">Produkttyp:<\/strong> Herrenparfums<br data-start=\"385\" data-end=\"388\" \/><strong data-start=\"388\" data-end=\"405\">Konzentration:<\/strong> Eau de Parfum Intense<br data-start=\"427\" data-end=\"430\" \/><strong data-start=\"430\" data-end=\"444\">Familie:<\/strong> holziger Feinschmecker<br data-start=\"464\" data-end=\"467\" \/><strong data-start=\"467\" data-end=\"480\">Charakter:<\/strong> s\u00fc\u00df, sexy, attraktiv<br data-start=\"517\" data-end=\"520\" \/><strong data-start=\"520\" data-end=\"534\">Haltbarkeit:<\/strong> hoch<br data-start=\"542\" data-end=\"545\" \/><strong data-start=\"545\" data-end=\"555\">Zug:<\/strong> reichhaltig, auff\u00e4llig<br data-start=\"576\" data-end=\"579\" \/><strong data-start=\"579\" data-end=\"589\">Jahreszeit:<\/strong> Herbst \/ Winter \/ Abend<br data-start=\"610\" data-end=\"613\" \/><strong data-start=\"613\" data-end=\"628\">Zweck:<\/strong> Verabredungen, Ausfl\u00fcge, der &quot;Wow-Effekt&quot;<\/p>","protected":false},"featured_media":5532,"comment_status":"open","ping_status":"closed","template":"","meta":{"site-sidebar-layout":"default","site-content-layout":"","ast-site-content-layout":"default","site-content-style":"default","site-sidebar-style":"default","ast-global-header-display":"","ast-banner-title-visibility":"","ast-main-header-display":"","ast-hfb-above-header-display":"","ast-hfb-below-header-display":"","ast-hfb-mobile-header-display":"","site-post-title":"","ast-breadcrumbs-content":"","ast-featured-img":"","footer-sml-layout":"","theme-transparent-header-meta":"default","adv-header-id-meta":"","stick-header-meta":"","header-above-stick-meta":"","header-main-stick-meta":"","header-below-stick-meta":"","astra-migrate-meta-layouts":"set","ast-page-background-enabled":"default","ast-page-background-meta":{"desktop":{"background-color":"var(--ast-global-color-4)","background-image":"","background-repeat":"repeat","background-position":"center center","background-size":"auto","background-attachment":"scroll","background-type":"","background-media":"","overlay-type":"","overlay-color":"","overlay-opacity":"","overlay-gradient":""},"tablet":{"background-color":"","background-image":"","background-repeat":"repeat","background-position":"center center","background-size":"auto","background-attachment":"scroll","background-type":"","background-media":"","overlay-type":"","overlay-color":"","overlay-opacity":"","overlay-gradient":""},"mobile":{"background-color":"","background-image":"","background-repeat":"repeat","background-position":"center center","background-size":"auto","background-attachment":"scroll","background-type":"","background-media":"","overlay-type":"","overlay-color":"","overlay-opacity":"","overlay-gradient":""}},"ast-content-background-meta":{"desktop":{"background-color":"var(--ast-global-color-5)","background-image":"","background-repeat":"repeat","background-position":"center center","background-size":"auto","background-attachment":"scroll","background-type":"","background-media":"","overlay-type":"","overlay-color":"","overlay-opacity":"","overlay-gradient":""},"tablet":{"background-color":"var(--ast-global-color-5)","background-image":"","background-repeat":"repeat","background-position":"center center","background-size":"auto","background-attachment":"scroll","background-type":"","background-media":"","overlay-type":"","overlay-color":"","overlay-opacity":"","overlay-gradient":""},"mobile":{"background-color":"var(--ast-global-color-5)","background-image":"","background-repeat":"repeat","background-position":"center center","background-size":"auto","background-attachment":"scroll","background-type":"","background-media":"","overlay-type":"","overlay-color":"","overlay-opacity":"","overlay-gradient":""}}},"product_brand":[236],"product_cat":[162],"product_tag":[],"class_list":{"0":"post-5527","1":"product","2":"type-product","3":"status-publish","4":"has-post-thumbnail","6":"product_brand-jean-paul-gaultier","7":"product_cat-aromaty-duhi","8":"desktop-align-left","9":"tablet-align-left","10":"mobile-align-left","12":"first","13":"outofstock","14":"sale","15":"taxable","16":"shipping-taxable","17":"purchasable","18":"product-type-variable"},"_links":{"self":[{"href":"https:\/\/by-aigul.de\/de\/wp-json\/wp\/v2\/product\/5527","targetHints":{"allow":["GET"]}}],"collection":[{"href":"https:\/\/by-aigul.de\/de\/wp-json\/wp\/v2\/product"}],"about":[{"href":"https:\/\/by-aigul.de\/de\/wp-json\/wp\/v2\/types\/product"}],"replies":[{"embeddable":true,"href":"https:\/\/by-aigul.de\/de\/wp-json\/wp\/v2\/comments?post=5527"}],"wp:featuredmedia":[{"embeddable":true,"href":"https:\/\/by-aigul.de\/de\/wp-json\/wp\/v2\/media\/5532"}],"wp:attachment":[{"href":"https:\/\/by-aigul.de\/de\/wp-json\/wp\/v2\/media?parent=5527"}],"wp:term":[{"taxonomy":"product_brand","embeddable":true,"href":"https:\/\/by-aigul.de\/de\/wp-json\/wp\/v2\/product_brand?post=5527"},{"taxonomy":"product_cat","embeddable":true,"href":"https:\/\/by-aigul.de\/de\/wp-json\/wp\/v2\/product_cat?post=5527"},{"taxonomy":"product_tag","embeddable":true,"href":"https:\/\/by-aigul.de\/de\/wp-json\/wp\/v2\/product_tag?post=5527"}],"curies":[{"name":"wp","href":"https:\/\/api.w.org\/{rel}","templated":true}]}}