{"id":5488,"date":"2026-03-30T09:40:58","date_gmt":"2026-03-30T09:40:58","guid":{"rendered":"https:\/\/by-aigul.de\/?post_type=product&#038;p=5488"},"modified":"2026-03-30T09:41:23","modified_gmt":"2026-03-30T09:41:23","slug":"twilly-dhermes-eau-poivree","status":"publish","type":"product","link":"https:\/\/by-aigul.de\/de\/produkt\/twilly-dhermes-eau-poivree\/","title":{"rendered":"Twilly d&#039;Herm\u00e8s Eau Poivr\u00e9e"},"content":{"rendered":"<p data-start=\"0\" data-end=\"244\"><strong data-start=\"0\" data-end=\"31\">Twilly d&#039;Herm\u00e8s Eau Poivr\u00e9e<\/strong> Ein strahlender, k\u00fchner und sehr femininer Duft mit dem gewissen Etwas. Er ist frisch, elegant und ein wenig verspielt, besitzt aber gleichzeitig Charakter, Stil und jene raffinierte K\u00fchnheit, die ihn unvergesslich macht.<\/p>\n<p data-start=\"246\" data-end=\"613\">Dieser Duft vereint auf wundersch\u00f6ne Weise Zartheit und W\u00fcrze: Sanfte Weiblichkeit trifft auf einen feurigen Funken und kreiert so einen modernen, ungew\u00f6hnlichen und fesselnden Duft. Er entfaltet sich sanft, aber nicht aufdringlich und hinterl\u00e4sst eine elegante, unvergessliche Duftspur. Ein Duft f\u00fcr alle, die frische, stilvolle Kompositionen mit Charakter und Ausstrahlung sch\u00e4tzen.<\/p>\n<p data-start=\"615\" data-end=\"868\"><strong data-start=\"615\" data-end=\"646\">Twilly d&#039;Herm\u00e8s Eau Poivr\u00e9e<\/strong> Perfekt f\u00fcr jeden Tag, Meetings, Spazierg\u00e4nge und all jene Momente, in denen Sie sch\u00f6n, originell und typisch franz\u00f6sisch duften m\u00f6chten. Dieser Duft verstr\u00f6mt Leichtigkeit, Selbstbewusstsein und Weiblichkeit mit einem Hauch von W\u00fcrze.<\/p>","protected":false},"excerpt":{"rendered":"<p><strong data-start=\"280\" data-end=\"297\">Produkttyp:<\/strong> Damenparfums<br data-start=\"316\" data-end=\"319\" \/><strong data-start=\"319\" data-end=\"336\">Konzentration:<\/strong> Eau de Parfum<br data-start=\"350\" data-end=\"353\" \/><strong data-start=\"353\" data-end=\"367\">Familie:<\/strong> blumig-w\u00fcrzig<br data-start=\"383\" data-end=\"386\" \/><strong data-start=\"386\" data-end=\"399\">Charakter:<\/strong> frisch, k\u00fchn, elegant<br data-start=\"427\" data-end=\"430\" \/><strong data-start=\"430\" data-end=\"444\">Haltbarkeit:<\/strong> durchschnittlich \/ \u00fcberdurchschnittlich<br data-start=\"467\" data-end=\"470\" \/><strong data-start=\"470\" data-end=\"480\">Zug:<\/strong> raffiniert, mit Charakter<br data-start=\"505\" data-end=\"508\" \/><strong data-start=\"508\" data-end=\"518\">Jahreszeit:<\/strong> Fr\u00fchling \/ Herbst \/ jeden Tag<br data-start=\"546\" data-end=\"549\" \/><strong data-start=\"549\" data-end=\"564\">Zweck:<\/strong> B\u00fcro, Spazierg\u00e4nge, \u201enicht wie alle anderen\u201c<\/p>","protected":false},"featured_media":5497,"comment_status":"open","ping_status":"closed","template":"","meta":{"site-sidebar-layout":"default","site-content-layout":"","ast-site-content-layout":"default","site-content-style":"default","site-sidebar-style":"default","ast-global-header-display":"","ast-banner-title-visibility":"","ast-main-header-display":"","ast-hfb-above-header-display":"","ast-hfb-below-header-display":"","ast-hfb-mobile-header-display":"","site-post-title":"","ast-breadcrumbs-content":"","ast-featured-img":"","footer-sml-layout":"","theme-transparent-header-meta":"default","adv-header-id-meta":"","stick-header-meta":"","header-above-stick-meta":"","header-main-stick-meta":"","header-below-stick-meta":"","astra-migrate-meta-layouts":"set","ast-page-background-enabled":"default","ast-page-background-meta":{"desktop":{"background-color":"var(--ast-global-color-4)","background-image":"","background-repeat":"repeat","background-position":"center center","background-size":"auto","background-attachment":"scroll","background-type":"","background-media":"","overlay-type":"","overlay-color":"","overlay-opacity":"","overlay-gradient":""},"tablet":{"background-color":"","background-image":"","background-repeat":"repeat","background-position":"center center","background-size":"auto","background-attachment":"scroll","background-type":"","background-media":"","overlay-type":"","overlay-color":"","overlay-opacity":"","overlay-gradient":""},"mobile":{"background-color":"","background-image":"","background-repeat":"repeat","background-position":"center center","background-size":"auto","background-attachment":"scroll","background-type":"","background-media":"","overlay-type":"","overlay-color":"","overlay-opacity":"","overlay-gradient":""}},"ast-content-background-meta":{"desktop":{"background-color":"var(--ast-global-color-5)","background-image":"","background-repeat":"repeat","background-position":"center center","background-size":"auto","background-attachment":"scroll","background-type":"","background-media":"","overlay-type":"","overlay-color":"","overlay-opacity":"","overlay-gradient":""},"tablet":{"background-color":"var(--ast-global-color-5)","background-image":"","background-repeat":"repeat","background-position":"center center","background-size":"auto","background-attachment":"scroll","background-type":"","background-media":"","overlay-type":"","overlay-color":"","overlay-opacity":"","overlay-gradient":""},"mobile":{"background-color":"var(--ast-global-color-5)","background-image":"","background-repeat":"repeat","background-position":"center center","background-size":"auto","background-attachment":"scroll","background-type":"","background-media":"","overlay-type":"","overlay-color":"","overlay-opacity":"","overlay-gradient":""}}},"product_brand":[172],"product_cat":[162],"product_tag":[],"class_list":{"0":"post-5488","1":"product","2":"type-product","3":"status-publish","4":"has-post-thumbnail","6":"product_brand-hermes","7":"product_cat-aromaty-duhi","8":"desktop-align-left","9":"tablet-align-left","10":"mobile-align-left","12":"first","13":"instock","14":"sale","15":"taxable","16":"shipping-taxable","17":"purchasable","18":"product-type-variable"},"_links":{"self":[{"href":"https:\/\/by-aigul.de\/de\/wp-json\/wp\/v2\/product\/5488","targetHints":{"allow":["GET"]}}],"collection":[{"href":"https:\/\/by-aigul.de\/de\/wp-json\/wp\/v2\/product"}],"about":[{"href":"https:\/\/by-aigul.de\/de\/wp-json\/wp\/v2\/types\/product"}],"replies":[{"embeddable":true,"href":"https:\/\/by-aigul.de\/de\/wp-json\/wp\/v2\/comments?post=5488"}],"wp:featuredmedia":[{"embeddable":true,"href":"https:\/\/by-aigul.de\/de\/wp-json\/wp\/v2\/media\/5497"}],"wp:attachment":[{"href":"https:\/\/by-aigul.de\/de\/wp-json\/wp\/v2\/media?parent=5488"}],"wp:term":[{"taxonomy":"product_brand","embeddable":true,"href":"https:\/\/by-aigul.de\/de\/wp-json\/wp\/v2\/product_brand?post=5488"},{"taxonomy":"product_cat","embeddable":true,"href":"https:\/\/by-aigul.de\/de\/wp-json\/wp\/v2\/product_cat?post=5488"},{"taxonomy":"product_tag","embeddable":true,"href":"https:\/\/by-aigul.de\/de\/wp-json\/wp\/v2\/product_tag?post=5488"}],"curies":[{"name":"wp","href":"https:\/\/api.w.org\/{rel}","templated":true}]}}