{"id":5294,"date":"2026-03-27T18:26:29","date_gmt":"2026-03-27T18:26:29","guid":{"rendered":"https:\/\/by-aigul.de\/?post_type=product&#038;p=5294"},"modified":"2026-03-27T18:41:50","modified_gmt":"2026-03-27T18:41:50","slug":"chanel-ombre-premiere-longwear","status":"publish","type":"product","link":"https:\/\/by-aigul.de\/de\/produkt\/chanel-ombre-premiere-longwear\/","title":{"rendered":"Chanel Ombre Premiere Longwear"},"content":{"rendered":"<p data-start=\"0\" data-end=\"253\"><strong data-start=\"0\" data-end=\"10\">Chanel<\/strong> Ein elegantes Augen-Make-up-Produkt, das Ihrem Look m\u00fchelos Ausdrucksst\u00e4rke, Strahlkraft und das gewisse Etwas verleiht. Die Textur l\u00e4sst sich sanft auf die Lider auftragen und sorgt f\u00fcr ein gepflegtes, raffiniertes und atemberaubendes Make-up.<\/p>\n<p data-start=\"255\" data-end=\"547\">Dieses Produkt eignet sich perfekt f\u00fcr ein leichtes Tages-Make-up und einen dramatischeren Abend-Look. Es betont die Augen wundersch\u00f6n, verleiht Tiefe und rundet Ihr Make-up perfekt ab. Die Farbt\u00f6ne in dieser Form wirken stets elegant, stilvoll und sehr feminin.<\/p>\n<p data-start=\"549\" data-end=\"673\"><strong data-start=\"549\" data-end=\"559\">Chanel<\/strong> \u2014 Es geht um ein wundersch\u00f6nes Augen-Make-up, einen eleganten Glanz und jene luxuri\u00f6sen Details, die Ihrem Look sofort ins Auge fallen.<\/p>","protected":false},"excerpt":{"rendered":"<p><strong data-start=\"208\" data-end=\"225\">Produkttyp:<\/strong> Lidschatten<br data-start=\"238\" data-end=\"241\" \/><strong data-start=\"241\" data-end=\"252\">Format:<\/strong> Kompakte Dose mit Spiegel und Applikator<br data-start=\"286\" data-end=\"289\" \/><strong data-start=\"289\" data-end=\"302\">Textur:<\/strong> gebacken \/ seidig<br data-start=\"327\" data-end=\"330\" \/><strong data-start=\"330\" data-end=\"340\">Beenden:<\/strong> schimmern<br data-start=\"357\" data-end=\"360\" \/><strong data-start=\"360\" data-end=\"369\">Farbe:<\/strong> warmer, goldener Bronzeton<br data-start=\"396\" data-end=\"399\" \/><strong data-start=\"399\" data-end=\"415\">Pigmentierung:<\/strong> mittel \u2192 hoch (Schichtung)<br data-start=\"445\" data-end=\"448\" \/><strong data-start=\"448\" data-end=\"462\">Haltbarkeit:<\/strong> Gut<br data-start=\"470\" data-end=\"473\" \/><strong data-start=\"473\" data-end=\"488\">Zweck:<\/strong> Tages- und Abend-Make-up<br data-start=\"514\" data-end=\"517\" \/><strong data-start=\"517\" data-end=\"527\">Jahreszeit:<\/strong> ganzj\u00e4hrig (besonders Herbst\/Abend)<\/p>","protected":false},"featured_media":5296,"comment_status":"open","ping_status":"closed","template":"","meta":{"site-sidebar-layout":"default","site-content-layout":"","ast-site-content-layout":"default","site-content-style":"default","site-sidebar-style":"default","ast-global-header-display":"","ast-banner-title-visibility":"","ast-main-header-display":"","ast-hfb-above-header-display":"","ast-hfb-below-header-display":"","ast-hfb-mobile-header-display":"","site-post-title":"","ast-breadcrumbs-content":"","ast-featured-img":"","footer-sml-layout":"","theme-transparent-header-meta":"default","adv-header-id-meta":"","stick-header-meta":"","header-above-stick-meta":"","header-main-stick-meta":"","header-below-stick-meta":"","astra-migrate-meta-layouts":"set","ast-page-background-enabled":"default","ast-page-background-meta":{"desktop":{"background-color":"var(--ast-global-color-4)","background-image":"","background-repeat":"repeat","background-position":"center center","background-size":"auto","background-attachment":"scroll","background-type":"","background-media":"","overlay-type":"","overlay-color":"","overlay-opacity":"","overlay-gradient":""},"tablet":{"background-color":"","background-image":"","background-repeat":"repeat","background-position":"center center","background-size":"auto","background-attachment":"scroll","background-type":"","background-media":"","overlay-type":"","overlay-color":"","overlay-opacity":"","overlay-gradient":""},"mobile":{"background-color":"","background-image":"","background-repeat":"repeat","background-position":"center center","background-size":"auto","background-attachment":"scroll","background-type":"","background-media":"","overlay-type":"","overlay-color":"","overlay-opacity":"","overlay-gradient":""}},"ast-content-background-meta":{"desktop":{"background-color":"var(--ast-global-color-5)","background-image":"","background-repeat":"repeat","background-position":"center center","background-size":"auto","background-attachment":"scroll","background-type":"","background-media":"","overlay-type":"","overlay-color":"","overlay-opacity":"","overlay-gradient":""},"tablet":{"background-color":"var(--ast-global-color-5)","background-image":"","background-repeat":"repeat","background-position":"center center","background-size":"auto","background-attachment":"scroll","background-type":"","background-media":"","overlay-type":"","overlay-color":"","overlay-opacity":"","overlay-gradient":""},"mobile":{"background-color":"var(--ast-global-color-5)","background-image":"","background-repeat":"repeat","background-position":"center center","background-size":"auto","background-attachment":"scroll","background-type":"","background-media":"","overlay-type":"","overlay-color":"","overlay-opacity":"","overlay-gradient":""}}},"product_brand":[174],"product_cat":[145],"product_tag":[],"class_list":{"0":"post-5294","1":"product","2":"type-product","3":"status-publish","4":"has-post-thumbnail","6":"product_brand-chanel","7":"product_cat-kosmetyka","8":"desktop-align-left","9":"tablet-align-left","10":"mobile-align-left","12":"first","13":"instock","14":"taxable","15":"shipping-taxable","16":"product-type-variable"},"_links":{"self":[{"href":"https:\/\/by-aigul.de\/de\/wp-json\/wp\/v2\/product\/5294","targetHints":{"allow":["GET"]}}],"collection":[{"href":"https:\/\/by-aigul.de\/de\/wp-json\/wp\/v2\/product"}],"about":[{"href":"https:\/\/by-aigul.de\/de\/wp-json\/wp\/v2\/types\/product"}],"replies":[{"embeddable":true,"href":"https:\/\/by-aigul.de\/de\/wp-json\/wp\/v2\/comments?post=5294"}],"wp:featuredmedia":[{"embeddable":true,"href":"https:\/\/by-aigul.de\/de\/wp-json\/wp\/v2\/media\/5296"}],"wp:attachment":[{"href":"https:\/\/by-aigul.de\/de\/wp-json\/wp\/v2\/media?parent=5294"}],"wp:term":[{"taxonomy":"product_brand","embeddable":true,"href":"https:\/\/by-aigul.de\/de\/wp-json\/wp\/v2\/product_brand?post=5294"},{"taxonomy":"product_cat","embeddable":true,"href":"https:\/\/by-aigul.de\/de\/wp-json\/wp\/v2\/product_cat?post=5294"},{"taxonomy":"product_tag","embeddable":true,"href":"https:\/\/by-aigul.de\/de\/wp-json\/wp\/v2\/product_tag?post=5294"}],"curies":[{"name":"wp","href":"https:\/\/api.w.org\/{rel}","templated":true}]}}