{"id":5287,"date":"2026-03-27T17:33:37","date_gmt":"2026-03-27T17:33:37","guid":{"rendered":"https:\/\/by-aigul.de\/?post_type=product&#038;p=5287"},"modified":"2026-03-29T15:35:54","modified_gmt":"2026-03-29T15:35:54","slug":"ysl-la-laque-couture","status":"publish","type":"product","link":"https:\/\/by-aigul.de\/de\/produkt\/ysl-la-laque-couture\/","title":{"rendered":"YSL La Laque Couture"},"content":{"rendered":"<p data-start=\"0\" data-end=\"246\"><strong data-start=\"0\" data-end=\"24\">YSL La Laque Couture<\/strong> Ein stilvoller Nagellack, der Ihre Manik\u00fcre elegant, gepflegt und absolut umwerfend macht. Er sieht wundersch\u00f6n auf den N\u00e4geln aus, verleiht ihnen ein gepflegtes Aussehen und einen besonderen, edlen Akzent, der sofort ins Auge f\u00e4llt.<\/p>\n<p data-start=\"248\" data-end=\"493\">Dieser Nagellack ist perfekt f\u00fcr alle, die wundersch\u00f6ne Farben, ein ausdrucksstarkes Finish und pr\u00e4zises Auftragen lieben. Er erm\u00f6glicht sowohl alltagstaugliche als auch elegantere Manik\u00fcren. Die Farben dieser Linie sind elegant, modern und sehr stilvoll.<\/p>\n<p>&nbsp;<\/p>\n<p data-start=\"495\" data-end=\"598\"><strong data-start=\"495\" data-end=\"519\">YSL La Laque Couture<\/strong> \u2014 Es geht um eine sch\u00f6ne Manik\u00fcre, gepflegte H\u00e4nde und einen rundum gelungenen Look mit einem Hauch von Luxus.<\/p>","protected":false},"excerpt":{"rendered":"<p><strong data-start=\"252\" data-end=\"269\">Beschichtungsart:<\/strong> Schimmer \/ Metallic<br data-start=\"292\" data-end=\"295\" \/><strong data-start=\"295\" data-end=\"304\">Farbe:<\/strong> Gold<br data-start=\"312\" data-end=\"315\" \/><strong data-start=\"315\" data-end=\"325\">Beenden:<\/strong> gl\u00e4nzend, mit kleinen Glitzerpartikeln<br data-start=\"354\" data-end=\"357\" \/><strong data-start=\"357\" data-end=\"373\">Pigmentierung:<\/strong> ges\u00e4ttigt<br data-start=\"384\" data-end=\"387\" \/><strong data-start=\"387\" data-end=\"401\">Haltbarkeit:<\/strong> hoch<br data-start=\"409\" data-end=\"412\" \/><strong data-start=\"412\" data-end=\"427\">Zweck:<\/strong> Abend \/ Akzent \/ festlich<br data-start=\"462\" data-end=\"465\" \/><strong data-start=\"465\" data-end=\"475\">Jahreszeit:<\/strong> ganzj\u00e4hrig (insbesondere Herbst\/Winter\/Feiertage)<\/p>","protected":false},"featured_media":5289,"comment_status":"open","ping_status":"closed","template":"","meta":{"site-sidebar-layout":"default","site-content-layout":"","ast-site-content-layout":"default","site-content-style":"default","site-sidebar-style":"default","ast-global-header-display":"","ast-banner-title-visibility":"","ast-main-header-display":"","ast-hfb-above-header-display":"","ast-hfb-below-header-display":"","ast-hfb-mobile-header-display":"","site-post-title":"","ast-breadcrumbs-content":"","ast-featured-img":"","footer-sml-layout":"","theme-transparent-header-meta":"default","adv-header-id-meta":"","stick-header-meta":"","header-above-stick-meta":"","header-main-stick-meta":"","header-below-stick-meta":"","astra-migrate-meta-layouts":"set","ast-page-background-enabled":"default","ast-page-background-meta":{"desktop":{"background-color":"var(--ast-global-color-4)","background-image":"","background-repeat":"repeat","background-position":"center center","background-size":"auto","background-attachment":"scroll","background-type":"","background-media":"","overlay-type":"","overlay-color":"","overlay-opacity":"","overlay-gradient":""},"tablet":{"background-color":"","background-image":"","background-repeat":"repeat","background-position":"center center","background-size":"auto","background-attachment":"scroll","background-type":"","background-media":"","overlay-type":"","overlay-color":"","overlay-opacity":"","overlay-gradient":""},"mobile":{"background-color":"","background-image":"","background-repeat":"repeat","background-position":"center center","background-size":"auto","background-attachment":"scroll","background-type":"","background-media":"","overlay-type":"","overlay-color":"","overlay-opacity":"","overlay-gradient":""}},"ast-content-background-meta":{"desktop":{"background-color":"var(--ast-global-color-5)","background-image":"","background-repeat":"repeat","background-position":"center center","background-size":"auto","background-attachment":"scroll","background-type":"","background-media":"","overlay-type":"","overlay-color":"","overlay-opacity":"","overlay-gradient":""},"tablet":{"background-color":"var(--ast-global-color-5)","background-image":"","background-repeat":"repeat","background-position":"center center","background-size":"auto","background-attachment":"scroll","background-type":"","background-media":"","overlay-type":"","overlay-color":"","overlay-opacity":"","overlay-gradient":""},"mobile":{"background-color":"var(--ast-global-color-5)","background-image":"","background-repeat":"repeat","background-position":"center center","background-size":"auto","background-attachment":"scroll","background-type":"","background-media":"","overlay-type":"","overlay-color":"","overlay-opacity":"","overlay-gradient":""}}},"product_brand":[199],"product_cat":[145],"product_tag":[],"class_list":{"0":"post-5287","1":"product","2":"type-product","3":"status-publish","4":"has-post-thumbnail","6":"product_brand-yves-saint-laurent","7":"product_cat-kosmetyka","8":"desktop-align-left","9":"tablet-align-left","10":"mobile-align-left","12":"first","13":"instock","14":"sale","15":"taxable","16":"shipping-taxable","17":"purchasable","18":"product-type-variable"},"_links":{"self":[{"href":"https:\/\/by-aigul.de\/de\/wp-json\/wp\/v2\/product\/5287","targetHints":{"allow":["GET"]}}],"collection":[{"href":"https:\/\/by-aigul.de\/de\/wp-json\/wp\/v2\/product"}],"about":[{"href":"https:\/\/by-aigul.de\/de\/wp-json\/wp\/v2\/types\/product"}],"replies":[{"embeddable":true,"href":"https:\/\/by-aigul.de\/de\/wp-json\/wp\/v2\/comments?post=5287"}],"wp:featuredmedia":[{"embeddable":true,"href":"https:\/\/by-aigul.de\/de\/wp-json\/wp\/v2\/media\/5289"}],"wp:attachment":[{"href":"https:\/\/by-aigul.de\/de\/wp-json\/wp\/v2\/media?parent=5287"}],"wp:term":[{"taxonomy":"product_brand","embeddable":true,"href":"https:\/\/by-aigul.de\/de\/wp-json\/wp\/v2\/product_brand?post=5287"},{"taxonomy":"product_cat","embeddable":true,"href":"https:\/\/by-aigul.de\/de\/wp-json\/wp\/v2\/product_cat?post=5287"},{"taxonomy":"product_tag","embeddable":true,"href":"https:\/\/by-aigul.de\/de\/wp-json\/wp\/v2\/product_tag?post=5287"}],"curies":[{"name":"wp","href":"https:\/\/api.w.org\/{rel}","templated":true}]}}