{"id":5282,"date":"2026-03-27T17:16:15","date_gmt":"2026-03-27T17:16:15","guid":{"rendered":"https:\/\/by-aigul.de\/?post_type=product&#038;p=5282"},"modified":"2026-03-27T17:16:44","modified_gmt":"2026-03-27T17:16:44","slug":"5282","status":"publish","type":"product","link":"https:\/\/by-aigul.de\/de\/produkt\/5282\/","title":{"rendered":"Dior Lack"},"content":{"rendered":"<p data-start=\"109\" data-end=\"300\"><strong data-start=\"109\" data-end=\"124\">Dior Lack<\/strong> Ein eleganter Nagellack mit einer wundersch\u00f6nen, satten Farbe und einem beeindruckenden Finish. Er wirkt edel und modern und l\u00e4sst Ihre Manik\u00fcre sofort gepflegter, ausdrucksst\u00e4rker und eleganter aussehen.<\/p>\n<p data-start=\"302\" data-end=\"555\">Dieser Nagellack ist perfekt f\u00fcr alle, die sch\u00f6ne, elegante Farben und eine hohe Deckkraft lieben. Er sorgt f\u00fcr eine gepflegte, stilvolle Manik\u00fcre \u2013 sowohl f\u00fcr den Alltag als auch f\u00fcr besondere Anl\u00e4sse. Die Farben dieser Linie sind elegant, modisch und stilvoll.<\/p>\n<p data-start=\"557\" data-end=\"660\"><strong data-start=\"557\" data-end=\"572\">Dior Lack<\/strong> \u2014 Es geht um eine sch\u00f6ne Manik\u00fcre, gepflegte H\u00e4nde und jenes besondere Detail, das den Look abrundet.<\/p>","protected":false},"excerpt":{"rendered":"<p><strong data-start=\"294\" data-end=\"311\">Beschichtungsart:<\/strong> matt<br data-start=\"319\" data-end=\"322\" \/><strong data-start=\"322\" data-end=\"331\">Farbe:<\/strong> warmer Braun-Nude<br data-start=\"356\" data-end=\"359\" \/><strong data-start=\"359\" data-end=\"371\">Schatten:<\/strong> Dschungelmatte 614<br data-start=\"388\" data-end=\"391\" \/><strong data-start=\"391\" data-end=\"401\">Beenden:<\/strong> samtig, ohne Glanz<br data-start=\"425\" data-end=\"428\" \/><strong data-start=\"428\" data-end=\"444\">Pigmentierung:<\/strong> hoch<br data-start=\"452\" data-end=\"455\" \/><strong data-start=\"455\" data-end=\"469\">Haltbarkeit:<\/strong> bis zu mehreren Tagen ohne Absplittern<br data-start=\"499\" data-end=\"502\" \/><strong data-start=\"502\" data-end=\"517\">Zweck:<\/strong> L\u00e4ssiger \/ Business \/ minimalistischer Luxus<br data-start=\"558\" data-end=\"561\" \/><strong data-start=\"561\" data-end=\"571\">Jahreszeit:<\/strong> Herbst \/ Winter \/ Ganzjahres-Nude<\/p>","protected":false},"featured_media":5284,"comment_status":"open","ping_status":"closed","template":"","meta":{"site-sidebar-layout":"default","site-content-layout":"","ast-site-content-layout":"default","site-content-style":"default","site-sidebar-style":"default","ast-global-header-display":"","ast-banner-title-visibility":"","ast-main-header-display":"","ast-hfb-above-header-display":"","ast-hfb-below-header-display":"","ast-hfb-mobile-header-display":"","site-post-title":"","ast-breadcrumbs-content":"","ast-featured-img":"","footer-sml-layout":"","theme-transparent-header-meta":"default","adv-header-id-meta":"","stick-header-meta":"","header-above-stick-meta":"","header-main-stick-meta":"","header-below-stick-meta":"","astra-migrate-meta-layouts":"set","ast-page-background-enabled":"default","ast-page-background-meta":{"desktop":{"background-color":"var(--ast-global-color-4)","background-image":"","background-repeat":"repeat","background-position":"center center","background-size":"auto","background-attachment":"scroll","background-type":"","background-media":"","overlay-type":"","overlay-color":"","overlay-opacity":"","overlay-gradient":""},"tablet":{"background-color":"","background-image":"","background-repeat":"repeat","background-position":"center center","background-size":"auto","background-attachment":"scroll","background-type":"","background-media":"","overlay-type":"","overlay-color":"","overlay-opacity":"","overlay-gradient":""},"mobile":{"background-color":"","background-image":"","background-repeat":"repeat","background-position":"center center","background-size":"auto","background-attachment":"scroll","background-type":"","background-media":"","overlay-type":"","overlay-color":"","overlay-opacity":"","overlay-gradient":""}},"ast-content-background-meta":{"desktop":{"background-color":"var(--ast-global-color-5)","background-image":"","background-repeat":"repeat","background-position":"center center","background-size":"auto","background-attachment":"scroll","background-type":"","background-media":"","overlay-type":"","overlay-color":"","overlay-opacity":"","overlay-gradient":""},"tablet":{"background-color":"var(--ast-global-color-5)","background-image":"","background-repeat":"repeat","background-position":"center center","background-size":"auto","background-attachment":"scroll","background-type":"","background-media":"","overlay-type":"","overlay-color":"","overlay-opacity":"","overlay-gradient":""},"mobile":{"background-color":"var(--ast-global-color-5)","background-image":"","background-repeat":"repeat","background-position":"center center","background-size":"auto","background-attachment":"scroll","background-type":"","background-media":"","overlay-type":"","overlay-color":"","overlay-opacity":"","overlay-gradient":""}}},"product_brand":[200],"product_cat":[145],"product_tag":[],"class_list":{"0":"post-5282","1":"product","2":"type-product","3":"status-publish","4":"has-post-thumbnail","6":"product_brand-dior","7":"product_cat-kosmetyka","8":"desktop-align-left","9":"tablet-align-left","10":"mobile-align-left","12":"first","13":"instock","14":"taxable","15":"shipping-taxable","16":"product-type-variable"},"_links":{"self":[{"href":"https:\/\/by-aigul.de\/de\/wp-json\/wp\/v2\/product\/5282","targetHints":{"allow":["GET"]}}],"collection":[{"href":"https:\/\/by-aigul.de\/de\/wp-json\/wp\/v2\/product"}],"about":[{"href":"https:\/\/by-aigul.de\/de\/wp-json\/wp\/v2\/types\/product"}],"replies":[{"embeddable":true,"href":"https:\/\/by-aigul.de\/de\/wp-json\/wp\/v2\/comments?post=5282"}],"wp:featuredmedia":[{"embeddable":true,"href":"https:\/\/by-aigul.de\/de\/wp-json\/wp\/v2\/media\/5284"}],"wp:attachment":[{"href":"https:\/\/by-aigul.de\/de\/wp-json\/wp\/v2\/media?parent=5282"}],"wp:term":[{"taxonomy":"product_brand","embeddable":true,"href":"https:\/\/by-aigul.de\/de\/wp-json\/wp\/v2\/product_brand?post=5282"},{"taxonomy":"product_cat","embeddable":true,"href":"https:\/\/by-aigul.de\/de\/wp-json\/wp\/v2\/product_cat?post=5282"},{"taxonomy":"product_tag","embeddable":true,"href":"https:\/\/by-aigul.de\/de\/wp-json\/wp\/v2\/product_tag?post=5282"}],"curies":[{"name":"wp","href":"https:\/\/api.w.org\/{rel}","templated":true}]}}