{"id":5268,"date":"2026-03-26T17:54:21","date_gmt":"2026-03-26T17:54:21","guid":{"rendered":"https:\/\/by-aigul.de\/?post_type=product&#038;p=5268"},"modified":"2026-03-26T17:54:21","modified_gmt":"2026-03-26T17:54:21","slug":"duftbibliothek-harte-zeiten","status":"publish","type":"product","link":"https:\/\/by-aigul.de\/de\/produkt\/duftbibliothek-harte-zeiten\/","title":{"rendered":"Duftbibliothek \u2013 Harte Zeiten"},"content":{"rendered":"<p data-start=\"0\" data-end=\"257\"><strong data-start=\"0\" data-end=\"32\">Duftbibliothek \u2013 Harte Zeiten<\/strong> \u2014 Ein tiefgr\u00fcndiger, reichhaltiger und unverwechselbarer Duft mit kraftvoller, exklusiver Qualit\u00e4t. Er entfaltet sich intensiv, ausdrucksstark und atmosph\u00e4risch und erzeugt ein Gef\u00fchl von St\u00e4rke, innerer Tiefe und einer wundersch\u00f6nen, leicht dunklen Eleganz.<\/p>\n<p data-start=\"259\" data-end=\"564\">Dieser Duft verstr\u00f6mt eine edle, reiche Qualit\u00e4t mit lebendigem Charakter und hinterl\u00e4sst einen lang anhaltenden, unvergesslichen Eindruck. Er ist nicht leicht und schlicht \u2013 er ist ein Duft mit Stimmung, Emotion und einer unverwechselbaren Ausstrahlung. Dieses Parfum ist die Wahl all jener, die etwas Kraftvolleres, Eindrucksvolleres und Fesselnderes als banale Kompositionen sch\u00e4tzen.<\/p>\n<p data-start=\"566\" data-end=\"796\"><strong data-start=\"566\" data-end=\"580\">Schwere Zeiten<\/strong> Perfekt f\u00fcr Abende, k\u00fchlere Tage und Momente, in denen Sie luxuri\u00f6s, einzigartig und ausdrucksstark wirken m\u00f6chten. Dieser Duft steht f\u00fcr Charakter, Atmosph\u00e4re und einen bleibenden Eindruck.<\/p>","protected":false},"excerpt":{"rendered":"<p><strong data-start=\"373\" data-end=\"389\">Duftart:<\/strong> orientalisch holzig<br data-start=\"408\" data-end=\"411\" \/><strong data-start=\"411\" data-end=\"425\">Familie:<\/strong> dunkel, reichhaltig, intensiv<br data-start=\"457\" data-end=\"460\" \/><strong data-start=\"460\" data-end=\"473\">Charakter:<\/strong> wagemutig, stark, selbstbewusst<br data-start=\"501\" data-end=\"504\" \/><strong data-start=\"504\" data-end=\"522\">Wichtigste Anmerkungen:<\/strong> Holz, Gew\u00fcrze, Harze, Bernstein<br data-start=\"554\" data-end=\"557\" \/><strong data-start=\"557\" data-end=\"571\">Haltbarkeit:<\/strong> sehr hoch<br data-start=\"585\" data-end=\"588\" \/><strong data-start=\"588\" data-end=\"598\">Zug:<\/strong> reichhaltig, dicht<br data-start=\"618\" data-end=\"621\" \/><strong data-start=\"621\" data-end=\"636\">Zweck:<\/strong> Abend \/ besondere Anl\u00e4sse \/ passend zum Bild<br data-start=\"670\" data-end=\"673\" \/><strong data-start=\"673\" data-end=\"683\">Jahreszeit:<\/strong> Herbst \/ Winter<\/p>","protected":false},"featured_media":5272,"comment_status":"open","ping_status":"closed","template":"","meta":{"site-sidebar-layout":"default","site-content-layout":"","ast-site-content-layout":"default","site-content-style":"default","site-sidebar-style":"default","ast-global-header-display":"","ast-banner-title-visibility":"","ast-main-header-display":"","ast-hfb-above-header-display":"","ast-hfb-below-header-display":"","ast-hfb-mobile-header-display":"","site-post-title":"","ast-breadcrumbs-content":"","ast-featured-img":"","footer-sml-layout":"","theme-transparent-header-meta":"default","adv-header-id-meta":"","stick-header-meta":"","header-above-stick-meta":"","header-main-stick-meta":"","header-below-stick-meta":"","astra-migrate-meta-layouts":"set","ast-page-background-enabled":"default","ast-page-background-meta":{"desktop":{"background-color":"var(--ast-global-color-4)","background-image":"","background-repeat":"repeat","background-position":"center center","background-size":"auto","background-attachment":"scroll","background-type":"","background-media":"","overlay-type":"","overlay-color":"","overlay-opacity":"","overlay-gradient":""},"tablet":{"background-color":"","background-image":"","background-repeat":"repeat","background-position":"center center","background-size":"auto","background-attachment":"scroll","background-type":"","background-media":"","overlay-type":"","overlay-color":"","overlay-opacity":"","overlay-gradient":""},"mobile":{"background-color":"","background-image":"","background-repeat":"repeat","background-position":"center center","background-size":"auto","background-attachment":"scroll","background-type":"","background-media":"","overlay-type":"","overlay-color":"","overlay-opacity":"","overlay-gradient":""}},"ast-content-background-meta":{"desktop":{"background-color":"var(--ast-global-color-5)","background-image":"","background-repeat":"repeat","background-position":"center center","background-size":"auto","background-attachment":"scroll","background-type":"","background-media":"","overlay-type":"","overlay-color":"","overlay-opacity":"","overlay-gradient":""},"tablet":{"background-color":"var(--ast-global-color-5)","background-image":"","background-repeat":"repeat","background-position":"center center","background-size":"auto","background-attachment":"scroll","background-type":"","background-media":"","overlay-type":"","overlay-color":"","overlay-opacity":"","overlay-gradient":""},"mobile":{"background-color":"var(--ast-global-color-5)","background-image":"","background-repeat":"repeat","background-position":"center center","background-size":"auto","background-attachment":"scroll","background-type":"","background-media":"","overlay-type":"","overlay-color":"","overlay-opacity":"","overlay-gradient":""}}},"product_brand":[296],"product_cat":[162],"product_tag":[],"class_list":{"0":"post-5268","1":"product","2":"type-product","3":"status-publish","4":"has-post-thumbnail","6":"product_brand-fragrance-library","7":"product_cat-aromaty-duhi","8":"desktop-align-left","9":"tablet-align-left","10":"mobile-align-left","12":"first","13":"instock","14":"taxable","15":"shipping-taxable","16":"purchasable","17":"product-type-variable"},"_links":{"self":[{"href":"https:\/\/by-aigul.de\/de\/wp-json\/wp\/v2\/product\/5268","targetHints":{"allow":["GET"]}}],"collection":[{"href":"https:\/\/by-aigul.de\/de\/wp-json\/wp\/v2\/product"}],"about":[{"href":"https:\/\/by-aigul.de\/de\/wp-json\/wp\/v2\/types\/product"}],"replies":[{"embeddable":true,"href":"https:\/\/by-aigul.de\/de\/wp-json\/wp\/v2\/comments?post=5268"}],"wp:featuredmedia":[{"embeddable":true,"href":"https:\/\/by-aigul.de\/de\/wp-json\/wp\/v2\/media\/5272"}],"wp:attachment":[{"href":"https:\/\/by-aigul.de\/de\/wp-json\/wp\/v2\/media?parent=5268"}],"wp:term":[{"taxonomy":"product_brand","embeddable":true,"href":"https:\/\/by-aigul.de\/de\/wp-json\/wp\/v2\/product_brand?post=5268"},{"taxonomy":"product_cat","embeddable":true,"href":"https:\/\/by-aigul.de\/de\/wp-json\/wp\/v2\/product_cat?post=5268"},{"taxonomy":"product_tag","embeddable":true,"href":"https:\/\/by-aigul.de\/de\/wp-json\/wp\/v2\/product_tag?post=5268"}],"curies":[{"name":"wp","href":"https:\/\/api.w.org\/{rel}","templated":true}]}}