{"id":5263,"date":"2026-03-26T17:52:09","date_gmt":"2026-03-26T17:52:09","guid":{"rendered":"https:\/\/by-aigul.de\/?post_type=product&#038;p=5263"},"modified":"2026-03-26T17:52:09","modified_gmt":"2026-03-26T17:52:09","slug":"duftbibliothek-verbrechen-und-strafe","status":"publish","type":"product","link":"https:\/\/by-aigul.de\/de\/produkt\/duftbibliothek-verbrechen-und-strafe\/","title":{"rendered":"Duftbibliothek Verbrechen und Strafe"},"content":{"rendered":"<p data-start=\"0\" data-end=\"253\"><strong data-start=\"0\" data-end=\"42\">Duftbibliothek Verbrechen und Strafe<\/strong> Ein tiefgr\u00fcndiger, unverwechselbarer und atmosph\u00e4rischer Duft mit einer einzigartigen, besonderen Note. Er entfaltet sich reichhaltig, edel und vielschichtig und erzeugt ein Gef\u00fchl von Geheimnis, innerer St\u00e4rke und einzigartiger \u00c4sthetik.<\/p>\n<p data-start=\"255\" data-end=\"561\">Dieser Duft verstr\u00f6mt dramatische Tiefe, warme Sinnlichkeit und einen wundersch\u00f6nen, unvergesslichen Auftakt. Er klingt weder einfach noch oberfl\u00e4chlich \u2013 im Gegenteil, er hinterl\u00e4sst Eindruck, fesselt und entfaltet sich mit Ihrer Stimmung. Ein Parfum f\u00fcr alle, die komplexe, interessante und wahrhaft originelle Kompositionen zu sch\u00e4tzen wissen.<\/p>\n<p data-start=\"563\" data-end=\"808\"><strong data-start=\"563\" data-end=\"587\">Verbrechen und Strafe<\/strong> Ideal f\u00fcr alle, die D\u00fcfte mit Charakter, Atmosph\u00e4re und einer einzigartigen Geschichte suchen. Eine wunderbare Wahl f\u00fcr Abende, k\u00fchlere Tage und Momente, in denen Sie sich reichhaltig, tiefgr\u00fcndig und ausdrucksstark f\u00fchlen m\u00f6chten.<\/p>","protected":false},"excerpt":{"rendered":"<p><strong data-start=\"363\" data-end=\"379\">Duftart:<\/strong> orientalisch holzig<br data-start=\"398\" data-end=\"401\" \/><strong data-start=\"401\" data-end=\"415\">Familie:<\/strong> warm, tiefgr\u00fcndig, reichhaltig<br data-start=\"444\" data-end=\"447\" \/><strong data-start=\"447\" data-end=\"460\">Charakter:<\/strong> gewagt, geheimnisvoll, attraktiv<br data-start=\"496\" data-end=\"499\" \/><strong data-start=\"499\" data-end=\"517\">Wichtigste Anmerkungen:<\/strong> Gew\u00fcrze, Holz, Amber, leichte S\u00fc\u00dfe<br data-start=\"559\" data-end=\"562\" \/><strong data-start=\"562\" data-end=\"576\">Haltbarkeit:<\/strong> hoch<br data-start=\"584\" data-end=\"587\" \/><strong data-start=\"587\" data-end=\"597\">Zug:<\/strong> ausgepr\u00e4gt, warm<br data-start=\"616\" data-end=\"619\" \/><strong data-start=\"619\" data-end=\"634\">Zweck:<\/strong> Abend \/ Ausgehen \/ besondere Anl\u00e4sse<br data-start=\"664\" data-end=\"667\" \/><strong data-start=\"667\" data-end=\"677\">Jahreszeit:<\/strong> Herbst \/ Winter<\/p>","protected":false},"featured_media":5267,"comment_status":"open","ping_status":"closed","template":"","meta":{"site-sidebar-layout":"default","site-content-layout":"","ast-site-content-layout":"default","site-content-style":"default","site-sidebar-style":"default","ast-global-header-display":"","ast-banner-title-visibility":"","ast-main-header-display":"","ast-hfb-above-header-display":"","ast-hfb-below-header-display":"","ast-hfb-mobile-header-display":"","site-post-title":"","ast-breadcrumbs-content":"","ast-featured-img":"","footer-sml-layout":"","theme-transparent-header-meta":"default","adv-header-id-meta":"","stick-header-meta":"","header-above-stick-meta":"","header-main-stick-meta":"","header-below-stick-meta":"","astra-migrate-meta-layouts":"set","ast-page-background-enabled":"default","ast-page-background-meta":{"desktop":{"background-color":"var(--ast-global-color-4)","background-image":"","background-repeat":"repeat","background-position":"center center","background-size":"auto","background-attachment":"scroll","background-type":"","background-media":"","overlay-type":"","overlay-color":"","overlay-opacity":"","overlay-gradient":""},"tablet":{"background-color":"","background-image":"","background-repeat":"repeat","background-position":"center center","background-size":"auto","background-attachment":"scroll","background-type":"","background-media":"","overlay-type":"","overlay-color":"","overlay-opacity":"","overlay-gradient":""},"mobile":{"background-color":"","background-image":"","background-repeat":"repeat","background-position":"center center","background-size":"auto","background-attachment":"scroll","background-type":"","background-media":"","overlay-type":"","overlay-color":"","overlay-opacity":"","overlay-gradient":""}},"ast-content-background-meta":{"desktop":{"background-color":"var(--ast-global-color-5)","background-image":"","background-repeat":"repeat","background-position":"center center","background-size":"auto","background-attachment":"scroll","background-type":"","background-media":"","overlay-type":"","overlay-color":"","overlay-opacity":"","overlay-gradient":""},"tablet":{"background-color":"var(--ast-global-color-5)","background-image":"","background-repeat":"repeat","background-position":"center center","background-size":"auto","background-attachment":"scroll","background-type":"","background-media":"","overlay-type":"","overlay-color":"","overlay-opacity":"","overlay-gradient":""},"mobile":{"background-color":"var(--ast-global-color-5)","background-image":"","background-repeat":"repeat","background-position":"center center","background-size":"auto","background-attachment":"scroll","background-type":"","background-media":"","overlay-type":"","overlay-color":"","overlay-opacity":"","overlay-gradient":""}}},"product_brand":[296],"product_cat":[162],"product_tag":[],"class_list":{"0":"post-5263","1":"product","2":"type-product","3":"status-publish","4":"has-post-thumbnail","6":"product_brand-fragrance-library","7":"product_cat-aromaty-duhi","8":"desktop-align-left","9":"tablet-align-left","10":"mobile-align-left","12":"first","13":"instock","14":"taxable","15":"shipping-taxable","16":"purchasable","17":"product-type-variable"},"_links":{"self":[{"href":"https:\/\/by-aigul.de\/de\/wp-json\/wp\/v2\/product\/5263","targetHints":{"allow":["GET"]}}],"collection":[{"href":"https:\/\/by-aigul.de\/de\/wp-json\/wp\/v2\/product"}],"about":[{"href":"https:\/\/by-aigul.de\/de\/wp-json\/wp\/v2\/types\/product"}],"replies":[{"embeddable":true,"href":"https:\/\/by-aigul.de\/de\/wp-json\/wp\/v2\/comments?post=5263"}],"wp:featuredmedia":[{"embeddable":true,"href":"https:\/\/by-aigul.de\/de\/wp-json\/wp\/v2\/media\/5267"}],"wp:attachment":[{"href":"https:\/\/by-aigul.de\/de\/wp-json\/wp\/v2\/media?parent=5263"}],"wp:term":[{"taxonomy":"product_brand","embeddable":true,"href":"https:\/\/by-aigul.de\/de\/wp-json\/wp\/v2\/product_brand?post=5263"},{"taxonomy":"product_cat","embeddable":true,"href":"https:\/\/by-aigul.de\/de\/wp-json\/wp\/v2\/product_cat?post=5263"},{"taxonomy":"product_tag","embeddable":true,"href":"https:\/\/by-aigul.de\/de\/wp-json\/wp\/v2\/product_tag?post=5263"}],"curies":[{"name":"wp","href":"https:\/\/api.w.org\/{rel}","templated":true}]}}