{"id":5248,"date":"2026-03-26T17:37:15","date_gmt":"2026-03-26T17:37:15","guid":{"rendered":"https:\/\/by-aigul.de\/?post_type=product&#038;p=5248"},"modified":"2026-03-26T17:37:30","modified_gmt":"2026-03-26T17:37:30","slug":"5248","status":"publish","type":"product","link":"https:\/\/by-aigul.de\/de\/produkt\/5248\/","title":{"rendered":"Duftbibliothek Die Testversion"},"content":{"rendered":"<p data-start=\"0\" data-end=\"224\"><strong data-start=\"0\" data-end=\"31\">Duftbibliothek Die Testversion<\/strong> \u2014 Ein tiefgr\u00fcndiger, reichhaltiger und atmosph\u00e4rischer Duft mit unverwechselbarem Nischencharakter. Er ist seri\u00f6s, stilvoll und vielschichtig und vermittelt ein Gef\u00fchl von Geheimnis, St\u00e4rke und innerer Tiefe.<\/p>\n<p data-start=\"226\" data-end=\"546\">Dieser Duft verstr\u00f6mt edle F\u00fclle, sanfte Sinnlichkeit und eine wundersch\u00f6ne, warme Tiefe, die sich nach und nach entfaltet und eine unvergessliche Duftspur hinterl\u00e4sst. Er ist kein leichter, dezenter Duft, sondern ein Duft mit Charakter und Charakter \u2013 f\u00fcr all jene, die einen komplexen, interessanten und wahrhaft fesselnden Duft zu sch\u00e4tzen wissen.<\/p>\n<p data-start=\"548\" data-end=\"771\"><strong data-start=\"548\" data-end=\"561\">Der Prozess<\/strong> Ideal f\u00fcr alle, die einzigartige, stimmungsvolle und ausdrucksstarke D\u00fcfte bevorzugen. Eine wunderbare Wahl f\u00fcr Abende, k\u00fchlere Tage und Momente, in denen Sie elegant, selbstbewusst und individuell wirken m\u00f6chten.<\/p>","protected":false},"excerpt":{"rendered":"<p><strong data-start=\"344\" data-end=\"360\">Duftart:<\/strong> orientalisch holzig<br data-start=\"379\" data-end=\"382\" \/><strong data-start=\"382\" data-end=\"396\">Familie:<\/strong> warm, w\u00fcrzig, reichhaltig<br data-start=\"423\" data-end=\"426\" \/><strong data-start=\"426\" data-end=\"439\">Charakter:<\/strong> streng, selbstbewusst, statusbewusst<br data-start=\"469\" data-end=\"472\" \/><strong data-start=\"472\" data-end=\"490\">Wichtigste Anmerkungen:<\/strong> Holz, Gew\u00fcrze, Amber, leichte Bitterkeit<br data-start=\"532\" data-end=\"535\" \/><strong data-start=\"535\" data-end=\"549\">Haltbarkeit:<\/strong> hoch<br data-start=\"557\" data-end=\"560\" \/><strong data-start=\"560\" data-end=\"570\">Zug:<\/strong> ausgepr\u00e4gt, attraktiv<br data-start=\"597\" data-end=\"600\" \/><strong data-start=\"600\" data-end=\"615\">Zweck:<\/strong> Abend-\/Business-Look \/ Look f\u00fcr besondere Anl\u00e4sse<br data-start=\"653\" data-end=\"656\" \/><strong data-start=\"656\" data-end=\"666\">Jahreszeit:<\/strong> Herbst \/ Winter<\/p>","protected":false},"featured_media":5252,"comment_status":"open","ping_status":"closed","template":"","meta":{"site-sidebar-layout":"default","site-content-layout":"","ast-site-content-layout":"default","site-content-style":"default","site-sidebar-style":"default","ast-global-header-display":"","ast-banner-title-visibility":"","ast-main-header-display":"","ast-hfb-above-header-display":"","ast-hfb-below-header-display":"","ast-hfb-mobile-header-display":"","site-post-title":"","ast-breadcrumbs-content":"","ast-featured-img":"","footer-sml-layout":"","theme-transparent-header-meta":"default","adv-header-id-meta":"","stick-header-meta":"","header-above-stick-meta":"","header-main-stick-meta":"","header-below-stick-meta":"","astra-migrate-meta-layouts":"set","ast-page-background-enabled":"default","ast-page-background-meta":{"desktop":{"background-color":"var(--ast-global-color-4)","background-image":"","background-repeat":"repeat","background-position":"center center","background-size":"auto","background-attachment":"scroll","background-type":"","background-media":"","overlay-type":"","overlay-color":"","overlay-opacity":"","overlay-gradient":""},"tablet":{"background-color":"","background-image":"","background-repeat":"repeat","background-position":"center center","background-size":"auto","background-attachment":"scroll","background-type":"","background-media":"","overlay-type":"","overlay-color":"","overlay-opacity":"","overlay-gradient":""},"mobile":{"background-color":"","background-image":"","background-repeat":"repeat","background-position":"center center","background-size":"auto","background-attachment":"scroll","background-type":"","background-media":"","overlay-type":"","overlay-color":"","overlay-opacity":"","overlay-gradient":""}},"ast-content-background-meta":{"desktop":{"background-color":"var(--ast-global-color-5)","background-image":"","background-repeat":"repeat","background-position":"center center","background-size":"auto","background-attachment":"scroll","background-type":"","background-media":"","overlay-type":"","overlay-color":"","overlay-opacity":"","overlay-gradient":""},"tablet":{"background-color":"var(--ast-global-color-5)","background-image":"","background-repeat":"repeat","background-position":"center center","background-size":"auto","background-attachment":"scroll","background-type":"","background-media":"","overlay-type":"","overlay-color":"","overlay-opacity":"","overlay-gradient":""},"mobile":{"background-color":"var(--ast-global-color-5)","background-image":"","background-repeat":"repeat","background-position":"center center","background-size":"auto","background-attachment":"scroll","background-type":"","background-media":"","overlay-type":"","overlay-color":"","overlay-opacity":"","overlay-gradient":""}}},"product_brand":[296],"product_cat":[162],"product_tag":[],"class_list":{"0":"post-5248","1":"product","2":"type-product","3":"status-publish","4":"has-post-thumbnail","6":"product_brand-fragrance-library","7":"product_cat-aromaty-duhi","8":"desktop-align-left","9":"tablet-align-left","10":"mobile-align-left","12":"first","13":"instock","14":"taxable","15":"shipping-taxable","16":"purchasable","17":"product-type-variable"},"_links":{"self":[{"href":"https:\/\/by-aigul.de\/de\/wp-json\/wp\/v2\/product\/5248","targetHints":{"allow":["GET"]}}],"collection":[{"href":"https:\/\/by-aigul.de\/de\/wp-json\/wp\/v2\/product"}],"about":[{"href":"https:\/\/by-aigul.de\/de\/wp-json\/wp\/v2\/types\/product"}],"replies":[{"embeddable":true,"href":"https:\/\/by-aigul.de\/de\/wp-json\/wp\/v2\/comments?post=5248"}],"wp:featuredmedia":[{"embeddable":true,"href":"https:\/\/by-aigul.de\/de\/wp-json\/wp\/v2\/media\/5252"}],"wp:attachment":[{"href":"https:\/\/by-aigul.de\/de\/wp-json\/wp\/v2\/media?parent=5248"}],"wp:term":[{"taxonomy":"product_brand","embeddable":true,"href":"https:\/\/by-aigul.de\/de\/wp-json\/wp\/v2\/product_brand?post=5248"},{"taxonomy":"product_cat","embeddable":true,"href":"https:\/\/by-aigul.de\/de\/wp-json\/wp\/v2\/product_cat?post=5248"},{"taxonomy":"product_tag","embeddable":true,"href":"https:\/\/by-aigul.de\/de\/wp-json\/wp\/v2\/product_tag?post=5248"}],"curies":[{"name":"wp","href":"https:\/\/api.w.org\/{rel}","templated":true}]}}