{"id":5243,"date":"2026-03-26T17:34:47","date_gmt":"2026-03-26T17:34:47","guid":{"rendered":"https:\/\/by-aigul.de\/?post_type=product&#038;p=5243"},"modified":"2026-03-26T17:34:54","modified_gmt":"2026-03-26T17:34:54","slug":"duftbibliothek-hundert-jahre-einsamkeit","status":"publish","type":"product","link":"https:\/\/by-aigul.de\/de\/produkt\/duftbibliothek-hundert-jahre-einsamkeit\/","title":{"rendered":"Duftbibliothek Hundert Jahre Einsamkeit"},"content":{"rendered":"<p data-start=\"0\" data-end=\"281\"><strong data-start=\"0\" data-end=\"51\">Duftbibliothek Hundert Jahre Einsamkeit<\/strong> Ein tiefgr\u00fcndiger, atmosph\u00e4rischer und ausdrucksstarker Duft mit einem wundersch\u00f6nen, einzigartigen Charakter. Geheimnisvoll, sanft und vielschichtig, kreiert er eine besondere Atmosph\u00e4re \u2013 leicht melancholisch, raffiniert und wahrhaft fesselnd.<\/p>\n<p data-start=\"283\" data-end=\"574\">Dieser Duft verstr\u00f6mt eine edle Tiefe, warme Sinnlichkeit und eine einzigartige Pr\u00e4sentation, die ihn zu mehr als nur einem Parfum macht \u2013 zu einem wahren Erlebnis. Er entfaltet sich nach und nach, hinterl\u00e4sst eine wundersch\u00f6ne, unvergessliche Duftspur und unterstreicht die Individualit\u00e4t seiner Tr\u00e4gerin.<\/p>\n<p data-start=\"576\" data-end=\"836\"><strong data-start=\"576\" data-end=\"609\">Hundert Jahre Einsamkeit<\/strong> Ideal f\u00fcr alle, die einzigartige, stimmungsvolle und fesselnde D\u00fcfte mit Geschichte und Charakter lieben. Eine wunderbare Wahl f\u00fcr Abende, k\u00fchlere Tage und Momente, in denen Sie elegant, interessant und individuell wirken m\u00f6chten.<\/p>","protected":false},"excerpt":{"rendered":"<p><strong data-start=\"383\" data-end=\"399\">Duftart:<\/strong> orientalisch holzig<br data-start=\"418\" data-end=\"421\" \/><strong data-start=\"421\" data-end=\"435\">Familie:<\/strong> warm, gem\u00fctlich, atmosph\u00e4risch<br data-start=\"464\" data-end=\"467\" \/><strong data-start=\"467\" data-end=\"480\">Charakter:<\/strong> tiefgr\u00fcndig, geheimnisvoll, ein wenig introvertiert<br data-start=\"523\" data-end=\"526\" \/><strong data-start=\"526\" data-end=\"544\">Wichtigste Anmerkungen:<\/strong> Gew\u00fcrze, Holz, Amber, leichte S\u00fc\u00dfe<br data-start=\"586\" data-end=\"589\" \/><strong data-start=\"589\" data-end=\"603\">Haltbarkeit:<\/strong> hoch<br data-start=\"611\" data-end=\"614\" \/><strong data-start=\"614\" data-end=\"624\">Zug:<\/strong> mittel, warm, einh\u00fcllend<br data-start=\"656\" data-end=\"659\" \/><strong data-start=\"659\" data-end=\"674\">Zweck:<\/strong> Abend \/ besondere Stimmung \/ \u201epassend\u201c<br data-start=\"714\" data-end=\"717\" \/><strong data-start=\"717\" data-end=\"727\">Jahreszeit:<\/strong> Herbst \/ Winter<\/p>","protected":false},"featured_media":5247,"comment_status":"open","ping_status":"closed","template":"","meta":{"site-sidebar-layout":"default","site-content-layout":"","ast-site-content-layout":"default","site-content-style":"default","site-sidebar-style":"default","ast-global-header-display":"","ast-banner-title-visibility":"","ast-main-header-display":"","ast-hfb-above-header-display":"","ast-hfb-below-header-display":"","ast-hfb-mobile-header-display":"","site-post-title":"","ast-breadcrumbs-content":"","ast-featured-img":"","footer-sml-layout":"","theme-transparent-header-meta":"default","adv-header-id-meta":"","stick-header-meta":"","header-above-stick-meta":"","header-main-stick-meta":"","header-below-stick-meta":"","astra-migrate-meta-layouts":"set","ast-page-background-enabled":"default","ast-page-background-meta":{"desktop":{"background-color":"var(--ast-global-color-4)","background-image":"","background-repeat":"repeat","background-position":"center center","background-size":"auto","background-attachment":"scroll","background-type":"","background-media":"","overlay-type":"","overlay-color":"","overlay-opacity":"","overlay-gradient":""},"tablet":{"background-color":"","background-image":"","background-repeat":"repeat","background-position":"center center","background-size":"auto","background-attachment":"scroll","background-type":"","background-media":"","overlay-type":"","overlay-color":"","overlay-opacity":"","overlay-gradient":""},"mobile":{"background-color":"","background-image":"","background-repeat":"repeat","background-position":"center center","background-size":"auto","background-attachment":"scroll","background-type":"","background-media":"","overlay-type":"","overlay-color":"","overlay-opacity":"","overlay-gradient":""}},"ast-content-background-meta":{"desktop":{"background-color":"var(--ast-global-color-5)","background-image":"","background-repeat":"repeat","background-position":"center center","background-size":"auto","background-attachment":"scroll","background-type":"","background-media":"","overlay-type":"","overlay-color":"","overlay-opacity":"","overlay-gradient":""},"tablet":{"background-color":"var(--ast-global-color-5)","background-image":"","background-repeat":"repeat","background-position":"center center","background-size":"auto","background-attachment":"scroll","background-type":"","background-media":"","overlay-type":"","overlay-color":"","overlay-opacity":"","overlay-gradient":""},"mobile":{"background-color":"var(--ast-global-color-5)","background-image":"","background-repeat":"repeat","background-position":"center center","background-size":"auto","background-attachment":"scroll","background-type":"","background-media":"","overlay-type":"","overlay-color":"","overlay-opacity":"","overlay-gradient":""}}},"product_brand":[296],"product_cat":[162],"product_tag":[],"class_list":{"0":"post-5243","1":"product","2":"type-product","3":"status-publish","4":"has-post-thumbnail","6":"product_brand-fragrance-library","7":"product_cat-aromaty-duhi","8":"desktop-align-left","9":"tablet-align-left","10":"mobile-align-left","12":"first","13":"instock","14":"taxable","15":"shipping-taxable","16":"purchasable","17":"product-type-variable"},"_links":{"self":[{"href":"https:\/\/by-aigul.de\/de\/wp-json\/wp\/v2\/product\/5243","targetHints":{"allow":["GET"]}}],"collection":[{"href":"https:\/\/by-aigul.de\/de\/wp-json\/wp\/v2\/product"}],"about":[{"href":"https:\/\/by-aigul.de\/de\/wp-json\/wp\/v2\/types\/product"}],"replies":[{"embeddable":true,"href":"https:\/\/by-aigul.de\/de\/wp-json\/wp\/v2\/comments?post=5243"}],"wp:featuredmedia":[{"embeddable":true,"href":"https:\/\/by-aigul.de\/de\/wp-json\/wp\/v2\/media\/5247"}],"wp:attachment":[{"href":"https:\/\/by-aigul.de\/de\/wp-json\/wp\/v2\/media?parent=5243"}],"wp:term":[{"taxonomy":"product_brand","embeddable":true,"href":"https:\/\/by-aigul.de\/de\/wp-json\/wp\/v2\/product_brand?post=5243"},{"taxonomy":"product_cat","embeddable":true,"href":"https:\/\/by-aigul.de\/de\/wp-json\/wp\/v2\/product_cat?post=5243"},{"taxonomy":"product_tag","embeddable":true,"href":"https:\/\/by-aigul.de\/de\/wp-json\/wp\/v2\/product_tag?post=5243"}],"curies":[{"name":"wp","href":"https:\/\/api.w.org\/{rel}","templated":true}]}}