{"id":5230,"date":"2026-03-26T17:19:25","date_gmt":"2026-03-26T17:19:25","guid":{"rendered":"https:\/\/by-aigul.de\/?post_type=product&#038;p=5230"},"modified":"2026-03-26T17:19:31","modified_gmt":"2026-03-26T17:19:31","slug":"duftbibliothek-auf-der-suche-nach-verlorener-zeit","status":"publish","type":"product","link":"https:\/\/by-aigul.de\/de\/produkt\/duftbibliothek-auf-der-suche-nach-verlorener-zeit\/","title":{"rendered":"Duftbibliothek Auf der Suche nach verlorener Zeit"},"content":{"rendered":"<p data-start=\"0\" data-end=\"252\"><strong data-start=\"0\" data-end=\"44\">Duftbibliothek Auf der Suche nach verlorener Zeit<\/strong> Ein tiefgr\u00fcndiger, atmosph\u00e4rischer und ausdrucksstarker Duft mit einem wundersch\u00f6nen, besonderen Charakter. Er ist facettenreich, elegant und ein wenig geheimnisvoll und scheint Erinnerungen, Emotionen und einen besonderen inneren Zustand hervorzurufen.<\/p>\n<p data-start=\"254\" data-end=\"594\">Dieser Duft verstr\u00f6mt eine edle Tiefe, sanfte Sinnlichkeit und eine einzigartige Komposition, die ihn unvergesslich macht. Er entfaltet sich allm\u00e4hlich, umspielt die Haut auf wundersch\u00f6ne Weise und hinterl\u00e4sst eine unverwechselbare, fesselnde Aura. Dieser Duft steht nicht f\u00fcr Leichtigkeit und Verg\u00e4nglichkeit, sondern f\u00fcr Stimmung, Charakter und Eindruck.<\/p>\n<p data-start=\"596\" data-end=\"843\"><strong data-start=\"596\" data-end=\"622\">Auf der Suche nach der verlorenen Zeit<\/strong> Ideal f\u00fcr alle, die einzigartige, stimmungsvolle und fesselnde D\u00fcfte mit einer unverwechselbaren \u00c4sthetik lieben. Eine wunderbare Wahl f\u00fcr Abende, besondere Anl\u00e4sse und Momente, in denen Sie elegant, interessant und einzigartig wirken m\u00f6chten.<\/p>","protected":false},"excerpt":{"rendered":"<p><strong data-start=\"310\" data-end=\"326\">Duftart:<\/strong> orientalisch holzig<br data-start=\"345\" data-end=\"348\" \/><strong data-start=\"348\" data-end=\"362\">Familie:<\/strong> warm, Nische, tiefgr\u00fcndig<br data-start=\"388\" data-end=\"391\" \/><strong data-start=\"391\" data-end=\"404\">Charakter:<\/strong> intelligent, ruhig, attraktiv<br data-start=\"448\" data-end=\"451\" \/><strong data-start=\"451\" data-end=\"469\">Wichtigste Anmerkungen:<\/strong> Holzige Akkorde, Amber, Gew\u00fcrze, sanfte S\u00fc\u00dfe<br data-start=\"519\" data-end=\"522\" \/><strong data-start=\"522\" data-end=\"536\">Haltbarkeit:<\/strong> hoch<br data-start=\"544\" data-end=\"547\" \/><strong data-start=\"547\" data-end=\"557\">Zug:<\/strong> reichhaltig, einh\u00fcllend<br data-start=\"584\" data-end=\"587\" \/><strong data-start=\"587\" data-end=\"602\">Zweck:<\/strong> Abend \/ besondere Momente \/ \u201eohne Worte Eindruck machen\u201c<br data-start=\"661\" data-end=\"664\" \/><strong data-start=\"664\" data-end=\"674\">Jahreszeit:<\/strong> Herbst \/ Winter<\/p>","protected":false},"featured_media":5234,"comment_status":"open","ping_status":"closed","template":"","meta":{"site-sidebar-layout":"default","site-content-layout":"","ast-site-content-layout":"default","site-content-style":"default","site-sidebar-style":"default","ast-global-header-display":"","ast-banner-title-visibility":"","ast-main-header-display":"","ast-hfb-above-header-display":"","ast-hfb-below-header-display":"","ast-hfb-mobile-header-display":"","site-post-title":"","ast-breadcrumbs-content":"","ast-featured-img":"","footer-sml-layout":"","theme-transparent-header-meta":"default","adv-header-id-meta":"","stick-header-meta":"","header-above-stick-meta":"","header-main-stick-meta":"","header-below-stick-meta":"","astra-migrate-meta-layouts":"set","ast-page-background-enabled":"default","ast-page-background-meta":{"desktop":{"background-color":"var(--ast-global-color-4)","background-image":"","background-repeat":"repeat","background-position":"center center","background-size":"auto","background-attachment":"scroll","background-type":"","background-media":"","overlay-type":"","overlay-color":"","overlay-opacity":"","overlay-gradient":""},"tablet":{"background-color":"","background-image":"","background-repeat":"repeat","background-position":"center center","background-size":"auto","background-attachment":"scroll","background-type":"","background-media":"","overlay-type":"","overlay-color":"","overlay-opacity":"","overlay-gradient":""},"mobile":{"background-color":"","background-image":"","background-repeat":"repeat","background-position":"center center","background-size":"auto","background-attachment":"scroll","background-type":"","background-media":"","overlay-type":"","overlay-color":"","overlay-opacity":"","overlay-gradient":""}},"ast-content-background-meta":{"desktop":{"background-color":"var(--ast-global-color-5)","background-image":"","background-repeat":"repeat","background-position":"center center","background-size":"auto","background-attachment":"scroll","background-type":"","background-media":"","overlay-type":"","overlay-color":"","overlay-opacity":"","overlay-gradient":""},"tablet":{"background-color":"var(--ast-global-color-5)","background-image":"","background-repeat":"repeat","background-position":"center center","background-size":"auto","background-attachment":"scroll","background-type":"","background-media":"","overlay-type":"","overlay-color":"","overlay-opacity":"","overlay-gradient":""},"mobile":{"background-color":"var(--ast-global-color-5)","background-image":"","background-repeat":"repeat","background-position":"center center","background-size":"auto","background-attachment":"scroll","background-type":"","background-media":"","overlay-type":"","overlay-color":"","overlay-opacity":"","overlay-gradient":""}}},"product_brand":[296],"product_cat":[162],"product_tag":[],"class_list":{"0":"post-5230","1":"product","2":"type-product","3":"status-publish","4":"has-post-thumbnail","6":"product_brand-fragrance-library","7":"product_cat-aromaty-duhi","8":"desktop-align-left","9":"tablet-align-left","10":"mobile-align-left","12":"first","13":"instock","14":"taxable","15":"shipping-taxable","16":"purchasable","17":"product-type-variable"},"_links":{"self":[{"href":"https:\/\/by-aigul.de\/de\/wp-json\/wp\/v2\/product\/5230","targetHints":{"allow":["GET"]}}],"collection":[{"href":"https:\/\/by-aigul.de\/de\/wp-json\/wp\/v2\/product"}],"about":[{"href":"https:\/\/by-aigul.de\/de\/wp-json\/wp\/v2\/types\/product"}],"replies":[{"embeddable":true,"href":"https:\/\/by-aigul.de\/de\/wp-json\/wp\/v2\/comments?post=5230"}],"wp:featuredmedia":[{"embeddable":true,"href":"https:\/\/by-aigul.de\/de\/wp-json\/wp\/v2\/media\/5234"}],"wp:attachment":[{"href":"https:\/\/by-aigul.de\/de\/wp-json\/wp\/v2\/media?parent=5230"}],"wp:term":[{"taxonomy":"product_brand","embeddable":true,"href":"https:\/\/by-aigul.de\/de\/wp-json\/wp\/v2\/product_brand?post=5230"},{"taxonomy":"product_cat","embeddable":true,"href":"https:\/\/by-aigul.de\/de\/wp-json\/wp\/v2\/product_cat?post=5230"},{"taxonomy":"product_tag","embeddable":true,"href":"https:\/\/by-aigul.de\/de\/wp-json\/wp\/v2\/product_tag?post=5230"}],"curies":[{"name":"wp","href":"https:\/\/api.w.org\/{rel}","templated":true}]}}