{"id":5220,"date":"2026-03-26T17:09:19","date_gmt":"2026-03-26T17:09:19","guid":{"rendered":"https:\/\/by-aigul.de\/?post_type=product&#038;p=5220"},"modified":"2026-03-26T17:17:44","modified_gmt":"2026-03-26T17:17:44","slug":"duftbibliothek-eine-geschichte-zweier-stadte","status":"publish","type":"product","link":"https:\/\/by-aigul.de\/de\/produkt\/duftbibliothek-eine-geschichte-zweier-stadte\/","title":{"rendered":"Duftbibliothek \u2013 Eine Geschichte zweier St\u00e4dte"},"content":{"rendered":"<p data-start=\"0\" data-end=\"293\"><strong data-start=\"0\" data-end=\"42\">Duftbibliothek \u2013 Eine Geschichte zweier St\u00e4dte<\/strong> Ein tiefgr\u00fcndiger, atmosph\u00e4rischer und ausdrucksstarker Duft mit einem wundersch\u00f6nen, einzigartigen Charakter. Er ist stilvoll, vielschichtig und fesselnd, als erz\u00e4hle er eine Geschichte \u2013 eine Geschichte voller Kontraste, Emotionen und einer unvergleichlichen Stimmung, die man immer wieder erleben m\u00f6chte.<\/p>\n<p data-start=\"295\" data-end=\"649\">Dieser Duft verstr\u00f6mt eine edle Tiefe, sanfte Sinnlichkeit und eine einzigartige Komposition, die ihn besonders unvergesslich macht. Er entfaltet sich allm\u00e4hlich, spielt sanft mit der Haut und hinterl\u00e4sst eine unverwechselbare, fesselnde Duftspur. Dieser Duft ist nicht f\u00fcr jeden, sondern f\u00fcr all jene, die Parfums mit Charakter, Atmosph\u00e4re und \u00c4sthetik zu sch\u00e4tzen wissen.<\/p>\n<p data-start=\"651\" data-end=\"879\"><strong data-start=\"651\" data-end=\"675\">Eine Geschichte zweier St\u00e4dte<\/strong> Ideal f\u00fcr alle, die au\u00dfergew\u00f6hnliche, stilvolle und wahrhaft fesselnde Kompositionen sch\u00e4tzen. Eine wunderbare Wahl f\u00fcr Abende, besondere Anl\u00e4sse und Momente, in denen Sie kultiviert, interessant und einzigartig klingen m\u00f6chten.<\/p>","protected":false},"excerpt":{"rendered":"<p><strong data-start=\"300\" data-end=\"316\">Aromatyp:<\/strong> orientalisch holzig<br data-start=\"335\" data-end=\"338\" \/><strong data-start=\"338\" data-end=\"352\">Familie:<\/strong> warm, nischenhaft, vielschichtig<br data-start=\"382\" data-end=\"385\" \/><strong data-start=\"385\" data-end=\"398\">Charakter:<\/strong> geheimnisvoll, intellektuell, tiefgr\u00fcndig<br data-start=\"437\" data-end=\"440\" \/><strong data-start=\"440\" data-end=\"458\">Wichtigste Anmerkungen:<\/strong> Gew\u00fcrze, holzige Akkorde, Amber, leichte s\u00fc\u00dfe Noten<br data-start=\"515\" data-end=\"518\" \/><strong data-start=\"518\" data-end=\"532\">Haltbarkeit:<\/strong> hoch<br data-start=\"540\" data-end=\"543\" \/><strong data-start=\"543\" data-end=\"553\">Zug:<\/strong> reichhaltig, einh\u00fcllend<br data-start=\"580\" data-end=\"583\" \/><strong data-start=\"583\" data-end=\"598\">Zweck:<\/strong> Abend \/ Besondere Anl\u00e4sse \/ \u201eBeeindrucken ohne Worte\u201c<br data-start=\"644\" data-end=\"647\" \/><strong data-start=\"647\" data-end=\"657\">Jahreszeit:<\/strong> Herbst \/ Winter<\/p>","protected":false},"featured_media":5229,"comment_status":"open","ping_status":"closed","template":"","meta":{"site-sidebar-layout":"default","site-content-layout":"","ast-site-content-layout":"default","site-content-style":"default","site-sidebar-style":"default","ast-global-header-display":"","ast-banner-title-visibility":"","ast-main-header-display":"","ast-hfb-above-header-display":"","ast-hfb-below-header-display":"","ast-hfb-mobile-header-display":"","site-post-title":"","ast-breadcrumbs-content":"","ast-featured-img":"","footer-sml-layout":"","theme-transparent-header-meta":"default","adv-header-id-meta":"","stick-header-meta":"","header-above-stick-meta":"","header-main-stick-meta":"","header-below-stick-meta":"","astra-migrate-meta-layouts":"set","ast-page-background-enabled":"default","ast-page-background-meta":{"desktop":{"background-color":"var(--ast-global-color-4)","background-image":"","background-repeat":"repeat","background-position":"center center","background-size":"auto","background-attachment":"scroll","background-type":"","background-media":"","overlay-type":"","overlay-color":"","overlay-opacity":"","overlay-gradient":""},"tablet":{"background-color":"","background-image":"","background-repeat":"repeat","background-position":"center center","background-size":"auto","background-attachment":"scroll","background-type":"","background-media":"","overlay-type":"","overlay-color":"","overlay-opacity":"","overlay-gradient":""},"mobile":{"background-color":"","background-image":"","background-repeat":"repeat","background-position":"center center","background-size":"auto","background-attachment":"scroll","background-type":"","background-media":"","overlay-type":"","overlay-color":"","overlay-opacity":"","overlay-gradient":""}},"ast-content-background-meta":{"desktop":{"background-color":"var(--ast-global-color-5)","background-image":"","background-repeat":"repeat","background-position":"center center","background-size":"auto","background-attachment":"scroll","background-type":"","background-media":"","overlay-type":"","overlay-color":"","overlay-opacity":"","overlay-gradient":""},"tablet":{"background-color":"var(--ast-global-color-5)","background-image":"","background-repeat":"repeat","background-position":"center center","background-size":"auto","background-attachment":"scroll","background-type":"","background-media":"","overlay-type":"","overlay-color":"","overlay-opacity":"","overlay-gradient":""},"mobile":{"background-color":"var(--ast-global-color-5)","background-image":"","background-repeat":"repeat","background-position":"center center","background-size":"auto","background-attachment":"scroll","background-type":"","background-media":"","overlay-type":"","overlay-color":"","overlay-opacity":"","overlay-gradient":""}}},"product_brand":[296],"product_cat":[162],"product_tag":[],"class_list":{"0":"post-5220","1":"product","2":"type-product","3":"status-publish","4":"has-post-thumbnail","6":"product_brand-fragrance-library","7":"product_cat-aromaty-duhi","8":"desktop-align-left","9":"tablet-align-left","10":"mobile-align-left","12":"first","13":"instock","14":"taxable","15":"shipping-taxable","16":"purchasable","17":"product-type-variable"},"_links":{"self":[{"href":"https:\/\/by-aigul.de\/de\/wp-json\/wp\/v2\/product\/5220","targetHints":{"allow":["GET"]}}],"collection":[{"href":"https:\/\/by-aigul.de\/de\/wp-json\/wp\/v2\/product"}],"about":[{"href":"https:\/\/by-aigul.de\/de\/wp-json\/wp\/v2\/types\/product"}],"replies":[{"embeddable":true,"href":"https:\/\/by-aigul.de\/de\/wp-json\/wp\/v2\/comments?post=5220"}],"wp:featuredmedia":[{"embeddable":true,"href":"https:\/\/by-aigul.de\/de\/wp-json\/wp\/v2\/media\/5229"}],"wp:attachment":[{"href":"https:\/\/by-aigul.de\/de\/wp-json\/wp\/v2\/media?parent=5220"}],"wp:term":[{"taxonomy":"product_brand","embeddable":true,"href":"https:\/\/by-aigul.de\/de\/wp-json\/wp\/v2\/product_brand?post=5220"},{"taxonomy":"product_cat","embeddable":true,"href":"https:\/\/by-aigul.de\/de\/wp-json\/wp\/v2\/product_cat?post=5220"},{"taxonomy":"product_tag","embeddable":true,"href":"https:\/\/by-aigul.de\/de\/wp-json\/wp\/v2\/product_tag?post=5220"}],"curies":[{"name":"wp","href":"https:\/\/api.w.org\/{rel}","templated":true}]}}