{"id":5218,"date":"2026-03-26T17:06:31","date_gmt":"2026-03-26T17:06:31","guid":{"rendered":"https:\/\/by-aigul.de\/?post_type=product&#038;p=5218"},"modified":"2026-03-26T17:14:13","modified_gmt":"2026-03-26T17:14:13","slug":"duftbibliothek-verlorene-illusionen","status":"publish","type":"product","link":"https:\/\/by-aigul.de\/de\/produkt\/duftbibliothek-verlorene-illusionen\/","title":{"rendered":"Duftbibliothek Verlorene Illusionen"},"content":{"rendered":"<p data-start=\"0\" data-end=\"248\"><strong data-start=\"0\" data-end=\"36\">Duftbibliothek Verlorene Illusionen<\/strong> Ein geheimnisvoller, tiefgr\u00fcndiger und atmosph\u00e4rischer Duft mit einer wundersch\u00f6nen, besonderen Note. Er entfaltet sich sanft, vielschichtig und fesselnd und umgibt seinen Tr\u00e4ger mit einem Hauch von Geheimnis, Eleganz und exklusivem Geschmack.<\/p>\n<p data-start=\"250\" data-end=\"581\">Dieser Duft verstr\u00f6mt Charakter: Er will nicht jedem gefallen, sondern geht seinen eigenen Weg. Er ist edel, sinnlich und unvergesslich, mit einem wundersch\u00f6nen, anhaltenden Duft, der lange in Erinnerung bleibt. Dieses Parfum erg\u00e4nzt nicht einfach nur ein Image, sondern kreiert eine Stimmung \u2013 eine tiefere, stilvollere und fesselndere.<\/p>\n<p data-start=\"583\" data-end=\"804\"><strong data-start=\"583\" data-end=\"601\">Verlorene Illusionen<\/strong> Ideal f\u00fcr alle, die au\u00dfergew\u00f6hnliche, ausdrucksstarke und wahrhaft fesselnde D\u00fcfte lieben. Eine wunderbare Wahl f\u00fcr Abende, besondere Anl\u00e4sse und Momente, in denen Sie luxuri\u00f6s, geheimnisvoll und einzigartig wirken m\u00f6chten.<\/p>","protected":false},"excerpt":{"rendered":"<p><strong data-start=\"289\" data-end=\"305\">Duftart:<\/strong> orientalisch holzig<br data-start=\"324\" data-end=\"327\" \/><strong data-start=\"327\" data-end=\"341\">Familie:<\/strong> warm, tiefgr\u00fcndig, Nische<br data-start=\"367\" data-end=\"370\" \/><strong data-start=\"370\" data-end=\"383\">Charakter:<\/strong> geheimnisvoll, attraktiv, \u201elieb\u201c<br data-start=\"421\" data-end=\"424\" \/><strong data-start=\"424\" data-end=\"442\">Wichtigste Anmerkungen:<\/strong> Holzige Akkorde, Amber, Gew\u00fcrze, Moschus (Nischenkomposition, kann anders klingen)<br data-start=\"530\" data-end=\"533\" \/><strong data-start=\"533\" data-end=\"547\">Haltbarkeit:<\/strong> hoch<br data-start=\"555\" data-end=\"558\" \/><strong data-start=\"558\" data-end=\"568\">Zug:<\/strong> reichhaltig, auff\u00e4llig<br data-start=\"589\" data-end=\"592\" \/><strong data-start=\"592\" data-end=\"607\">Zweck:<\/strong> Abend \/ besondere Anl\u00e4sse \/ wenn Sie Eindruck machen wollen<br data-start=\"668\" data-end=\"671\" \/><strong data-start=\"671\" data-end=\"681\">Jahreszeit:<\/strong> Herbst \/ Winter<\/p>","protected":false},"featured_media":5226,"comment_status":"open","ping_status":"closed","template":"","meta":{"site-sidebar-layout":"default","site-content-layout":"","ast-site-content-layout":"default","site-content-style":"default","site-sidebar-style":"default","ast-global-header-display":"","ast-banner-title-visibility":"","ast-main-header-display":"","ast-hfb-above-header-display":"","ast-hfb-below-header-display":"","ast-hfb-mobile-header-display":"","site-post-title":"","ast-breadcrumbs-content":"","ast-featured-img":"","footer-sml-layout":"","theme-transparent-header-meta":"default","adv-header-id-meta":"","stick-header-meta":"","header-above-stick-meta":"","header-main-stick-meta":"","header-below-stick-meta":"","astra-migrate-meta-layouts":"set","ast-page-background-enabled":"default","ast-page-background-meta":{"desktop":{"background-color":"var(--ast-global-color-4)","background-image":"","background-repeat":"repeat","background-position":"center center","background-size":"auto","background-attachment":"scroll","background-type":"","background-media":"","overlay-type":"","overlay-color":"","overlay-opacity":"","overlay-gradient":""},"tablet":{"background-color":"","background-image":"","background-repeat":"repeat","background-position":"center center","background-size":"auto","background-attachment":"scroll","background-type":"","background-media":"","overlay-type":"","overlay-color":"","overlay-opacity":"","overlay-gradient":""},"mobile":{"background-color":"","background-image":"","background-repeat":"repeat","background-position":"center center","background-size":"auto","background-attachment":"scroll","background-type":"","background-media":"","overlay-type":"","overlay-color":"","overlay-opacity":"","overlay-gradient":""}},"ast-content-background-meta":{"desktop":{"background-color":"var(--ast-global-color-5)","background-image":"","background-repeat":"repeat","background-position":"center center","background-size":"auto","background-attachment":"scroll","background-type":"","background-media":"","overlay-type":"","overlay-color":"","overlay-opacity":"","overlay-gradient":""},"tablet":{"background-color":"var(--ast-global-color-5)","background-image":"","background-repeat":"repeat","background-position":"center center","background-size":"auto","background-attachment":"scroll","background-type":"","background-media":"","overlay-type":"","overlay-color":"","overlay-opacity":"","overlay-gradient":""},"mobile":{"background-color":"var(--ast-global-color-5)","background-image":"","background-repeat":"repeat","background-position":"center center","background-size":"auto","background-attachment":"scroll","background-type":"","background-media":"","overlay-type":"","overlay-color":"","overlay-opacity":"","overlay-gradient":""}}},"product_brand":[296],"product_cat":[162],"product_tag":[],"class_list":{"0":"post-5218","1":"product","2":"type-product","3":"status-publish","4":"has-post-thumbnail","6":"product_brand-fragrance-library","7":"product_cat-aromaty-duhi","8":"desktop-align-left","9":"tablet-align-left","10":"mobile-align-left","12":"first","13":"instock","14":"taxable","15":"shipping-taxable","16":"purchasable","17":"product-type-variable"},"_links":{"self":[{"href":"https:\/\/by-aigul.de\/de\/wp-json\/wp\/v2\/product\/5218","targetHints":{"allow":["GET"]}}],"collection":[{"href":"https:\/\/by-aigul.de\/de\/wp-json\/wp\/v2\/product"}],"about":[{"href":"https:\/\/by-aigul.de\/de\/wp-json\/wp\/v2\/types\/product"}],"replies":[{"embeddable":true,"href":"https:\/\/by-aigul.de\/de\/wp-json\/wp\/v2\/comments?post=5218"}],"wp:featuredmedia":[{"embeddable":true,"href":"https:\/\/by-aigul.de\/de\/wp-json\/wp\/v2\/media\/5226"}],"wp:attachment":[{"href":"https:\/\/by-aigul.de\/de\/wp-json\/wp\/v2\/media?parent=5218"}],"wp:term":[{"taxonomy":"product_brand","embeddable":true,"href":"https:\/\/by-aigul.de\/de\/wp-json\/wp\/v2\/product_brand?post=5218"},{"taxonomy":"product_cat","embeddable":true,"href":"https:\/\/by-aigul.de\/de\/wp-json\/wp\/v2\/product_cat?post=5218"},{"taxonomy":"product_tag","embeddable":true,"href":"https:\/\/by-aigul.de\/de\/wp-json\/wp\/v2\/product_tag?post=5218"}],"curies":[{"name":"wp","href":"https:\/\/api.w.org\/{rel}","templated":true}]}}