{"id":5193,"date":"2026-03-26T15:18:05","date_gmt":"2026-03-26T15:18:05","guid":{"rendered":"https:\/\/by-aigul.de\/?post_type=product&#038;p=5193"},"modified":"2026-03-29T16:48:42","modified_gmt":"2026-03-29T16:48:42","slug":"narciso-rodriguez-all-of-me-floral","status":"publish","type":"product","link":"https:\/\/by-aigul.de\/de\/produkt\/narciso-rodriguez-all-of-me-floral\/","title":{"rendered":"Narciso Rodriguez All of Me Floral"},"content":{"rendered":"<p data-start=\"0\" data-end=\"225\"><strong data-start=\"0\" data-end=\"38\">Narciso Rodriguez All of Me Floral<\/strong> \u2014 Ein zarter, strahlender und sehr femininer Duft mit einer raffinierten floralen Note. Er ist leicht, modern und elegant und betont nat\u00fcrliche Sch\u00f6nheit, Sanftheit und innere Harmonie.<\/p>\n<p data-start=\"227\" data-end=\"502\">Dieser Duft verstr\u00f6mt luftig-blumige Frische, zarte Sinnlichkeit und jene reine, kostbare Weiblichkeit, die sich auf wundersch\u00f6ne und unaufdringliche Weise entfaltet. Er hinterl\u00e4sst eine sanfte, raffinierte Duftspur, die den Look leichter, romantischer und verf\u00fchrerischer wirken l\u00e4sst.<\/p>\n<p data-start=\"504\" data-end=\"727\"><strong data-start=\"504\" data-end=\"524\">All of Me Floral<\/strong> Perfekt f\u00fcr jeden Tag, Fr\u00fchling, Sommer, Meetings, Spazierg\u00e4nge und all jene Momente, in denen Sie frisch, zart und sch\u00f6n duften m\u00f6chten. Dieser Duft verstr\u00f6mt Leichtigkeit, Weiblichkeit und moderne Eleganz.<\/p>","protected":false},"excerpt":{"rendered":"<p><strong data-start=\"311\" data-end=\"327\">Duftart:<\/strong> blumig-moschusartig<br data-start=\"346\" data-end=\"349\" \/><strong data-start=\"349\" data-end=\"363\">Familie:<\/strong> frisch, blumig<br data-start=\"381\" data-end=\"384\" \/><strong data-start=\"384\" data-end=\"397\">Charakter:<\/strong> leicht, zart, luftig<br data-start=\"423\" data-end=\"426\" \/><strong data-start=\"426\" data-end=\"444\">Wichtigste Anmerkungen:<\/strong> Blumen, Rose, Moschus, gr\u00fcne Akzente<br data-start=\"481\" data-end=\"484\" \/><strong data-start=\"484\" data-end=\"498\">Haltbarkeit:<\/strong> Durchschnitt<br data-start=\"506\" data-end=\"509\" \/><strong data-start=\"509\" data-end=\"519\">Zug:<\/strong> leicht, ordentlich<br data-start=\"538\" data-end=\"541\" \/><strong data-start=\"541\" data-end=\"556\">Zweck:<\/strong> t\u00e4glich \/ B\u00fcro \/ Spazierg\u00e4nge<br data-start=\"586\" data-end=\"589\" \/><strong data-start=\"589\" data-end=\"599\">Jahreszeit:<\/strong> Fr\u00fchling \/ Sommer<\/p>","protected":false},"featured_media":5195,"comment_status":"open","ping_status":"closed","template":"","meta":{"site-sidebar-layout":"default","site-content-layout":"","ast-site-content-layout":"default","site-content-style":"default","site-sidebar-style":"default","ast-global-header-display":"","ast-banner-title-visibility":"","ast-main-header-display":"","ast-hfb-above-header-display":"","ast-hfb-below-header-display":"","ast-hfb-mobile-header-display":"","site-post-title":"","ast-breadcrumbs-content":"","ast-featured-img":"","footer-sml-layout":"","theme-transparent-header-meta":"default","adv-header-id-meta":"","stick-header-meta":"","header-above-stick-meta":"","header-main-stick-meta":"","header-below-stick-meta":"","astra-migrate-meta-layouts":"set","ast-page-background-enabled":"default","ast-page-background-meta":{"desktop":{"background-color":"var(--ast-global-color-4)","background-image":"","background-repeat":"repeat","background-position":"center center","background-size":"auto","background-attachment":"scroll","background-type":"","background-media":"","overlay-type":"","overlay-color":"","overlay-opacity":"","overlay-gradient":""},"tablet":{"background-color":"","background-image":"","background-repeat":"repeat","background-position":"center center","background-size":"auto","background-attachment":"scroll","background-type":"","background-media":"","overlay-type":"","overlay-color":"","overlay-opacity":"","overlay-gradient":""},"mobile":{"background-color":"","background-image":"","background-repeat":"repeat","background-position":"center center","background-size":"auto","background-attachment":"scroll","background-type":"","background-media":"","overlay-type":"","overlay-color":"","overlay-opacity":"","overlay-gradient":""}},"ast-content-background-meta":{"desktop":{"background-color":"var(--ast-global-color-5)","background-image":"","background-repeat":"repeat","background-position":"center center","background-size":"auto","background-attachment":"scroll","background-type":"","background-media":"","overlay-type":"","overlay-color":"","overlay-opacity":"","overlay-gradient":""},"tablet":{"background-color":"var(--ast-global-color-5)","background-image":"","background-repeat":"repeat","background-position":"center center","background-size":"auto","background-attachment":"scroll","background-type":"","background-media":"","overlay-type":"","overlay-color":"","overlay-opacity":"","overlay-gradient":""},"mobile":{"background-color":"var(--ast-global-color-5)","background-image":"","background-repeat":"repeat","background-position":"center center","background-size":"auto","background-attachment":"scroll","background-type":"","background-media":"","overlay-type":"","overlay-color":"","overlay-opacity":"","overlay-gradient":""}}},"product_brand":[205],"product_cat":[162],"product_tag":[],"class_list":{"0":"post-5193","1":"product","2":"type-product","3":"status-publish","4":"has-post-thumbnail","6":"product_brand-narciso-rodriguez","7":"product_cat-aromaty-duhi","8":"desktop-align-left","9":"tablet-align-left","10":"mobile-align-left","12":"first","13":"instock","14":"sale","15":"taxable","16":"shipping-taxable","17":"purchasable","18":"product-type-variable"},"_links":{"self":[{"href":"https:\/\/by-aigul.de\/de\/wp-json\/wp\/v2\/product\/5193","targetHints":{"allow":["GET"]}}],"collection":[{"href":"https:\/\/by-aigul.de\/de\/wp-json\/wp\/v2\/product"}],"about":[{"href":"https:\/\/by-aigul.de\/de\/wp-json\/wp\/v2\/types\/product"}],"replies":[{"embeddable":true,"href":"https:\/\/by-aigul.de\/de\/wp-json\/wp\/v2\/comments?post=5193"}],"wp:featuredmedia":[{"embeddable":true,"href":"https:\/\/by-aigul.de\/de\/wp-json\/wp\/v2\/media\/5195"}],"wp:attachment":[{"href":"https:\/\/by-aigul.de\/de\/wp-json\/wp\/v2\/media?parent=5193"}],"wp:term":[{"taxonomy":"product_brand","embeddable":true,"href":"https:\/\/by-aigul.de\/de\/wp-json\/wp\/v2\/product_brand?post=5193"},{"taxonomy":"product_cat","embeddable":true,"href":"https:\/\/by-aigul.de\/de\/wp-json\/wp\/v2\/product_cat?post=5193"},{"taxonomy":"product_tag","embeddable":true,"href":"https:\/\/by-aigul.de\/de\/wp-json\/wp\/v2\/product_tag?post=5193"}],"curies":[{"name":"wp","href":"https:\/\/api.w.org\/{rel}","templated":true}]}}